{"id":6487,"date":"2018-12-10T02:50:19","date_gmt":"2018-12-10T02:50:19","guid":{"rendered":"https:\/\/alphaglobal.thuythu.com\/?page_id=6487"},"modified":"2020-03-26T15:32:24","modified_gmt":"2020-03-26T08:32:24","slug":"lien-he","status":"publish","type":"page","link":"https:\/\/demo8.thuythu.com\/alphaglobal\/lien-he\/","title":{"rendered":"Li\u00ean h\u1ec7"},"content":{"rendered":"<p>[vc_row el_class=&#8221;pd-bottom-90,sm-pd-bottom-70,xs-pd-bottom-50&#8243; css=&#8221;.vc_custom_1544698985774{padding-top: 80px !important;}&#8221;][vc_column width=&#8221;7\/12&#8243; css=&#8221;.vc_custom_1544596733456{padding-right: 50px !important;}&#8221;][gsf_heading title_font_size=&#8221;36&#8243; icon_image=&#8221;3675&#8243; title=&#8221;Th\u00f4ng tin li\u00ean h\u1ec7&#8221; sub_title=&#8221;Li\u00ean h\u1ec7 Yakara&#8221; css=&#8221;.vc_custom_1544598860082{padding-bottom: 20px !important;}&#8221;][vc_column_text]C\u00f4ng ty TNHH Xu\u1ea5t Nh\u1eadp Kh\u1ea9u K\u1ef9 Thu\u1eadt N\u00f4ng Nghi\u1ec7p Yakara chuy\u00ean kinh doanh<br \/>\nv\u00e0 ph\u00e2n ph\u1ed1i ph\u00e2n b\u00f3n l\u00e1[\/vc_column_text][vc_row_inner][vc_column_inner width=&#8221;1\/2&#8243;][gsf_icon_box layout_style=&#8221;text-left&#8221; title=&#8221;Tr\u1ee5 s\u1edf ch\u00ednh&#8221; description=&#8221;S\u1ed1 860\/8, \u0110\u01b0\u1eddng Quang Trung, Ph\u01b0\u1eddng 8, Qu\u1eadn G\u00f2 V\u1ea5p, H\u1ed3 Ch\u00ed Minh&#8221; icon_type=&#8221;icon&#8221;][gsf_space desktop=&#8221;40&#8243; tablet=&#8221;70&#8243; tablet_portrait=&#8221;60&#8243; mobile_landscape=&#8221;50&#8243; mobile=&#8221;40&#8243;][gsf_icon_box layout_style=&#8221;text-left&#8221; title=&#8221;V\u0103n ph\u00f2ng&#8221; description=&#8221;57\/8B, \u1ea4p Th\u1edbi T\u00e2y 2, \u0110\u01b0\u1eddng Th\u1ecb Tr\u1ea5n T\u00e2n Hi\u1ec7p, X\u00e3 T\u00e2n Hi\u1ec7p, Huy\u1ec7n H\u00f3c M\u00f4n, H\u1ed3 Ch\u00ed Minh.&#8221; icon_type=&#8221;icon&#8221;][\/vc_column_inner][vc_column_inner width=&#8221;1\/2&#8243;][gsf_icon_box layout_style=&#8221;ib-left-middle&#8221; title=&#8221;\u0110i\u1ec7n tho\u1ea1i&#8221; title_size=&#8221;title-small&#8221; description=&#8221;(028) 66 585 304&#8243; icon_type=&#8221;icon&#8221; icon_font=&#8221;fa fa-phone&#8221; icon_color=&#8221;#91ac41&#8243; icon_size=&#8221;ib-small&#8221;][gsf_space desktop=&#8221;25&#8243; tablet=&#8221;70&#8243; tablet_portrait=&#8221;60&#8243; mobile_landscape=&#8221;50&#8243; mobile=&#8221;40&#8243;][gsf_icon_box layout_style=&#8221;ib-left-middle&#8221; title=&#8221;Hotline&#8221; title_size=&#8221;title-small&#8221; description=&#8221;0918 112 339&#8243; icon_type=&#8221;icon&#8221; icon_font=&#8221;fa fa-volume-control-phone&#8221; icon_color=&#8221;#91ac41&#8243; icon_size=&#8221;ib-small&#8221;][gsf_space desktop=&#8221;25&#8243; tablet=&#8221;70&#8243; tablet_portrait=&#8221;60&#8243; mobile_landscape=&#8221;50&#8243; mobile=&#8221;40&#8243;][gsf_icon_box layout_style=&#8221;ib-left-middle&#8221; title=&#8221;Fax&#8221; title_size=&#8221;title-small&#8221; description=&#8221;(028) 66 585 304&#8243; icon_type=&#8221;icon&#8221; icon_font=&#8221;fa fa-fax&#8221; icon_color=&#8221;#91ac41&#8243; icon_size=&#8221;ib-small&#8221;][\/vc_column_inner][\/vc_row_inner][gsf_space desktop=&#8221;30&#8243; tablet=&#8221;70&#8243; tablet_portrait=&#8221;60&#8243; mobile_landscape=&#8221;40&#8243; mobile=&#8221;10&#8243;][vc_separator color=&#8221;custom&#8221; align=&#8221;align_left&#8221; el_width=&#8221;80&#8243; accent_color=&#8221;#b7b7b7&#8243;][gsf_heading title_font_size=&#8221;36&#8243; icon_image=&#8221;3675&#8243; title=&#8221;C\u1ea7n t\u01b0 v\u1ea5n k\u1ef9 thu\u1eadt?&#8221; sub_title=&#8221;Ch\u0103m s\u00f3c kh\u00e1ch h\u00e0ng&#8221; css=&#8221;.vc_custom_1544598993298{padding-bottom: 20px !important;}&#8221;][vc_column_text el_class=&#8221;align-480-center&#8221;]G\u1ecdi cho ch\u00fang t\u00f4i:\u00a0<strong><a href=\"tel:0912670004\">09 1267 0004<\/a>\u00a0 &#8211;\u00a0 \u00a0<\/strong>Ho\u1eb7c g\u1eedi Email:\u00a0<a href=\"mailto:tyyakara@gmail.com\"><strong>ctyyakara@gmail.com<\/strong><\/a>[\/vc_column_text][\/vc_column][vc_column width=&#8221;5\/12&#8243;][gsf_heading title_font_size=&#8221;36&#8243; icon_image=&#8221;3675&#8243; title=&#8221;Li\u00ean h\u1ec7 v\u1edbi ch\u00fang t\u00f4i&#8221; description=&#8221;M\u1ecdi th\u1eafc m\u1eafc ho\u1eb7c g\u00f3p \u00fd, qu\u00fd kh\u00e1ch vui l\u00f2ng \u0111i\u1ec1n th\u00f4ng tin v\u00e0o m\u1eabu b\u00ean d\u01b0\u1edbi. Yakara r\u1ea5t h\u00e2n h\u1ea1nh \u0111\u01b0\u1ee3c h\u1ed7 tr\u1ee3 qu\u00fd kh\u00e1ch!&#8221; css=&#8221;.vc_custom_1544412657288{margin-bottom: 55px !important;}&#8221;]<div role=\"form\" class=\"wpcf7\" id=\"wpcf7-f3730-o1\" lang=\"en-US\" dir=\"ltr\">\n<div class=\"screen-reader-response\"><p role=\"status\" aria-live=\"polite\" aria-atomic=\"true\"><\/p> <ul><\/ul><\/div>\n<form action=\"\/alphaglobal\/wp-json\/wp\/v2\/pages\/6487#wpcf7-f3730-o1\" method=\"post\" class=\"wpcf7-form init\" novalidate=\"novalidate\" data-status=\"init\">\n<div style=\"display: none;\">\n<input type=\"hidden\" name=\"_wpcf7\" value=\"3730\" \/>\n<input type=\"hidden\" name=\"_wpcf7_version\" value=\"5.5.6.1\" \/>\n<input type=\"hidden\" name=\"_wpcf7_locale\" value=\"en_US\" \/>\n<input type=\"hidden\" name=\"_wpcf7_unit_tag\" value=\"wpcf7-f3730-o1\" \/>\n<input type=\"hidden\" name=\"_wpcf7_container_post\" value=\"0\" \/>\n<input type=\"hidden\" name=\"_wpcf7_posted_data_hash\" value=\"\" \/>\n<\/div>\n<div class=\"g5plus-contact-form clearfix\">\n<div class=\"ct-field ct-name\">\n<span class=\"wpcf7-form-control-wrap your-name\"><input type=\"text\" name=\"your-name\" value=\"\" size=\"40\" class=\"wpcf7-form-control wpcf7-text wpcf7-validates-as-required\" aria-required=\"true\" aria-invalid=\"false\" placeholder=\"H\u1ecd v\u00e0 T\u00ean\" \/><\/span>\n<\/div>\n<div class=\"ct-field ct-company\">\n<span class=\"wpcf7-form-control-wrap your-name\"><input type=\"text\" name=\"your-name\" value=\"\" size=\"40\" class=\"wpcf7-form-control wpcf7-text wpcf7-validates-as-required\" aria-required=\"true\" aria-invalid=\"false\" placeholder=\"C\u00f4ng ty\" \/><\/span>\n<\/div>\n<div class=\"ct-field ct-email\">\n<span class=\"wpcf7-form-control-wrap your-email\"><input type=\"email\" name=\"your-email\" value=\"\" size=\"40\" class=\"wpcf7-form-control wpcf7-text wpcf7-email wpcf7-validates-as-required wpcf7-validates-as-email\" aria-required=\"true\" aria-invalid=\"false\" placeholder=\"Email\" \/><\/span>\n<\/div>\n<div class=\"ct-field ct-phone\">\n<span class=\"wpcf7-form-control-wrap your-phone\"><input type=\"tel\" name=\"your-phone\" value=\"\" size=\"40\" class=\"wpcf7-form-control wpcf7-text wpcf7-tel wpcf7-validates-as-required wpcf7-validates-as-tel\" aria-required=\"true\" aria-invalid=\"false\" placeholder=\"S\u00f4 \u0111i\u1ec7n tho\u1ea1i\" \/><\/span>\n<\/div>\n<div class=\"ct-field ct-subject\">\n<span class=\"wpcf7-form-control-wrap your-subject\"><input type=\"text\" name=\"your-subject\" value=\"\" size=\"40\" class=\"wpcf7-form-control wpcf7-text wpcf7-validates-as-required\" aria-required=\"true\" aria-invalid=\"false\" placeholder=\"S\u1ed1 l\u01b0\u1ee3ng\" \/><\/span>\n<\/div>\n<div class=\"ct-field ct-specifications\">\n<span class=\"wpcf7-form-control-wrap your-subject\"><input type=\"text\" name=\"your-subject\" value=\"\" size=\"40\" class=\"wpcf7-form-control wpcf7-text wpcf7-validates-as-required\" aria-required=\"true\" aria-invalid=\"false\" placeholder=\"Th\u00f4ng s\u1ed1 k\u1ef9 thu\u1eadt\" \/><\/span>\n<\/div>\n<div class=\"ct-field ct-submit\">\n<input type=\"submit\" value=\"G\u1eecI\" class=\"wpcf7-form-control has-spinner wpcf7-submit btn btn-primary btn-sm\" \/>\n<\/div>\n<p><input type=\"hidden\" name=\"your-product\" value=\"\" \/>\n<\/p><\/div>\n<div class=\"wpcf7-response-output\" aria-hidden=\"true\"><\/div><\/form><\/div>[\/vc_column][\/vc_row][vc_row content_width=&#8221;full&#8221;][vc_column css=&#8221;.vc_custom_1501655716249{padding-right: 0px !important;padding-left: 0px !important;}&#8221;][gsf_google_map markers=&#8221;%5B%7B%22lat%22%3A%2210.838825%22%2C%22lng%22%3A%22106.6499322%22%2C%22title%22%3A%22Tr%E1%BB%A5%20s%E1%BB%9F%20ch%C3%ADnh%22%2C%22icon%22%3A%226863%22%7D%2C%7B%22lat%22%3A%2210.9067959%22%2C%22lng%22%3A%22106.5954764%22%2C%22title%22%3A%22V%C4%83n%20ph%C3%B2ng%22%2C%22icon%22%3A%226863%22%7D%5D&#8221; api_key=&#8221;AIzaSyBBLsEGxB11WKIlO0sXrCCE-1DQxcxBeLg&#8221; map_height=&#8221;520px&#8221; map_zoom=&#8221;30&#8243; scroll_wheel=&#8221;on&#8221; map_style=&#8221;standar&#8221;][\/vc_column][\/vc_row]<\/p>\n","protected":false},"excerpt":{"rendered":"<p>[vc_row el_class=&#8221;pd-bottom-90,sm-pd-bottom-70,xs-pd-bottom-50&#8243; css=&#8221;.vc_custom_1544698985774{padding-top: 80px !important;}&#8221;][vc_column width=&#8221;7\/12&#8243; css=&#8221;.vc_custom_1544596733456{padding-right: 50px !important;}&#8221;][gsf_heading title_font_size=&#8221;36&#8243; icon_image=&#8221;3675&#8243; title=&#8221;Th\u00f4ng tin li\u00ean h\u1ec7&#8221; sub_title=&#8221;Li\u00ean h\u1ec7 Yakara&#8221; css=&#8221;.vc_custom_1544598860082{padding-bottom: 20px !important;}&#8221;][vc_column_text]C\u00f4ng ty TNHH Xu\u1ea5t Nh\u1eadp Kh\u1ea9u K\u1ef9 Thu\u1eadt N\u00f4ng Nghi\u1ec7p Yakara chuy\u00ean kinh doanh v\u00e0 ph\u00e2n ph\u1ed1i ph\u00e2n b\u00f3n l\u00e1[\/vc_column_text][vc_row_inner][vc_column_inner width=&#8221;1\/2&#8243;][gsf_icon_box layout_style=&#8221;text-left&#8221; title=&#8221;Tr\u1ee5 s\u1edf ch\u00ednh&#8221; description=&#8221;S\u1ed1 860\/8, \u0110\u01b0\u1eddng Quang Trung, Ph\u01b0\u1eddng 8, Qu\u1eadn G\u00f2 V\u1ea5p, [&hellip;]<\/p>\n","protected":false},"author":6,"featured_media":0,"parent":0,"menu_order":0,"comment_status":"closed","ping_status":"closed","template":"","meta":[],"_links":{"self":[{"href":"https:\/\/demo8.thuythu.com\/alphaglobal\/wp-json\/wp\/v2\/pages\/6487"}],"collection":[{"href":"https:\/\/demo8.thuythu.com\/alphaglobal\/wp-json\/wp\/v2\/pages"}],"about":[{"href":"https:\/\/demo8.thuythu.com\/alphaglobal\/wp-json\/wp\/v2\/types\/page"}],"author":[{"embeddable":true,"href":"https:\/\/demo8.thuythu.com\/alphaglobal\/wp-json\/wp\/v2\/users\/6"}],"replies":[{"embeddable":true,"href":"https:\/\/demo8.thuythu.com\/alphaglobal\/wp-json\/wp\/v2\/comments?post=6487"}],"version-history":[{"count":21,"href":"https:\/\/demo8.thuythu.com\/alphaglobal\/wp-json\/wp\/v2\/pages\/6487\/revisions"}],"predecessor-version":[{"id":7503,"href":"https:\/\/demo8.thuythu.com\/alphaglobal\/wp-json\/wp\/v2\/pages\/6487\/revisions\/7503"}],"wp:attachment":[{"href":"https:\/\/demo8.thuythu.com\/alphaglobal\/wp-json\/wp\/v2\/media?parent=6487"}],"curies":[{"name":"wp","href":"https:\/\/api.w.org\/{rel}","templated":true}]}}