{"id":6868,"date":"2018-12-12T15:50:57","date_gmt":"2018-12-12T08:50:57","guid":{"rendered":"https:\/\/alphaglobal.thuythu.com\/?page_id=6868"},"modified":"2022-08-23T13:36:41","modified_gmt":"2022-08-23T06:36:41","slug":"ve-chung-toi","status":"publish","type":"page","link":"https:\/\/demo8.thuythu.com\/alphaglobal\/ve-chung-toi\/","title":{"rendered":"V\u1ec1 ch\u00fang t\u00f4i"},"content":{"rendered":"<p>[vc_row content_width=&#8221;full&#8221; css=&#8221;.vc_custom_1544686276454{margin-top: 0px !important;margin-bottom: 0px !important;padding-top: 0px !important;padding-bottom: 0px !important;background-image: url(https:\/\/demo8.thuythu.com\/alphaglobal\/wp-content\/uploads\/2017\/11\/bg-product-exclusive-.jpg?id=5527) !important;background-position: center !important;background-repeat: no-repeat !important;background-size: cover !important;}&#8221;][vc_column el_class=&#8221;pd-top-95,pd-bottom-85&#8243; css=&#8221;.vc_custom_1544675193910{margin-top: 0px !important;margin-bottom: 0px !important;padding-top: 0px !important;padding-bottom: 0px !important;}&#8221;][vc_row_inner equal_height=&#8221;yes&#8221; css=&#8221;.vc_custom_1544675353444{margin-top: 0px !important;margin-bottom: 0px !important;padding-top: 0px !important;padding-bottom: 0px !important;}&#8221;][vc_column_inner width=&#8221;1\/2&#8243; css=&#8221;.vc_custom_1544686922429{margin-top: 0px !important;margin-bottom: 0px !important;padding-right: 15% !important;padding-left: 15% !important;}&#8221;][gsf_space desktop=&#8221;130&#8243; tablet=&#8221;70&#8243; tablet_portrait=&#8221;60&#8243; mobile_landscape=&#8221;40&#8243; mobile=&#8221;40&#8243;][gsf_heading text_align=&#8221;text-center&#8221; title_font_size=&#8221;36&#8243; icon_image=&#8221;3675&#8243; el_class=&#8221;mg-bottom-55&#8243; title=&#8221;V\u1ec0 CH\u00daNG T\u00d4I&#8221; sub_title=&#8221;Gi\u1edbi thi\u1ec7u&#8221; css=&#8221;.vc_custom_1544676420694{margin-bottom: 0px !important;padding-bottom: 30px !important;}&#8221;][vc_column_text el_class=&#8221;&#8221; css=&#8221;.vc_custom_1661236182656{margin-top: 0px !important;padding-top: 0px !important;}&#8221;]<\/p>\n<h5 style=\"text-align: center;\">C\u00f4ng ty CP TMDV ALPHA GLOBAL VI\u1ec6T NAM<\/h5>\n<p style=\"text-align: center;\">ALPHA GLOBAL l\u00e0 C\u00f4ng ty cung c\u1ea5p v\u00e0 ph\u00e2n ph\u1ed1i y\u1ebfn s\u00e0o t\u1ea1i t\u1ec9nh \u0110\u0103k L\u0103k v\u00e0 c\u00e1c v\u00f9ng l\u00e2n c\u1eadn. Ch\u00fang t\u00f4i cung c\u1ea5p c\u00e1c s\u1ea3n ph\u1ea9m y\u1ebfn s\u00e0o ch\u1ea5t l\u01b0\u1ee3ng cao c\u1ee7a Vi\u1ec7t Nam cho c\u00e1c nh\u00e0 mua l\u1ebb v\u00e0 nh\u00e0 b\u00e1n bu\u00f4n trong v\u00e0 ngo\u00e0i khu v\u1ef1c. ALPHA GLOBAL \u0111\u01b0\u1ee3c th\u00e0nh l\u1eadp nh\u1eb1m cung c\u1ea5p c\u00e1c lo\u1ea1i y\u1ebfn s\u00e0o \u0111\u01b0\u1ee3c l\u1ea5y 100% t\u1ed5 y\u1ebfn \u0111\u1ea3o Kh\u00e1nh Ho\u00e0 \u0111\u1ea3m b\u1ea3o ch\u1ea5t l\u01b0\u1ee3ng cao, b\u1ed5 d\u01b0\u1ee1ng v\u00e0 th\u01a1m ngon nh\u1eb1m cung c\u1ea5p cho c\u00e1c nh\u00e0 b\u00e1n bu\u00f4n trong v\u00e0 m\u1ed9t s\u1ed1 khu v\u1ef1c l\u00e2n c\u1eadn ra th\u1ecb tr\u01b0\u1eddng to\u00e0n c\u1ea7u v\u1edbi gi\u00e1 c\u1ea3 h\u1ee3p l\u00fd. T\u1ea1i ALPHA GLOBAL, ch\u00fang t\u00f4i hi\u1ec3u r\u1eb1ng \u201cc\u00f3 \u0111\u1ee7 cho t\u1ea5t c\u1ea3 m\u1ecdi ng\u01b0\u1eddi\u201d; do \u0111\u00f3, ALPHA GLOBAL ho\u1ea1t \u0111\u1ed9ng d\u1ef1a tr\u00ean l\u1ee3i \u00edch kh\u00f4ng ch\u1ec9 c\u1ee7a C\u00f4ng ty m\u00e0 c\u00f2n c\u1ee7a kh\u00e1ch h\u00e0ng, n\u00f4ng d\u00e2n \u0111\u1ecba ph\u01b0\u01a1ng v\u00e0 t\u1ea5t c\u1ea3 c\u00e1c b\u00ean li\u00ean quan kh\u00e1c.<\/p>\n<p>[\/vc_column_text][gsf_space desktop=&#8221;130&#8243; tablet=&#8221;70&#8243; tablet_portrait=&#8221;60&#8243; mobile_landscape=&#8221;10&#8243; mobile=&#8221;10&#8243;][\/vc_column_inner][vc_column_inner width=&#8221;1\/2&#8243; css=&#8221;.vc_custom_1544694714520{background-image: url(https:\/\/demo8.thuythu.com\/alphaglobal\/wp-content\/uploads\/2018\/12\/thumb-1920-735441.jpg?id=7009) !important;background-position: center !important;background-repeat: no-repeat !important;background-size: cover !important;}&#8221;][\/vc_column_inner][\/vc_row_inner][\/vc_column][\/vc_row][vc_row css=&#8221;.vc_custom_1503389689478{background-image: url(https:\/\/demo8.thuythu.com\/alphaglobal\/wp-content\/uploads\/2017\/08\/bg-product-deal.jpg?id=3990) !important;background-position: center !important;background-repeat: no-repeat !important;background-size: cover !important;}&#8221;][vc_column][gsf_space desktop=&#8221;120&#8243; tablet=&#8221;150&#8243; tablet_portrait=&#8221;140&#8243; mobile_landscape=&#8221;40&#8243; mobile=&#8221;40&#8243;][vc_row_inner equal_height=&#8221;yes&#8221; content_placement=&#8221;middle&#8221;][vc_column_inner el_class=&#8221;sm-mg-bottom-40&#8243; width=&#8221;1\/3&#8243; offset=&#8221;vc_col-md-6&#8243;][gsf_heading title_font_size=&#8221;36&#8243; icon_image=&#8221;3675&#8243; title=&#8221;T\u1ea7m nh\u00ecn th\u01b0\u01a1ng hi\u1ec7u&#8221; sub_title=&#8221;V\u1ec1 ch\u00fang t\u00f4i&#8221; css=&#8221;.vc_custom_1544693558219{margin-bottom: 30px !important;}&#8221;][vc_column_text el_class=&#8221;&#8221;]<\/p>\n<p style=\"text-align: left;\">Tr\u1edf th\u00e0nh nh\u00e0 cung c\u1ea5p v\u00e0 ph\u00e2n ph\u1ed1i y\u1ebfn s\u00e0o h\u00e0ng \u0111\u1ea7u trong khu v\u1ef1c v\u1edbi c\u00e1c th\u01b0\u01a1ng hi\u1ec7u \u0111\u1eb3ng c\u1ea5p th\u1ebf gi\u1edbi.<\/p>\n<p>[\/vc_column_text][gsf_space desktop=&#8221;30&#8243; tablet=&#8221;70&#8243; tablet_portrait=&#8221;60&#8243; mobile_landscape=&#8221;0&#8243; mobile=&#8221;0&#8243;][gsf_heading title_font_size=&#8221;36&#8243; icon_image=&#8221;3675&#8243; el_class=&#8221;&#8221; title=&#8221;S\u1ee9 m\u1ec7nh v\u00e0 nhi\u1ec7m v\u1ee5&#8221; css=&#8221;.vc_custom_1661236212278{margin-bottom: 30px !important;}&#8221;][vc_column_text el_class=&#8221;&#8221;]<\/p>\n<p style=\"text-align: left;\">Cung c\u1ea5p cho ng\u01b0\u1eddi ti\u00eau d\u00f9ng trong n\u01b0\u1edbc n\u00f3i ri\u00eang v\u00e0 th\u1ebf gi\u1edbi n\u00f3i chung nh\u1eefng s\u1ea3n ph\u1ea9m v\u1ec1 y\u1ebfn t\u1ed1t nh\u1ea5t v\u1ec1 ch\u1ea5t l\u01b0\u1ee3ng, h\u01b0\u01a1ng v\u1ecb v\u00e0 b\u1ed5 d\u01b0\u1ee1ng.<\/p>\n<p>[\/vc_column_text][\/vc_column_inner][vc_column_inner width=&#8221;1\/3&#8243; offset=&#8221;vc_col-md-6&#8243;][vc_single_image image=&#8221;9720&#8243; img_size=&#8221;full&#8221;][\/vc_column_inner][\/vc_row_inner][gsf_space desktop=&#8221;90&#8243; tablet=&#8221;150&#8243; tablet_portrait=&#8221;140&#8243; mobile_landscape=&#8221;10&#8243; mobile=&#8221;10&#8243;][\/vc_column][\/vc_row][vc_row css=&#8221;.vc_custom_1544677021259{padding-top: 100px !important;padding-bottom: 100px !important;}&#8221;][vc_column][gsf_heading text_align=&#8221;text-center&#8221; title_font_size=&#8221;36&#8243; icon_image=&#8221;3675&#8243; title=&#8221;V\u00ec sao ch\u1ecdn ch\u00fang t\u00f4i&#8221; sub_title=&#8221;Gi\u00e1 tr\u1ecb n\u1ed5i b\u1eadt&#8221; css=&#8221;.vc_custom_1544677987639{margin-bottom: 58px !important;}&#8221;][vc_row_inner equal_height=&#8221;yes&#8221;][vc_column_inner width=&#8221;1\/3&#8243; css=&#8221;.vc_custom_1544677942441{padding-right: 30px !important;}&#8221;][gsf_icon_box layout_style=&#8221;text-left&#8221; title=&#8221;Uy t\u00edn &#8211; Ch\u1ea5t l\u01b0\u1ee3ng&#8221; description=&#8221;ALPHA GLOBAL lu\u00f4n x\u00e2y d\u1ef1ng th\u01b0\u01a1ng hi\u1ec7u b\u1ec1n v\u1eefng v\u00e0 ni\u1ec1m tin s\u00e2u s\u1eafc c\u1ee7a kh\u00e1ch h\u00e0ng nh\u1eb1m \u0111\u1ea1t \u0111\u01b0\u1ee3c c\u00e1c m\u1ee5c ti\u00eau chi\u1ebfn l\u01b0\u1ee3c c\u1ee7a ch\u00fang t\u00f4i \u1edf hi\u1ec7n t\u1ea1i v\u00e0 t\u01b0\u01a1ng lai.&#8221; el_class=&#8221;&#8221;][\/vc_column_inner][vc_column_inner width=&#8221;1\/3&#8243; css=&#8221;.vc_custom_1544678139874{padding-right: 30px !important;padding-left: 30px !important;}&#8221;][gsf_icon_box layout_style=&#8221;text-left&#8221; title=&#8221;\u0110a d\u1ea1ng s\u1ea3n ph\u1ea9m&#8221; description=&#8221;C\u00f4ng ty ch\u00fang t\u00f4i \u0111\u00e3 kh\u00f4ng ng\u1eebng s\u00e1ng t\u1ea1o ra c\u00e1c s\u1ea3n ph\u1ea9m y\u1ebfn s\u00e0o h\u1ebft s\u1ee9c \u0111a d\u1ea1ng, phong ph\u00fa v\u1ec1 m\u1eb7t h\u00ecnh th\u1ee9c c\u0169ng nh\u01b0 ch\u1ea5t l\u01b0\u1ee3ng \u0111\u1ec3 c\u00f3 th\u1ec3 ph\u00f9 h\u1ee3p v\u1edbi nhi\u1ec1u l\u1ee9a tu\u1ed5i, t\u00ecnh tr\u1ea1ng s\u1ee9c kho\u1ebb, nh\u01b0 b\u00ean ch\u00fang t\u00f4i c\u00f3 c\u00e1c s\u1ea3n ph\u1ea9m y\u1ebfn d\u00e0nh cho tr\u1ebb em, cho ng\u01b0\u1eddi l\u1edbn, th\u1eadm ch\u00ed s\u1ea3n ph\u1ea9m c\u00f2n h\u01b0\u1edbng t\u1edbi kh\u00e1ch h\u00e0ng trong ch\u1ebf \u0111\u1ed9 \u0103n ki\u00eang ,&#8230; V\u00ec v\u1eady, c\u00e1c d\u00f2ng s\u1ea3n ph\u1ea9m y\u1ebfn s\u00e0o c\u1ee7a C\u00f4ng ty ch\u00fang t\u00f4i lu\u00f4n l\u00e0 s\u1ef1 l\u1ef1a ch\u1ecdn h\u00e0ng \u0111\u1ea7u cho c\u00e1c kh\u00e1ch h\u00e0ng khi kh\u00f4ng c\u1ea7n \u0111\u1eafn \u0111o l\u1ef1a ch\u1ecdn v\u1ec1 c\u1ea3 m\u1eabu m\u00e3 t\u1edbi ch\u1ea5t l\u01b0\u1ee3ng s\u1ea3n ph\u1ea9m.&#8221; el_class=&#8221;&#8221;][\/vc_column_inner][vc_column_inner width=&#8221;1\/3&#8243; css=&#8221;.vc_custom_1544677947873{padding-left: 30px !important;}&#8221;][gsf_icon_box layout_style=&#8221;text-left&#8221; title=&#8221;4 Gi\u00e1 tr\u1ecb c\u1ed1t l\u00f5i&#8221; description=&#8221;- C\u1ea3i thi\u1ec7n<br \/>\nLu\u00f4n t\u00ecm c\u00e1ch tr\u1edf n\u00ean t\u1ed1t h\u01a1n v\u00e0 mang l\u1ea1i nhi\u1ec1u gi\u00e1 tr\u1ecb h\u01a1n cho m\u1ecdi ng\u01b0\u1eddi.<br \/>\n&#8211; Hi\u1ec7u qu\u1ea3<br \/>\nMang l\u1ea1i hi\u1ec7u qu\u1ea3 l\u00e0m vi\u1ec7c m\u00e0 kh\u00f4ng t\u1ed1n th\u1eddi gian, c\u00f4ng s\u1ee9c, chi ph\u00ed.<br \/>\n&#8211; S\u1ef1 b\u1ec1n v\u1eefng<br \/>\nPh\u00e1t tri\u1ec3n theo con \u0111\u01b0\u1eddng th\u00e2n thi\u1ec7n v\u1edbi m\u00f4i tr\u01b0\u1eddng t\u1ef1 nhi\u00ean.<br \/>\n&#8211; L\u00f2ng tin<br \/>\nX\u00e2y d\u1ef1ng quan h\u1ec7 \u0111\u1ed1i t\u00e1c d\u1ef1a tr\u00ean s\u1ef1 tin t\u01b0\u1edfng.&#8221; el_class=&#8221;&#8221;][\/vc_column_inner][\/vc_row_inner][\/vc_column][\/vc_row][vc_row color_skin=&#8221;skin-dark&#8221; content_width=&#8221;full&#8221; equal_height=&#8221;yes&#8221; parallax=&#8221;content-moving&#8221; parallax_image=&#8221;6960&#8243; bg_overlay_mode=&#8221;color&#8221; el_class=&#8221;gsf-white-text&#8221; bg_overlay_color=&#8221;rgba(0,0,0,0.69)&#8221; css=&#8221;.vc_custom_1544674743294{margin-top: 0px !important;padding-top: 0px !important;}&#8221;][vc_column width=&#8221;1\/2&#8243; css=&#8221;.vc_custom_1544606584374{padding-top: 100px !important;padding-right: 50px !important;padding-bottom: 100px !important;padding-left: 75px !important;}&#8221; offset=&#8221;vc_col-md-3&#8243;][gsf_icon_box title=&#8221;Kinh doanh&#8221; title_size=&#8221;title-large&#8221; title_below=&#8221;&#8221; description=&#8221;Cty TNHH XNK K\u1ef9 Thu\u1eadt N\u00f4ng Nghi\u1ec7p Yakara chuy\u00ean kinh doanh, ph\u00e2n ph\u1ed1i ph\u00e2n b\u00f3n l\u00e1.&#8221; icon_image=&#8221;4250&#8243;][\/vc_column][vc_column width=&#8221;1\/2&#8243; css=&#8221;.vc_custom_1544606593298{padding-top: 100px !important;padding-right: 50px !important;padding-bottom: 100px !important;padding-left: 50px !important;}&#8221; offset=&#8221;vc_col-md-3&#8243;][gsf_icon_box title=&#8221;S\u1ea3n ph\u1ea9m&#8221; title_size=&#8221;title-large&#8221; title_below=&#8221;&#8221; description=&#8221;Mang \u0111\u1ebfn kh\u00e1ch h\u00e0ng s\u1ea3n ph\u1ea9m ph\u00e2n b\u00f3n c\u00f4ng ngh\u1ec7 m\u1edbi \u0111\u1ea1t ch\u1ea5t l\u01b0\u1ee3ng v\u1edbi gi\u00e1 c\u1ea3 c\u1ea1nh tranh.&#8221; icon_image=&#8221;4253&#8243; css=&#8221;.vc_custom_1544606708502{background-position: center !important;background-repeat: no-repeat !important;background-size: cover !important;}&#8221;][\/vc_column][vc_column width=&#8221;1\/2&#8243; css=&#8221;.vc_custom_1544606600387{padding-top: 100px !important;padding-right: 50px !important;padding-bottom: 100px !important;padding-left: 50px !important;}&#8221; offset=&#8221;vc_col-md-3&#8243;][gsf_icon_box title=&#8221;\u0110\u1ed9i ng\u0169 k\u1ef9 thu\u1eadt&#8221; title_size=&#8221;title-large&#8221; title_below=&#8221;&#8221; description=&#8221;X\u00e2y d\u1ef1ng v\u00e0 \u0111\u00e0o t\u1ea1o \u0111\u1ed9i ng\u0169 k\u1ef9 thu\u1eadt lu\u00f4n \u0111\u1ed3ng h\u00e0nh v\u00e0 c\u00f9ng b\u00e0 con cho m\u00f9a b\u1ed9i thu.&#8221; icon_image=&#8221;6884&#8243; css=&#8221;.vc_custom_1544606905429{background-position: center !important;background-repeat: no-repeat !important;background-size: cover !important;}&#8221;][\/vc_column][vc_column width=&#8221;1\/2&#8243; css=&#8221;.vc_custom_1544606610234{padding-top: 100px !important;padding-right: 75px !important;padding-bottom: 100px !important;padding-left: 50px !important;}&#8221; offset=&#8221;vc_col-md-3&#8243;][gsf_icon_box title=&#8221;Tri\u1ebft l\u00fd kinh doanh&#8221; title_size=&#8221;title-large&#8221; title_below=&#8221;&#8221; description=&#8221;Lu\u00f4n l\u1ea5y l\u1ee3i \u00edch c\u1ee7a b\u00e0 con n\u00f4ng d\u00e2n l\u00e0m \u0111\u1ea7u v\u00e0 x\u00e2y d\u1ef1ng ch\u1eef \u201cT\u00edn\u201d v\u1edbi kh\u00e1ch h\u00e0ng.&#8221; icon_image=&#8221;4251&#8243; css=&#8221;.vc_custom_1544607041364{background-position: center !important;background-repeat: no-repeat !important;background-size: cover !important;}&#8221;][\/vc_column][\/vc_row]<\/p>\n","protected":false},"excerpt":{"rendered":"<p>[vc_row content_width=&#8221;full&#8221; css=&#8221;.vc_custom_1544686276454{margin-top: 0px !important;margin-bottom: 0px !important;padding-top: 0px !important;padding-bottom: 0px !important;background-image: url(https:\/\/demo8.thuythu.com\/alphaglobal\/wp-content\/uploads\/2017\/11\/bg-product-exclusive-.jpg?id=5527) !important;background-position: center !important;background-repeat: no-repeat !important;background-size: cover !important;}&#8221;][vc_column el_class=&#8221;pd-top-95,pd-bottom-85&#8243; css=&#8221;.vc_custom_1544675193910{margin-top: 0px !important;margin-bottom: 0px !important;padding-top: 0px !important;padding-bottom: 0px !important;}&#8221;][vc_row_inner equal_height=&#8221;yes&#8221; css=&#8221;.vc_custom_1544675353444{margin-top: 0px !important;margin-bottom: 0px !important;padding-top: 0px !important;padding-bottom: 0px !important;}&#8221;][vc_column_inner width=&#8221;1\/2&#8243; css=&#8221;.vc_custom_1544686922429{margin-top: 0px !important;margin-bottom: 0px !important;padding-right: 15% !important;padding-left: 15% !important;}&#8221;][gsf_space desktop=&#8221;130&#8243; tablet=&#8221;70&#8243; tablet_portrait=&#8221;60&#8243; mobile_landscape=&#8221;40&#8243; mobile=&#8221;40&#8243;][gsf_heading text_align=&#8221;text-center&#8221; [&hellip;]<\/p>\n","protected":false},"author":6,"featured_media":0,"parent":0,"menu_order":0,"comment_status":"closed","ping_status":"closed","template":"","meta":[],"_links":{"self":[{"href":"https:\/\/demo8.thuythu.com\/alphaglobal\/wp-json\/wp\/v2\/pages\/6868"}],"collection":[{"href":"https:\/\/demo8.thuythu.com\/alphaglobal\/wp-json\/wp\/v2\/pages"}],"about":[{"href":"https:\/\/demo8.thuythu.com\/alphaglobal\/wp-json\/wp\/v2\/types\/page"}],"author":[{"embeddable":true,"href":"https:\/\/demo8.thuythu.com\/alphaglobal\/wp-json\/wp\/v2\/users\/6"}],"replies":[{"embeddable":true,"href":"https:\/\/demo8.thuythu.com\/alphaglobal\/wp-json\/wp\/v2\/comments?post=6868"}],"version-history":[{"count":39,"href":"https:\/\/demo8.thuythu.com\/alphaglobal\/wp-json\/wp\/v2\/pages\/6868\/revisions"}],"predecessor-version":[{"id":9723,"href":"https:\/\/demo8.thuythu.com\/alphaglobal\/wp-json\/wp\/v2\/pages\/6868\/revisions\/9723"}],"wp:attachment":[{"href":"https:\/\/demo8.thuythu.com\/alphaglobal\/wp-json\/wp\/v2\/media?parent=6868"}],"curies":[{"name":"wp","href":"https:\/\/api.w.org\/{rel}","templated":true}]}}