{"id":9686,"date":"2018-12-10T02:50:19","date_gmt":"2018-12-09T19:50:19","guid":{"rendered":"https:\/\/demo8.thuythu.com\/alphaglobal\/contact-us\/"},"modified":"2022-07-20T11:05:55","modified_gmt":"2022-07-20T04:05:55","slug":"contact-us","status":"publish","type":"page","link":"https:\/\/demo8.thuythu.com\/alphaglobal\/contact-us\/","title":{"rendered":"Contact us"},"content":{"rendered":"<p>[vc_row el_class=&#8221;pd-bottom-90,sm-pd-bottom-70,xs-pd-bottom-50&#8243; css=&#8221;.vc_custom_1544698985774{padding-top: 80px !important;}&#8221;][vc_column width=&#8221;7\/12&#8243; css=&#8221;.vc_custom_1544596733456{padding-right: 50px !important;}&#8221;][gsf_heading title_font_size=&#8221;36&#8243; icon_image=&#8221;3675&#8243; sub_title=&#8221;Th\u00f4ng tin Li\u00ean h\u1ec7&#8221; css=&#8221;.vc_custom_1656275706210{padding-bottom: 20px !important;}&#8221;][vc_column_text]<strong>ALPHAGLOBAL<\/strong>[\/vc_column_text][vc_row_inner][vc_column_inner width=&#8221;1\/2&#8243;][gsf_icon_box layout_style=&#8221;text-left&#8221; title=&#8221;Tr\u1ee5 s\u1edf ch\u00ednh&#8221; description=&#8221;S\u1ed1 337, Nguy\u1ec5n Th\u1ecb \u0110\u1ecbnh, P. Th\u00e0nh Nh\u1ea5t, TP. Bu\u00f4n Ma Thu\u1ed9t, t\u1ec9nh \u0110\u0103k L\u0103k&#8221; icon_type=&#8221;icon&#8221;][gsf_space desktop=&#8221;40&#8243; tablet=&#8221;70&#8243; tablet_portrait=&#8221;60&#8243; mobile_landscape=&#8221;50&#8243; mobile=&#8221;40&#8243;][gsf_icon_box layout_style=&#8221;text-left&#8221; title=&#8221;Chi nh\u00e1nh 1&#8243; icon_type=&#8221;icon&#8221;][\/vc_column_inner][vc_column_inner width=&#8221;1\/2&#8243;][gsf_icon_box layout_style=&#8221;ib-left-middle&#8221; title=&#8221;Phone&#8221; title_size=&#8221;title-small&#8221; description=&#8221;+84 123 456 789&#8243; icon_type=&#8221;icon&#8221; icon_font=&#8221;fa fa-phone&#8221; icon_color=&#8221;#91ac41&#8243; icon_size=&#8221;ib-small&#8221;][gsf_space desktop=&#8221;25&#8243; tablet=&#8221;70&#8243; tablet_portrait=&#8221;60&#8243; mobile_landscape=&#8221;50&#8243; mobile=&#8221;40&#8243;][gsf_icon_box layout_style=&#8221;ib-left-middle&#8221; title=&#8221;Zalo&#8221; title_size=&#8221;title-small&#8221; description=&#8221;+84 123 456 789&#8243; icon_type=&#8221;icon&#8221; icon_font=&#8221;fa fa-volume-control-phone&#8221; icon_color=&#8221;#91ac41&#8243; icon_size=&#8221;ib-small&#8221;][gsf_space desktop=&#8221;25&#8243; tablet=&#8221;70&#8243; tablet_portrait=&#8221;60&#8243; mobile_landscape=&#8221;50&#8243; mobile=&#8221;40&#8243;][gsf_icon_box layout_style=&#8221;ib-left-middle&#8221; title=&#8221;Email&#8221; title_size=&#8221;title-small&#8221; description=&#8221;info@alphaglobal.com<br \/>\nsales@alphaglobal.com&#8221; icon_type=&#8221;icon&#8221; icon_font=&#8221;fa fa-envelope&#8221; icon_color=&#8221;#91ac41&#8243; icon_size=&#8221;ib-small&#8221;][\/vc_column_inner][\/vc_row_inner][gsf_space desktop=&#8221;30&#8243; tablet=&#8221;70&#8243; tablet_portrait=&#8221;60&#8243; mobile_landscape=&#8221;40&#8243; mobile=&#8221;10&#8243;][vc_separator color=&#8221;custom&#8221; align=&#8221;align_left&#8221; el_width=&#8221;80&#8243; accent_color=&#8221;#b7b7b7&#8243;][gsf_heading title_font_size=&#8221;36&#8243; icon_image=&#8221;3675&#8243; sub_title=&#8221;Kh\u00e1ch h\u00e0ng t\u01b0 v\u1ea5n&#8221; css=&#8221;.vc_custom_1656275954701{padding-bottom: 20px !important;}&#8221;][vc_column_text el_class=&#8221;align-480-center&#8221;]Zalo: +84 123 4556 789 \u2013 Email: support@alphaglobal.com[\/vc_column_text][\/vc_column][vc_column width=&#8221;5\/12&#8243;][gsf_heading title_font_size=&#8221;36&#8243; icon_image=&#8221;3675&#8243; title=&#8221;Li\u00ean h\u1ec7 v\u1edbi ch\u00fang t\u00f4i&#8221; description=&#8221;Vui l\u00f2ng \u0111i\u1ec1n v\u00e0o bi\u1ec3u m\u1eabu b\u00ean d\u01b0\u1edbi v\u00e0 sau \u0111\u00f3 nh\u1ea5p v\u00e0o n\u00fat &#8220;G\u1eedi&#8220;. Ch\u00fang t\u00f4i s\u1ebd tr\u1ea3 l\u1eddi b\u1ea1n c\u00e0ng s\u1edbm c\u00e0ng t\u1ed1t.&#8221; css=&#8221;.vc_custom_1656276126522{margin-bottom: 55px !important;}&#8221;]<div role=\"form\" class=\"wpcf7\" id=\"wpcf7-f3730-o1\" lang=\"en-US\" dir=\"ltr\">\n<div class=\"screen-reader-response\"><p role=\"status\" aria-live=\"polite\" aria-atomic=\"true\"><\/p> <ul><\/ul><\/div>\n<form action=\"\/alphaglobal\/wp-json\/wp\/v2\/pages\/9686#wpcf7-f3730-o1\" method=\"post\" class=\"wpcf7-form init\" novalidate=\"novalidate\" data-status=\"init\">\n<div style=\"display: none;\">\n<input type=\"hidden\" name=\"_wpcf7\" value=\"3730\" \/>\n<input type=\"hidden\" name=\"_wpcf7_version\" value=\"5.5.6.1\" \/>\n<input type=\"hidden\" name=\"_wpcf7_locale\" value=\"en_US\" \/>\n<input type=\"hidden\" name=\"_wpcf7_unit_tag\" value=\"wpcf7-f3730-o1\" \/>\n<input type=\"hidden\" name=\"_wpcf7_container_post\" value=\"0\" \/>\n<input type=\"hidden\" name=\"_wpcf7_posted_data_hash\" value=\"\" \/>\n<\/div>\n<div class=\"g5plus-contact-form clearfix\">\n<div class=\"ct-field ct-name\">\n<span class=\"wpcf7-form-control-wrap your-name\"><input type=\"text\" name=\"your-name\" value=\"\" size=\"40\" class=\"wpcf7-form-control wpcf7-text wpcf7-validates-as-required\" aria-required=\"true\" aria-invalid=\"false\" placeholder=\"H\u1ecd v\u00e0 T\u00ean\" \/><\/span>\n<\/div>\n<div class=\"ct-field ct-company\">\n<span class=\"wpcf7-form-control-wrap your-name\"><input type=\"text\" name=\"your-name\" value=\"\" size=\"40\" class=\"wpcf7-form-control wpcf7-text wpcf7-validates-as-required\" aria-required=\"true\" aria-invalid=\"false\" placeholder=\"C\u00f4ng ty\" \/><\/span>\n<\/div>\n<div class=\"ct-field ct-email\">\n<span class=\"wpcf7-form-control-wrap your-email\"><input type=\"email\" name=\"your-email\" value=\"\" size=\"40\" class=\"wpcf7-form-control wpcf7-text wpcf7-email wpcf7-validates-as-required wpcf7-validates-as-email\" aria-required=\"true\" aria-invalid=\"false\" placeholder=\"Email\" \/><\/span>\n<\/div>\n<div class=\"ct-field ct-phone\">\n<span class=\"wpcf7-form-control-wrap your-phone\"><input type=\"tel\" name=\"your-phone\" value=\"\" size=\"40\" class=\"wpcf7-form-control wpcf7-text wpcf7-tel wpcf7-validates-as-required wpcf7-validates-as-tel\" aria-required=\"true\" aria-invalid=\"false\" placeholder=\"S\u00f4 \u0111i\u1ec7n tho\u1ea1i\" \/><\/span>\n<\/div>\n<div class=\"ct-field ct-subject\">\n<span class=\"wpcf7-form-control-wrap your-subject\"><input type=\"text\" name=\"your-subject\" value=\"\" size=\"40\" class=\"wpcf7-form-control wpcf7-text wpcf7-validates-as-required\" aria-required=\"true\" aria-invalid=\"false\" placeholder=\"S\u1ed1 l\u01b0\u1ee3ng\" \/><\/span>\n<\/div>\n<div class=\"ct-field ct-specifications\">\n<span class=\"wpcf7-form-control-wrap your-subject\"><input type=\"text\" name=\"your-subject\" value=\"\" size=\"40\" class=\"wpcf7-form-control wpcf7-text wpcf7-validates-as-required\" aria-required=\"true\" aria-invalid=\"false\" placeholder=\"Th\u00f4ng s\u1ed1 k\u1ef9 thu\u1eadt\" \/><\/span>\n<\/div>\n<div class=\"ct-field ct-submit\">\n<input type=\"submit\" value=\"G\u1eecI\" class=\"wpcf7-form-control has-spinner wpcf7-submit btn btn-primary btn-sm\" \/>\n<\/div>\n<p><input type=\"hidden\" name=\"your-product\" value=\"\" \/>\n<\/p><\/div>\n<div class=\"wpcf7-response-output\" aria-hidden=\"true\"><\/div><\/form><\/div>[\/vc_column][\/vc_row][vc_row content_width=&#8221;full&#8221;][vc_column css=&#8221;.vc_custom_1501655716249{padding-right: 0px !important;padding-left: 0px !important;}&#8221;][vc_gmaps link=&#8221;#E-8_JTNDaWZyYW1lJTIwc3JjJTNEJTIyaHR0cHMlM0ElMkYlMkZ3d3cuZ29vZ2xlLmNvbSUyRm1hcHMlMkZlbWJlZCUzRnBiJTNEJTIxMW0xOCUyMTFtMTIlMjExbTMlMjExZDM4OTIuNjM3MzEwMDcwNTkyJTIxMmQxMDcuOTk1OTQ2NjIyNzAxNDElMjEzZDEyLjY3MTc2OTI2MjQzNjMwNyUyMTJtMyUyMTFmMCUyMTJmMCUyMTNmMCUyMTNtMiUyMTFpMTAyNCUyMTJpNzY4JTIxNGYxMy4xJTIxM20zJTIxMW0yJTIxMXMweDMxNzIxYzUyYWI3NGJkZjUlMjUzQTB4NGE1NDFmMDUxY2U1NGY1ZCUyMTJ6TXpNM0lFNW5kWG5odTRWdUlGUm80YnVMSU1TUTRidUxibWdzSUZSb3c2QnVhQ0JPYU9HNnBYUXNJRlJvdzZCdWFDQndhT0c3a1NCQ2RjTzBiaUJOWVNCVWFIWGh1NWwwTENERWtPRzZyMnNnVE9HNnIyc3NJRlpwNGJ1SGRDQk9ZVzAlMjE1ZTAlMjEzbTIlMjExc3ZpJTIxMnMlMjE0djE2NTYyNzYwNTIxNzQlMjE1bTIlMjExc3ZpJTIxMnMlMjIlMjB3aWR0aCUzRCUyMjYwMCUyMiUyMGhlaWdodCUzRCUyMjQ1MCUyMiUyMHN0eWxlJTNEJTIyYm9yZGVyJTNBMCUzQiUyMiUyMGFsbG93ZnVsbHNjcmVlbiUzRCUyMiUyMiUyMGxvYWRpbmclM0QlMjJsYXp5JTIyJTIwcmVmZXJyZXJwb2xpY3klM0QlMjJuby1yZWZlcnJlci13aGVuLWRvd25ncmFkZSUyMiUzRSUzQyUyRmlmcmFtZSUzRQ==&#8221;][\/vc_column][\/vc_row]<\/p>\n","protected":false},"excerpt":{"rendered":"<p>[vc_row el_class=&#8221;pd-bottom-90,sm-pd-bottom-70,xs-pd-bottom-50&#8243; css=&#8221;.vc_custom_1544698985774{padding-top: 80px !important;}&#8221;][vc_column width=&#8221;7\/12&#8243; css=&#8221;.vc_custom_1544596733456{padding-right: 50px !important;}&#8221;][gsf_heading title_font_size=&#8221;36&#8243; icon_image=&#8221;3675&#8243; sub_title=&#8221;Th\u00f4ng tin Li\u00ean h\u1ec7&#8221; css=&#8221;.vc_custom_1656275706210{padding-bottom: 20px !important;}&#8221;][vc_column_text]ALPHAGLOBAL[\/vc_column_text][vc_row_inner][vc_column_inner width=&#8221;1\/2&#8243;][gsf_icon_box layout_style=&#8221;text-left&#8221; title=&#8221;Tr\u1ee5 s\u1edf ch\u00ednh&#8221; description=&#8221;S\u1ed1 337, Nguy\u1ec5n Th\u1ecb \u0110\u1ecbnh, P. Th\u00e0nh Nh\u1ea5t, TP. Bu\u00f4n Ma Thu\u1ed9t, t\u1ec9nh \u0110\u0103k L\u0103k&#8221; icon_type=&#8221;icon&#8221;][gsf_space desktop=&#8221;40&#8243; tablet=&#8221;70&#8243; tablet_portrait=&#8221;60&#8243; mobile_landscape=&#8221;50&#8243; mobile=&#8221;40&#8243;][gsf_icon_box layout_style=&#8221;text-left&#8221; title=&#8221;Chi nh\u00e1nh 1&#8243; icon_type=&#8221;icon&#8221;][\/vc_column_inner][vc_column_inner width=&#8221;1\/2&#8243;][gsf_icon_box layout_style=&#8221;ib-left-middle&#8221; title=&#8221;Phone&#8221; title_size=&#8221;title-small&#8221; description=&#8221;+84 123 [&hellip;]<\/p>\n","protected":false},"author":6,"featured_media":0,"parent":0,"menu_order":0,"comment_status":"closed","ping_status":"closed","template":"","meta":[],"_links":{"self":[{"href":"https:\/\/demo8.thuythu.com\/alphaglobal\/wp-json\/wp\/v2\/pages\/9686"}],"collection":[{"href":"https:\/\/demo8.thuythu.com\/alphaglobal\/wp-json\/wp\/v2\/pages"}],"about":[{"href":"https:\/\/demo8.thuythu.com\/alphaglobal\/wp-json\/wp\/v2\/types\/page"}],"author":[{"embeddable":true,"href":"https:\/\/demo8.thuythu.com\/alphaglobal\/wp-json\/wp\/v2\/users\/6"}],"replies":[{"embeddable":true,"href":"https:\/\/demo8.thuythu.com\/alphaglobal\/wp-json\/wp\/v2\/comments?post=9686"}],"version-history":[{"count":1,"href":"https:\/\/demo8.thuythu.com\/alphaglobal\/wp-json\/wp\/v2\/pages\/9686\/revisions"}],"predecessor-version":[{"id":9705,"href":"https:\/\/demo8.thuythu.com\/alphaglobal\/wp-json\/wp\/v2\/pages\/9686\/revisions\/9705"}],"wp:attachment":[{"href":"https:\/\/demo8.thuythu.com\/alphaglobal\/wp-json\/wp\/v2\/media?parent=9686"}],"curies":[{"name":"wp","href":"https:\/\/api.w.org\/{rel}","templated":true}]}}