{"id":7719,"date":"2020-03-12T21:01:03","date_gmt":"2020-03-12T14:01:03","guid":{"rendered":"https:\/\/alphaglobal.thuythu.com\/?post_type=product&#038;p=7719"},"modified":"2022-06-27T10:10:59","modified_gmt":"2022-06-27T03:10:59","slug":"yen-sao-chung-nhan-sam","status":"publish","type":"product","link":"https:\/\/demo8.thuythu.com\/alphaglobal\/product\/yen-sao-chung-nhan-sam\/?lang=en","title":{"rendered":"Y\u1ebfn s\u00e0o ch\u01b0ng nh\u00e2n s\u00e2m"},"content":{"rendered":"<p>+ C\u00f4ng d\u1ee5ng<\/p>\n<p><strong>1. Ch\u1ed1ng l\u00e3o ho\u00e1, t\u1ed1t cho da:\u00a0<\/strong><\/p>\n<p><span style=\"font-weight: 400;\">Hi\u1ec7n nay v\u1ea5n \u0111\u1ec1 l\u00e0m \u0111\u1eb9p \u0111\u01b0\u1ee3c c\u00e1c ch\u1ecb em ph\u1ee5 n\u1eef quan t\u00e2m h\u00e0ng \u0111\u1ea7u n\u00ean y\u1ebfn s\u00e0o ch\u01b0ng nh\u00e2n s\u00e2m \u0111\u01b0\u1ee3c bi\u1ebft \u0111\u1ebfn nh\u01b0 \u201cth\u1ea7n d\u01b0\u1ee3c\u201d cho l\u00e0n da v\u00e0 s\u1eafc \u0111\u1eb9p. Trong th\u00e0nh ph\u1ea7n t\u1ed5 y\u1ebfn ch\u1ee9a h\u00e0m l\u01b0\u1ee3ng l\u1edbn ch\u1ea5t Threonine \u2013 k\u00edch th\u00edch s\u1ea3n sinh collagen v\u00e0 elastin. Hai d\u01b0\u1ee1ng ch\u1ea5t quan tr\u1ecdng trong c\u01a1 th\u1ec3, gi\u00fap t\u0103ng c\u01b0\u1eddng \u0111\u1ed9 \u0111\u00e0n h\u1ed3i c\u1ee7a l\u00e0n da, c\u1ea3i thi\u1ec7n da.<\/span><\/p>\n<p><span style=\"font-weight: 400;\">Trong khi \u0111\u00f3, Glycerin trong y\u1ebfn s\u00e0o l\u1ea1i c\u00f3 t\u00e1c d\u1ee5ng l\u00e0m ch\u1eadm qu\u00e1 tr\u00ecnh l\u00e3o h\u00f3a, \u1ee9c ch\u1ebf s\u1ef1 h\u00ecnh th\u00e0nh c\u1ee7a t\u1ebf b\u00e0o n\u00e1m, s\u1ea1m tr\u00ean da, k\u00ecm h\u00e3m n\u1ebfp nh\u0103n tr\u00ean da.<\/span><span style=\"font-weight: 400;\"><br \/>\n<\/span><span style=\"font-weight: 400;\">Theo \u0110\u00f4ng y, y\u1ebfn s\u00e0o c\u00f3 t\u00e1c d\u1ee5ng b\u1ed5 m\u00e1u, t\u0103ng c\u01b0\u1eddng tu\u1ea7n ho\u00e0n m\u00e1u. V\u1eady n\u00ean \u0103n y\u1ebfn s\u00e0o ch\u01b0ng nh\u00e2n s\u00e2m th\u01b0\u1eddng xuy\u00ean gi\u00fap ch\u00fang ta s\u1edf h\u1eefu l\u00e0n da tr\u1eafng h\u1ed3ng, r\u1ea1ng ng\u1eddi, c\u0103ng m\u1ecbn, tr\u1ebb l\u00e2u.<\/span><\/p>\n<p><strong>2. H\u1ed7 tr\u1ee3, k\u00edch th\u00edch ti\u00eau ho\u00e1<\/strong><\/p>\n<p><span style=\"font-weight: 400;\">Crom v\u00e0 m\u1ed9t s\u1ed1 axit amin, vi ch\u1ea5t c\u00f3 trong th\u00e0nh ph\u1ea7n c\u1ee7a y\u1ebfn s\u00e0o c\u00f3 t\u00e1c d\u1ee5ng t\u1ed1t \u0111\u1ed1i v\u1edbi h\u1ec7 ti\u00eau h\u00f3a. C\u1ee5 th\u1ec3: K\u00edch th\u00edch h\u1ec7 ti\u00eau h\u00f3a, t\u0103ng c\u1ea3m gi\u00e1c ngon mi\u1ec7ng, t\u0103ng c\u01b0\u1eddng trao \u0111\u1ed5i ch\u1ea5t v\u00e0 h\u1ea5p thu dinh d\u01b0\u1ee1ng.<\/span><span style=\"font-weight: 400;\"><br \/>\n<\/span><span style=\"font-weight: 400;\">Ch\u00ednh v\u00ec v\u1eady, \u0103n y\u1ebfn s\u00e0o ch\u01b0ng nh\u00e2n s\u00e2m c\u00f3 th\u1ec3 gi\u00fap b\u1ea1n \u0103n u\u1ed1ng ngon mi\u1ec7ng, t\u1ed1t cho h\u1ec7 ti\u00eau h\u00f3a<\/span><span style=\"font-weight: 400;\">.<\/span><\/p>\n<p><strong>3. T\u1ed1t cho h\u1ec7 th\u1ea7n kinh<\/strong><\/p>\n<p><span style=\"font-weight: 400;\">Y\u1ebfn s\u00e0o ch\u01b0ng nh\u00e2n s\u00e2m c\u1ef1c k\u1ef3 c\u00f3 l\u1ee3i cho h\u1ec7 th\u1ea7n kinh trung \u01b0\u01a1ng, c\u00f3 t\u00e1c d\u1ee5ng xoa d\u1ecbu c\u0103ng th\u1eb3ng, an th\u1ea7n, b\u1ed5 n\u00e3o, gi\u00fap n\u00e3o ghi nh\u1edb v\u00e0 x\u1eed l\u00fd th\u00f4ng tin t\u1ed1t h\u01a1n.<\/span><\/p>\n<p><strong>4. T\u1ed1t cho gan<\/strong><\/p>\n<p><span style=\"font-weight: 400;\">Gan l\u00e0 c\u01a1 quan th\u1ea3i \u0111\u1ed9c t\u1ed1 ra kh\u1ecfi c\u01a1 th\u1ec3, gan c\u0169ng r\u1ea5t d\u1ec5 t\u1ed5n th\u01b0\u01a1ng n\u1ebfu ch\u00fang ta th\u01b0\u1eddng xuy\u00ean s\u1eed d\u1ee5ng r\u01b0\u1ee3u bia, \u0103n \u0111\u1ed3 \u0103n ch\u1ee9a nhi\u1ec1u ch\u1ea5t \u0111\u1ed9c. Trong tr\u01b0\u1eddng h\u1ee3p n\u00e0y, n\u1ebfu b\u1ea1n s\u1eed d\u1ef1ng y\u1ebfn s\u00e0o ch\u01b0ng nh\u00e2n s\u00e2m \u0111\u1ec1u \u0111\u1eb7n s\u1ebd gi\u00fap gan thanh l\u1ecdc, gi\u1ea3i \u0111\u1ed9c, m\u00e1t gan, gi\u1ea3i \u0111\u1ed9c m\u00e1u, b\u1ea3o v\u1ec7 gan kh\u1ecfi nh\u1eefng t\u1ed5n th\u01b0\u01a1ng.<\/span><\/p>\n<p><strong>5. \u0110\u1ed1i v\u1edbi x\u01b0\u01a1ng kh\u1edbp<\/strong><\/p>\n<p><span style=\"font-weight: 400;\">Kh\u00f4ng ch\u1ec9 b\u1ec7nh nh\u00e2n b\u1ecb ch\u1ea5n th\u01b0\u01a1ng x\u01b0\u01a1ng kh\u1edbp, ng\u01b0\u1eddi gi\u00e0 \u0111au nh\u1ee9c x\u01b0\u01a1ng kh\u1edbp m\u00e0 ngay c\u1ea3 ng\u01b0\u1eddi b\u00ecnh th\u01b0\u1eddng c\u0169ng n\u00ean b\u1ed5 s\u01b0ng y\u1ebfn ch\u01b0ng h\u1ea1t sen. Nh\u1eb1m h\u1ea1n ch\u1ebf c\u00e1c b\u1ec7nh v\u1ec1 x\u01b0\u01a1ng kh\u1edbp nh\u01b0: Vi\u00eam kh\u1edbp d\u1ea1ng th\u1ea5p, Vi\u00eam \u0111a kh\u1edbp,..<\/span><\/p>\n<p><strong>6. Gi\u00fap ng\u01b0\u1eddi suy nh\u01b0\u1ee3c, ng\u01b0\u1eddi m\u1ed5 nhanh ch\u00f3ng h\u1ed3i ph\u1ee5c s\u1ee9c kho\u1ebb<\/strong><\/p>\n<p><span style=\"font-weight: 400;\">V\u1edbi h\u00e0m l\u01b0\u1ee3ng dinh d\u01b0\u1ee1ng d\u1ed3i d\u00e0o c\u00f9ng v\u1edbi \u0111\u1ed9 an to\u00e0n l\u00e0nh t\u00ednh cao. Y\u1ebfn s\u00e0o ch\u01b0ng nh\u00e2n s\u00e2m lu\u00f4n l\u00e0 th\u1ef1c ph\u1ea9m th\u00edch h\u1ee3p, an to\u00e0n nh\u1ea5t \u0111\u1ec3 t\u1ea9m b\u1ed5, gi\u00fap ng\u01b0\u1eddi m\u1edbi \u1ed1m d\u1eady, ng\u01b0\u1eddi m\u1edbi ph\u1ed7 thu\u1eadt h\u1ed3i ph\u1ee5c s\u1ee9c kho\u1ebb.<\/span><\/p>\n<p><span style=\"font-weight: 400;\">\u0110\u1eb7c bi\u1ec7t v\u1edbi b\u1ec7nh nh\u00e2n ung th\u01b0 \u0111ang \u0111i\u1ec1u tr\u1ecb ph\u1eabu thu\u1eadt, h\u00f3a tr\u1ecb, x\u1ea1 tr\u1ecb, r\u1ea5t n\u00ean d\u00f9ng y\u1ebfn s\u00e0o \u0111\u1ec3 b\u1ed5 sung s\u1ee9c l\u1ef1c cho c\u01a1 th\u1ec3. Th\u00e0nh ph\u1ea7n Tyrosine v\u00e0 acid Syalic trong y\u1ebfn s\u00e0o ch\u01b0ng nh\u00e2n s\u00e2m c\u00f3 kh\u1ea3 n\u0103ng ng\u0103n ch\u1eb7n nhi\u1ec5m x\u1ea1, h\u1ea1n ch\u1ebf nh\u1eefng t\u00e1c d\u1ee5ng ph\u1ee5 do x\u1ea1 tr\u1ecb g\u00e2y ra.<\/span><\/p>\n","protected":false},"excerpt":{"rendered":"<p>+ Th\u00f4ng Tin S\u1ea3n Ph\u1ea9m: S\u1ea3n ph\u1ea9m n\u01b0\u1edbc y\u1ebfn s\u00e0o ch\u01b0ng nh\u00e2n s\u00e2m \u0111\u01b0\u1ee3c s\u1ea3n xu\u1ea5t theo c\u00f4ng ngh\u1ec7 hi\u1ec7n \u0111\u1ea1i gi\u00fap gi\u1eef \u0111\u01b0\u1ee3c c\u00e1c d\u01b0\u1ee1ng ch\u1ea5t t\u1ef1 nhi\u00ean v\u1ed1n c\u00f3, mang l\u1ea1i hi\u1ec7u qu\u1ea3 tuy\u00eat v\u1eddi cho s\u1ee9c kho\u1ebb, t\u0103ng c\u01b0\u1eddng \u0111\u1ec1 kh\u00e1ng v\u00e0 tr\u00ed nh\u1edb, b\u1ed3i b\u1ed5 c\u01a1 th\u1ec3, t\u0103ng tu\u1ed5i th\u1ecd.<br \/>\n+ Th\u00e0nh ph\u1ea7n: N\u01b0\u1edbc tinh khi\u1ebft, y\u1ebfn s\u00e0o 18%, nh\u00e2n s\u00e2m t\u1ef1 nhi\u00ean, \u0111\u01b0\u1eddng ph\u00e8n, ch\u1ea5t \u0111i\u1ec1u ch\u1ec9nh Canxium Lactate (327), ch\u1ea5t \u1ed5n \u0111\u1ecbnh Sodium Alginate (401), h\u01b0\u01a1ng li\u1ec7u d\u00f9ng trong th\u1ef1c ph\u1ea9m.<br \/>\n+ H\u01b0\u1edbng d\u1eabn s\u1eed d\u1ee5ng: L\u1eafc nh\u1eb9 tr\u01b0\u1edbc khi d\u00f9ng, ngon h\u01a1n khi d\u00f9ng l\u1ea1nh.<br \/>\n+ C\u00e1ch b\u1ea3o qu\u1ea3n: B\u1ea3o qu\u1ea3n n\u01a1i kh\u00f4 r\u00e1o, tho\u00e1ng m\u00e1t, tr\u00e1nh \u00e1nh n\u1eafng tr\u1ef1c ti\u1ebfp.<br \/>\n+ Th\u1ec3 t\u00edch th\u1ef1c: 70ml<\/p>\n","protected":false},"featured_media":8454,"comment_status":"open","ping_status":"closed","template":"","meta":[],"product_cat":[185],"product_tag":[],"wpr_featured_image":["https:\/\/demo8.thuythu.com\/alphaglobal\/wp-content\/uploads\/2022\/06\/6-150x150.jpg",150,150,true],"_links":{"self":[{"href":"https:\/\/demo8.thuythu.com\/alphaglobal\/wp-json\/wp\/v2\/product\/7719"}],"collection":[{"href":"https:\/\/demo8.thuythu.com\/alphaglobal\/wp-json\/wp\/v2\/product"}],"about":[{"href":"https:\/\/demo8.thuythu.com\/alphaglobal\/wp-json\/wp\/v2\/types\/product"}],"replies":[{"embeddable":true,"href":"https:\/\/demo8.thuythu.com\/alphaglobal\/wp-json\/wp\/v2\/comments?post=7719"}],"wp:featuredmedia":[{"embeddable":true,"href":"https:\/\/demo8.thuythu.com\/alphaglobal\/wp-json\/wp\/v2\/media\/8454"}],"wp:attachment":[{"href":"https:\/\/demo8.thuythu.com\/alphaglobal\/wp-json\/wp\/v2\/media?parent=7719"}],"wp:term":[{"taxonomy":"product_cat","embeddable":true,"href":"https:\/\/demo8.thuythu.com\/alphaglobal\/wp-json\/wp\/v2\/product_cat?post=7719"},{"taxonomy":"product_tag","embeddable":true,"href":"https:\/\/demo8.thuythu.com\/alphaglobal\/wp-json\/wp\/v2\/product_tag?post=7719"}],"curies":[{"name":"wp","href":"https:\/\/api.w.org\/{rel}","templated":true}]}}