{"id":8585,"date":"2020-03-16T21:03:08","date_gmt":"2020-03-16T14:03:08","guid":{"rendered":"https:\/\/demo8.thuythu.com\/alphaglobal\/product\/yen-kid-huong-vani\/"},"modified":"2020-03-16T21:03:08","modified_gmt":"2020-03-16T14:03:08","slug":"yen-kid-huong-vani","status":"publish","type":"product","link":"https:\/\/demo8.thuythu.com\/alphaglobal\/product\/yen-kid-huong-vani\/","title":{"rendered":"Y\u1ebfn Kid H\u01b0\u01a1ng Vani"},"content":{"rendered":"<p><span style=\"font-weight: 400;\">+ Th\u00f4ng Tin S\u1ea3n Ph\u1ea9m: S\u1ea3n ph\u1ea9m n\u01b0\u1edbc y\u1ebfn s\u00e0o Alpha Nest \u0111\u01b0\u1ee3c s\u1ea3n xu\u1ea5t theo c\u00f4ng ngh\u1ec7 hi\u1ec7n \u0111\u1ea1i gi\u00fap gi\u1eef \u0111\u01b0\u1ee3c c\u00e1c d\u01b0\u1ee1ng ch\u1ea5t t\u1ef1 nhi\u00ean v\u1ed1n c\u00f3, ch\u1ee9a c\u00e1c th\u00e0nh ph\u1ea7n d\u01b0\u1ee1ng ch\u1ea5t, vitamin c\u1ea7n thi\u1ebft cho s\u1ef1 ph\u00e1t tri\u1ec3n c\u1ee7a tr\u1ebb em.<\/span><span style=\"font-weight: 400;\"><br \/>\n<\/span><span style=\"font-weight: 400;\">+ Th\u00e0nh ph\u1ea7n: N\u01b0\u1edbc tinh khi\u1ebft, y\u1ebfn s\u00e0o 18%, \u0111\u01b0\u1eddng ph\u00e8n, Lysine, Canxi, Vitamin D3, ch\u1ea5t x\u01a1, ch\u1ea5t \u0111i\u1ec1u ch\u1ec9nh Canxium Lactate (327), ch\u1ea5t \u1ed5n \u0111\u1ecbnh Sodium Alginate (401), h\u01b0\u01a1ng li\u1ec7u d\u00f9ng trong th\u1ef1c ph\u1ea9m.<\/span><span style=\"font-weight: 400;\"><br \/>\n<\/span><span style=\"font-weight: 400;\">+ H\u01b0\u1edbng d\u1eabn s\u1eed d\u1ee5ng: L\u1eafc nh\u1eb9 tr\u01b0\u1edbc khi d\u00f9ng, ngon h\u01a1n khi d\u00f9ng l\u1ea1nh.<\/span><span style=\"font-weight: 400;\"><br \/>\n<\/span><span style=\"font-weight: 400;\">+ C\u00e1ch b\u1ea3o qu\u1ea3n: B\u1ea3o qu\u1ea3n n\u01a1i kh\u00f4 r\u00e1o, tho\u00e1ng m\u00e1t, tr\u00e1nh \u00e1nh n\u1eafng tr\u1ef1c ti\u1ebfp.<\/span><span style=\"font-weight: 400;\"><br \/>\n<\/span><span style=\"font-weight: 400;\">+ Th\u1ec3 t\u00edch th\u1ef1c: 70ml<\/span><br \/>\n<span style=\"font-weight: 400;\">+ C\u00f4ng d\u1ee5ng:<\/span><\/p>\n<ol>\n<li><span style=\"font-weight: 400;\"> C\u00f4ng d\u1ee5ng c\u1ee7a y\u1ebfn s\u00e0o h\u01b0\u01a1ng vani \u0111\u1ed1i v\u1edbi x\u01b0\u01a1ng kh\u1edbp c\u1ee7a tr\u1ebb<\/span><\/li>\n<\/ol>\n<p><span style=\"font-weight: 400;\">Canxi v\u00e0 Phenylalanine trong y\u1ebfn s\u00e0o l\u00e0 nh\u1eefng d\u01b0\u1ee1ng ch\u1ea5t c\u00f3 t\u00e1c d\u1ee5ng x\u00e2y d\u1ef1ng khung x\u01b0\u01a1ng ch\u1eafc kh\u1ecfe v\u00e0 ph\u00e1t tri\u1ec3n to\u00e0n di\u1ec7n cho tr\u1ebb.<\/span><\/p>\n<ol start=\"2\">\n<li><span style=\"font-weight: 400;\"> Gi\u00fap b\u1ed5 sung \u0111\u1ea7y \u0111\u1ee7 dinh d\u01b0\u1ee1ng cho c\u00e1c b\u00e9, gi\u00fap b\u00e9 ph\u00e1t tri\u1ec3n to\u00e0n di\u1ec7n v\u1ec1 th\u1ec3 ch\u1ea5t l\u1eabn tr\u00ed tu\u1ec7, b\u1ed5 sung dinh d\u01b0\u1ee1ng cho ho\u1ea1t \u0111\u1ed9ng h\u1ecdc t\u1eadp, vui ch\u01a1i c\u1ee7a b\u00e9.<\/span><\/li>\n<li><span style=\"font-weight: 400;\"> Y\u1ebfn s\u00e0o h\u01b0\u01a1ng vani l\u00e0 s\u1ea3n ph\u1ea9m c\u00f3 m\u00f9i v\u1ecb thu h\u00fat tr\u1ebb \u0111\u1eb7c bi\u1ec7t l\u00e0 tr\u1ebb bi\u1ebfng \u0103n.\u00a0<\/span><\/li>\n<\/ol>\n","protected":false},"excerpt":{"rendered":"<p>+ Th\u00e0nh ph\u1ea7n: T\u1ed5 y\u1ebfn, h\u01b0\u01a1ng vani<br \/>\n+ Xu\u1ea5t x\u1ee9: \u0111\u1ea3o Kh\u00e1nh Ho\u00e0<br \/>\n+ \u0110\u00f3ng g\u00f3i s\u1ea3n ph\u1ea9m: L\u1ecd thu\u1ef7 tinh<\/p>\n","protected":false},"featured_media":8586,"comment_status":"open","ping_status":"closed","template":"","meta":[],"product_cat":[188],"product_tag":[],"wpr_featured_image":["https:\/\/demo8.thuythu.com\/alphaglobal\/wp-content\/uploads\/2022\/06\/bn-gt-150x150.jpg",150,150,true],"_links":{"self":[{"href":"https:\/\/demo8.thuythu.com\/alphaglobal\/wp-json\/wp\/v2\/product\/8585"}],"collection":[{"href":"https:\/\/demo8.thuythu.com\/alphaglobal\/wp-json\/wp\/v2\/product"}],"about":[{"href":"https:\/\/demo8.thuythu.com\/alphaglobal\/wp-json\/wp\/v2\/types\/product"}],"replies":[{"embeddable":true,"href":"https:\/\/demo8.thuythu.com\/alphaglobal\/wp-json\/wp\/v2\/comments?post=8585"}],"wp:featuredmedia":[{"embeddable":true,"href":"https:\/\/demo8.thuythu.com\/alphaglobal\/wp-json\/wp\/v2\/media\/8586"}],"wp:attachment":[{"href":"https:\/\/demo8.thuythu.com\/alphaglobal\/wp-json\/wp\/v2\/media?parent=8585"}],"wp:term":[{"taxonomy":"product_cat","embeddable":true,"href":"https:\/\/demo8.thuythu.com\/alphaglobal\/wp-json\/wp\/v2\/product_cat?post=8585"},{"taxonomy":"product_tag","embeddable":true,"href":"https:\/\/demo8.thuythu.com\/alphaglobal\/wp-json\/wp\/v2\/product_tag?post=8585"}],"curies":[{"name":"wp","href":"https:\/\/api.w.org\/{rel}","templated":true}]}}