{"id":3493,"date":"2020-11-13T13:33:32","date_gmt":"2020-11-13T13:33:32","guid":{"rendered":"https:\/\/demo8.thuythu.com\/alsternvietnam-32\/linh-vuc-tu-van\/"},"modified":"2020-11-13T13:33:32","modified_gmt":"2020-11-13T13:33:32","slug":"linh-vuc-tu-van","status":"publish","type":"page","link":"https:\/\/demo8.thuythu.com\/alsternvietnam-32\/linh-vuc-tu-van\/?lang=en","title":{"rendered":"L\u0129nh v\u1ef1c t\u01b0 v\u1ea5n"},"content":{"rendered":"\t\t<div data-elementor-type=\"wp-page\" data-elementor-id=\"3493\" class=\"elementor elementor-3493 elementor-693\" data-elementor-settings=\"[]\">\n\t\t\t\t\t\t\t<div class=\"elementor-section-wrap\">\n\t\t\t\t\t\t\t<section class=\"elementor-section elementor-top-section elementor-element elementor-element-9e42a9f elementor-section-boxed elementor-section-height-default elementor-section-height-default\" data-id=\"9e42a9f\" data-element_type=\"section\">\n\t\t\t\t\t\t<div class=\"elementor-container elementor-column-gap-default\">\n\t\t\t\t\t<div class=\"elementor-column elementor-col-50 elementor-top-column elementor-element elementor-element-4505dcd\" data-id=\"4505dcd\" data-element_type=\"column\">\n\t\t\t<div class=\"elementor-widget-wrap elementor-element-populated\">\n\t\t\t\t\t\t\t\t<div class=\"elementor-element elementor-element-a551fc7 smalltitle pcolor elementor-widget elementor-widget-heading\" data-id=\"a551fc7\" data-element_type=\"widget\" data-widget_type=\"heading.default\">\n\t\t\t\t<div class=\"elementor-widget-container\">\n\t\t\t<span class=\"elementor-heading-title elementor-size-default\">Alstern Vietnam<\/span>\t\t<\/div>\n\t\t\t\t<\/div>\n\t\t\t\t<div class=\"elementor-element elementor-element-bba845b elementor-widget elementor-widget-heading\" data-id=\"bba845b\" data-element_type=\"widget\" data-widget_type=\"heading.default\">\n\t\t\t\t<div class=\"elementor-widget-container\">\n\t\t\t<h2 class=\"elementor-heading-title elementor-size-default\">T\u01b0 v\u1ea5n, cung c\u1ea5p v\u00e0 h\u1ed7 tr\u1ee3 d\u1ecbch v\u1ee5 lu\u1eadt Anh Qu\u1ed1c<\/h2>\t\t<\/div>\n\t\t\t\t<\/div>\n\t\t\t\t\t<\/div>\n\t\t<\/div>\n\t\t\t\t<div class=\"elementor-column elementor-col-50 elementor-top-column elementor-element elementor-element-73ccbde\" data-id=\"73ccbde\" data-element_type=\"column\">\n\t\t\t<div class=\"elementor-widget-wrap elementor-element-populated\">\n\t\t\t\t\t\t\t\t<div class=\"elementor-element elementor-element-83ef557 elementor-widget elementor-widget-text-editor\" data-id=\"83ef557\" data-element_type=\"widget\" data-widget_type=\"text-editor.default\">\n\t\t\t\t<div class=\"elementor-widget-container\">\n\t\t\t\t\t\t\t<p><span style=\"font-weight: 400;\">Alstern Vietnam l\u00e0 c\u00f4ng ty t\u01b0 v\u1ea5n, cung c\u1ea5p v\u00e0 h\u1ed7 tr\u1ee3 d\u1ecbch v\u1ee5 lu\u1eadt Anh Qu\u1ed1c chuy\u00ean nghi\u1ec7p. \u0110\u1ed9i ng\u0169 th\u00e0nh l\u1eadp v\u00e0 qu\u1ea3n l\u00fd c\u00f3 chuy\u00ean m\u00f4n nghi\u1ec7p v\u1ee5 h\u01a1n 10 n\u0103m kinh nghi\u1ec7m trong t\u01b0 v\u1ea5n v\u00e0 \u0111\u1ea1i di\u1ec7n cho c\u1ed9ng \u0111\u1ed3ng ng\u01b0\u1eddi Vi\u1ec7t trong v\u00e0 ngo\u00e0i Anh Qu\u1ed1c. Ch\u00fang t\u00f4i t\u1ef1 h\u00e0o \u0111\u00e3 l\u00e0 c\u00e1i t\u00ean \u0111\u00e3 \u0111\u01b0\u1ee3c th\u00f4ng qua c\u1ea5p c\u00e1c gi\u1ea5y ph\u00e9p ch\u1ee9ng nh\u1eadn v\u00e0 cho ph\u00e9p h\u00e0nh ngh\u1ec1 t\u1eeb B\u1ed9 N\u1ed9i V\u1ee5 Anh Qu\u1ed1c, Hi\u1ec7p h\u1ed9i Lu\u1eadt s\u01b0 Anh Qu\u1ed1c, v\u00e0 ch\u00ednh ph\u1ee7 Vi\u1ec7t Nam. Ch\u00fang t\u00f4i hi\u1ec7n t\u1ea1i \u0111ang c\u00f3 v\u0103n ph\u00f2ng \u0111\u1ea1i di\u1ec7n t\u1ea1i Vi\u1ec7t Nam v\u00e0 Anh Qu\u1ed1c.<\/span><\/p>\t\t\t\t\t\t<\/div>\n\t\t\t\t<\/div>\n\t\t\t\t\t<\/div>\n\t\t<\/div>\n\t\t\t\t\t\t\t<\/div>\n\t\t<\/section>\n\t\t\t\t<section class=\"elementor-section elementor-top-section elementor-element elementor-element-7176fc7d elementor-section-boxed elementor-section-height-default elementor-section-height-default\" data-id=\"7176fc7d\" data-element_type=\"section\">\n\t\t\t\t\t\t<div class=\"elementor-container elementor-column-gap-default\">\n\t\t\t\t\t<div class=\"elementor-column elementor-col-100 elementor-top-column elementor-element elementor-element-792de56e\" data-id=\"792de56e\" data-element_type=\"column\">\n\t\t\t<div class=\"elementor-widget-wrap elementor-element-populated\">\n\t\t\t\t\t\t\t\t<div class=\"elementor-element elementor-element-6654d214 elementor-widget elementor-widget-shortcode\" data-id=\"6654d214\" data-element_type=\"widget\" data-widget_type=\"shortcode.default\">\n\t\t\t\t<div class=\"elementor-widget-container\">\n\t\t\t\t\t<div class=\"elementor-shortcode\"><div class=\"practice-short-icon-v2 practice-icons-holder-v2\"><div class=\"practice-icon practice-icon-v2 practice-3col\"><div class=\"practice-icon-wrap\"><div class=\"icon-top\"><img src=\"https:\/\/demo8.thuythu.com\/alsternvietnam-32\/wp-content\/uploads\/2020\/10\/auto-accidents-icon.png\" alt=\"\"\/><\/div><h3><a href=\"https:\/\/demo8.thuythu.com\/alsternvietnam-32\/practice-area\/dich-vu-ca-nhan\/\">D\u1ecbch v\u1ee5 c\u00e1 nh\u00e2n<\/a><\/h3><div class=\"practice-icon-content\">V\u01b0\u01a1ng qu\u1ed1c Anh chuy\u00ean h\u1ed7 tr\u1ee3 v\u00e0 \u0111\u1ea1i di\u1ec7n ph\u00e1p l\u00fd v\u1ec1 visa.<\/div><a class=\"read-more\" href=\"https:\/\/demo8.thuythu.com\/alsternvietnam-32\/practice-area\/dich-vu-ca-nhan\/\">Xem Th\u00eam<\/a><\/div><\/div><div class=\"practice-icon practice-icon-v2 practice-3col\"><div class=\"practice-icon-wrap\"><div class=\"icon-top\"><img src=\"https:\/\/demo8.thuythu.com\/alsternvietnam-32\/wp-content\/uploads\/2020\/10\/finance-law.png\" alt=\"\"\/><\/div><h3><a href=\"https:\/\/demo8.thuythu.com\/alsternvietnam-32\/practice-area\/%e2%80%8bdich-vu-cho-doanh-nghiep\/\">\u200bD\u1ecbch v\u1ee5 cho Doanh Nghi\u1ec7p<\/a><\/h3><div class=\"practice-icon-content\">V\u01b0\u01a1ng qu\u1ed1c Anh l\u00e0 m\u1ed9t \u0111i\u1ec3m \u0111\u1ebfn h\u1ea5p d\u1eabn cho c\u00e1c doanh nghi\u1ec7p<\/div><a class=\"read-more\" href=\"https:\/\/demo8.thuythu.com\/alsternvietnam-32\/practice-area\/%e2%80%8bdich-vu-cho-doanh-nghiep\/\">Xem Th\u00eam<\/a><\/div><\/div><div class=\"practice-icon practice-icon-v2 practice-3col\"><div class=\"practice-icon-wrap\"><div class=\"icon-top\"><img src=\"https:\/\/demo8.thuythu.com\/alsternvietnam-32\/wp-content\/uploads\/2020\/10\/real-estate.png\" alt=\"\"\/><\/div><h3><a href=\"https:\/\/demo8.thuythu.com\/alsternvietnam-32\/practice-area\/dich-vu-tron-goi\/\">D\u1ecbch v\u1ee5 Tr\u1ecdn g\u00f3i<\/a><\/h3><div class=\"practice-icon-content\">V\u01b0\u01a1ng qu\u1ed1c Anh l\u00e0 m\u1ed9t \u0111i\u1ec3m \u0111\u1ebfn h\u1ea5p d\u1eabn cho c\u00e1c doanh nghi\u1ec7p<\/div><a class=\"read-more\" href=\"https:\/\/demo8.thuythu.com\/alsternvietnam-32\/practice-area\/dich-vu-tron-goi\/\">Xem Th\u00eam<\/a><\/div><\/div><\/div><\/div>\n\t\t\t\t<\/div>\n\t\t\t\t<\/div>\n\t\t\t\t\t<\/div>\n\t\t<\/div>\n\t\t\t\t\t\t\t<\/div>\n\t\t<\/section>\n\t\t\t\t<section class=\"elementor-section elementor-top-section elementor-element elementor-element-382fffbe elementor-section-content-middle elementor-section-boxed elementor-section-height-default elementor-section-height-default\" data-id=\"382fffbe\" data-element_type=\"section\" data-settings=\"{&quot;background_background&quot;:&quot;classic&quot;}\">\n\t\t\t\t\t\t\t<div class=\"elementor-background-overlay\"><\/div>\n\t\t\t\t\t\t\t<div class=\"elementor-container elementor-column-gap-default\">\n\t\t\t\t\t<div class=\"elementor-column elementor-col-100 elementor-top-column elementor-element elementor-element-2e2aaeab\" data-id=\"2e2aaeab\" data-element_type=\"column\">\n\t\t\t<div class=\"elementor-widget-wrap elementor-element-populated\">\n\t\t\t\t\t\t\t\t<div class=\"elementor-element elementor-element-11e48073 smalltitle pcolor elementor-widget elementor-widget-heading\" data-id=\"11e48073\" data-element_type=\"widget\" data-widget_type=\"heading.default\">\n\t\t\t\t<div class=\"elementor-widget-container\">\n\t\t\t<span class=\"elementor-heading-title elementor-size-default\">B\u1ea1n \u0111ang c\u1ea7n t\u01b0 v\u1ea5n?<\/span>\t\t<\/div>\n\t\t\t\t<\/div>\n\t\t\t\t<div class=\"elementor-element elementor-element-2a3e58d elementor-widget elementor-widget-heading\" data-id=\"2a3e58d\" data-element_type=\"widget\" data-widget_type=\"heading.default\">\n\t\t\t\t<div class=\"elementor-widget-container\">\n\t\t\t<h2 class=\"elementor-heading-title elementor-size-default\">Li\u00ean h\u1ec7 ngay v\u1edbi ch\u00fang t\u00f4i<\/h2>\t\t<\/div>\n\t\t\t\t<\/div>\n\t\t\t\t<div class=\"elementor-element elementor-element-34d6426d elementor-widget elementor-widget-heading\" data-id=\"34d6426d\" data-element_type=\"widget\" data-widget_type=\"heading.default\">\n\t\t\t\t<div class=\"elementor-widget-container\">\n\t\t\t<p class=\"elementor-heading-title elementor-size-default\">Lorem ipsum dolor sit amet consectetuer adipiscing elit, sed do eiusmod tempor incididunt ut labore. Lorem ipsum dolor sit amet consectetuer adipiscing elit, sed do eiusmod tempor incididunt ut labore\n\n<\/p>\t\t<\/div>\n\t\t\t\t<\/div>\n\t\t\t\t<div class=\"elementor-element elementor-element-73556449 el-btn white-btn elementor-mobile-align-left elementor-widget elementor-widget-button\" data-id=\"73556449\" data-element_type=\"widget\" data-widget_type=\"button.default\">\n\t\t\t\t<div class=\"elementor-widget-container\">\n\t\t\t\t\t<div class=\"elementor-button-wrapper\">\n\t\t\t<a href=\"\/lien-he\" class=\"elementor-button-link elementor-button elementor-size-sm\" role=\"button\">\n\t\t\t\t\t\t<span class=\"elementor-button-content-wrapper\">\n\t\t\t\t\t\t<span class=\"elementor-button-text\">Th\u00f4ng tin li\u00ean h\u1ec7<\/span>\n\t\t<\/span>\n\t\t\t\t\t<\/a>\n\t\t<\/div>\n\t\t\t\t<\/div>\n\t\t\t\t<\/div>\n\t\t\t\t\t<\/div>\n\t\t<\/div>\n\t\t\t\t\t\t\t<\/div>\n\t\t<\/section>\n\t\t\t\t\t\t<\/div>\n\t\t\t\t\t<\/div>\n\t\t","protected":false},"excerpt":{"rendered":"<p>Alstern Vietnam T\u01b0 v\u1ea5n, cung c\u1ea5p v\u00e0 h\u1ed7 tr\u1ee3 d\u1ecbch v\u1ee5 lu\u1eadt Anh Qu\u1ed1c Alstern Vietnam l\u00e0 c\u00f4ng ty t\u01b0 v\u1ea5n, cung c\u1ea5p v\u00e0 h\u1ed7 tr\u1ee3 d\u1ecbch v\u1ee5 lu\u1eadt Anh Qu\u1ed1c chuy\u00ean nghi\u1ec7p. \u0110\u1ed9i ng\u0169 th\u00e0nh l\u1eadp v\u00e0 qu\u1ea3n l\u00fd&#8230;<\/p>\n","protected":false},"author":2,"featured_media":3490,"parent":0,"menu_order":0,"comment_status":"closed","ping_status":"closed","template":"templates\/template-fullscreen.php","meta":[],"_links":{"self":[{"href":"https:\/\/demo8.thuythu.com\/alsternvietnam-32\/wp-json\/wp\/v2\/pages\/3493"}],"collection":[{"href":"https:\/\/demo8.thuythu.com\/alsternvietnam-32\/wp-json\/wp\/v2\/pages"}],"about":[{"href":"https:\/\/demo8.thuythu.com\/alsternvietnam-32\/wp-json\/wp\/v2\/types\/page"}],"author":[{"embeddable":true,"href":"https:\/\/demo8.thuythu.com\/alsternvietnam-32\/wp-json\/wp\/v2\/users\/2"}],"replies":[{"embeddable":true,"href":"https:\/\/demo8.thuythu.com\/alsternvietnam-32\/wp-json\/wp\/v2\/comments?post=3493"}],"version-history":[{"count":0,"href":"https:\/\/demo8.thuythu.com\/alsternvietnam-32\/wp-json\/wp\/v2\/pages\/3493\/revisions"}],"wp:featuredmedia":[{"embeddable":true,"href":"https:\/\/demo8.thuythu.com\/alsternvietnam-32\/wp-json\/wp\/v2\/media\/3490"}],"wp:attachment":[{"href":"https:\/\/demo8.thuythu.com\/alsternvietnam-32\/wp-json\/wp\/v2\/media?parent=3493"}],"curies":[{"name":"wp","href":"https:\/\/api.w.org\/{rel}","templated":true}]}}