{"id":3509,"date":"2020-10-28T13:45:10","date_gmt":"2020-10-28T13:45:10","guid":{"rendered":"https:\/\/demo8.thuythu.com\/alsternvietnam-32\/faq\/"},"modified":"2020-10-28T13:45:10","modified_gmt":"2020-10-28T13:45:10","slug":"faq","status":"publish","type":"page","link":"https:\/\/demo8.thuythu.com\/alsternvietnam-32\/faq\/?lang=en","title":{"rendered":"FAQs"},"content":{"rendered":"\t\t<div data-elementor-type=\"wp-page\" data-elementor-id=\"3509\" class=\"elementor elementor-3509 elementor-276\" data-elementor-settings=\"[]\">\n\t\t\t\t\t\t\t<div class=\"elementor-section-wrap\">\n\t\t\t\t\t\t\t<section class=\"elementor-section elementor-top-section elementor-element elementor-element-9e09eef elementor-section-boxed elementor-section-height-default elementor-section-height-default\" data-id=\"9e09eef\" data-element_type=\"section\">\n\t\t\t\t\t\t<div class=\"elementor-container elementor-column-gap-default\">\n\t\t\t\t\t<div class=\"elementor-column elementor-col-100 elementor-top-column elementor-element elementor-element-18977e3\" data-id=\"18977e3\" data-element_type=\"column\">\n\t\t\t<div class=\"elementor-widget-wrap elementor-element-populated\">\n\t\t\t\t\t\t\t\t<div class=\"elementor-element elementor-element-fcf0ba9 smalltitle pcolor elementor-widget elementor-widget-heading\" data-id=\"fcf0ba9\" data-element_type=\"widget\" data-widget_type=\"heading.default\">\n\t\t\t\t<div class=\"elementor-widget-container\">\n\t\t\t<span class=\"elementor-heading-title elementor-size-default\">FAQ<\/span>\t\t<\/div>\n\t\t\t\t<\/div>\n\t\t\t\t<div class=\"elementor-element elementor-element-be5e0e2 elementor-widget elementor-widget-heading\" data-id=\"be5e0e2\" data-element_type=\"widget\" data-widget_type=\"heading.default\">\n\t\t\t\t<div class=\"elementor-widget-container\">\n\t\t\t<h2 class=\"elementor-heading-title elementor-size-default\">C\u00e2u h\u1ecfi th\u01b0\u1eddng g\u1eb7p<\/h2>\t\t<\/div>\n\t\t\t\t<\/div>\n\t\t\t\t<div class=\"elementor-element elementor-element-9c2d15f elementor-widget elementor-widget-text-editor\" data-id=\"9c2d15f\" data-element_type=\"widget\" data-widget_type=\"text-editor.default\">\n\t\t\t\t<div class=\"elementor-widget-container\">\n\t\t\t\t\t\t\t<p>Ch\u00fang t\u00f4i s\u1eb5n s\u00e0ng gi\u1ea3i \u0111\u00e1p m\u1ecdi th\u1eafc m\u1eafc c\u1ee7a qu\u00fd kh\u00e1ch h\u00e0ng. Vui l\u00f2ng li\u00ean h\u1ec7 cho ch\u00fang t\u00f4i \u0111\u1ec3 bi\u1ebft th\u00eam th\u00f4ng tin chi ti\u1ebft.<\/p>\t\t\t\t\t\t<\/div>\n\t\t\t\t<\/div>\n\t\t\t\t\t<\/div>\n\t\t<\/div>\n\t\t\t\t\t\t\t<\/div>\n\t\t<\/section>\n\t\t\t\t<section class=\"elementor-section elementor-top-section elementor-element elementor-element-f90370c elementor-section-boxed elementor-section-height-default elementor-section-height-default\" data-id=\"f90370c\" data-element_type=\"section\">\n\t\t\t\t\t\t<div class=\"elementor-container elementor-column-gap-default\">\n\t\t\t\t\t<div class=\"elementor-column elementor-col-50 elementor-top-column elementor-element elementor-element-2f0a150\" data-id=\"2f0a150\" data-element_type=\"column\">\n\t\t\t<div class=\"elementor-widget-wrap elementor-element-populated\">\n\t\t\t\t\t\t\t\t<div class=\"elementor-element elementor-element-96f76d7 elementor-widget elementor-widget-toggle\" data-id=\"96f76d7\" data-element_type=\"widget\" data-widget_type=\"toggle.default\">\n\t\t\t\t<div class=\"elementor-widget-container\">\n\t\t\t\t\t<div class=\"elementor-toggle\" role=\"tablist\">\n\t\t\t\t\t\t\t<div class=\"elementor-toggle-item\">\n\t\t\t\t\t<h3 id=\"elementor-tab-title-1581\" class=\"elementor-tab-title\" data-tab=\"1\" role=\"tab\" aria-controls=\"elementor-tab-content-1581\" aria-expanded=\"false\">\n\t\t\t\t\t\t\t\t\t\t\t\t<span class=\"elementor-toggle-icon elementor-toggle-icon-left\" aria-hidden=\"true\">\n\t\t\t\t\t\t\t\t\t\t\t\t\t\t\t<span class=\"elementor-toggle-icon-closed\"><i class=\"fas fa-plus\"><\/i><\/span>\n\t\t\t\t\t\t\t\t<span class=\"elementor-toggle-icon-opened\"><i class=\"elementor-toggle-icon-opened fas fa-minus\"><\/i><\/span>\n\t\t\t\t\t\t\t\t\t\t\t\t\t<\/span>\n\t\t\t\t\t\t\t\t\t\t\t\t<a href=\"\" class=\"elementor-toggle-title\">T\u1ea1i sao ch\u1ecdn Alstern Vietnam?<\/a>\n\t\t\t\t\t<\/h3>\n\n\t\t\t\t\t<div id=\"elementor-tab-content-1581\" class=\"elementor-tab-content elementor-clearfix\" data-tab=\"1\" role=\"tabpanel\" aria-labelledby=\"elementor-tab-title-1581\"><p><b>\u00a0Ph\u1ea1m vi v\u00e0 ch\u1ea5t l\u01b0\u1ee3ng d\u1ecbch v\u1ee5 to\u00e0n di\u1ec7n<\/b><\/p><ul><li style=\"font-weight: 400;\" aria-level=\"1\"><span style=\"font-weight: 400;\">\u00a0Alstern Vietnam cung c\u1ea5p d\u1ecbch v\u1ee5 ho\u00e0n thi\u1ec7n v\u00e0 tr\u1ecdn g\u00f3i nh\u1eb1m h\u1ed7 tr\u1ee3 qu\u00fd kh\u00e1ch c\u00f3 \u0111\u01b0\u1ee3c tr\u1ea3i nghi\u1ec7m d\u1ecbch v\u1ee5 tr\u1ecdn v\u1eb9n v\u00e0 hi\u1ec7u qu\u1ea3 nh\u1ea5t. D\u1ecbch v\u1ee5 d\u00e0nh cho doanh nghi\u1ec7p v\u00e0 d\u1ecbch v\u1ee5 c\u00e1 nh\u00e2n \u0111\u01b0\u1ee3c thi\u1ebft k\u1ebf tu\u1ef3 theo t\u1eebng tr\u01b0\u1eddng h\u1ee3p, ho\u00e0n c\u1ea3nh v\u00e0 nhu c\u1ea7u kh\u00e1ch h\u00e0ng.<\/span><\/li><li style=\"font-weight: 400;\" aria-level=\"1\"><span style=\"font-weight: 400;\">M\u1ed9t m\u1ea1ng l\u01b0\u1edbi d\u1ecbch v\u1ee5 h\u1ed7 tr\u1ee3 t\u1ea1i Anh qu\u1ed1c v\u00e0 Vi\u1ec7t Nam v\u1edbi hai v\u0103n ph\u00f2ng \u0111\u1ea1i di\u1ec7n.<\/span><\/li><li style=\"font-weight: 400;\" aria-level=\"1\"><span style=\"font-weight: 400;\">\u0110\u1ed9i ng\u0169 lu\u1eadt s\u01b0 c\u1ee7a ch\u00fang t\u00f4i k\u1ebft h\u1ee3p chuy\u00ean m\u00f4n c\u1ee7a c\u00e1c \u0111\u1ed1i t\u00e1c trong l\u0129nh v\u1ef1c t\u00e0i ch\u00ednh, ng\u00e2n h\u00e0ng, b\u1ea5t \u0111\u1ed9ng s\u1ea3n t\u1ea1i Anh Qu\u1ed1c nh\u1eb1m h\u1ed7 tr\u1ee3 m\u1ee5c ti\u00eau kinh doanh, \u0111\u1ecbnh c\u01b0 v\u00e0 ho\u00e0 nh\u1eadp cu\u1ed9c s\u1ed1ng t\u1ea1i Anh Qu\u1ed1c c\u1ee7a kh\u00e1ch h\u00e0ng.<\/span><\/li><\/ul><p><b>Ch\u00fang t\u00f4i l\u00e0 \u0111\u1ed9i ng\u0169 chuy\u00ean gia v\u1edbi h\u01a1n 10 n\u0103m kinh nghi\u1ec7m trong l\u0129nh v\u1ef1c lu\u1eadt Nh\u1eadp c\u01b0, Doanh nghi\u1ec7p v\u00e0 B\u1ea5t \u0111\u1ed9ng s\u1ea3n t\u1ea1i Anh Qu\u1ed1c<\/b><\/p><ul><li style=\"font-weight: 400;\" aria-level=\"1\"><span style=\"font-weight: 400;\">V\u1edbi h\u01a1n 10 n\u0103m kinh nghi\u1ec7m trong l\u0129nh v\u1ef1c, ch\u00fang t\u00f4i nh\u1eadn bi\u1ebft c\u00e1c th\u1eed th\u00e1ch v\u00e0 kh\u00f3 kh\u0103n m\u00e0 kh\u00e1ch h\u00e0ng \u0111\u00e3\/ \u0111ang v\u00e0 s\u1ebd ph\u1ea3i \u0111\u1ed1i m\u1eb7t.\u00a0<\/span><\/li><li style=\"font-weight: 400;\" aria-level=\"1\"><span style=\"font-weight: 400;\">\u0110i\u1ec1u n\u00e0y, k\u1ebft h\u1ee3p v\u1edbi chuy\u00ean m\u00f4n cao c\u1ee7a ch\u00fang t\u00f4i trong quy tr\u00ecnh t\u01b0 v\u1ea5n v\u00e0 l\u00e0m vi\u1ec7c minh b\u1ea1ch, \u0111\u1ea3m b\u1ea3o kh\u00e1ch h\u00e0ng s\u1ebd nh\u1eadn \u0111\u01b0\u1ee3c gi\u1ea3i ph\u00e1p ph\u00f9 h\u1ee3p v\u00e0 \u0111\u00e1ng tin c\u1eady.<\/span><\/li><\/ul><\/div>\n\t\t\t\t<\/div>\n\t\t\t\t\t\t\t<div class=\"elementor-toggle-item\">\n\t\t\t\t\t<h3 id=\"elementor-tab-title-1582\" class=\"elementor-tab-title\" data-tab=\"2\" role=\"tab\" aria-controls=\"elementor-tab-content-1582\" aria-expanded=\"false\">\n\t\t\t\t\t\t\t\t\t\t\t\t<span class=\"elementor-toggle-icon elementor-toggle-icon-left\" aria-hidden=\"true\">\n\t\t\t\t\t\t\t\t\t\t\t\t\t\t\t<span class=\"elementor-toggle-icon-closed\"><i class=\"fas fa-plus\"><\/i><\/span>\n\t\t\t\t\t\t\t\t<span class=\"elementor-toggle-icon-opened\"><i class=\"elementor-toggle-icon-opened fas fa-minus\"><\/i><\/span>\n\t\t\t\t\t\t\t\t\t\t\t\t\t<\/span>\n\t\t\t\t\t\t\t\t\t\t\t\t<a href=\"\" class=\"elementor-toggle-title\">Quy tr\u00ecnh l\u00e0m vi\u1ec7c s\u1ebd nh\u01b0 th\u1ebf n\u00e0o?<\/a>\n\t\t\t\t\t<\/h3>\n\n\t\t\t\t\t<div id=\"elementor-tab-content-1582\" class=\"elementor-tab-content elementor-clearfix\" data-tab=\"2\" role=\"tabpanel\" aria-labelledby=\"elementor-tab-title-1582\"><p><span style=\"font-weight: 400;\">B\u01b0\u1edbc 1: \u00a0 Li\u00ean h\u1ec7 Alstern Vietnam v\u1edbi c\u00e1c th\u00f4ng tin trong <\/span><a href=\"\/lien-he\"><span style=\"font-weight: 400;\">Li\u00ean h\u1ec7<\/span><\/a><\/p><p><span style=\"font-weight: 400;\">B\u01b0\u1edbc 2: \u00a0 T\u01b0 v\u1ea5n s\u01a1 b\u1ed9<\/span><\/p><p><span style=\"font-weight: 400;\">B\u01b0\u1edbc 3: \u00a0 \u0110\u1eb7t l\u1ecbch h\u1eb9n v\u1edbi t\u01b0 v\u1ea5n vi\u00ean<\/span><\/p><p><span style=\"font-weight: 400;\">B\u01b0\u1edbc 4: \u00a0 T\u01b0 v\u1ea5n c\u1ee5 th\u1ec3 v\u1edbi Lu\u1eadt s\u01b0<\/span><\/p><p><span style=\"font-weight: 400;\">B\u01b0\u1edbc 5: \u00a0 Ti\u1ebfp nh\u1eadn v\u00e0 x\u1eed l\u00fd h\u1ed3 s\u01a1<\/span><\/p><p><span style=\"font-weight: 400;\">B\u01b0\u1edbc 6: \u00a0 N\u1ed9p h\u1ed3 s\u01a1<\/span><\/p><p><span style=\"font-weight: 400;\">B\u01b0\u1edbc 7: \u00a0 L\u1ecbch l\u0103n tay, ch\u1ee5p h\u00ecnh<\/span><\/p><p><span style=\"font-weight: 400;\">B\u01b0\u1edbc 8: \u00a0 \u0110\u1ee3i v\u00e0 nh\u1eadn k\u1ebft qu\u1ea3<\/span><\/p><p><span style=\"font-weight: 400;\">B\u01b0\u1edbc 9: \u00a0 Sau khi nh\u1eadn k\u1ebft qu\u1ea3<\/span><\/p><p><span style=\"font-weight: 400;\">B\u01b0\u1edbc 10: \u0110\u00e1nh gi\u00e1 tr\u1ea3i nghi\u1ec7m d\u1ecbch v\u1ee5 t\u1ea1i Alstern Vietnam<\/span><\/p><\/div>\n\t\t\t\t<\/div>\n\t\t\t\t\t\t\t\t<\/div>\n\t\t\t\t<\/div>\n\t\t\t\t<\/div>\n\t\t\t\t\t<\/div>\n\t\t<\/div>\n\t\t\t\t<div class=\"elementor-column elementor-col-50 elementor-top-column elementor-element elementor-element-62c285f\" data-id=\"62c285f\" data-element_type=\"column\">\n\t\t\t<div class=\"elementor-widget-wrap elementor-element-populated\">\n\t\t\t\t\t\t\t\t<div class=\"elementor-element elementor-element-a2d7733 elementor-widget elementor-widget-toggle\" data-id=\"a2d7733\" data-element_type=\"widget\" data-widget_type=\"toggle.default\">\n\t\t\t\t<div class=\"elementor-widget-container\">\n\t\t\t\t\t<div class=\"elementor-toggle\" role=\"tablist\">\n\t\t\t\t\t\t\t<div class=\"elementor-toggle-item\">\n\t\t\t\t\t<h3 id=\"elementor-tab-title-1701\" class=\"elementor-tab-title\" data-tab=\"1\" role=\"tab\" aria-controls=\"elementor-tab-content-1701\" aria-expanded=\"false\">\n\t\t\t\t\t\t\t\t\t\t\t\t<span class=\"elementor-toggle-icon elementor-toggle-icon-left\" aria-hidden=\"true\">\n\t\t\t\t\t\t\t\t\t\t\t\t\t\t\t<span class=\"elementor-toggle-icon-closed\"><i class=\"fas fa-plus\"><\/i><\/span>\n\t\t\t\t\t\t\t\t<span class=\"elementor-toggle-icon-opened\"><i class=\"elementor-toggle-icon-opened fas fa-minus\"><\/i><\/span>\n\t\t\t\t\t\t\t\t\t\t\t\t\t<\/span>\n\t\t\t\t\t\t\t\t\t\t\t\t<a href=\"\" class=\"elementor-toggle-title\">Ph\u00ed t\u01b0 v\u1ea5n s\u1ebd nh\u01b0 th\u1ebf n\u00e0o?<\/a>\n\t\t\t\t\t<\/h3>\n\n\t\t\t\t\t<div id=\"elementor-tab-content-1701\" class=\"elementor-tab-content elementor-clearfix\" data-tab=\"1\" role=\"tabpanel\" aria-labelledby=\"elementor-tab-title-1701\"><p><span style=\"font-weight: 400;\">Ph\u00ed t\u01b0 v\u1ea5n ban \u0111\u1ea7u v\u1edbi nh\u00e2n vi\u00ean t\u01b0 v\u1ea5n \u0111\u1ec3 \u0111\u1ecbnh h\u01b0\u1edbng h\u1ed3 s\u01a1 l\u00e0 ho\u00e0n to\u00e0n mi\u1ec5n ph\u00ed. Ch\u1ec9 t\u00ednh ph\u00ed khi \u0111\u1eb7t l\u1ecbch h\u1eb9n t\u01b0 v\u1ea5n c\u1ee5 th\u1ec3 v\u1edbi lu\u1eadt s\u01b0, ph\u00ed s\u1ebd \u0111\u01b0\u1ee3c t\u00ednh theo gi\u1edd l\u00e0m vi\u1ec7c v\u00e0 h\u1ec7 s\u1ed1 c\u1ee7a Lu\u1eadt s\u01b0 \u0111\u01b0\u1ee3c ch\u1ec9 \u0111\u1ecbnh.<\/span><\/p><\/div>\n\t\t\t\t<\/div>\n\t\t\t\t\t\t\t<div class=\"elementor-toggle-item\">\n\t\t\t\t\t<h3 id=\"elementor-tab-title-1702\" class=\"elementor-tab-title\" data-tab=\"2\" role=\"tab\" aria-controls=\"elementor-tab-content-1702\" aria-expanded=\"false\">\n\t\t\t\t\t\t\t\t\t\t\t\t<span class=\"elementor-toggle-icon elementor-toggle-icon-left\" aria-hidden=\"true\">\n\t\t\t\t\t\t\t\t\t\t\t\t\t\t\t<span class=\"elementor-toggle-icon-closed\"><i class=\"fas fa-plus\"><\/i><\/span>\n\t\t\t\t\t\t\t\t<span class=\"elementor-toggle-icon-opened\"><i class=\"elementor-toggle-icon-opened fas fa-minus\"><\/i><\/span>\n\t\t\t\t\t\t\t\t\t\t\t\t\t<\/span>\n\t\t\t\t\t\t\t\t\t\t\t\t<a href=\"\" class=\"elementor-toggle-title\">Ch\u00fang t\u00f4i c\u00f3 th\u1ec3 b\u1eaft \u0111\u1ea7u gi\u00fap \u0111\u1ee1 b\u1ea1n nh\u01b0 th\u1ebf n\u00e0o?<\/a>\n\t\t\t\t\t<\/h3>\n\n\t\t\t\t\t<div id=\"elementor-tab-content-1702\" class=\"elementor-tab-content elementor-clearfix\" data-tab=\"2\" role=\"tabpanel\" aria-labelledby=\"elementor-tab-title-1702\"><p><span style=\"font-weight: 400;\">B\u1ea1n c\u00f3 th\u1ec3 g\u1ecdi ho\u1eb7c nh\u1eafn tin trao \u0111\u1ed5i tr\u1ef1c ti\u1ebfp v\u1edbi ch\u00fang t\u00f4i qua c\u00e1c th\u00f4ng tin \u0111\u01b0\u1ee3c n\u00eau r\u00f5 trong ph\u1ea7n <\/span><span style=\"font-weight: 400;\">Li\u00ean h\u1ec7,<\/span><span style=\"font-weight: 400;\"> ho\u1eb7c b\u1ea1n c\u00f3 th\u1ec3 b\u1eaft \u0111\u1ea7u trao \u0111\u1ed5i tr\u1ef1c ti\u1ebfp v\u1edbi ch\u00fang t\u00f4i t\u1ea1i <\/span><span style=\"font-weight: 400;\">\u0111\u00e2y<\/span><span style=\"font-weight: 400;\">.<\/span><\/p><p><span style=\"font-weight: 400;\">Ho\u1eb7c, b\u1ea1n \u0111i\u1ec1n v\u00e0o bi\u1ec3u m\u1eabu \u1edf trang Li\u00ean h\u1ec7, y\u00eau c\u1ea7u c\u1ee7a b\u1ea1n s\u1ebd \u0111\u01b0\u1ee3c g\u1eedi \u0111\u1ebfn \u0111\u1ed9i ch\u0103m s\u00f3c kh\u00e1ch h\u00e0ng v\u00e0 ch\u00fang t\u00f4i s\u1ebd g\u1ecdi l\u1ea1i t\u1eeb 1 &#8211; 3 ng\u00e0y l\u00e0m vi\u1ec7c.<\/span><\/p><p><a href=\"\/lien-he\">Xem ngay bi\u1ec3u m\u1eabu<\/a><\/p><\/div>\n\t\t\t\t<\/div>\n\t\t\t\t\t\t\t\t<\/div>\n\t\t\t\t<\/div>\n\t\t\t\t<\/div>\n\t\t\t\t\t<\/div>\n\t\t<\/div>\n\t\t\t\t\t\t\t<\/div>\n\t\t<\/section>\n\t\t\t\t<section class=\"elementor-section elementor-top-section elementor-element elementor-element-11700be elementor-section-boxed elementor-section-height-default elementor-section-height-default\" data-id=\"11700be\" data-element_type=\"section\" data-settings=\"{&quot;background_background&quot;:&quot;classic&quot;}\">\n\t\t\t\t\t\t<div class=\"elementor-container elementor-column-gap-default\">\n\t\t\t\t\t<div class=\"elementor-column elementor-col-25 elementor-top-column elementor-element elementor-element-af61b9b\" data-id=\"af61b9b\" data-element_type=\"column\">\n\t\t\t<div class=\"elementor-widget-wrap elementor-element-populated\">\n\t\t\t\t\t\t\t\t<div class=\"elementor-element elementor-element-bbccb12 pcolori elementor-view-default elementor-widget elementor-widget-icon\" data-id=\"bbccb12\" data-element_type=\"widget\" data-widget_type=\"icon.default\">\n\t\t\t\t<div class=\"elementor-widget-container\">\n\t\t\t\t\t<div class=\"elementor-icon-wrapper\">\n\t\t\t<div class=\"elementor-icon\">\n\t\t\t<i aria-hidden=\"true\" class=\"far fa-file-alt\"><\/i>\t\t\t<\/div>\n\t\t<\/div>\n\t\t\t\t<\/div>\n\t\t\t\t<\/div>\n\t\t\t\t<div class=\"elementor-element elementor-element-0c8e3c3 elementor-widget elementor-widget-heading\" data-id=\"0c8e3c3\" data-element_type=\"widget\" data-widget_type=\"heading.default\">\n\t\t\t\t<div class=\"elementor-widget-container\">\n\t\t\t<h5 class=\"elementor-heading-title elementor-size-default\">T\u01b0 v\u1ea5n mi\u1ec5n ph\u00ed<\/h5>\t\t<\/div>\n\t\t\t\t<\/div>\n\t\t\t\t<div class=\"elementor-element elementor-element-347f539 elementor-widget elementor-widget-heading\" data-id=\"347f539\" data-element_type=\"widget\" data-widget_type=\"heading.default\">\n\t\t\t\t<div class=\"elementor-widget-container\">\n\t\t\t<p class=\"elementor-heading-title elementor-size-default\">lorem ipsum dolor sit amet consectetuer adipiscing elit, sed do eiusmod tempor incididunt ut labore<\/p>\t\t<\/div>\n\t\t\t\t<\/div>\n\t\t\t\t\t<\/div>\n\t\t<\/div>\n\t\t\t\t<div class=\"elementor-column elementor-col-25 elementor-top-column elementor-element elementor-element-f48464c\" data-id=\"f48464c\" data-element_type=\"column\">\n\t\t\t<div class=\"elementor-widget-wrap elementor-element-populated\">\n\t\t\t\t\t\t\t\t<div class=\"elementor-element elementor-element-10af58f pcolori elementor-view-default elementor-widget elementor-widget-icon\" data-id=\"10af58f\" data-element_type=\"widget\" data-widget_type=\"icon.default\">\n\t\t\t\t<div class=\"elementor-widget-container\">\n\t\t\t\t\t<div class=\"elementor-icon-wrapper\">\n\t\t\t<div class=\"elementor-icon\">\n\t\t\t<i aria-hidden=\"true\" class=\"fas fa-balance-scale-left\"><\/i>\t\t\t<\/div>\n\t\t<\/div>\n\t\t\t\t<\/div>\n\t\t\t\t<\/div>\n\t\t\t\t<div class=\"elementor-element elementor-element-7b02778 elementor-widget elementor-widget-heading\" data-id=\"7b02778\" data-element_type=\"widget\" data-widget_type=\"heading.default\">\n\t\t\t\t<div class=\"elementor-widget-container\">\n\t\t\t<h5 class=\"elementor-heading-title elementor-size-default\">K\u1ebf ho\u1ea1ch kinh doanh\n<\/h5>\t\t<\/div>\n\t\t\t\t<\/div>\n\t\t\t\t<div class=\"elementor-element elementor-element-0124ed5 elementor-widget elementor-widget-heading\" data-id=\"0124ed5\" data-element_type=\"widget\" data-widget_type=\"heading.default\">\n\t\t\t\t<div class=\"elementor-widget-container\">\n\t\t\t<p class=\"elementor-heading-title elementor-size-default\">lorem ipsum dolor sit amet consectetuer adipiscing elit, sed do eiusmod tempor incididunt ut labore<\/p>\t\t<\/div>\n\t\t\t\t<\/div>\n\t\t\t\t\t<\/div>\n\t\t<\/div>\n\t\t\t\t<div class=\"elementor-column elementor-col-25 elementor-top-column elementor-element elementor-element-7e3d517\" data-id=\"7e3d517\" data-element_type=\"column\">\n\t\t\t<div class=\"elementor-widget-wrap elementor-element-populated\">\n\t\t\t\t\t\t\t\t<div class=\"elementor-element elementor-element-1877000 pcolori elementor-view-default elementor-widget elementor-widget-icon\" data-id=\"1877000\" data-element_type=\"widget\" data-widget_type=\"icon.default\">\n\t\t\t\t<div class=\"elementor-widget-container\">\n\t\t\t\t\t<div class=\"elementor-icon-wrapper\">\n\t\t\t<div class=\"elementor-icon\">\n\t\t\t<i aria-hidden=\"true\" class=\"far fa-lightbulb\"><\/i>\t\t\t<\/div>\n\t\t<\/div>\n\t\t\t\t<\/div>\n\t\t\t\t<\/div>\n\t\t\t\t<div class=\"elementor-element elementor-element-ed69c95 elementor-widget elementor-widget-heading\" data-id=\"ed69c95\" data-element_type=\"widget\" data-widget_type=\"heading.default\">\n\t\t\t\t<div class=\"elementor-widget-container\">\n\t\t\t<h5 class=\"elementor-heading-title elementor-size-default\">Gi\u1ea3i ph\u00e1p t\u00ecnh hu\u1ed1ng\n<\/h5>\t\t<\/div>\n\t\t\t\t<\/div>\n\t\t\t\t<div class=\"elementor-element elementor-element-d856b42 elementor-widget elementor-widget-heading\" data-id=\"d856b42\" data-element_type=\"widget\" data-widget_type=\"heading.default\">\n\t\t\t\t<div class=\"elementor-widget-container\">\n\t\t\t<p class=\"elementor-heading-title elementor-size-default\">lorem ipsum dolor sit amet consectetuer adipiscing elit, sed do eiusmod tempor incididunt ut labore<\/p>\t\t<\/div>\n\t\t\t\t<\/div>\n\t\t\t\t\t<\/div>\n\t\t<\/div>\n\t\t\t\t<div class=\"elementor-column elementor-col-25 elementor-top-column elementor-element elementor-element-a3e78a3\" data-id=\"a3e78a3\" data-element_type=\"column\">\n\t\t\t<div class=\"elementor-widget-wrap elementor-element-populated\">\n\t\t\t\t\t\t\t\t<div class=\"elementor-element elementor-element-3b82e50 pcolori elementor-view-default elementor-widget elementor-widget-icon\" data-id=\"3b82e50\" data-element_type=\"widget\" data-widget_type=\"icon.default\">\n\t\t\t\t<div class=\"elementor-widget-container\">\n\t\t\t\t\t<div class=\"elementor-icon-wrapper\">\n\t\t\t<div class=\"elementor-icon\">\n\t\t\t<i aria-hidden=\"true\" class=\"fas fa-rocket\"><\/i>\t\t\t<\/div>\n\t\t<\/div>\n\t\t\t\t<\/div>\n\t\t\t\t<\/div>\n\t\t\t\t<div class=\"elementor-element elementor-element-752adb9 elementor-widget elementor-widget-heading\" data-id=\"752adb9\" data-element_type=\"widget\" data-widget_type=\"heading.default\">\n\t\t\t\t<div class=\"elementor-widget-container\">\n\t\t\t<h5 class=\"elementor-heading-title elementor-size-default\">M\u00f4 h\u00ecnh chi\u1ebfn l\u01b0\u1ee3c\n<\/h5>\t\t<\/div>\n\t\t\t\t<\/div>\n\t\t\t\t<div class=\"elementor-element elementor-element-bf050ec elementor-widget elementor-widget-heading\" data-id=\"bf050ec\" data-element_type=\"widget\" data-widget_type=\"heading.default\">\n\t\t\t\t<div class=\"elementor-widget-container\">\n\t\t\t<p class=\"elementor-heading-title elementor-size-default\">lorem ipsum dolor sit amet consectetuer adipiscing elit, sed do eiusmod tempor incididunt ut labore<\/p>\t\t<\/div>\n\t\t\t\t<\/div>\n\t\t\t\t\t<\/div>\n\t\t<\/div>\n\t\t\t\t\t\t\t<\/div>\n\t\t<\/section>\n\t\t\t\t<section class=\"elementor-section elementor-top-section elementor-element elementor-element-87576ac elementor-section-content-middle elementor-section-boxed elementor-section-height-default elementor-section-height-default\" data-id=\"87576ac\" data-element_type=\"section\">\n\t\t\t\t\t\t<div class=\"elementor-container elementor-column-gap-default\">\n\t\t\t\t\t<div class=\"elementor-column elementor-col-50 elementor-top-column elementor-element elementor-element-be72a5f\" data-id=\"be72a5f\" data-element_type=\"column\">\n\t\t\t<div class=\"elementor-widget-wrap elementor-element-populated\">\n\t\t\t\t\t\t\t\t<div class=\"elementor-element elementor-element-cdf82cd smalltitle pcolor elementor-widget elementor-widget-heading\" data-id=\"cdf82cd\" data-element_type=\"widget\" data-widget_type=\"heading.default\">\n\t\t\t\t<div class=\"elementor-widget-container\">\n\t\t\t<span class=\"elementor-heading-title elementor-size-default\">Alstern Vietnam<\/span>\t\t<\/div>\n\t\t\t\t<\/div>\n\t\t\t\t<div class=\"elementor-element elementor-element-f25780d elementor-widget elementor-widget-heading\" data-id=\"f25780d\" data-element_type=\"widget\" data-widget_type=\"heading.default\">\n\t\t\t\t<div class=\"elementor-widget-container\">\n\t\t\t<h2 class=\"elementor-heading-title elementor-size-default\">B\u1ea1n \u0111ang c\u1ea7n t\u01b0 v\u1ea5n?<\/h2>\t\t<\/div>\n\t\t\t\t<\/div>\n\t\t\t\t\t<\/div>\n\t\t<\/div>\n\t\t\t\t<div class=\"elementor-column elementor-col-50 elementor-top-column elementor-element elementor-element-af94f31\" data-id=\"af94f31\" data-element_type=\"column\">\n\t\t\t<div class=\"elementor-widget-wrap elementor-element-populated\">\n\t\t\t\t\t\t\t\t<div class=\"elementor-element elementor-element-c7efb90 el-btn elementor-mobile-align-left elementor-widget elementor-widget-button\" data-id=\"c7efb90\" data-element_type=\"widget\" data-widget_type=\"button.default\">\n\t\t\t\t<div class=\"elementor-widget-container\">\n\t\t\t\t\t<div class=\"elementor-button-wrapper\">\n\t\t\t<a href=\"\/lien-he\" class=\"elementor-button-link elementor-button elementor-size-sm\" role=\"button\">\n\t\t\t\t\t\t<span class=\"elementor-button-content-wrapper\">\n\t\t\t\t\t\t<span class=\"elementor-button-text\">Li\u00ean h\u1ec7 ngay<\/span>\n\t\t<\/span>\n\t\t\t\t\t<\/a>\n\t\t<\/div>\n\t\t\t\t<\/div>\n\t\t\t\t<\/div>\n\t\t\t\t\t<\/div>\n\t\t<\/div>\n\t\t\t\t\t\t\t<\/div>\n\t\t<\/section>\n\t\t\t\t\t\t<\/div>\n\t\t\t\t\t<\/div>\n\t\t","protected":false},"excerpt":{"rendered":"<p>FAQ C\u00e2u h\u1ecfi th\u01b0\u1eddng g\u1eb7p Ch\u00fang t\u00f4i s\u1eb5n s\u00e0ng gi\u1ea3i \u0111\u00e1p m\u1ecdi th\u1eafc m\u1eafc c\u1ee7a qu\u00fd kh\u00e1ch h\u00e0ng. Vui l\u00f2ng li\u00ean h\u1ec7 cho ch\u00fang t\u00f4i \u0111\u1ec3 bi\u1ebft th\u00eam th\u00f4ng tin chi ti\u1ebft. T\u1ea1i sao ch\u1ecdn Alstern Vietnam? \u00a0Ph\u1ea1m vi v\u00e0&#8230;<\/p>\n","protected":false},"author":2,"featured_media":3490,"parent":0,"menu_order":0,"comment_status":"closed","ping_status":"closed","template":"templates\/template-fullscreen.php","meta":[],"_links":{"self":[{"href":"https:\/\/demo8.thuythu.com\/alsternvietnam-32\/wp-json\/wp\/v2\/pages\/3509"}],"collection":[{"href":"https:\/\/demo8.thuythu.com\/alsternvietnam-32\/wp-json\/wp\/v2\/pages"}],"about":[{"href":"https:\/\/demo8.thuythu.com\/alsternvietnam-32\/wp-json\/wp\/v2\/types\/page"}],"author":[{"embeddable":true,"href":"https:\/\/demo8.thuythu.com\/alsternvietnam-32\/wp-json\/wp\/v2\/users\/2"}],"replies":[{"embeddable":true,"href":"https:\/\/demo8.thuythu.com\/alsternvietnam-32\/wp-json\/wp\/v2\/comments?post=3509"}],"version-history":[{"count":0,"href":"https:\/\/demo8.thuythu.com\/alsternvietnam-32\/wp-json\/wp\/v2\/pages\/3509\/revisions"}],"wp:featuredmedia":[{"embeddable":true,"href":"https:\/\/demo8.thuythu.com\/alsternvietnam-32\/wp-json\/wp\/v2\/media\/3490"}],"wp:attachment":[{"href":"https:\/\/demo8.thuythu.com\/alsternvietnam-32\/wp-json\/wp\/v2\/media?parent=3509"}],"curies":[{"name":"wp","href":"https:\/\/api.w.org\/{rel}","templated":true}]}}