{"id":15858,"date":"2015-03-25T03:31:15","date_gmt":"2015-03-25T03:31:15","guid":{"rendered":"http:\/\/billio.detheme.com\/?page_id=11667"},"modified":"2023-03-06T04:14:41","modified_gmt":"2023-03-06T04:14:41","slug":"gioi-thieu-2","status":"publish","type":"page","link":"https:\/\/demo8.thuythu.com\/anhnguyencontrols\/en\/gioi-thieu-2\/","title":{"rendered":"About Us"},"content":{"rendered":"<p><section id=\"ab_sec_1\" class=\"kc-elm kc-css-275375 kc_row\"><div class=\"kc-row-container  kc-container\"><div class=\"kc-wrap-columns\"><div class=\"kc-elm kc-css-258946 kc_col-sm-12 kc_column kc_col-sm-12\"><div class=\"kc-col-container\">\n<div class=\"kc-elm kc-css-648606 kc-title-wrap \">\n\n\t<h2 class=\"kc_title\">About Us\r\n<\/h2>\n<\/div>\n<\/div><\/div><\/div><\/div><\/section><section class=\"kc-elm kc-css-636421 kc_row\"><div class=\"kc-row-container  kc-container\"><div class=\"kc-wrap-columns\"><div class=\"kc-elm kc-css-658266 kc_col-sm-6 kc_column kc_col-sm-6\"><div class=\"kc-col-container\"><div class=\"kc-elm kc-css-866187 kc_shortcode kc_single_image\">\n\n        <img src=\"https:\/\/demo8.thuythu.com\/anhnguyencontrols\/wp-content\/uploads\/2021\/07\/Construction-Team.jpeg\" class=\"\" alt=\"\" \/>    <\/div>\n<div class=\"kc-elm kc-css-30265 kc_text_block\"><\/p>\n<p><strong>Our Philosophy<\/strong><\/p>\n<p><b>Creative\u00a0<\/b>always takes pride in providing every customer with the right solutions for their building. We are more than the building automation systems integrator and solutions provider; we are dedicated to being a valued business partner with you. Our focus is to understand your specific requirements, provide customized solutions specifically for you, and build long-lasting relationships based on customer service and mutual trust.<\/p>\n<p>This philosophy has created a simple principle that we have been using: Do It Right.<\/p>\n<p>It means:<\/p>\n<ul>\n<li>We never compromise our efforts to do the right thing<\/li>\n<li>We look for a positive outcome in all our projects<\/li>\n<li>We\u2019re committed to providing the most appropriate system for any given project and ensuring it operates trouble-free<\/li>\n<li>Our relationship with our customers is our primary focus<\/li>\n<li>We always look for opportunities to innovate and provide better solutions for our customers<\/li>\n<li>We understand that our value as a service provider is dependent on our customers\u2019 success<\/li>\n<\/ul>\n<p>\n<\/div><\/div><\/div><div class=\"kc-elm kc-css-500218 kc_col-sm-6 kc_column kc_col-sm-6\"><div class=\"kc-col-container\"><div class=\"kc-elm kc-css-950296 kc_row kc_row_inner\"><div class=\"kc-elm kc-css-621038 kc_col-sm-6 kc_column_inner kc_col-sm-6\"><div class=\"kc_wrapper kc-col-inner-container\">\n<div class=\"kc-elm kc-css-823693 kc-title-wrap \">\n\n\t<h4 class=\"kc_title\">Vision<\/h4>\n<\/div>\n<div class=\"kc-elm kc-css-207237 kc_text_block\"><\/p>\n<p>To be recognized as a leader and premier of building automation provider in Vietnam. To connect people with smart buildings through our forward-thinking technologies and services.<\/p>\n<p>\n<\/div><\/div><\/div><div class=\"kc-elm kc-css-372434 kc_col-sm-6 kc_column_inner kc_col-sm-6\"><div class=\"kc_wrapper kc-col-inner-container\">\n<div class=\"kc-elm kc-css-679548 kc-title-wrap \">\n\n\t<h4 class=\"kc_title\">Mission<\/h4>\n<\/div>\n<div class=\"kc-elm kc-css-400857 kc_text_block\"><\/p>\n<p>To develop strong and long-lasting relationships between our customers and staffs by providing quality products, second to none customer service, and quality professional workmanship. Partner with customers to deliver innovative solutions that can provide better health, better and safer spaces, and better efficiencies.<\/p>\n<p>\n<\/div><\/div><\/div><\/div><div class=\"kc-elm kc-css-400502 kc_row kc_row_inner\"><div class=\"kc-elm kc-css-92922 kc_col-sm-6 kc_column_inner kc_col-sm-6\"><div class=\"kc_wrapper kc-col-inner-container\">\n<div class=\"kc-elm kc-css-603021 kc-title-wrap \">\n\n\t<h4 class=\"kc_title\">Values<\/h4>\n<\/div>\n<div class=\"kc-elm kc-css-323832 kc_text_block\"><\/p>\n<p>Quality, honesty, integrity, and professionalism in everything we do<\/p>\n<p>Passionate about the success of our customers and employees<\/p>\n<p>Unparalleled openness<\/p>\n<p>Sustainability through innovation and agility.<\/p>\n<p>\n<\/div><\/div><\/div><div class=\"kc-elm kc-css-319452 kc_col-sm-6 kc_column_inner kc_col-sm-6\"><div class=\"kc_wrapper kc-col-inner-container\">\n<div class=\"kc-elm kc-css-106840 kc-title-wrap \">\n\n\t<h4 class=\"kc_title\"><\/h4>\n<\/div>\n<div class=\"kc-elm kc-css-608317 kc_text_block\"><\/p>\n<p>\n<\/div><\/div><\/div><\/div><\/div><\/div><\/div><\/div><\/section><section class=\"kc-elm kc-css-568743 kc_row\"><div class=\"kc-row-container  kc-container\"><div class=\"kc-wrap-columns\"><div class=\"kc-elm kc-css-375413 kc_col-sm-12 kc_column kc_col-sm-12\"><div class=\"kc-col-container\"><div class=\"kc-elm kc-css-688607 kc_row kc_row_inner\"><div class=\"kc-elm kc-css-629817 kc_col-sm-4 kc_column_inner kc_col-sm-4\"><div class=\"kc_wrapper kc-col-inner-container\">\n<div class=\"kc-elm kc-css-911578 divider_line\">\n\t<div class=\"divider_inner divider_line1\">\n\t\t\t<\/div>\n<\/div>\n<\/div><\/div><div class=\"kc-elm kc-css-514289 kc_col-sm-4 kc_column_inner kc_col-sm-4\"><div class=\"kc_wrapper kc-col-inner-container\">\n<div class=\"kc-elm kc-css-926275 divider_line\">\n\t<div class=\"divider_inner divider_line1\">\n\t\t\t<\/div>\n<\/div>\n<\/div><\/div><div class=\"kc-elm kc-css-283906 kc_col-sm-4 kc_column_inner kc_col-sm-4\"><div class=\"kc_wrapper kc-col-inner-container\">\n<div class=\"kc-elm kc-css-40210 divider_line\">\n\t<div class=\"divider_inner divider_line1\">\n\t\t\t<\/div>\n<\/div>\n<\/div><\/div><\/div><\/div><\/div><\/div><\/div><\/section><section class=\"kc-elm kc-css-692280 kc_row\"><div class=\"kc-row-container  kc-container\"><div class=\"kc-wrap-columns\"><div class=\"kc-elm kc-css-110145 kc_col-sm-12 kc_column kc_col-sm-12\"><div class=\"kc-col-container\">\n<div class=\"kc-elm kc-css-985171 kc-title-wrap \">\n\n\t<h2 class=\"kc_title\">Company History\r\n<\/h2>\n<\/div>\n<div class=\"kc-elm kc-css-675506 kc_row kc_row_inner\"><div class=\"kc-elm kc-css-840217 kc_col-sm-5 kc_column_inner kc_col-sm-5\"><div class=\"kc_wrapper kc-col-inner-container\"><div class=\"kc-elm kc-css-871699 kc_text_block\"><\/p>\n<div class=\"kc-elm kc-css-634275 kc_col-sm-5 kc_column_inner kc_col-sm-5\">\n<div class=\"kc_wrapper kc-col-inner-container\">\n<div class=\"kc-elm kc-css-819959 kc_text_block\">\n<p>Established in Ho Chi Minh City, Vietnam in January 2006 by a group of highly trained engineers who had been successfully implemented many of building automation systems including a very first one installed in Vietnam since the 90s.<\/p>\n<\/div>\n<\/div>\n<\/div>\n<div class=\"kc-elm kc-css-112368 kc_col-sm-1 kc_column_inner kc_col-sm-1\">\u00a0<\/div>\n<p>\n<\/div><\/div><\/div><div class=\"kc-elm kc-css-679611 kc_col-sm-1 kc_column_inner kc_col-sm-1\"><div class=\"kc_wrapper kc-col-inner-container\"><\/div><\/div><div class=\"kc-elm kc-css-348402 kc_col-sm-5 kc_column_inner kc_col-sm-5\"><div class=\"kc_wrapper kc-col-inner-container\"><div class=\"kc-elm kc-css-644388 kc_text_block\"><\/p>\n<div class=\"kc-elm kc-css-846943 kc_row kc_row_inner\">\n<div class=\"kc-elm kc-css-145021 kc_col-sm-5 kc_column_inner kc_col-sm-5\">\n<div class=\"kc_wrapper kc-col-inner-container\">\n<div class=\"kc-elm kc-css-396975 kc_text_block\">\n<p>We have strongly grown every year since established with hundreds of completed integrated building management systems installed across Vietnam as well as Cambodia. Varying in size from small commercial and industrial facilities to large commercial complexes, apartments, hotels, resorts, multi-story office buildings, hospitals, airport terminals and metro stations.<\/p>\n<\/div>\n<\/div>\n<\/div>\n<\/div>\n<p>\n<\/div><\/div><\/div><\/div><div class=\"kc-elm kc-css-461080\" style=\"height: 48px; clear: both; width:100%;\"><\/div><\/div><\/div><\/div><\/div><\/section><section class=\"kc-elm kc-css-243381 kc_row\"><div class=\"kc-row-container  kc-container\"><div class=\"kc-wrap-columns\"><div class=\"kc-elm kc-css-774226 kc_col-sm-3 kc_column kc_col-sm-3\"><div class=\"kc-col-container\">\n<div class=\"kc-elm kc-css-885492 kc-animate-speed-1s kc_counter_box\">\n\t\t<span class=\"counterup\">250<\/span>\n\t<h4>Projects Secured<\/h4><\/div>\n<div class=\"kc-elm kc-css-465370 kc_text_block\"><\/p>\n<p style=\"text-align: left;\">Projects varying in size from small commercial and industrial facilities to large commercial complexes, apartments, hotels, resorts, multi-story office buildings, hospitals, airport terminals and metro stations.<\/p>\n<p>\n<\/div><\/div><\/div><div class=\"kc-elm kc-css-679936 kc_col-sm-1 kc_column kc_col-sm-1\"><div class=\"kc-col-container\"><\/div><\/div><div class=\"kc-elm kc-css-388069 kc_col-sm-3 kc_column kc_col-sm-3\"><div class=\"kc-col-container\">\n<div class=\"kc-elm kc-css-733975 kc-animate-speed-1s kc_counter_box\">\n\t\t<span class=\"counterup\">100<\/span>\n\t<h4>Customer<\/h4><\/div>\n<div class=\"kc-elm kc-css-843714 kc_text_block\"><\/p>\n<p style=\"text-align: left;\">We are proud of having implemented most of the key projects of leading real estate corporations in Vietnam such as Vingroup, Sungroup, Novaland, Keppel Land, Capitaland, Mapeltree, Tokyu, Van Thinh Phat\u2026<\/p>\n<p>\n<\/div><\/div><\/div><div class=\"kc-elm kc-css-952523 kc_col-sm-1 kc_column kc_col-sm-1\"><div class=\"kc-col-container\"><\/div><\/div><div class=\"kc-elm kc-css-500114 kc_col-sm-3 kc_column kc_col-sm-3\"><div class=\"kc-col-container\">\n<div class=\"kc-elm kc-css-770932 kc-animate-speed-1s kc_counter_box\">\n\t\t<span class=\"counterup\">10<\/span>\n\t<h4>Awards<\/h4><\/div>\n<div class=\"kc-elm kc-css-596180 kc_text_block\"><\/p>\n<p class=\"p1\" style=\"text-align: left;\">Received best growth awards and millionaires&#039; club Creative partner awards in several years.<\/p>\n<p>\n<\/div><\/div><\/div><\/div><\/div><\/section><section class=\"kc-elm kc-css-231170 kc_row\"><div class=\"kc-row-container  kc-container\"><div class=\"kc-wrap-columns\"><div class=\"kc-elm kc-css-544726 kc_col-sm-12 kc_column kc_col-sm-12\"><div class=\"kc-col-container\"><div class=\"kc-elm kc-css-247718 kc_row kc_row_inner\"><div class=\"kc-elm kc-css-509202 kc_col-sm-4 kc_column_inner kc_col-sm-4\"><div class=\"kc_wrapper kc-col-inner-container\">\n<div class=\"kc-elm kc-css-531198 divider_line\">\n\t<div class=\"divider_inner divider_line1\">\n\t\t\t<\/div>\n<\/div>\n<\/div><\/div><div class=\"kc-elm kc-css-760606 kc_col-sm-4 kc_column_inner kc_col-sm-4\"><div class=\"kc_wrapper kc-col-inner-container\">\n<div class=\"kc-elm kc-css-145486 divider_line\">\n\t<div class=\"divider_inner divider_line1\">\n\t\t\t<\/div>\n<\/div>\n<\/div><\/div><div class=\"kc-elm kc-css-609574 kc_col-sm-4 kc_column_inner kc_col-sm-4\"><div class=\"kc_wrapper kc-col-inner-container\">\n<div class=\"kc-elm kc-css-354964 divider_line\">\n\t<div class=\"divider_inner divider_line1\">\n\t\t\t<\/div>\n<\/div>\n<\/div><\/div><\/div><\/div><\/div><\/div><\/div><\/section><section class=\"kc-elm kc-css-739749 kc_row\"><div class=\"kc-row-container  kc-container\"><div class=\"kc-wrap-columns\"><div class=\"kc-elm kc-css-647074 kc_col-sm-12 kc_column kc_col-sm-12\"><div class=\"kc-col-container\">\n<div class=\"kc-elm kc-css-850369 kc-title-wrap \">\n\n\t<h2 class=\"kc_title\">Management Team\r\n<\/h2>\n<\/div>\n<div class=\"kc-elm kc-css-718225 kc_text_block\"><\/p>\n<div class=\"kc-elm kc-css-62588 kc_text_block\">\n<p>We always highly value the investment in technology, in developing capacity of human resources, in creating a dynamic professional working environment along with having a team of young and highly skilled engineering personnel who are fully trained by us as well as Honeywell regularly to ensure we offer the most effective support, 24\/7 to our customers.<\/p>\n<\/div>\n<div class=\"kc-elm kc-css-589201 kc_row kc_row_inner\">\n<div class=\"kc-elm kc-css-835699 kc_col-sm-4 kc_column_inner kc_col-sm-4\">\n<div class=\"kc_wrapper kc-col-inner-container\">\n<div class=\"kc-elm kc-css-234401 kc-team kc-team-1\">\u00a0<\/div>\n<\/div>\n<\/div>\n<\/div>\n<p>\n<\/div><div class=\"kc-elm kc-css-767115 kc_row kc_row_inner\"><div class=\"kc-elm kc-css-19863 kc_col-sm-4 kc_column_inner kc_col-sm-4\"><div class=\"kc_wrapper kc-col-inner-container\">\n<div class=\"kc-elm kc-css-145581 kc-team kc-team-1\">\n\n\t<figure class=\"content-image\"><img src=\"https:\/\/demo8.thuythu.com\/anhnguyencontrols\/wp-content\/uploads\/2021\/07\/Profile-team01-2.jpeg\" alt=\"\"><\/figure><div class=\"content-title\">Thai Nguyen<\/div><div class=\"content-subtitle\">Founder\/Managing Director<\/div><div class=\"content-desc\">Ch\u00fang t\u00f4i lu\u00f4n coi tr\u1ecdng vi\u1ec7c \u0111\u1ea7u t\u01b0, ph\u00e1t tri\u1ec3n c\u00f4ng ngh\u1ec7 v\u00e0 ngu\u1ed3n nh\u00e2n l\u1ef1c.<\/div><div class=\"content-socials\"><a href=\"#\" target=\"_blank\"><i class=\"fab-facebook-f\"><\/i><\/a><a href=\"#\" target=\"_blank\"><i class=\"fab-twitter\"><\/i><\/a><a href=\"#\" target=\"_blank\"><i class=\"fab-google-plus-g\"><\/i><\/a><\/div>\n<\/div>\n<\/div><\/div><div class=\"kc-elm kc-css-184624 kc_col-sm-4 kc_column_inner kc_col-sm-4\"><div class=\"kc_wrapper kc-col-inner-container\">\n<div class=\"kc-elm kc-css-240573 kc-team kc-team-1\">\n\n\t<figure class=\"content-image\"><img src=\"https:\/\/demo8.thuythu.com\/anhnguyencontrols\/wp-content\/uploads\/2021\/07\/Profile-team03-2.jpeg\" alt=\"\"><\/figure><div class=\"content-title\">Tuyet Bui<\/div><div class=\"content-subtitle\">Deputy Director<\/div><div class=\"content-desc\">Ch\u00fang t\u00f4i lu\u00f4n coi tr\u1ecdng vi\u1ec7c \u0111\u1ea7u t\u01b0, ph\u00e1t tri\u1ec3n c\u00f4ng ngh\u1ec7 v\u00e0 ngu\u1ed3n nh\u00e2n l\u1ef1c.<\/div><div class=\"content-socials\"><a href=\"#\" target=\"_blank\"><i class=\"fab-facebook-f\"><\/i><\/a><a href=\"#\" target=\"_blank\"><i class=\"fab-twitter\"><\/i><\/a><a href=\"#\" target=\"_blank\"><i class=\"fab-google-plus-g\"><\/i><\/a><\/div>\n<\/div>\n<\/div><\/div><div class=\"kc-elm kc-css-303191 kc_col-sm-4 kc_column_inner kc_col-sm-4\"><div class=\"kc_wrapper kc-col-inner-container\">\n<div class=\"kc-elm kc-css-750492 kc-team kc-team-1\">\n\n\t<figure class=\"content-image\"><img src=\"https:\/\/demo8.thuythu.com\/anhnguyencontrols\/wp-content\/uploads\/2021\/07\/Profile-team04-2.jpeg\" alt=\"\"><\/figure><div class=\"content-title\">Khanh Bui<\/div><div class=\"content-subtitle\">Chief Accountant<\/div><div class=\"content-desc\">Ch\u00fang t\u00f4i lu\u00f4n coi tr\u1ecdng vi\u1ec7c \u0111\u1ea7u t\u01b0, ph\u00e1t tri\u1ec3n c\u00f4ng ngh\u1ec7 v\u00e0 ngu\u1ed3n nh\u00e2n l\u1ef1c.<\/div><div class=\"content-socials\"><a href=\"#\" target=\"_blank\"><i class=\"fab-facebook-f\"><\/i><\/a><a href=\"#\" target=\"_blank\"><i class=\"fab-twitter\"><\/i><\/a><a href=\"#\" target=\"_blank\"><i class=\"fab-google-plus-g\"><\/i><\/a><\/div>\n<\/div>\n<\/div><\/div><\/div><\/div><\/div><\/div><\/div><\/section><section class=\"kc-elm kc-css-16280 kc_row\"><div class=\"kc-row-container  kc-container\"><div class=\"kc-wrap-columns\"><div class=\"kc-elm kc-css-166368 kc_col-sm-12 kc_column kc_col-sm-12\"><div class=\"kc-col-container\"><div class=\"kc-elm kc-css-928539 kc_row kc_row_inner\"><div class=\"kc-elm kc-css-959996 kc_col-sm-4 kc_column_inner kc_col-sm-4\"><div class=\"kc_wrapper kc-col-inner-container\">\n<div class=\"kc-elm kc-css-840275 divider_line\">\n\t<div class=\"divider_inner divider_line1\">\n\t\t\t<\/div>\n<\/div>\n<\/div><\/div><div class=\"kc-elm kc-css-707255 kc_col-sm-4 kc_column_inner kc_col-sm-4\"><div class=\"kc_wrapper kc-col-inner-container\">\n<div class=\"kc-elm kc-css-205857 divider_line\">\n\t<div class=\"divider_inner divider_line1\">\n\t\t\t<\/div>\n<\/div>\n<\/div><\/div><div class=\"kc-elm kc-css-410959 kc_col-sm-4 kc_column_inner kc_col-sm-4\"><div class=\"kc_wrapper kc-col-inner-container\">\n<div class=\"kc-elm kc-css-571330 divider_line\">\n\t<div class=\"divider_inner divider_line1\">\n\t\t\t<\/div>\n<\/div>\n<\/div><\/div><\/div><\/div><\/div><\/div><\/div><\/section><section id=\"show_desktop\" class=\"kc-elm kc-css-894654 kc_row\"><div class=\"kc-row-container  kc-container\"><div class=\"kc-wrap-columns\"><div class=\"kc-elm kc-css-88555 kc_col-sm-12 kc_column kc_col-sm-12\"><div class=\"kc-col-container\">\n<div class=\"kc-elm kc-css-786372 kc-title-wrap \">\n\n\t<h1 class=\"kc_title\">Technology Partners\r\n<\/h1>\n<\/div>\n<div data-open-on-mouseover=\"\" data-tab-active=\"1\" data-effect-option=\"\" class=\"kc-elm kc-css-892604 kc_tabs group certificate-title kc_vertical_tabs\">\n\t<div class=\"kc_wrapper ui-tabs kc_clearfix\">\n\t\t<ul class=\" ui-tabs-nav kc_clearfix\">\n\t\t\t<li> <a href=\"#\" style=\"margin-bottom:6px;\">Technology Partners<\/a><\/li>\t\t<\/ul>\n\t\t<div id=\"technology-partners\" class=\"kc-elm kc-css-599709 kc_tab ui-tabs-panel kc_ui-tabs-hide kc_clearfix \"><div class=\"kc_tab_content\"><div class=\"kc-elm kc-css-181160 kc_shortcode kc_single_image\">\n\n        <img src=\"https:\/\/demo8.thuythu.com\/anhnguyencontrols\/wp-content\/uploads\/2021\/07\/A\u0309nh-chu\u0323p-Ma\u0300n-hi\u0300nh-2021-07-12-lu\u0301c-01.15.15.png\" class=\"\" alt=\"\" \/>    <\/div>\n<\/div><\/div>\t<\/div>\n<\/div>\n\n\n<\/div><\/div><\/div><\/div><\/section><\/p>\n","protected":false},"excerpt":{"rendered":"","protected":false},"author":1,"featured_media":0,"parent":0,"menu_order":0,"comment_status":"closed","ping_status":"closed","template":"","meta":[],"lang":"en","translations":{"vi":11667,"en":15858},"pll_sync_post":[],"_links":{"self":[{"href":"https:\/\/demo8.thuythu.com\/anhnguyencontrols\/wp-json\/wp\/v2\/pages\/15858"}],"collection":[{"href":"https:\/\/demo8.thuythu.com\/anhnguyencontrols\/wp-json\/wp\/v2\/pages"}],"about":[{"href":"https:\/\/demo8.thuythu.com\/anhnguyencontrols\/wp-json\/wp\/v2\/types\/page"}],"author":[{"embeddable":true,"href":"https:\/\/demo8.thuythu.com\/anhnguyencontrols\/wp-json\/wp\/v2\/users\/1"}],"replies":[{"embeddable":true,"href":"https:\/\/demo8.thuythu.com\/anhnguyencontrols\/wp-json\/wp\/v2\/comments?post=15858"}],"version-history":[{"count":21,"href":"https:\/\/demo8.thuythu.com\/anhnguyencontrols\/wp-json\/wp\/v2\/pages\/15858\/revisions"}],"predecessor-version":[{"id":16726,"href":"https:\/\/demo8.thuythu.com\/anhnguyencontrols\/wp-json\/wp\/v2\/pages\/15858\/revisions\/16726"}],"wp:attachment":[{"href":"https:\/\/demo8.thuythu.com\/anhnguyencontrols\/wp-json\/wp\/v2\/media?parent=15858"}],"curies":[{"name":"wp","href":"https:\/\/api.w.org\/{rel}","templated":true}]}}