{"id":16428,"date":"2015-03-26T02:15:57","date_gmt":"2015-03-26T02:15:57","guid":{"rendered":"https:\/\/demo8.thuythu.com\/anhnguyencontrols\/?page_id=16428"},"modified":"2023-03-06T03:14:13","modified_gmt":"2023-03-06T03:14:13","slug":"blog","status":"publish","type":"page","link":"https:\/\/demo8.thuythu.com\/anhnguyencontrols\/en\/blog\/","title":{"rendered":"News"},"content":{"rendered":"<section class=\"kc-elm kc-css-873827 kc_row\"><div class=\"kc-row-container  kc-container\"><div class=\"kc-wrap-columns\"><div class=\"kc-elm kc-css-997031 kc_col-sm-4 kc_column kc_col-sm-4\"><div class=\"kc-col-container\"><div class=\"kc-elm kc-css-685861 list-post-type list-post category \">\t\t<div class=\"list-item post-16460\">\n\t\t\t<div class=\"post-content\">\n\t\t\t\t<figure>\n\t\t\t\t\t<img width=\"150\" height=\"150\" src=\"https:\/\/demo8.thuythu.com\/anhnguyencontrols\/wp-content\/uploads\/2021\/07\/unnamed88-150x150.jpeg\" class=\"attachment-thumbnail size-thumbnail wp-post-image\" alt=\"\" loading=\"lazy\" srcset=\"https:\/\/demo8.thuythu.com\/anhnguyencontrols\/wp-content\/uploads\/2021\/07\/unnamed88-150x150.jpeg 150w, https:\/\/demo8.thuythu.com\/anhnguyencontrols\/wp-content\/uploads\/2021\/07\/unnamed88-300x300.jpeg 300w, https:\/\/demo8.thuythu.com\/anhnguyencontrols\/wp-content\/uploads\/2021\/07\/unnamed88-100x100.jpeg 100w\" sizes=\"(max-width: 150px) 100vw, 150px\" \/>\t\t\t\t<\/figure>\n\t\t\t\t<h3><a href=\"https:\/\/demo8.thuythu.com\/anhnguyencontrols\/en\/11-revolutionary-automation-trends-in-the-building\/\">11 Revolutionary automation trends in the building<\/a><\/h3>\n\t\t\t\t<div class=\"kc-entry_meta\">\n\t\t\t\t<span class=\"date\"><i class=\"sl-clock\"><\/i> <time class=\"entry-date\" datetime=\"2021-07-10T19:27:56+00:00\">July 10, 2021<\/time><\/span><span class=\"author vcard\"><i class=\"sl-user\"><\/i> <a class=\"url fn n\" href=\"https:\/\/demo8.thuythu.com\/anhnguyencontrols\/author\/webadmin\/\" title=\"View all posts by webadmin\" rel=\"author\">webadmin<\/a><\/span>\t\t\t\t<\/div>\n\t\t\t\t<div class=\"text\">\n\t\t\t\t\t ...\t\t\t\t<\/div>\n\n\n\t\t\t\t\t\t\t\t\t<a class=\"kc-read-more\" href=\"https:\/\/demo8.thuythu.com\/anhnguyencontrols\/en\/11-revolutionary-automation-trends-in-the-building\/\">Read more<\/a>\n\t\t\t\t\t\t\t<\/div>\n\n\t\t<\/div>\n\t\t\t\t<div class=\"list-item post-15002\">\n\t\t\t<div class=\"post-content\">\n\t\t\t\t<figure>\n\t\t\t\t\t<img width=\"150\" height=\"150\" src=\"https:\/\/demo8.thuythu.com\/anhnguyencontrols\/wp-content\/uploads\/2021\/07\/unnamed88-150x150.jpeg\" class=\"attachment-thumbnail size-thumbnail wp-post-image\" alt=\"\" loading=\"lazy\" srcset=\"https:\/\/demo8.thuythu.com\/anhnguyencontrols\/wp-content\/uploads\/2021\/07\/unnamed88-150x150.jpeg 150w, https:\/\/demo8.thuythu.com\/anhnguyencontrols\/wp-content\/uploads\/2021\/07\/unnamed88-300x300.jpeg 300w, https:\/\/demo8.thuythu.com\/anhnguyencontrols\/wp-content\/uploads\/2021\/07\/unnamed88-100x100.jpeg 100w\" sizes=\"(max-width: 150px) 100vw, 150px\" \/>\t\t\t\t<\/figure>\n\t\t\t\t<h3><a href=\"https:\/\/demo8.thuythu.com\/anhnguyencontrols\/11-xu-huong-tu-dong-hoa-cach-mang-trong-toa-nha\/\">11 Xu h\u01b0\u1edbng t\u1ef1 \u0111\u1ed9ng h\u00f3a c\u00e1ch m\u1ea1ng trong t\u00f2a nh\u00e0<\/a><\/h3>\n\t\t\t\t<div class=\"kc-entry_meta\">\n\t\t\t\t<span class=\"date\"><i class=\"sl-clock\"><\/i> <time class=\"entry-date\" datetime=\"2021-07-10T19:27:56+00:00\">July 10, 2021<\/time><\/span><span class=\"author vcard\"><i class=\"sl-user\"><\/i> <a class=\"url fn n\" href=\"https:\/\/demo8.thuythu.com\/anhnguyencontrols\/author\/webadmin\/\" title=\"View all posts by webadmin\" rel=\"author\">webadmin<\/a><\/span>\t\t\t\t<\/div>\n\t\t\t\t<div class=\"text\">\n\t\t\t\t\t ...\t\t\t\t<\/div>\n\n\n\t\t\t\t\t\t\t\t\t<a class=\"kc-read-more\" href=\"https:\/\/demo8.thuythu.com\/anhnguyencontrols\/11-xu-huong-tu-dong-hoa-cach-mang-trong-toa-nha\/\">Read more<\/a>\n\t\t\t\t\t\t\t<\/div>\n\n\t\t<\/div>\n\t\t\t\t<div class=\"list-item post-15001\">\n\t\t\t<div class=\"post-content\">\n\t\t\t\t<figure>\n\t\t\t\t\t<img width=\"150\" height=\"150\" src=\"https:\/\/demo8.thuythu.com\/anhnguyencontrols\/wp-content\/uploads\/2021\/07\/Building-Management-System-150x150.jpeg\" class=\"attachment-thumbnail size-thumbnail wp-post-image\" alt=\"\" loading=\"lazy\" srcset=\"https:\/\/demo8.thuythu.com\/anhnguyencontrols\/wp-content\/uploads\/2021\/07\/Building-Management-System-150x150.jpeg 150w, https:\/\/demo8.thuythu.com\/anhnguyencontrols\/wp-content\/uploads\/2021\/07\/Building-Management-System-300x300.jpeg 300w, https:\/\/demo8.thuythu.com\/anhnguyencontrols\/wp-content\/uploads\/2021\/07\/Building-Management-System-100x100.jpeg 100w\" sizes=\"(max-width: 150px) 100vw, 150px\" \/>\t\t\t\t<\/figure>\n\t\t\t\t<h3><a href=\"https:\/\/demo8.thuythu.com\/anhnguyencontrols\/he-thong-tu-dong-hoa-la-gi-thanh-phan-va-ung-dung\/\">H\u1ec7 th\u1ed1ng t\u1ef1 \u0111\u1ed9ng h\u00f3a l\u00e0 g\u00ec? Th\u00e0nh ph\u1ea7n v\u00e0 \u1ee9ng d\u1ee5ng<\/a><\/h3>\n\t\t\t\t<div class=\"kc-entry_meta\">\n\t\t\t\t<span class=\"date\"><i class=\"sl-clock\"><\/i> <time class=\"entry-date\" datetime=\"2021-07-10T19:24:17+00:00\">July 10, 2021<\/time><\/span><span class=\"author vcard\"><i class=\"sl-user\"><\/i> <a class=\"url fn n\" href=\"https:\/\/demo8.thuythu.com\/anhnguyencontrols\/author\/webadmin\/\" title=\"View all posts by webadmin\" rel=\"author\">webadmin<\/a><\/span>\t\t\t\t<\/div>\n\t\t\t\t<div class=\"text\">\n\t\t\t\t\t ...\t\t\t\t<\/div>\n\n\n\t\t\t\t\t\t\t\t\t<a class=\"kc-read-more\" href=\"https:\/\/demo8.thuythu.com\/anhnguyencontrols\/he-thong-tu-dong-hoa-la-gi-thanh-phan-va-ung-dung\/\">Read more<\/a>\n\t\t\t\t\t\t\t<\/div>\n\n\t\t<\/div>\n\t\t\t\t<div class=\"list-item post-16466\">\n\t\t\t<div class=\"post-content\">\n\t\t\t\t<figure>\n\t\t\t\t\t<img width=\"150\" height=\"150\" src=\"https:\/\/demo8.thuythu.com\/anhnguyencontrols\/wp-content\/uploads\/2021\/07\/nha-thong-minh-1-94f3-150x150.jpeg\" class=\"attachment-thumbnail size-thumbnail wp-post-image\" alt=\"\" loading=\"lazy\" srcset=\"https:\/\/demo8.thuythu.com\/anhnguyencontrols\/wp-content\/uploads\/2021\/07\/nha-thong-minh-1-94f3-150x150.jpeg 150w, https:\/\/demo8.thuythu.com\/anhnguyencontrols\/wp-content\/uploads\/2021\/07\/nha-thong-minh-1-94f3-300x300.jpeg 300w, https:\/\/demo8.thuythu.com\/anhnguyencontrols\/wp-content\/uploads\/2021\/07\/nha-thong-minh-1-94f3-100x100.jpeg 100w\" sizes=\"(max-width: 150px) 100vw, 150px\" \/>\t\t\t\t<\/figure>\n\t\t\t\t<h3><a href=\"https:\/\/demo8.thuythu.com\/anhnguyencontrols\/en\/how-will-home-automation-affect-our-future\/\">How will home automation affect our future?<\/a><\/h3>\n\t\t\t\t<div class=\"kc-entry_meta\">\n\t\t\t\t<span class=\"date\"><i class=\"sl-clock\"><\/i> <time class=\"entry-date\" datetime=\"2021-07-10T19:18:31+00:00\">July 10, 2021<\/time><\/span><span class=\"author vcard\"><i class=\"sl-user\"><\/i> <a class=\"url fn n\" href=\"https:\/\/demo8.thuythu.com\/anhnguyencontrols\/author\/webadmin\/\" title=\"View all posts by webadmin\" rel=\"author\">webadmin<\/a><\/span>\t\t\t\t<\/div>\n\t\t\t\t<div class=\"text\">\n\t\t\t\t\t ...\t\t\t\t<\/div>\n\n\n\t\t\t\t\t\t\t\t\t<a class=\"kc-read-more\" href=\"https:\/\/demo8.thuythu.com\/anhnguyencontrols\/en\/how-will-home-automation-affect-our-future\/\">Read more<\/a>\n\t\t\t\t\t\t\t<\/div>\n\n\t\t<\/div>\n\t\t<\/div><\/div><\/div><div class=\"kc-elm kc-css-85025 kc_col-sm-4 kc_column kc_col-sm-4\"><div class=\"kc-col-container\"><div class=\"kc-elm kc-css-171476 list-post-type list-post category \">\t\t<div class=\"list-item post-14995\">\n\t\t\t<div class=\"post-content\">\n\t\t\t\t<figure>\n\t\t\t\t\t<img width=\"150\" height=\"150\" src=\"https:\/\/demo8.thuythu.com\/anhnguyencontrols\/wp-content\/uploads\/2019\/08\/How-a-Building-Management-System-Works-150x150.jpeg\" class=\"attachment-thumbnail size-thumbnail wp-post-image\" alt=\"\" loading=\"lazy\" srcset=\"https:\/\/demo8.thuythu.com\/anhnguyencontrols\/wp-content\/uploads\/2019\/08\/How-a-Building-Management-System-Works-150x150.jpeg 150w, https:\/\/demo8.thuythu.com\/anhnguyencontrols\/wp-content\/uploads\/2019\/08\/How-a-Building-Management-System-Works-300x300.jpeg 300w, https:\/\/demo8.thuythu.com\/anhnguyencontrols\/wp-content\/uploads\/2019\/08\/How-a-Building-Management-System-Works-100x100.jpeg 100w\" sizes=\"(max-width: 150px) 100vw, 150px\" \/>\t\t\t\t<\/figure>\n\t\t\t\t<h3><a href=\"https:\/\/demo8.thuythu.com\/anhnguyencontrols\/xu-huong-ung-dung-tu-dong-hoa-tai-viet-nam-va-anh-huong-den-dich-chuyen-lao-dong\/\">Xu h\u01b0\u1edbng \u1ee9ng d\u1ee5ng t\u1ef1 \u0111\u1ed9ng h\u00f3a t\u1ea1i Vi\u1ec7t Nam v\u00e0 \u1ea3nh h\u01b0\u1edfng \u0111\u1ebfn d\u1ecbch chuy\u1ec3n lao \u0111\u1ed9ng<\/a><\/h3>\n\t\t\t\t<div class=\"kc-entry_meta\">\n\t\t\t\t<span class=\"date\"><i class=\"sl-clock\"><\/i> <time class=\"entry-date\" datetime=\"2021-07-10T19:20:37+00:00\">July 10, 2021<\/time><\/span><span class=\"author vcard\"><i class=\"sl-user\"><\/i> <a class=\"url fn n\" href=\"https:\/\/demo8.thuythu.com\/anhnguyencontrols\/author\/webadmin\/\" title=\"View all posts by webadmin\" rel=\"author\">webadmin<\/a><\/span>\t\t\t\t<\/div>\n\t\t\t\t<div class=\"text\">\n\t\t\t\t\t ...\t\t\t\t<\/div>\n\n\n\t\t\t\t\t\t\t\t\t<a class=\"kc-read-more\" href=\"https:\/\/demo8.thuythu.com\/anhnguyencontrols\/xu-huong-ung-dung-tu-dong-hoa-tai-viet-nam-va-anh-huong-den-dich-chuyen-lao-dong\/\">Read more<\/a>\n\t\t\t\t\t\t\t<\/div>\n\n\t\t<\/div>\n\t\t\t\t<div class=\"list-item post-16462\">\n\t\t\t<div class=\"post-content\">\n\t\t\t\t<figure>\n\t\t\t\t\t<img width=\"150\" height=\"150\" src=\"https:\/\/demo8.thuythu.com\/anhnguyencontrols\/wp-content\/uploads\/2021\/07\/Building-Management-System-150x150.jpeg\" class=\"attachment-thumbnail size-thumbnail wp-post-image\" alt=\"\" loading=\"lazy\" srcset=\"https:\/\/demo8.thuythu.com\/anhnguyencontrols\/wp-content\/uploads\/2021\/07\/Building-Management-System-150x150.jpeg 150w, https:\/\/demo8.thuythu.com\/anhnguyencontrols\/wp-content\/uploads\/2021\/07\/Building-Management-System-300x300.jpeg 300w, https:\/\/demo8.thuythu.com\/anhnguyencontrols\/wp-content\/uploads\/2021\/07\/Building-Management-System-100x100.jpeg 100w\" sizes=\"(max-width: 150px) 100vw, 150px\" \/>\t\t\t\t<\/figure>\n\t\t\t\t<h3><a href=\"https:\/\/demo8.thuythu.com\/anhnguyencontrols\/en\/what-is-an-automation-system-composition-and-application\/\">What is an automation system? Composition and application<\/a><\/h3>\n\t\t\t\t<div class=\"kc-entry_meta\">\n\t\t\t\t<span class=\"date\"><i class=\"sl-clock\"><\/i> <time class=\"entry-date\" datetime=\"2021-07-10T19:24:17+00:00\">July 10, 2021<\/time><\/span><span class=\"author vcard\"><i class=\"sl-user\"><\/i> <a class=\"url fn n\" href=\"https:\/\/demo8.thuythu.com\/anhnguyencontrols\/author\/webadmin\/\" title=\"View all posts by webadmin\" rel=\"author\">webadmin<\/a><\/span>\t\t\t\t<\/div>\n\t\t\t\t<div class=\"text\">\n\t\t\t\t\t ...\t\t\t\t<\/div>\n\n\n\t\t\t\t\t\t\t\t\t<a class=\"kc-read-more\" href=\"https:\/\/demo8.thuythu.com\/anhnguyencontrols\/en\/what-is-an-automation-system-composition-and-application\/\">Read more<\/a>\n\t\t\t\t\t\t\t<\/div>\n\n\t\t<\/div>\n\t\t\t\t<div class=\"list-item post-14992\">\n\t\t\t<div class=\"post-content\">\n\t\t\t\t<figure>\n\t\t\t\t\t<img width=\"150\" height=\"150\" src=\"https:\/\/demo8.thuythu.com\/anhnguyencontrols\/wp-content\/uploads\/2021\/07\/nha-thong-minh-1-94f3-150x150.jpeg\" class=\"attachment-thumbnail size-thumbnail wp-post-image\" alt=\"\" loading=\"lazy\" srcset=\"https:\/\/demo8.thuythu.com\/anhnguyencontrols\/wp-content\/uploads\/2021\/07\/nha-thong-minh-1-94f3-150x150.jpeg 150w, https:\/\/demo8.thuythu.com\/anhnguyencontrols\/wp-content\/uploads\/2021\/07\/nha-thong-minh-1-94f3-300x300.jpeg 300w, https:\/\/demo8.thuythu.com\/anhnguyencontrols\/wp-content\/uploads\/2021\/07\/nha-thong-minh-1-94f3-100x100.jpeg 100w\" sizes=\"(max-width: 150px) 100vw, 150px\" \/>\t\t\t\t<\/figure>\n\t\t\t\t<h3><a href=\"https:\/\/demo8.thuythu.com\/anhnguyencontrols\/tu-dong-hoa-nha-o-se-anh-huong-den-tuong-lai-cua-chung-ta-nhu-the-nao\/\">T\u1ef1 \u0111\u1ed9ng h\u00f3a nh\u00e0 \u1edf s\u1ebd \u1ea3nh h\u01b0\u1edfng \u0111\u1ebfn t\u01b0\u01a1ng lai c\u1ee7a ch\u00fang ta nh\u01b0 th\u1ebf n\u00e0o?<\/a><\/h3>\n\t\t\t\t<div class=\"kc-entry_meta\">\n\t\t\t\t<span class=\"date\"><i class=\"sl-clock\"><\/i> <time class=\"entry-date\" datetime=\"2021-07-10T19:18:31+00:00\">July 10, 2021<\/time><\/span><span class=\"author vcard\"><i class=\"sl-user\"><\/i> <a class=\"url fn n\" href=\"https:\/\/demo8.thuythu.com\/anhnguyencontrols\/author\/webadmin\/\" title=\"View all posts by webadmin\" rel=\"author\">webadmin<\/a><\/span>\t\t\t\t<\/div>\n\t\t\t\t<div class=\"text\">\n\t\t\t\t\t ...\t\t\t\t<\/div>\n\n\n\t\t\t\t\t\t\t\t\t<a class=\"kc-read-more\" href=\"https:\/\/demo8.thuythu.com\/anhnguyencontrols\/tu-dong-hoa-nha-o-se-anh-huong-den-tuong-lai-cua-chung-ta-nhu-the-nao\/\">Read more<\/a>\n\t\t\t\t\t\t\t<\/div>\n\n\t\t<\/div>\n\t\t\t\t<div class=\"list-item post-16464\">\n\t\t\t<div class=\"post-content\">\n\t\t\t\t<figure>\n\t\t\t\t\t<img width=\"150\" height=\"150\" src=\"https:\/\/demo8.thuythu.com\/anhnguyencontrols\/wp-content\/uploads\/2019\/08\/How-a-Building-Management-System-Works-150x150.jpeg\" class=\"attachment-thumbnail size-thumbnail wp-post-image\" alt=\"\" loading=\"lazy\" srcset=\"https:\/\/demo8.thuythu.com\/anhnguyencontrols\/wp-content\/uploads\/2019\/08\/How-a-Building-Management-System-Works-150x150.jpeg 150w, https:\/\/demo8.thuythu.com\/anhnguyencontrols\/wp-content\/uploads\/2019\/08\/How-a-Building-Management-System-Works-300x300.jpeg 300w, https:\/\/demo8.thuythu.com\/anhnguyencontrols\/wp-content\/uploads\/2019\/08\/How-a-Building-Management-System-Works-100x100.jpeg 100w\" sizes=\"(max-width: 150px) 100vw, 150px\" \/>\t\t\t\t<\/figure>\n\t\t\t\t<h3><a href=\"https:\/\/demo8.thuythu.com\/anhnguyencontrols\/en\/the-trend-of-automation-application-in-vietnam-and-its-impact-on-labor-mobility\/\">The trend of automation application in Vietnam and its impact on labor mobility<\/a><\/h3>\n\t\t\t\t<div class=\"kc-entry_meta\">\n\t\t\t\t<span class=\"date\"><i class=\"sl-clock\"><\/i> <time class=\"entry-date\" datetime=\"2021-07-10T19:20:37+00:00\">July 10, 2021<\/time><\/span><span class=\"author vcard\"><i class=\"sl-user\"><\/i> <a class=\"url fn n\" href=\"https:\/\/demo8.thuythu.com\/anhnguyencontrols\/author\/webadmin\/\" title=\"View all posts by webadmin\" rel=\"author\">webadmin<\/a><\/span>\t\t\t\t<\/div>\n\t\t\t\t<div class=\"text\">\n\t\t\t\t\t ...\t\t\t\t<\/div>\n\n\n\t\t\t\t\t\t\t\t\t<a class=\"kc-read-more\" href=\"https:\/\/demo8.thuythu.com\/anhnguyencontrols\/en\/the-trend-of-automation-application-in-vietnam-and-its-impact-on-labor-mobility\/\">Read more<\/a>\n\t\t\t\t\t\t\t<\/div>\n\n\t\t<\/div>\n\t\t<\/div><\/div><\/div><div class=\"kc-elm kc-css-633293 kc_col-sm-4 kc_column kc_col-sm-4\"><div class=\"kc-col-container\"><div class=\"kc-elm kc-css-627979 list-post-type list-post category \">\t\t<div class=\"list-item post-16460\">\n\t\t\t<div class=\"post-content\">\n\t\t\t\t<figure>\n\t\t\t\t\t<img width=\"150\" height=\"150\" src=\"https:\/\/demo8.thuythu.com\/anhnguyencontrols\/wp-content\/uploads\/2021\/07\/unnamed88-150x150.jpeg\" class=\"attachment-thumbnail size-thumbnail wp-post-image\" alt=\"\" loading=\"lazy\" srcset=\"https:\/\/demo8.thuythu.com\/anhnguyencontrols\/wp-content\/uploads\/2021\/07\/unnamed88-150x150.jpeg 150w, https:\/\/demo8.thuythu.com\/anhnguyencontrols\/wp-content\/uploads\/2021\/07\/unnamed88-300x300.jpeg 300w, https:\/\/demo8.thuythu.com\/anhnguyencontrols\/wp-content\/uploads\/2021\/07\/unnamed88-100x100.jpeg 100w\" sizes=\"(max-width: 150px) 100vw, 150px\" \/>\t\t\t\t<\/figure>\n\t\t\t\t<h3><a href=\"https:\/\/demo8.thuythu.com\/anhnguyencontrols\/en\/11-revolutionary-automation-trends-in-the-building\/\">11 Revolutionary automation trends in the building<\/a><\/h3>\n\t\t\t\t<div class=\"kc-entry_meta\">\n\t\t\t\t<span class=\"date\"><i class=\"sl-clock\"><\/i> <time class=\"entry-date\" datetime=\"2021-07-10T19:27:56+00:00\">July 10, 2021<\/time><\/span><span class=\"author vcard\"><i class=\"sl-user\"><\/i> <a class=\"url fn n\" href=\"https:\/\/demo8.thuythu.com\/anhnguyencontrols\/author\/webadmin\/\" title=\"View all posts by webadmin\" rel=\"author\">webadmin<\/a><\/span>\t\t\t\t<\/div>\n\t\t\t\t<div class=\"text\">\n\t\t\t\t\t ...\t\t\t\t<\/div>\n\n\n\t\t\t\t\t\t\t\t\t<a class=\"kc-read-more\" href=\"https:\/\/demo8.thuythu.com\/anhnguyencontrols\/en\/11-revolutionary-automation-trends-in-the-building\/\">Read more<\/a>\n\t\t\t\t\t\t\t<\/div>\n\n\t\t<\/div>\n\t\t\t\t<div class=\"list-item post-15002\">\n\t\t\t<div class=\"post-content\">\n\t\t\t\t<figure>\n\t\t\t\t\t<img width=\"150\" height=\"150\" src=\"https:\/\/demo8.thuythu.com\/anhnguyencontrols\/wp-content\/uploads\/2021\/07\/unnamed88-150x150.jpeg\" class=\"attachment-thumbnail size-thumbnail wp-post-image\" alt=\"\" loading=\"lazy\" srcset=\"https:\/\/demo8.thuythu.com\/anhnguyencontrols\/wp-content\/uploads\/2021\/07\/unnamed88-150x150.jpeg 150w, https:\/\/demo8.thuythu.com\/anhnguyencontrols\/wp-content\/uploads\/2021\/07\/unnamed88-300x300.jpeg 300w, https:\/\/demo8.thuythu.com\/anhnguyencontrols\/wp-content\/uploads\/2021\/07\/unnamed88-100x100.jpeg 100w\" sizes=\"(max-width: 150px) 100vw, 150px\" \/>\t\t\t\t<\/figure>\n\t\t\t\t<h3><a href=\"https:\/\/demo8.thuythu.com\/anhnguyencontrols\/11-xu-huong-tu-dong-hoa-cach-mang-trong-toa-nha\/\">11 Xu h\u01b0\u1edbng t\u1ef1 \u0111\u1ed9ng h\u00f3a c\u00e1ch m\u1ea1ng trong t\u00f2a nh\u00e0<\/a><\/h3>\n\t\t\t\t<div class=\"kc-entry_meta\">\n\t\t\t\t<span class=\"date\"><i class=\"sl-clock\"><\/i> <time class=\"entry-date\" datetime=\"2021-07-10T19:27:56+00:00\">July 10, 2021<\/time><\/span><span class=\"author vcard\"><i class=\"sl-user\"><\/i> <a class=\"url fn n\" href=\"https:\/\/demo8.thuythu.com\/anhnguyencontrols\/author\/webadmin\/\" title=\"View all posts by webadmin\" rel=\"author\">webadmin<\/a><\/span>\t\t\t\t<\/div>\n\t\t\t\t<div class=\"text\">\n\t\t\t\t\t ...\t\t\t\t<\/div>\n\n\n\t\t\t\t\t\t\t\t\t<a class=\"kc-read-more\" href=\"https:\/\/demo8.thuythu.com\/anhnguyencontrols\/11-xu-huong-tu-dong-hoa-cach-mang-trong-toa-nha\/\">Read more<\/a>\n\t\t\t\t\t\t\t<\/div>\n\n\t\t<\/div>\n\t\t\t\t<div class=\"list-item post-15001\">\n\t\t\t<div class=\"post-content\">\n\t\t\t\t<figure>\n\t\t\t\t\t<img width=\"150\" height=\"150\" src=\"https:\/\/demo8.thuythu.com\/anhnguyencontrols\/wp-content\/uploads\/2021\/07\/Building-Management-System-150x150.jpeg\" class=\"attachment-thumbnail size-thumbnail wp-post-image\" alt=\"\" loading=\"lazy\" srcset=\"https:\/\/demo8.thuythu.com\/anhnguyencontrols\/wp-content\/uploads\/2021\/07\/Building-Management-System-150x150.jpeg 150w, https:\/\/demo8.thuythu.com\/anhnguyencontrols\/wp-content\/uploads\/2021\/07\/Building-Management-System-300x300.jpeg 300w, https:\/\/demo8.thuythu.com\/anhnguyencontrols\/wp-content\/uploads\/2021\/07\/Building-Management-System-100x100.jpeg 100w\" sizes=\"(max-width: 150px) 100vw, 150px\" \/>\t\t\t\t<\/figure>\n\t\t\t\t<h3><a href=\"https:\/\/demo8.thuythu.com\/anhnguyencontrols\/he-thong-tu-dong-hoa-la-gi-thanh-phan-va-ung-dung\/\">H\u1ec7 th\u1ed1ng t\u1ef1 \u0111\u1ed9ng h\u00f3a l\u00e0 g\u00ec? Th\u00e0nh ph\u1ea7n v\u00e0 \u1ee9ng d\u1ee5ng<\/a><\/h3>\n\t\t\t\t<div class=\"kc-entry_meta\">\n\t\t\t\t<span class=\"date\"><i class=\"sl-clock\"><\/i> <time class=\"entry-date\" datetime=\"2021-07-10T19:24:17+00:00\">July 10, 2021<\/time><\/span><span class=\"author vcard\"><i class=\"sl-user\"><\/i> <a class=\"url fn n\" href=\"https:\/\/demo8.thuythu.com\/anhnguyencontrols\/author\/webadmin\/\" title=\"View all posts by webadmin\" rel=\"author\">webadmin<\/a><\/span>\t\t\t\t<\/div>\n\t\t\t\t<div class=\"text\">\n\t\t\t\t\t ...\t\t\t\t<\/div>\n\n\n\t\t\t\t\t\t\t\t\t<a class=\"kc-read-more\" href=\"https:\/\/demo8.thuythu.com\/anhnguyencontrols\/he-thong-tu-dong-hoa-la-gi-thanh-phan-va-ung-dung\/\">Read more<\/a>\n\t\t\t\t\t\t\t<\/div>\n\n\t\t<\/div>\n\t\t\t\t<div class=\"list-item post-16466\">\n\t\t\t<div class=\"post-content\">\n\t\t\t\t<figure>\n\t\t\t\t\t<img width=\"150\" height=\"150\" src=\"https:\/\/demo8.thuythu.com\/anhnguyencontrols\/wp-content\/uploads\/2021\/07\/nha-thong-minh-1-94f3-150x150.jpeg\" class=\"attachment-thumbnail size-thumbnail wp-post-image\" alt=\"\" loading=\"lazy\" srcset=\"https:\/\/demo8.thuythu.com\/anhnguyencontrols\/wp-content\/uploads\/2021\/07\/nha-thong-minh-1-94f3-150x150.jpeg 150w, https:\/\/demo8.thuythu.com\/anhnguyencontrols\/wp-content\/uploads\/2021\/07\/nha-thong-minh-1-94f3-300x300.jpeg 300w, https:\/\/demo8.thuythu.com\/anhnguyencontrols\/wp-content\/uploads\/2021\/07\/nha-thong-minh-1-94f3-100x100.jpeg 100w\" sizes=\"(max-width: 150px) 100vw, 150px\" \/>\t\t\t\t<\/figure>\n\t\t\t\t<h3><a href=\"https:\/\/demo8.thuythu.com\/anhnguyencontrols\/en\/how-will-home-automation-affect-our-future\/\">How will home automation affect our future?<\/a><\/h3>\n\t\t\t\t<div class=\"kc-entry_meta\">\n\t\t\t\t<span class=\"date\"><i class=\"sl-clock\"><\/i> <time class=\"entry-date\" datetime=\"2021-07-10T19:18:31+00:00\">July 10, 2021<\/time><\/span><span class=\"author vcard\"><i class=\"sl-user\"><\/i> <a class=\"url fn n\" href=\"https:\/\/demo8.thuythu.com\/anhnguyencontrols\/author\/webadmin\/\" title=\"View all posts by webadmin\" rel=\"author\">webadmin<\/a><\/span>\t\t\t\t<\/div>\n\t\t\t\t<div class=\"text\">\n\t\t\t\t\t ...\t\t\t\t<\/div>\n\n\n\t\t\t\t\t\t\t\t\t<a class=\"kc-read-more\" href=\"https:\/\/demo8.thuythu.com\/anhnguyencontrols\/en\/how-will-home-automation-affect-our-future\/\">Read more<\/a>\n\t\t\t\t\t\t\t<\/div>\n\n\t\t<\/div>\n\t\t<\/div><\/div><\/div><\/div><\/div><\/section>\n","protected":false},"excerpt":{"rendered":"","protected":false},"author":2,"featured_media":0,"parent":0,"menu_order":0,"comment_status":"closed","ping_status":"closed","template":"","meta":[],"lang":"en","translations":{"en":16428,"vi":11813},"pll_sync_post":[],"_links":{"self":[{"href":"https:\/\/demo8.thuythu.com\/anhnguyencontrols\/wp-json\/wp\/v2\/pages\/16428"}],"collection":[{"href":"https:\/\/demo8.thuythu.com\/anhnguyencontrols\/wp-json\/wp\/v2\/pages"}],"about":[{"href":"https:\/\/demo8.thuythu.com\/anhnguyencontrols\/wp-json\/wp\/v2\/types\/page"}],"author":[{"embeddable":true,"href":"https:\/\/demo8.thuythu.com\/anhnguyencontrols\/wp-json\/wp\/v2\/users\/2"}],"replies":[{"embeddable":true,"href":"https:\/\/demo8.thuythu.com\/anhnguyencontrols\/wp-json\/wp\/v2\/comments?post=16428"}],"version-history":[{"count":7,"href":"https:\/\/demo8.thuythu.com\/anhnguyencontrols\/wp-json\/wp\/v2\/pages\/16428\/revisions"}],"predecessor-version":[{"id":16711,"href":"https:\/\/demo8.thuythu.com\/anhnguyencontrols\/wp-json\/wp\/v2\/pages\/16428\/revisions\/16711"}],"wp:attachment":[{"href":"https:\/\/demo8.thuythu.com\/anhnguyencontrols\/wp-json\/wp\/v2\/media?parent=16428"}],"curies":[{"name":"wp","href":"https:\/\/api.w.org\/{rel}","templated":true}]}}