{"id":2392,"date":"2019-10-25T08:43:32","date_gmt":"2019-10-25T08:43:32","guid":{"rendered":"http:\/\/rehome.local\/testimonials\/"},"modified":"2021-04-19T11:54:44","modified_gmt":"2021-04-19T04:54:44","slug":"su-kien","status":"publish","type":"page","link":"https:\/\/demo8.thuythu.com\/anhuygroup\/su-kien\/","title":{"rendered":"S\u1ef1 ki\u1ec7n"},"content":{"rendered":"\t\t<div data-elementor-type=\"wp-page\" data-elementor-id=\"2392\" class=\"elementor elementor-2392 elementor-571\" data-elementor-settings=\"[]\">\n\t\t\t<div class=\"elementor-inner\">\n\t\t\t\t<div class=\"elementor-section-wrap\">\n\t\t\t\t\t\t\t<section class=\"elementor-element elementor-element-e2b9731 elementor-section-boxed elementor-section-height-default elementor-section-height-default elementor-section elementor-top-section\" data-id=\"e2b9731\" data-element_type=\"section\">\n\t\t\t\t\t\t<div class=\"elementor-container elementor-column-gap-default\">\n\t\t\t\t<div class=\"elementor-row\">\n\t\t\t\t<div class=\"elementor-element elementor-element-794499f elementor-column elementor-col-100 elementor-top-column\" data-id=\"794499f\" data-element_type=\"column\">\n\t\t\t<div class=\"elementor-column-wrap  elementor-element-populated\">\n\t\t\t\t\t<div class=\"elementor-widget-wrap\">\n\t\t\t\t<div class=\"elementor-element elementor-element-284caf6 elementor-widget elementor-widget-heading\" data-id=\"284caf6\" data-element_type=\"widget\" data-widget_type=\"heading.default\">\n\t\t\t\t<div class=\"elementor-widget-container\">\n\t\t\t<div class=\"elementor-heading-wrapper\" ><span class=\"sub-title\">AnhuyGroup<\/span><div class=\"elementor-heading-wrapper-inner\"><h2 class=\"elementor-heading-title elementor-size-default\">H\u00ecnh \u1ea3nh s\u1ef1 ki\u1ec7n<\/h2><\/div><\/div>\t\t<\/div>\n\t\t\t\t<\/div>\n\t\t\t\t\t\t<\/div>\n\t\t\t<\/div>\n\t\t<\/div>\n\t\t\t\t\t\t<\/div>\n\t\t\t<\/div>\n\t\t<\/section>\n\t\t\t\t<section class=\"elementor-element elementor-element-e0f2319 elementor-section-stretched elementor-section-boxed elementor-section-height-default elementor-section-height-default elementor-section elementor-top-section\" data-id=\"e0f2319\" data-element_type=\"section\" data-settings=\"{&quot;stretch_section&quot;:&quot;section-stretched&quot;}\">\n\t\t\t\t\t\t<div class=\"elementor-container elementor-column-gap-wide\">\n\t\t\t\t<div class=\"elementor-row\">\n\t\t\t\t<div class=\"elementor-element elementor-element-146b1b7 elementor-column elementor-col-100 elementor-top-column\" data-id=\"146b1b7\" data-element_type=\"column\">\n\t\t\t<div class=\"elementor-column-wrap  elementor-element-populated\">\n\t\t\t\t\t<div class=\"elementor-widget-wrap\">\n\t\t\t\t<div class=\"elementor-element elementor-element-d03e464 elementor-widget elementor-widget-opal-image-gallery\" data-id=\"d03e464\" data-element_type=\"widget\" data-widget_type=\"opal-image-gallery.default\">\n\t\t\t\t<div class=\"elementor-widget-container\">\n\t\t\t\n        <div class=\"elementor-opal-image-gallery\">\n            <div class=\"row grid isotope-grid\" data-elementor-columns=\"3\">\n                                    <div class=\"column-item grid__item masonry-item __all gallery_group_0\">\n                        <a data-elementor-open-lightbox=\"no\"                            href=\"https:\/\/demo8.thuythu.com\/anhuygroup\/wp-content\/uploads\/2021\/04\/2016.6.26.-Chu-tich-UBND-BG-phat-bieu-tai-Le-Khoi-cong.jpg\">\n                            <img src=\"https:\/\/demo8.thuythu.com\/anhuygroup\/wp-content\/uploads\/2021\/04\/2016.6.26.-Chu-tich-UBND-BG-phat-bieu-tai-Le-Khoi-cong.jpg\"\n                                 alt=\"2016.6.26. Ch\u1ee7 t\u1ecbch UBND BG ph\u00e1t bi\u1ec3u t\u1ea1i L\u1ec5 Kh\u1edfi c\u00f4ng\"\/>\n                            <div class=\"gallery-item-overlay\">\n                                <i class=\"opal-icon-search\"><\/i>\n                            <\/div>\n                        <\/a>\n                    <\/div>\n                                        <div class=\"column-item grid__item masonry-item __all gallery_group_0\">\n                        <a data-elementor-open-lightbox=\"no\"                            href=\"https:\/\/demo8.thuythu.com\/anhuygroup\/wp-content\/uploads\/2021\/04\/2016.6.26.-Le-Khoi-cong-du-an.jpg\">\n                            <img src=\"https:\/\/demo8.thuythu.com\/anhuygroup\/wp-content\/uploads\/2021\/04\/2016.6.26.-Le-Khoi-cong-du-an.jpg\"\n                                 alt=\"2016.6.26. L\u1ec5 Kh\u1edfi c\u00f4ng d\u1ef1 \u00e1n\"\/>\n                            <div class=\"gallery-item-overlay\">\n                                <i class=\"opal-icon-search\"><\/i>\n                            <\/div>\n                        <\/a>\n                    <\/div>\n                                        <div class=\"column-item grid__item masonry-item __all gallery_group_0\">\n                        <a data-elementor-open-lightbox=\"no\"                            href=\"https:\/\/demo8.thuythu.com\/anhuygroup\/wp-content\/uploads\/2021\/04\/2018.dong-tho-khoi-cong-xay-dung-VPCN.jpg\">\n                            <img src=\"https:\/\/demo8.thuythu.com\/anhuygroup\/wp-content\/uploads\/2021\/04\/2018.dong-tho-khoi-cong-xay-dung-VPCN-768x576.jpg\"\n                                 alt=\"2018.\u0111\u1ed9ng th\u1ed5 kh\u1edfi c\u00f4ng x\u00e2y d\u1ef1ng VPCN\"\/>\n                            <div class=\"gallery-item-overlay\">\n                                <i class=\"opal-icon-search\"><\/i>\n                            <\/div>\n                        <\/a>\n                    <\/div>\n                                        <div class=\"column-item grid__item masonry-item __all gallery_group_0\">\n                        <a data-elementor-open-lightbox=\"no\"                            href=\"https:\/\/demo8.thuythu.com\/anhuygroup\/wp-content\/uploads\/2021\/04\/CBNV-Ky-niem-thanh-lap-CN-BG.jpg\">\n                            <img src=\"https:\/\/demo8.thuythu.com\/anhuygroup\/wp-content\/uploads\/2021\/04\/CBNV-Ky-niem-thanh-lap-CN-BG-768x392.jpg\"\n                                 alt=\"CBNV - K\u1ef7 ni\u1ec7m th\u00e0nh l\u1eadp CN BG\"\/>\n                            <div class=\"gallery-item-overlay\">\n                                <i class=\"opal-icon-search\"><\/i>\n                            <\/div>\n                        <\/a>\n                    <\/div>\n                                        <div class=\"column-item grid__item masonry-item __all gallery_group_0\">\n                        <a data-elementor-open-lightbox=\"no\"                            href=\"https:\/\/demo8.thuythu.com\/anhuygroup\/wp-content\/uploads\/2021\/04\/CBNV-AHBG-ki-niem-15-nam-thanh-lap-cty.jpg\">\n                            <img src=\"https:\/\/demo8.thuythu.com\/anhuygroup\/wp-content\/uploads\/2021\/04\/CBNV-AHBG-ki-niem-15-nam-thanh-lap-cty-768x576.jpg\"\n                                 alt=\"CBNV AHBG - k\u1ec9 ni\u1ec7m 15 n\u0103m th\u00e0nh l\u1eadp cty\"\/>\n                            <div class=\"gallery-item-overlay\">\n                                <i class=\"opal-icon-search\"><\/i>\n                            <\/div>\n                        <\/a>\n                    <\/div>\n                                        <div class=\"column-item grid__item masonry-item __all gallery_group_0\">\n                        <a data-elementor-open-lightbox=\"no\"                            href=\"https:\/\/demo8.thuythu.com\/anhuygroup\/wp-content\/uploads\/2021\/04\/DHDB-2020.jpg\">\n                            <img src=\"https:\/\/demo8.thuythu.com\/anhuygroup\/wp-content\/uploads\/2021\/04\/DHDB-2020-768x466.jpg\"\n                                 alt=\"\u0110H\u0110B 2020\"\/>\n                            <div class=\"gallery-item-overlay\">\n                                <i class=\"opal-icon-search\"><\/i>\n                            <\/div>\n                        <\/a>\n                    <\/div>\n                                        <div class=\"column-item grid__item masonry-item __all gallery_group_0\">\n                        <a data-elementor-open-lightbox=\"no\"                            href=\"https:\/\/demo8.thuythu.com\/anhuygroup\/wp-content\/uploads\/2021\/04\/gap-mat-dau-nam-2021.jpg\">\n                            <img src=\"https:\/\/demo8.thuythu.com\/anhuygroup\/wp-content\/uploads\/2021\/04\/gap-mat-dau-nam-2021-768x648.jpg\"\n                                 alt=\"g\u1eb7p m\u1eb7t \u0111\u1ea7u n\u0103m 2021\"\/>\n                            <div class=\"gallery-item-overlay\">\n                                <i class=\"opal-icon-search\"><\/i>\n                            <\/div>\n                        <\/a>\n                    <\/div>\n                                        <div class=\"column-item grid__item masonry-item __all gallery_group_0\">\n                        <a data-elementor-open-lightbox=\"no\"                            href=\"https:\/\/demo8.thuythu.com\/anhuygroup\/wp-content\/uploads\/2021\/04\/Hoi-nghi-KH-Trao-GCNQSDD.jpg\">\n                            <img src=\"https:\/\/demo8.thuythu.com\/anhuygroup\/wp-content\/uploads\/2021\/04\/Hoi-nghi-KH-Trao-GCNQSDD-768x539.jpg\"\n                                 alt=\"H\u1ed9i ngh\u1ecb KH - Trao GCNQSD\u0110\"\/>\n                            <div class=\"gallery-item-overlay\">\n                                <i class=\"opal-icon-search\"><\/i>\n                            <\/div>\n                        <\/a>\n                    <\/div>\n                                        <div class=\"column-item grid__item masonry-item __all gallery_group_0\">\n                        <a data-elementor-open-lightbox=\"no\"                            href=\"https:\/\/demo8.thuythu.com\/anhuygroup\/wp-content\/uploads\/2021\/04\/Hoi-nghi-KH.jpg\">\n                            <img src=\"https:\/\/demo8.thuythu.com\/anhuygroup\/wp-content\/uploads\/2021\/04\/Hoi-nghi-KH-768x535.jpg\"\n                                 alt=\"H\u1ed9i ngh\u1ecb KH\"\/>\n                            <div class=\"gallery-item-overlay\">\n                                <i class=\"opal-icon-search\"><\/i>\n                            <\/div>\n                        <\/a>\n                    <\/div>\n                                        <div class=\"column-item grid__item masonry-item __all gallery_group_0\">\n                        <a data-elementor-open-lightbox=\"no\"                            href=\"https:\/\/demo8.thuythu.com\/anhuygroup\/wp-content\/uploads\/2021\/04\/Hoi-nghi-mo-ban-anh-1.jpg\">\n                            <img src=\"https:\/\/demo8.thuythu.com\/anhuygroup\/wp-content\/uploads\/2021\/04\/Hoi-nghi-mo-ban-anh-1.jpg\"\n                                 alt=\"H\u1ed9i ngh\u1ecb m\u1edf b\u00e1n - \u1ea3nh 1\"\/>\n                            <div class=\"gallery-item-overlay\">\n                                <i class=\"opal-icon-search\"><\/i>\n                            <\/div>\n                        <\/a>\n                    <\/div>\n                                        <div class=\"column-item grid__item masonry-item __all gallery_group_0\">\n                        <a data-elementor-open-lightbox=\"no\"                            href=\"https:\/\/demo8.thuythu.com\/anhuygroup\/wp-content\/uploads\/2021\/04\/Hoi-nghi-mo-ban-anh-2.jpg\">\n                            <img src=\"https:\/\/demo8.thuythu.com\/anhuygroup\/wp-content\/uploads\/2021\/04\/Hoi-nghi-mo-ban-anh-2-768x512.jpg\"\n                                 alt=\"H\u1ed9i ngh\u1ecb m\u1edf b\u00e1n - \u1ea3nh 2\"\/>\n                            <div class=\"gallery-item-overlay\">\n                                <i class=\"opal-icon-search\"><\/i>\n                            <\/div>\n                        <\/a>\n                    <\/div>\n                                        <div class=\"column-item grid__item masonry-item __all gallery_group_0\">\n                        <a data-elementor-open-lightbox=\"no\"                            href=\"https:\/\/demo8.thuythu.com\/anhuygroup\/wp-content\/uploads\/2021\/04\/Hoi-nghi-mo-ban-anh-3.jpg\">\n                            <img src=\"https:\/\/demo8.thuythu.com\/anhuygroup\/wp-content\/uploads\/2021\/04\/Hoi-nghi-mo-ban-anh-3.jpg\"\n                                 alt=\"H\u1ed9i ngh\u1ecb m\u1edf b\u00e1n - \u1ea3nh 3\"\/>\n                            <div class=\"gallery-item-overlay\">\n                                <i class=\"opal-icon-search\"><\/i>\n                            <\/div>\n                        <\/a>\n                    <\/div>\n                                        <div class=\"column-item grid__item masonry-item __all gallery_group_0\">\n                        <a data-elementor-open-lightbox=\"no\"                            href=\"https:\/\/demo8.thuythu.com\/anhuygroup\/wp-content\/uploads\/2021\/04\/Hoi-nghi-mo-ban-anh-4.jpg\">\n                            <img src=\"https:\/\/demo8.thuythu.com\/anhuygroup\/wp-content\/uploads\/2021\/04\/Hoi-nghi-mo-ban-anh-4.jpg\"\n                                 alt=\"H\u1ed9i ngh\u1ecb m\u1edf b\u00e1n - \u1ea3nh 4\"\/>\n                            <div class=\"gallery-item-overlay\">\n                                <i class=\"opal-icon-search\"><\/i>\n                            <\/div>\n                        <\/a>\n                    <\/div>\n                                        <div class=\"column-item grid__item masonry-item __all gallery_group_0\">\n                        <a data-elementor-open-lightbox=\"no\"                            href=\"https:\/\/demo8.thuythu.com\/anhuygroup\/wp-content\/uploads\/2021\/04\/Hoi-nghi-mo-ban-2017.jpg\">\n                            <img src=\"https:\/\/demo8.thuythu.com\/anhuygroup\/wp-content\/uploads\/2021\/04\/Hoi-nghi-mo-ban-2017.jpg\"\n                                 alt=\"H\u1ed9i ngh\u1ecb m\u1edf b\u00e1n 2017\"\/>\n                            <div class=\"gallery-item-overlay\">\n                                <i class=\"opal-icon-search\"><\/i>\n                            <\/div>\n                        <\/a>\n                    <\/div>\n                                        <div class=\"column-item grid__item masonry-item __all gallery_group_0\">\n                        <a data-elementor-open-lightbox=\"no\"                            href=\"https:\/\/demo8.thuythu.com\/anhuygroup\/wp-content\/uploads\/2021\/04\/Le-chua-dau-nam-2020.jpg\">\n                            <img src=\"https:\/\/demo8.thuythu.com\/anhuygroup\/wp-content\/uploads\/2021\/04\/Le-chua-dau-nam-2020-768x665.jpg\"\n                                 alt=\"L\u1ec5 ch\u00f9a \u0111\u1ea7u n\u0103m 2020\"\/>\n                            <div class=\"gallery-item-overlay\">\n                                <i class=\"opal-icon-search\"><\/i>\n                            <\/div>\n                        <\/a>\n                    <\/div>\n                                        <div class=\"column-item grid__item masonry-item __all gallery_group_0\">\n                        <a data-elementor-open-lightbox=\"no\"                            href=\"https:\/\/demo8.thuythu.com\/anhuygroup\/wp-content\/uploads\/2021\/04\/Quy-KH-Tan-Yen-1.jpg\">\n                            <img src=\"https:\/\/demo8.thuythu.com\/anhuygroup\/wp-content\/uploads\/2021\/04\/Quy-KH-Tan-Yen-1-768x576.jpg\"\n                                 alt=\"Qu\u1ef9 KH T\u00e2n Y\u00ean 1\"\/>\n                            <div class=\"gallery-item-overlay\">\n                                <i class=\"opal-icon-search\"><\/i>\n                            <\/div>\n                        <\/a>\n                    <\/div>\n                                        <div class=\"column-item grid__item masonry-item __all gallery_group_0\">\n                        <a data-elementor-open-lightbox=\"no\"                            href=\"https:\/\/demo8.thuythu.com\/anhuygroup\/wp-content\/uploads\/2021\/04\/Quy-KH-Tu-Son.jpg\">\n                            <img src=\"https:\/\/demo8.thuythu.com\/anhuygroup\/wp-content\/uploads\/2021\/04\/Quy-KH-Tu-Son-768x788.jpg\"\n                                 alt=\"Qu\u1ef9 KH T\u1eeb S\u01a1n\"\/>\n                            <div class=\"gallery-item-overlay\">\n                                <i class=\"opal-icon-search\"><\/i>\n                            <\/div>\n                        <\/a>\n                    <\/div>\n                                        <div class=\"column-item grid__item masonry-item __all gallery_group_0\">\n                        <a data-elementor-open-lightbox=\"no\"                            href=\"https:\/\/demo8.thuythu.com\/anhuygroup\/wp-content\/uploads\/2021\/04\/Quy-KM-phu-khe.jpg\">\n                            <img src=\"https:\/\/demo8.thuythu.com\/anhuygroup\/wp-content\/uploads\/2021\/04\/Quy-KM-phu-khe-768x576.jpg\"\n                                 alt=\"Qu\u1ef9 KM ph\u00f9 kh\u00ea\"\/>\n                            <div class=\"gallery-item-overlay\">\n                                <i class=\"opal-icon-search\"><\/i>\n                            <\/div>\n                        <\/a>\n                    <\/div>\n                                        <div class=\"column-item grid__item masonry-item __all gallery_group_0\">\n                        <a data-elementor-open-lightbox=\"no\"                            href=\"https:\/\/demo8.thuythu.com\/anhuygroup\/wp-content\/uploads\/2021\/04\/UH-ng-ngheo.jpg\">\n                            <img src=\"https:\/\/demo8.thuythu.com\/anhuygroup\/wp-content\/uploads\/2021\/04\/UH-ng-ngheo-768x576.jpg\"\n                                 alt=\"UH ng ngh\u00e8o\"\/>\n                            <div class=\"gallery-item-overlay\">\n                                <i class=\"opal-icon-search\"><\/i>\n                            <\/div>\n                        <\/a>\n                    <\/div>\n                                        <div class=\"column-item grid__item masonry-item __all gallery_group_0\">\n                        <a data-elementor-open-lightbox=\"no\"                            href=\"https:\/\/demo8.thuythu.com\/anhuygroup\/wp-content\/uploads\/2021\/04\/Ung-ho-gia-dinh-co-hoan-canh-kho-khan-huyen-Tan-yen.jpg\">\n                            <img src=\"https:\/\/demo8.thuythu.com\/anhuygroup\/wp-content\/uploads\/2021\/04\/Ung-ho-gia-dinh-co-hoan-canh-kho-khan-huyen-Tan-yen-768x576.jpg\"\n                                 alt=\"\u1ee6ng h\u1ed9 gia \u0111\u00ecnh c\u00f3 ho\u00e0n c\u1ea3nh kh\u00f3 kh\u0103n huy\u1ec7n T\u00e2n y\u00ean\"\/>\n                            <div class=\"gallery-item-overlay\">\n                                <i class=\"opal-icon-search\"><\/i>\n                            <\/div>\n                        <\/a>\n                    <\/div>\n                                        <div class=\"column-item grid__item masonry-item __all gallery_group_0\">\n                        <a data-elementor-open-lightbox=\"no\"                            href=\"https:\/\/demo8.thuythu.com\/anhuygroup\/wp-content\/uploads\/2021\/04\/Ung-ho-ng-ngheo.jpg\">\n                            <img src=\"https:\/\/demo8.thuythu.com\/anhuygroup\/wp-content\/uploads\/2021\/04\/Ung-ho-ng-ngheo-768x1028.jpg\"\n                                 alt=\"\u1ee6ng h\u1ed9 ng ngh\u00e8o\"\/>\n                            <div class=\"gallery-item-overlay\">\n                                <i class=\"opal-icon-search\"><\/i>\n                            <\/div>\n                        <\/a>\n                    <\/div>\n                                        <div class=\"column-item grid__item masonry-item __all gallery_group_0\">\n                        <a data-elementor-open-lightbox=\"no\"                            href=\"https:\/\/demo8.thuythu.com\/anhuygroup\/wp-content\/uploads\/2021\/04\/Ung-ho-nguoi-ngheo-huyen-Tan-Yen-1.jpg\">\n                            <img src=\"https:\/\/demo8.thuythu.com\/anhuygroup\/wp-content\/uploads\/2021\/04\/Ung-ho-nguoi-ngheo-huyen-Tan-Yen-1-768x576.jpg\"\n                                 alt=\"\u1ee6ng h\u1ed9 ng\u01b0\u1eddi ngh\u00e8o huy\u1ec7n T\u00e2n Y\u00ean 1\"\/>\n                            <div class=\"gallery-item-overlay\">\n                                <i class=\"opal-icon-search\"><\/i>\n                            <\/div>\n                        <\/a>\n                    <\/div>\n                                        <div class=\"column-item grid__item masonry-item __all gallery_group_0\">\n                        <a data-elementor-open-lightbox=\"no\"                            href=\"https:\/\/demo8.thuythu.com\/anhuygroup\/wp-content\/uploads\/2021\/04\/z2370127130179_79d59943f684f88c19c2be50622d9306.jpg\">\n                            <img src=\"https:\/\/demo8.thuythu.com\/anhuygroup\/wp-content\/uploads\/2021\/04\/z2370127130179_79d59943f684f88c19c2be50622d9306-768x1231.jpg\"\n                                 alt=\"z2370127130179_79d59943f684f88c19c2be50622d9306\"\/>\n                            <div class=\"gallery-item-overlay\">\n                                <i class=\"opal-icon-search\"><\/i>\n                            <\/div>\n                        <\/a>\n                    <\/div>\n                                        <div class=\"column-item grid__item masonry-item __all gallery_group_0\">\n                        <a data-elementor-open-lightbox=\"no\"                            href=\"https:\/\/demo8.thuythu.com\/anhuygroup\/wp-content\/uploads\/2021\/04\/z2387395422098_4263088e80e21a3df3a1f806ec3e1643.jpg\">\n                            <img src=\"https:\/\/demo8.thuythu.com\/anhuygroup\/wp-content\/uploads\/2021\/04\/z2387395422098_4263088e80e21a3df3a1f806ec3e1643-768x512.jpg\"\n                                 alt=\"z2387395422098_4263088e80e21a3df3a1f806ec3e1643\"\/>\n                            <div class=\"gallery-item-overlay\">\n                                <i class=\"opal-icon-search\"><\/i>\n                            <\/div>\n                        <\/a>\n                    <\/div>\n                                        <div class=\"column-item grid__item masonry-item __all gallery_group_0\">\n                        <a data-elementor-open-lightbox=\"no\"                            href=\"https:\/\/demo8.thuythu.com\/anhuygroup\/wp-content\/uploads\/2021\/04\/z2387988991455_5868243e3c9db788b604d922d8b60e2a.jpg\">\n                            <img src=\"https:\/\/demo8.thuythu.com\/anhuygroup\/wp-content\/uploads\/2021\/04\/z2387988991455_5868243e3c9db788b604d922d8b60e2a-768x1025.jpg\"\n                                 alt=\"z2387988991455_5868243e3c9db788b604d922d8b60e2a\"\/>\n                            <div class=\"gallery-item-overlay\">\n                                <i class=\"opal-icon-search\"><\/i>\n                            <\/div>\n                        <\/a>\n                    <\/div>\n                                        <div class=\"column-item grid__item masonry-item __all gallery_group_0\">\n                        <a data-elementor-open-lightbox=\"no\"                            href=\"https:\/\/demo8.thuythu.com\/anhuygroup\/wp-content\/uploads\/2021\/04\/z2388895628391_6cf39550465b10e26459ff16f0ad1e7b.jpg\">\n                            <img src=\"https:\/\/demo8.thuythu.com\/anhuygroup\/wp-content\/uploads\/2021\/04\/z2388895628391_6cf39550465b10e26459ff16f0ad1e7b-768x576.jpg\"\n                                 alt=\"z2388895628391_6cf39550465b10e26459ff16f0ad1e7b\"\/>\n                            <div class=\"gallery-item-overlay\">\n                                <i class=\"opal-icon-search\"><\/i>\n                            <\/div>\n                        <\/a>\n                    <\/div>\n                                <\/div>\n        <\/div>\n        \t\t<\/div>\n\t\t\t\t<\/div>\n\t\t\t\t\t\t<\/div>\n\t\t\t<\/div>\n\t\t<\/div>\n\t\t\t\t\t\t<\/div>\n\t\t\t<\/div>\n\t\t<\/section>\n\t\t\t\t\t\t<\/div>\n\t\t\t<\/div>\n\t\t<\/div>\n\t\t","protected":false},"excerpt":{"rendered":"<p>AnhuyGroup H\u00ecnh \u1ea3nh s\u1ef1 ki\u1ec7n<\/p>\n","protected":false},"author":1,"featured_media":0,"parent":0,"menu_order":0,"comment_status":"closed","ping_status":"closed","template":"page-elementor.php","meta":[],"_links":{"self":[{"href":"https:\/\/demo8.thuythu.com\/anhuygroup\/wp-json\/wp\/v2\/pages\/2392"}],"collection":[{"href":"https:\/\/demo8.thuythu.com\/anhuygroup\/wp-json\/wp\/v2\/pages"}],"about":[{"href":"https:\/\/demo8.thuythu.com\/anhuygroup\/wp-json\/wp\/v2\/types\/page"}],"author":[{"embeddable":true,"href":"https:\/\/demo8.thuythu.com\/anhuygroup\/wp-json\/wp\/v2\/users\/1"}],"replies":[{"embeddable":true,"href":"https:\/\/demo8.thuythu.com\/anhuygroup\/wp-json\/wp\/v2\/comments?post=2392"}],"version-history":[{"count":11,"href":"https:\/\/demo8.thuythu.com\/anhuygroup\/wp-json\/wp\/v2\/pages\/2392\/revisions"}],"predecessor-version":[{"id":4536,"href":"https:\/\/demo8.thuythu.com\/anhuygroup\/wp-json\/wp\/v2\/pages\/2392\/revisions\/4536"}],"wp:attachment":[{"href":"https:\/\/demo8.thuythu.com\/anhuygroup\/wp-json\/wp\/v2\/media?parent=2392"}],"curies":[{"name":"wp","href":"https:\/\/api.w.org\/{rel}","templated":true}]}}