{"id":2397,"date":"2019-10-23T08:23:39","date_gmt":"2019-10-23T08:23:39","guid":{"rendered":"http:\/\/rehome.local\/contact-us\/"},"modified":"2021-04-07T00:21:43","modified_gmt":"2021-04-06T17:21:43","slug":"lien-he","status":"publish","type":"page","link":"https:\/\/demo8.thuythu.com\/anhuygroup\/lien-he\/","title":{"rendered":"Li\u00ean h\u1ec7"},"content":{"rendered":"\t\t<div data-elementor-type=\"wp-page\" data-elementor-id=\"2397\" class=\"elementor elementor-2397 elementor-341\" data-elementor-settings=\"[]\">\n\t\t\t<div class=\"elementor-inner\">\n\t\t\t\t<div class=\"elementor-section-wrap\">\n\t\t\t\t\t\t\t<section class=\"elementor-element elementor-element-2fc9969 elementor-section-boxed elementor-section-height-default elementor-section-height-default elementor-section elementor-top-section\" data-id=\"2fc9969\" data-element_type=\"section\">\n\t\t\t\t\t\t<div class=\"elementor-container elementor-column-gap-no\">\n\t\t\t\t<div class=\"elementor-row\">\n\t\t\t\t<div class=\"elementor-element elementor-element-6a0d2ef elementor-column elementor-col-50 elementor-top-column\" data-id=\"6a0d2ef\" data-element_type=\"column\">\n\t\t\t<div class=\"elementor-column-wrap  elementor-element-populated\">\n\t\t\t\t\t<div class=\"elementor-widget-wrap\">\n\t\t\t\t<div class=\"elementor-element elementor-element-cce7dd1 animated-fast elementor-invisible elementor-widget elementor-widget-heading\" data-id=\"cce7dd1\" data-element_type=\"widget\" data-settings=\"{&quot;_animation&quot;:&quot;opal-move-up&quot;}\" data-widget_type=\"heading.default\">\n\t\t\t\t<div class=\"elementor-widget-container\">\n\t\t\t<div class=\"elementor-heading-wrapper\" ><span class=\"sub-title\">Li\u00ean h\u1ec7 ch\u00fang t\u00f4i<\/span><div class=\"elementor-heading-wrapper-inner\"><h2 class=\"elementor-heading-title elementor-size-default\">Li\u00ean h\u1ec7 v\u1edbi An Huy t\u1ea1i tr\u1ee5 s\u1edf ch\u00ednh ho\u1eb7c<br>\nc\u00e1c v\u0103n ph\u00f2ng chi nh\u00e1nh\n<\/h2><\/div><\/div>\t\t<\/div>\n\t\t\t\t<\/div>\n\t\t\t\t<div class=\"elementor-element elementor-element-95665a6 animated-fast elementor-invisible elementor-widget elementor-widget-heading\" data-id=\"95665a6\" data-element_type=\"widget\" data-settings=\"{&quot;_animation&quot;:&quot;opal-move-up&quot;}\" data-widget_type=\"heading.default\">\n\t\t\t\t<div class=\"elementor-widget-container\">\n\t\t\t<div class=\"elementor-heading-wrapper\" ><div class=\"elementor-heading-wrapper-inner\"><h2 class=\"elementor-heading-title elementor-size-default\">Tr\u1ee5 S\u1edf Ch\u00ednh<\/h2><\/div><\/div>\t\t<\/div>\n\t\t\t\t<\/div>\n\t\t\t\t<div class=\"elementor-element elementor-element-8a50b9a animated-fast icon-list-style1 elementor-invisible elementor-widget elementor-widget-icon-list\" data-id=\"8a50b9a\" data-element_type=\"widget\" data-settings=\"{&quot;_animation&quot;:&quot;opal-move-up&quot;}\" data-widget_type=\"icon-list.default\">\n\t\t\t\t<div class=\"elementor-widget-container\">\n\t\t\t        <ul class=\"elementor-icon-list-items\">\n                            <li class=\"elementor-icon-list-item\" >\n                                            <span class=\"elementor-icon-list-icon\">\n\t\t\t\t\t\t\t<i class=\"fa fa-map-o\" aria-hidden=\"true\"><\/i>\n\t\t\t\t\t\t<\/span>\n                                        <span class=\"elementor-icon-list-text\">232\/5 C\u1ed9ng H\u00f2a, P.12, Q.T\u00e2n B\u00ecnh, TP.HCM<\/span>\n                                    <\/li>\n                            <li class=\"elementor-icon-list-item\" >\n                                            <span class=\"elementor-icon-list-icon\">\n\t\t\t\t\t\t\t<i class=\"fa fa-envelope-o\" aria-hidden=\"true\"><\/i>\n\t\t\t\t\t\t<\/span>\n                                        <span class=\"elementor-icon-list-text\">charlie.do@demo8.thuythu.com<\/span>\n                                    <\/li>\n                            <li class=\"elementor-icon-list-item\" >\n                                            <span class=\"elementor-icon-list-icon\">\n\t\t\t\t\t\t\t<i class=\"fa fa-phone\" aria-hidden=\"true\"><\/i>\n\t\t\t\t\t\t<\/span>\n                                        <span class=\"elementor-icon-list-text\">+8490 3333 694<\/span>\n                                    <\/li>\n                            <li class=\"elementor-icon-list-item\" >\n                                            <span class=\"elementor-icon-list-icon\">\n\t\t\t\t\t\t\t<i class=\"fa fa-clock-o\" aria-hidden=\"true\"><\/i>\n\t\t\t\t\t\t<\/span>\n                                        <span class=\"elementor-icon-list-text\">Monday to Friday: 9.00am to 17.00pm<\/span>\n                                    <\/li>\n                    <\/ul>\n        \t\t<\/div>\n\t\t\t\t<\/div>\n\t\t\t\t\t\t<\/div>\n\t\t\t<\/div>\n\t\t<\/div>\n\t\t\t\t<div class=\"elementor-element elementor-element-ebdf4de elementor-column elementor-col-50 elementor-top-column\" data-id=\"ebdf4de\" data-element_type=\"column\">\n\t\t\t<div class=\"elementor-column-wrap  elementor-element-populated\">\n\t\t\t\t\t<div class=\"elementor-widget-wrap\">\n\t\t\t\t<div class=\"elementor-element elementor-element-59c0f27 animated-fast elementor-invisible elementor-widget elementor-widget-opal-image-hotspots\" data-id=\"59c0f27\" data-element_type=\"widget\" data-settings=\"{&quot;_animation&quot;:&quot;opal-move-up&quot;,&quot;_animation_delay&quot;:150}\" data-widget_type=\"opal-image-hotspots.default\">\n\t\t\t\t<div class=\"elementor-widget-container\">\n\t\t\t                <div id=\"opal-image-hotspots-59c0f27\"\n             class=\"opal-image-hotspots-container\"\n             data-settings='{\"anim\":\"fade\",\"animDur\":350,\"delay\":10,\"arrow\":true,\"distance\":6,\"minWidth\":0,\"maxWidth\":\"null\",\"side\":[\"top\",\"bottom\"],\"hideMobiles\":false,\"trigger\":\"hover\",\"id\":\"59c0f27\"}'>\n            <img class=\"opal-addons-image-hotspots-ib-img\" alt=\"Background\" src=\"https:\/\/demo8.thuythu.com\/anhuygroup\/wp-content\/uploads\/2019\/10\/bg_contact.png\">\n                            <div class=\"opal-image-hotspots-anim opal-image-hotspots-main-icons elementor-repeater-item-0b7d765 tooltip-wrapper opal-image-hotspots-main-icons-0b7d765\" data-tab=\"#elementor-tab-title-0b7d765\"                        data-tooltip-content=\"#tooltip_content\">\n                                            <i class=\"opal-image-hotspots-icon\"><\/i>\n                                        <div class=\"opal-image-hotspots-tooltips-wrapper\">\n                        <div id=\"tooltip_content\"\n                             class=\"opal-image-hotspots-tooltips-text opal-image-hotspots-tooltips-text-59c0f27\"><p>Bangkok, Thailand<\/p><\/div>\n                    <\/div>\n                <\/div>\n                            <div class=\"opal-image-hotspots-anim opal-image-hotspots-main-icons elementor-repeater-item-9ea32c4 tooltip-wrapper opal-image-hotspots-main-icons-9ea32c4\" data-tab=\"#elementor-tab-title-9ea32c4\"                        data-tooltip-content=\"#tooltip_content\">\n                                            <i class=\"opal-image-hotspots-icon\"><\/i>\n                                        <div class=\"opal-image-hotspots-tooltips-wrapper\">\n                        <div id=\"tooltip_content\"\n                             class=\"opal-image-hotspots-tooltips-text opal-image-hotspots-tooltips-text-59c0f27\"><p>Budapest, Hungary<\/p><\/div>\n                    <\/div>\n                <\/div>\n                            <div class=\"opal-image-hotspots-anim opal-image-hotspots-main-icons elementor-repeater-item-7771d86 tooltip-wrapper opal-image-hotspots-main-icons-7771d86\" data-tab=\"#elementor-tab-title-7771d86\"                        data-tooltip-content=\"#tooltip_content\">\n                                            <i class=\"opal-image-hotspots-icon\"><\/i>\n                                        <div class=\"opal-image-hotspots-tooltips-wrapper\">\n                        <div id=\"tooltip_content\"\n                             class=\"opal-image-hotspots-tooltips-text opal-image-hotspots-tooltips-text-59c0f27\"><p>Jakarta, Indonesia<\/p><\/div>\n                    <\/div>\n                <\/div>\n                            <div class=\"opal-image-hotspots-anim opal-image-hotspots-main-icons elementor-repeater-item-99b704e tooltip-wrapper opal-image-hotspots-main-icons-99b704e\" data-tab=\"#elementor-tab-title-99b704e\"                        data-tooltip-content=\"#tooltip_content\">\n                                            <i class=\"opal-image-hotspots-icon\"><\/i>\n                                        <div class=\"opal-image-hotspots-tooltips-wrapper\">\n                        <div id=\"tooltip_content\"\n                             class=\"opal-image-hotspots-tooltips-text opal-image-hotspots-tooltips-text-59c0f27\"><p>Dubrovnik, Croatia<\/p><\/div>\n                    <\/div>\n                <\/div>\n                            <div class=\"opal-image-hotspots-anim opal-image-hotspots-main-icons elementor-repeater-item-5e1e7f6 tooltip-wrapper opal-image-hotspots-main-icons-5e1e7f6\" data-tab=\"#elementor-tab-title-5e1e7f6\"                        data-tooltip-content=\"#tooltip_content\">\n                                            <i class=\"opal-image-hotspots-icon\"><\/i>\n                                        <div class=\"opal-image-hotspots-tooltips-wrapper\">\n                        <div id=\"tooltip_content\"\n                             class=\"opal-image-hotspots-tooltips-text opal-image-hotspots-tooltips-text-59c0f27\"><p>Riga, Latvia<\/p><\/div>\n                    <\/div>\n                <\/div>\n                            <div class=\"opal-image-hotspots-anim opal-image-hotspots-main-icons elementor-repeater-item-16fad7a tooltip-wrapper opal-image-hotspots-main-icons-16fad7a\" data-tab=\"#elementor-tab-title-16fad7a\"                        data-tooltip-content=\"#tooltip_content\">\n                                            <i class=\"opal-image-hotspots-icon\"><\/i>\n                                        <div class=\"opal-image-hotspots-tooltips-wrapper\">\n                        <div id=\"tooltip_content\"\n                             class=\"opal-image-hotspots-tooltips-text opal-image-hotspots-tooltips-text-59c0f27\"><p>Singapore, Singapore<\/p><\/div>\n                    <\/div>\n                <\/div>\n                    <\/div>\n\n        \t\t<\/div>\n\t\t\t\t<\/div>\n\t\t\t\t\t\t<\/div>\n\t\t\t<\/div>\n\t\t<\/div>\n\t\t\t\t\t\t<\/div>\n\t\t\t<\/div>\n\t\t<\/section>\n\t\t\t\t<section class=\"elementor-element elementor-element-257a3c3 elementor-section-boxed elementor-section-height-default elementor-section-height-default elementor-section elementor-top-section\" data-id=\"257a3c3\" data-element_type=\"section\">\n\t\t\t\t\t\t<div class=\"elementor-container elementor-column-gap-no\">\n\t\t\t\t<div class=\"elementor-row\">\n\t\t\t\t<div class=\"elementor-element elementor-element-1d6f08b elementor-column elementor-col-50 elementor-top-column\" data-id=\"1d6f08b\" data-element_type=\"column\">\n\t\t\t<div class=\"elementor-column-wrap  elementor-element-populated\">\n\t\t\t\t\t<div class=\"elementor-widget-wrap\">\n\t\t\t\t<div class=\"elementor-element elementor-element-2014ac3 animated-fast elementor-invisible elementor-widget elementor-widget-heading\" data-id=\"2014ac3\" data-element_type=\"widget\" data-settings=\"{&quot;_animation&quot;:&quot;opal-move-up&quot;,&quot;_animation_delay&quot;:150}\" data-widget_type=\"heading.default\">\n\t\t\t\t<div class=\"elementor-widget-container\">\n\t\t\t<div class=\"elementor-heading-wrapper\" ><span class=\"sub-title\">H\u00e3y \u0111\u1ec3 l\u1ea1i l\u1eddi nh\u1eafn<\/span><div class=\"elementor-heading-wrapper-inner\"><h2 class=\"elementor-heading-title elementor-size-default\">Ch\u00fang t\u00f4i r\u1ea5t mu\u1ed1n nh\u1eadn \u0111\u01b0\u1ee3c s\u1ef1 quan t\u00e2m c\u1ee7a Qu\u00fd kh\u00e1ch h\u00e0ng<\/h2><\/div><\/div>\t\t<\/div>\n\t\t\t\t<\/div>\n\t\t\t\t<div class=\"elementor-element elementor-element-cc707fe animated-fast elementor-align-left elementor-wpcf7-button-primary elementor-wpcf7-button-md elementor-invisible elementor-widget elementor-widget-opal-contactform7\" data-id=\"cc707fe\" data-element_type=\"widget\" data-settings=\"{&quot;_animation&quot;:&quot;opal-move-up&quot;,&quot;_animation_delay&quot;:250}\" data-widget_type=\"opal-contactform7.default\">\n\t\t\t\t<div class=\"elementor-widget-container\">\n\t\t\t<div role=\"form\" class=\"wpcf7\" id=\"wpcf7-f1052-o1\" lang=\"en-US\" dir=\"ltr\">\n<div class=\"screen-reader-response\"><p role=\"status\" aria-live=\"polite\" aria-atomic=\"true\"><\/p> <ul><\/ul><\/div>\n<form action=\"\/anhuygroup\/wp-json\/wp\/v2\/pages\/2397#wpcf7-f1052-o1\" method=\"post\" class=\"wpcf7-form init\" novalidate=\"novalidate\" data-status=\"init\">\n<div style=\"display: none;\">\n<input type=\"hidden\" name=\"_wpcf7\" value=\"1052\" \/>\n<input type=\"hidden\" name=\"_wpcf7_version\" value=\"5.3.2\" \/>\n<input type=\"hidden\" name=\"_wpcf7_locale\" value=\"en_US\" \/>\n<input type=\"hidden\" name=\"_wpcf7_unit_tag\" value=\"wpcf7-f1052-o1\" \/>\n<input type=\"hidden\" name=\"_wpcf7_container_post\" value=\"0\" \/>\n<input type=\"hidden\" name=\"_wpcf7_posted_data_hash\" value=\"\" \/>\n<\/div>\n<div class=\"row\">\n<div class=\"col-md-12\">\n<div class=\"mb-4\">\n<span class=\"wpcf7-form-control-wrap text-337\"><input type=\"text\" name=\"text-337\" value=\"\" size=\"40\" class=\"wpcf7-form-control wpcf7-text\" id=\"form-name\" aria-invalid=\"false\" placeholder=\"Your Name\" \/><\/span>\n<\/div>\n<div class=\"mb-4\">\n<span class=\"wpcf7-form-control-wrap email-104\"><input type=\"email\" name=\"email-104\" value=\"\" size=\"40\" class=\"wpcf7-form-control wpcf7-text wpcf7-email wpcf7-validates-as-email\" id=\"form-email\" aria-invalid=\"false\" placeholder=\"Email\" \/><\/span>\n<\/div>\n<div class=\"mb-4\">\n<span class=\"wpcf7-form-control-wrap text-338\"><input type=\"text\" name=\"text-338\" value=\"\" size=\"40\" class=\"wpcf7-form-control wpcf7-text\" id=\"form-subject\" aria-invalid=\"false\" placeholder=\"Subject\" \/><\/span>\n<\/div>\n<div class=\"mb-4\">\n<span class=\"wpcf7-form-control-wrap textarea-339\"><textarea name=\"textarea-339\" cols=\"40\" rows=\"3\" class=\"wpcf7-form-control wpcf7-textarea form-control\" id=\"textarea\" aria-invalid=\"false\" placeholder=\"Message\"><\/textarea><\/span>\n<\/div>\n<\/div>\n<\/div>\n<p><button class=\"btn btn-default btn-sm\" type=\"submit\" value=\"Submit\"><span>Submit<\/span><i class=\"opal-icon-arrow-right\" aria-hidden=\"true\"><\/i><\/button><\/p>\n<p style=\"display: none !important;\"><label>&#916;<textarea name=\"_wpcf7_ak_hp_textarea\" cols=\"45\" rows=\"8\" maxlength=\"100\"><\/textarea><\/label><input type=\"hidden\" id=\"ak_js\" name=\"_wpcf7_ak_js\" value=\"246\"\/><script>document.getElementById( \"ak_js\" ).setAttribute( \"value\", ( new Date() ).getTime() );<\/script><\/p><div class=\"wpcf7-response-output\" aria-hidden=\"true\"><\/div><\/form><\/div>\t\t<\/div>\n\t\t\t\t<\/div>\n\t\t\t\t\t\t<\/div>\n\t\t\t<\/div>\n\t\t<\/div>\n\t\t\t\t<div class=\"elementor-element elementor-element-241fdf9 animated-fast elementor-invisible elementor-column elementor-col-50 elementor-top-column\" data-id=\"241fdf9\" data-element_type=\"column\" data-settings=\"{&quot;animation&quot;:&quot;opal-move-up&quot;}\">\n\t\t\t<div class=\"elementor-column-wrap  elementor-element-populated\">\n\t\t\t\t\t<div class=\"elementor-widget-wrap\">\n\t\t\t\t<div class=\"elementor-element elementor-element-79d5432 elementor-position-left animated-fast elementor-vertical-align-top elementor-invisible elementor-widget elementor-widget-image-box\" data-id=\"79d5432\" data-element_type=\"widget\" data-settings=\"{&quot;_animation&quot;:&quot;opal-move-up&quot;}\" data-widget_type=\"image-box.default\">\n\t\t\t\t<div class=\"elementor-widget-container\">\n\t\t\t<div class=\"elementor-image-box-wrapper elementor-button-\"><div class=\"elementor-image-framed\"><figure class=\"elementor-image-box-img\"><img src=\"https:\/\/demo8.thuythu.com\/anhuygroup\/wp-content\/uploads\/elementor\/thumbs\/about-leader-3-p1h5hqj6snha38lhxic2q5yn711f7qaspqqlqctycs.jpg\" title=\"about-leader-3\" alt=\"about-leader-3\" \/><\/figure><\/div><div class=\"elementor-image-box-content\"><h3 class=\"elementor-image-box-title\">Tr\u1ea7n V\u0103n B\u1ea7u<\/h3><p class=\"elementor-image-box-description\">Gi\u00e1m \u0110\u1ed1c T\u1ed5 Ch\u1ee9c H\u00e0nh Ch\u00ednh<br>\nS\u0110T: + 84903654188<br>\nEmail: bau.tran@demo8.thuythu.com<\/p><\/div><\/div>\t\t<\/div>\n\t\t\t\t<\/div>\n\t\t\t\t<div class=\"elementor-element elementor-element-c835652 elementor-position-left animated-fast elementor-vertical-align-top elementor-invisible elementor-widget elementor-widget-image-box\" data-id=\"c835652\" data-element_type=\"widget\" data-settings=\"{&quot;_animation&quot;:&quot;opal-move-up&quot;}\" data-widget_type=\"image-box.default\">\n\t\t\t\t<div class=\"elementor-widget-container\">\n\t\t\t<div class=\"elementor-image-box-wrapper elementor-button-\"><div class=\"elementor-image-framed\"><figure class=\"elementor-image-box-img\"><img src=\"https:\/\/demo8.thuythu.com\/anhuygroup\/wp-content\/uploads\/elementor\/thumbs\/about-leader-5-p1h5hsev6bjuqgirmj5bv5hkdss5n4i9e01kowr60c.jpg\" title=\"about-leader-5\" alt=\"about-leader-5\" \/><\/figure><\/div><div class=\"elementor-image-box-content\"><h3 class=\"elementor-image-box-title\">\u0110\u1ed7 Nguy\u1ec5n Huy Ho\u00e0ng<\/h3><p class=\"elementor-image-box-description\">Gi\u00e1m \u0110\u1ed1c \u0110\u1ed1i Ngo\u1ea1i Qu\u1ef9 \u0110\u1ea7u T\u01b0<br>\nS\u0110T: + 84903333694<br>\nEmail: charlie.do@demo8.thuythu.com<\/p><\/div><\/div>\t\t<\/div>\n\t\t\t\t<\/div>\n\t\t\t\t<div class=\"elementor-element elementor-element-d700a0c elementor-position-left animated-fast elementor-vertical-align-top elementor-invisible elementor-widget elementor-widget-image-box\" data-id=\"d700a0c\" data-element_type=\"widget\" data-settings=\"{&quot;_animation&quot;:&quot;opal-move-up&quot;}\" data-widget_type=\"image-box.default\">\n\t\t\t\t<div class=\"elementor-widget-container\">\n\t\t\t<div class=\"elementor-image-box-wrapper elementor-button-\"><div class=\"elementor-image-framed\"><figure class=\"elementor-image-box-img\"><img src=\"https:\/\/demo8.thuythu.com\/anhuygroup\/wp-content\/uploads\/elementor\/thumbs\/about-leader-4-p1h5hsev6bjuqgirmj5bv5hkdss5n4i9e01kowr60c.jpg\" title=\"about-leader-4\" alt=\"about-leader-4\" \/><\/figure><\/div><div class=\"elementor-image-box-content\"><h3 class=\"elementor-image-box-title\">Tr\u1ea7n S\u00e1u<\/h3><p class=\"elementor-image-box-description\">Gi\u00e1m \u0110\u1ed1c T\u00e0i Ch\u00ednh<br>\nS\u0110T: + 84907335055<br>\nEmail: sau.tran@demo8.thuythu.com<\/p><\/div><\/div>\t\t<\/div>\n\t\t\t\t<\/div>\n\t\t\t\t\t\t<\/div>\n\t\t\t<\/div>\n\t\t<\/div>\n\t\t\t\t\t\t<\/div>\n\t\t\t<\/div>\n\t\t<\/section>\n\t\t\t\t\t\t<\/div>\n\t\t\t<\/div>\n\t\t<\/div>\n\t\t","protected":false},"excerpt":{"rendered":"<p>Li\u00ean h\u1ec7 ch\u00fang t\u00f4i Li\u00ean h\u1ec7 v\u1edbi An Huy t\u1ea1i tr\u1ee5 s\u1edf ch\u00ednh ho\u1eb7c c\u00e1c v\u0103n ph\u00f2ng chi nh\u00e1nh Tr\u1ee5 S\u1edf Ch\u00ednh 232\/5 C\u1ed9ng H\u00f2a, P.12, Q.T\u00e2n B\u00ecnh, TP.HCM charlie.do@demo8.thuythu.com +8490 3333 694 Monday to Friday: 9.00am to 17.00pm Bangkok, Thailand Budapest, Hungary Jakarta, Indonesia Dubrovnik, Croatia Riga, Latvia Singapore, Singapore H\u00e3y \u0111\u1ec3 l\u1ea1i l\u1eddi &hellip; <\/p>\n<p class=\"link-more\"><a href=\"https:\/\/demo8.thuythu.com\/anhuygroup\/lien-he\/\" class=\"more-link\">Read More <span class=\"screen-reader-text\"> &#8220;Li\u00ean h\u1ec7&#8221;<\/span><\/a><\/p>\n","protected":false},"author":1,"featured_media":0,"parent":0,"menu_order":0,"comment_status":"closed","ping_status":"closed","template":"page-elementor.php","meta":[],"_links":{"self":[{"href":"https:\/\/demo8.thuythu.com\/anhuygroup\/wp-json\/wp\/v2\/pages\/2397"}],"collection":[{"href":"https:\/\/demo8.thuythu.com\/anhuygroup\/wp-json\/wp\/v2\/pages"}],"about":[{"href":"https:\/\/demo8.thuythu.com\/anhuygroup\/wp-json\/wp\/v2\/types\/page"}],"author":[{"embeddable":true,"href":"https:\/\/demo8.thuythu.com\/anhuygroup\/wp-json\/wp\/v2\/users\/1"}],"replies":[{"embeddable":true,"href":"https:\/\/demo8.thuythu.com\/anhuygroup\/wp-json\/wp\/v2\/comments?post=2397"}],"version-history":[{"count":11,"href":"https:\/\/demo8.thuythu.com\/anhuygroup\/wp-json\/wp\/v2\/pages\/2397\/revisions"}],"predecessor-version":[{"id":4414,"href":"https:\/\/demo8.thuythu.com\/anhuygroup\/wp-json\/wp\/v2\/pages\/2397\/revisions\/4414"}],"wp:attachment":[{"href":"https:\/\/demo8.thuythu.com\/anhuygroup\/wp-json\/wp\/v2\/media?parent=2397"}],"curies":[{"name":"wp","href":"https:\/\/api.w.org\/{rel}","templated":true}]}}