{"id":1385,"date":"2022-01-02T10:39:49","date_gmt":"2022-01-02T03:39:49","guid":{"rendered":"https:\/\/demo8.thuythu.com\/annablinds-32\/product\/man-to-ong\/"},"modified":"2023-05-20T14:42:34","modified_gmt":"2023-05-20T07:42:34","slug":"man-to-ong","status":"publish","type":"product","link":"https:\/\/demo8.thuythu.com\/annablinds-32\/en\/san-pham\/man-to-ong\/","title":{"rendered":"M\u00e0n T\u1ed5 Ong"},"content":{"rendered":"<h3><a href=\"https:\/\/demo8.thuythu.com\/annablinds-32\/wp-content\/uploads\/2021\/07\/bang-gia-man-to-ong.pdf\" target=\"_blank\" rel=\"noopener\"><strong>Click xem chi ti\u1ebft b\u1ea3ng gi\u00e1 m\u00e0n T\u1ed5 Ong<\/strong><\/a><\/h3>\n<p><strong><span style=\"color: #ff0000;\">\u00c1p d\u1ee5ng: 17.11.2021<\/span><\/strong><\/p>\n<h3><strong>\u0110\u1eb7c \u0111i\u1ec3m m\u00e0n T\u1ed5 Ong<\/strong><\/h3>\n<p>M\u00e0n\/R\u00e8m T\u1ed5 Ong, t\u00ean ti\u1ebfng Anh l\u00e0 HoneyComb blinds \u0111\u01b0\u1ee3c thi\u1ebft k\u1ebf l\u00e0 c\u00e1c n\u1ebfp g\u1ea5p \u0111\u01b0\u1ee3c x\u1ebfp theo h\u00ecnh d\u00e1ng nh\u01b0 c\u1ea5u tr\u00fac c\u1ee7a T\u1ed5 Ong, b\u00ean trong c\u00e1c l\u1ed7 T\u1ed5 Ong l\u00e0 nh\u1eefng kho\u1ea3ng tr\u1ed1ng nh\u01b0 m\u1ed9t l\u1edbp \u0111\u1ec7m kh\u00f4ng kh\u00ed gi\u00fap cho vi\u1ec7c c\u00e1ch nhi\u1ec7t r\u1ea5t t\u1ed1t t\u1eeb nh\u1eefng \u00e1nh n\u1eafng m\u1eb7t tr\u1eddi chi\u1ebfu v\u00e0o, gi\u00fap cho vi\u1ec7c gi\u1eef nhi\u1ec7t trong ph\u00f2ng \u1ed5n \u0111\u1ecbnh nh\u1ea5t l\u00e0 khi ch\u00fang ta m\u1edf m\u00e1y \u0111i\u1ec1u h\u00f2a, \u0111i\u1ec1u n\u00e0y gi\u00fap n\u0103ng l\u01b0\u1ee3ng \u0111\u01b0\u1ee3c ti\u1ebft ki\u1ec7m m\u1ed9t c\u00e1ch hi\u1ec7u qu\u1ea3 nh\u1ea5t<\/p>\n<p><img loading=\"lazy\" class=\"alignnone size-full wp-image-1755\" src=\"https:\/\/demo8.thuythu.com\/annablinds-32\/wp-content\/uploads\/2021\/07\/mot-ta-chuc-nang.jpg\" alt=\"\" width=\"1200\" height=\"1350\" srcset=\"https:\/\/demo8.thuythu.com\/annablinds-32\/wp-content\/uploads\/2021\/07\/mot-ta-chuc-nang.jpg 1200w, https:\/\/demo8.thuythu.com\/annablinds-32\/wp-content\/uploads\/2021\/07\/mot-ta-chuc-nang-267x300.jpg 267w, https:\/\/demo8.thuythu.com\/annablinds-32\/wp-content\/uploads\/2021\/07\/mot-ta-chuc-nang-910x1024.jpg 910w, https:\/\/demo8.thuythu.com\/annablinds-32\/wp-content\/uploads\/2021\/07\/mot-ta-chuc-nang-768x864.jpg 768w, https:\/\/demo8.thuythu.com\/annablinds-32\/wp-content\/uploads\/2021\/07\/mot-ta-chuc-nang-370x416.jpg 370w, https:\/\/demo8.thuythu.com\/annablinds-32\/wp-content\/uploads\/2021\/07\/mot-ta-chuc-nang-760x855.jpg 760w, https:\/\/demo8.thuythu.com\/annablinds-32\/wp-content\/uploads\/2021\/07\/mot-ta-chuc-nang-600x675.jpg 600w\" sizes=\"(max-width: 1200px) 100vw, 1200px\" \/><\/p>\n<h3><strong>\u1ee8ng d\u1ee5ng c\u1ee7a m\u00e0n t\u1ed5 ong:<\/strong><\/h3>\n<p>&nbsp;<\/p>\n<div class=\"img-editor\">\n<p><img loading=\"lazy\" class=\"alignnone size-full wp-image-1779\" src=\"https:\/\/demo8.thuythu.com\/annablinds-32\/wp-content\/uploads\/2021\/07\/mat-to-ong-van-phong.jpg\" alt=\"\" width=\"460\" height=\"380\" srcset=\"https:\/\/demo8.thuythu.com\/annablinds-32\/wp-content\/uploads\/2021\/07\/mat-to-ong-van-phong.jpg 460w, https:\/\/demo8.thuythu.com\/annablinds-32\/wp-content\/uploads\/2021\/07\/mat-to-ong-van-phong-300x248.jpg 300w, https:\/\/demo8.thuythu.com\/annablinds-32\/wp-content\/uploads\/2021\/07\/mat-to-ong-van-phong-370x306.jpg 370w\" sizes=\"(max-width: 460px) 100vw, 460px\" \/><\/p>\n<p>C\u00e1c c\u00f4ng tr\u00ecnh v\u0103n ph\u00f2ng c\u00f4ng s\u1edf<\/p>\n<p>&nbsp;<\/p>\n<\/div>\n<div class=\"img-editor\">\n<p><img loading=\"lazy\" class=\"alignnone size-full wp-image-1775\" src=\"https:\/\/demo8.thuythu.com\/annablinds-32\/wp-content\/uploads\/2021\/07\/mat-to-ong-phong-khach.jpg\" alt=\"\" width=\"460\" height=\"380\" srcset=\"https:\/\/demo8.thuythu.com\/annablinds-32\/wp-content\/uploads\/2021\/07\/mat-to-ong-phong-khach.jpg 460w, https:\/\/demo8.thuythu.com\/annablinds-32\/wp-content\/uploads\/2021\/07\/mat-to-ong-phong-khach-300x248.jpg 300w, https:\/\/demo8.thuythu.com\/annablinds-32\/wp-content\/uploads\/2021\/07\/mat-to-ong-phong-khach-370x306.jpg 370w\" sizes=\"(max-width: 460px) 100vw, 460px\" \/><\/p>\n<p>M\u00e0n t\u1ed5 ong \u0111\u01b0\u1ee3c l\u1eafp t\u1ea1i ph\u00f2ng kh\u00e1ch<\/p>\n<p>&nbsp;<\/p>\n<\/div>\n<div class=\"img-editor\">\n<p><img loading=\"lazy\" class=\"alignnone size-full wp-image-1773\" src=\"https:\/\/demo8.thuythu.com\/annablinds-32\/wp-content\/uploads\/2021\/07\/mat-to-ong-phong-an.jpg\" alt=\"\" width=\"460\" height=\"380\" srcset=\"https:\/\/demo8.thuythu.com\/annablinds-32\/wp-content\/uploads\/2021\/07\/mat-to-ong-phong-an.jpg 460w, https:\/\/demo8.thuythu.com\/annablinds-32\/wp-content\/uploads\/2021\/07\/mat-to-ong-phong-an-300x248.jpg 300w, https:\/\/demo8.thuythu.com\/annablinds-32\/wp-content\/uploads\/2021\/07\/mat-to-ong-phong-an-370x306.jpg 370w\" sizes=\"(max-width: 460px) 100vw, 460px\" \/><\/p>\n<p>Nh\u00e0 h\u00e0ng, qu\u00e1n \u0103n, ph\u00f2ng \u0103n gia \u0111\u00ecnh<\/p>\n<\/div>\n<div class=\"img-editor\">\n<p><img loading=\"lazy\" class=\"alignnone size-full wp-image-1777\" src=\"https:\/\/demo8.thuythu.com\/annablinds-32\/wp-content\/uploads\/2021\/07\/mat-to-ong-phong-tam.jpg\" alt=\"\" width=\"460\" height=\"380\" srcset=\"https:\/\/demo8.thuythu.com\/annablinds-32\/wp-content\/uploads\/2021\/07\/mat-to-ong-phong-tam.jpg 460w, https:\/\/demo8.thuythu.com\/annablinds-32\/wp-content\/uploads\/2021\/07\/mat-to-ong-phong-tam-300x248.jpg 300w, https:\/\/demo8.thuythu.com\/annablinds-32\/wp-content\/uploads\/2021\/07\/mat-to-ong-phong-tam-370x306.jpg 370w\" sizes=\"(max-width: 460px) 100vw, 460px\" \/><\/p>\n<p>M\u00e0n t\u1ed5 ong \u0111\u01b0\u1ee3c l\u1eafp t\u1ea1i ph\u00f2ng t\u1eafm, hay nh\u00e0 b\u1ebfp<\/p>\n<\/div>\n<p><span style=\"color: #ff0000;\"><strong>H\u00c3Y \u0110\u1ec2 ANNA L\u00c0M N\u00caN DI\u1ec6N M\u1ea0O NG\u00d4I NH\u00c0 B\u1ea0N.<br \/>\n<\/strong><\/span>M\u00e0n ANNA t\u1ef1 h\u00e0o \u0111\u00e3 l\u00e0m n\u00ean s\u1ef1 hi\u1ec7n \u0111\u1ea1i c\u00e1c c\u00f4ng tr\u00ecnh x\u00e2y d\u1ef1ng, n\u00e9t thanh l\u1ecbch n\u01a1i c\u00f4ng s\u1edf, v\u1ebb \u0111\u1eb9p sang tr\u1ecdng c\u1ee7a nh\u00e0 h\u00e0ng, kh\u00e1ch s\u1ea1n, phong c\u00e1ch \u0111\u1ed9c \u0111\u00e1o cho nh\u1eefng ng\u00f4i bi\u1ec7t th\u1ef1, s\u1ef1 \u1ea5m c\u00fang cho c\u00e1c ng\u00f4i nh\u00e0 v\u00e0 c\u0103n h\u1ed9.<\/p>\n<p style=\"border-top: 1px solid #cdcdcd; padding-top: 10px;\"><strong>C\u00d4NG TY TNHH MTV AN NA KHANG<\/strong><br \/>\nGi\u1edd l\u00e0m vi\u1ec7c: 8h \u0111\u1ebfn 18h T\u1eeb th\u1ee9 2 \u0111\u1ebfn th\u1ee9 7, Ch\u1ee7 nh\u1eadt t\u1eeb 8h \u0111\u1ebfn 12h. Ngh\u1ec9 v\u00e0o c\u00e1c ng\u00e0y l\u1ec5 l\u1edbn.<br \/>\n<a href=\"tel:0819123123\">0819 123 123<\/a> (Ms.Kim T\u01b0 v\u1ea5n \u0111\u1eb7t h\u00e0ng)<br \/>\n<a href=\"tel:\">0814 123 123<\/a> (Mr.H\u1ed3ng T\u01b0 v\u1ea5n k\u1ef9 thu\u1eadt)<\/p>\n","protected":false},"excerpt":{"rendered":"<p>R\u00e8m t\u1ed5 ong v\u1edbi thi\u1ebft k\u1ebf thanh l\u1ecbch v\u00e0 ti\u1ebft ki\u1ec7m n\u0103ng l\u01b0\u1ee3ng carbon , t\u1ea1o n\u00ean kh\u00f4ng gian s\u1ed1ng h\u1eefu c\u01a1 tho\u1ea3i m\u00e1i v\u00e0 h\u1ea1nh ph\u00fac !<\/p>\n<p>Th\u00f4ng qua nhi\u1ec1u ph\u01b0\u01a1ng ph\u00e1p s\u00e1ng t\u1ea1o ph\u1ee9c h\u1ee3p , cho ra m\u1ed9t ngu\u1ed3n s\u00e1ng ph\u00f9 h\u1ee3p v\u1edbi ch\u1ea5t li\u1ec7u v\u1ea3i kh\u00f4ng d\u1ec7t.<br \/>\nT\u1ea1o n\u00ean m\u00f4i tr\u01b0\u1eddng tho\u1ea3i m\u00e1i b\u1eb1ng c\u00e1ch k\u1ebft h\u1ee3p m\u00f4i tr\u01b0\u1eddng xung quanh t\u01b0\u01a1ng t\u00e1c v\u1edbi t\u1ef1 nhi\u00ean.<br \/>\nV\u1edbi c\u00e1ch tr\u00ecnh b\u00e0y \u0111\u01a1n gi\u1ea3n , h\u01b0\u1edbng n\u1ed9i c\u1ee7a r\u00e8m t\u1ed5 ong l\u00e0m cho phong c\u00e1ch s\u1ed1ng v\u00e0 kh\u00f4ng gian c\u00f3 th\u00eam nhi\u1ec1u s\u1ef1 l\u1ef1a ch\u1ecdn.<\/p>\n","protected":false},"featured_media":2634,"comment_status":"open","ping_status":"closed","template":"","meta":[],"product_cat":[87,90],"product_tag":[92],"_links":{"self":[{"href":"https:\/\/demo8.thuythu.com\/annablinds-32\/en\/wp-json\/wp\/v2\/product\/1385"}],"collection":[{"href":"https:\/\/demo8.thuythu.com\/annablinds-32\/en\/wp-json\/wp\/v2\/product"}],"about":[{"href":"https:\/\/demo8.thuythu.com\/annablinds-32\/en\/wp-json\/wp\/v2\/types\/product"}],"replies":[{"embeddable":true,"href":"https:\/\/demo8.thuythu.com\/annablinds-32\/en\/wp-json\/wp\/v2\/comments?post=1385"}],"wp:featuredmedia":[{"embeddable":true,"href":"https:\/\/demo8.thuythu.com\/annablinds-32\/en\/wp-json\/wp\/v2\/media\/2634"}],"wp:attachment":[{"href":"https:\/\/demo8.thuythu.com\/annablinds-32\/en\/wp-json\/wp\/v2\/media?parent=1385"}],"wp:term":[{"taxonomy":"product_cat","embeddable":true,"href":"https:\/\/demo8.thuythu.com\/annablinds-32\/en\/wp-json\/wp\/v2\/product_cat?post=1385"},{"taxonomy":"product_tag","embeddable":true,"href":"https:\/\/demo8.thuythu.com\/annablinds-32\/en\/wp-json\/wp\/v2\/product_tag?post=1385"}],"curies":[{"name":"wp","href":"https:\/\/api.w.org\/{rel}","templated":true}]}}