{"id":1386,"date":"2022-01-03T14:02:58","date_gmt":"2022-01-03T07:02:58","guid":{"rendered":"https:\/\/demo8.thuythu.com\/annablinds-32\/product\/man-cau-vong\/"},"modified":"2023-05-20T14:32:32","modified_gmt":"2023-05-20T07:32:32","slug":"man-cau-vong","status":"publish","type":"product","link":"https:\/\/demo8.thuythu.com\/annablinds-32\/en\/san-pham\/man-cau-vong\/","title":{"rendered":"M\u00e0n c\u1ea7u v\u1ed3ng"},"content":{"rendered":"<h3><strong>M\u00e0n C\u1ea7u V\u1ed3ng<\/strong><\/h3>\n<p>M\u00e0n C\u1ea7u V\u1ed3ng t\u01b0\u01a1ng \u0111\u1ed1i m\u1edbi so v\u1edbi c\u00e1c lo\u1ea1i m\u00e0n kh\u00e1c. Ch\u00fang \u0111\u01b0\u1ee3c ph\u00e1t minh l\u1ea7n \u0111\u1ea7u ti\u00ean \u1edf H\u00e0n Qu\u1ed1c v\u00e0o kho\u1ea3ng n\u0103m 2014 v\u00e0 ng\u00e0y c\u00e0ng tr\u1edf n\u00ean ph\u1ed5 bi\u1ebfn tr\u00ean to\u00e0n th\u1ebf gi\u1edbi, \u0111\u1eb7c bi\u1ec7t l\u00e0 trong nh\u1eefng n\u0103m g\u1ea7n \u0111\u00e2y, s\u1ee9c h\u00fat c\u1ee7a lo\u1ea1i m\u00e0n n\u00e0y ng\u00e0y tr\u1edf n\u00ean h\u1ea5p d\u1eabn h\u01a1n b\u1edfi c\u00e1c t\u00ednh n\u0103ng \u0111\u1eb7c bi\u1ec7t c\u1ee7a n\u00f3.<\/p>\n<p><strong>C\u1ea5u t\u1ea1o:<\/strong><br \/>\nM\u00e0n C\u1ea7u V\u1ed3ng k\u1ebft h\u1ee3p c\u00e1c t\u1ea5m thay th\u1ebf c\u00e1c lo\u1ea1i v\u1ea3i m\u1edd v\u00e0 m\u1edd th\u00e0nh hai l\u1edbp v\u1ea3i, cu\u1ed9n l\u1ea1i th\u00e0nh m\u1ed9t m\u1ea3nh m\u00f9 l\u1edbn. Khi b\u1ea1n k\u00e9o m\u00e0n l\u00ean v\u00e0 xu\u1ed1ng, c\u00e1c t\u1ea5m n\u00e0y s\u1ebd l\u01b0\u1edbt qua nhau m\u1ed9t c\u00e1ch li\u1ec1n m\u1ea1ch.<\/p>\n<p>Ph\u00e1t minh s\u00e1ng t\u1ea1o n\u00e0y cung c\u1ea5p cho b\u1ea1n s\u1ef1 ki\u1ec3m so\u00e1t linh ho\u1ea1t m\u1ee9c \u0111\u1ed9 \u00e1nh s\u00e1ng v\u00e0 s\u1ef1 ri\u00eang t\u01b0 trong m\u1ed9t c\u0103n ph\u00f2ng, k\u1ebft h\u1ee3p hi\u1ec7u qu\u1ea3 c\u00e1c t\u00ednh n\u0103ng c\u1ee7a m\u00e0n c\u1eeda ban ng\u00e0y + \u0111\u00eam v\u00e0 m\u00e0ncu\u1ed1n. Ch\u00fang t\u00f4i c\u0169ng mu\u1ed1n g\u1ecdi m\u00e0n combi l\u00e0 m\u00e0n 3 trong 1.<\/p>\n<p>C\u00e1c ch\u1ea5t li\u1ec7u ch\u1ed1ng n\u1eafng v\u00e0 t\u1ea5m ch\u1eafn, b\u1ea3o v\u1ec7 c\u0103n ph\u00f2ng c\u0169ng nh\u01b0 \u0111\u1ed3 n\u1ed9i th\u1ea5t kh\u1ecfi \u00e1nh n\u1eafng tr\u1ef1c ti\u1ebfp, nh\u01b0ng ch\u00fang cho ph\u00e9p \u0111\u1ee7 \u00e1nh s\u00e1ng t\u1ef1 nhi\u00ean v\u00e0o ph\u00f2ng \u0111\u1ec3 gi\u1eef cho c\u0103n ph\u00f2ng \u0111\u01b0\u1ee3c chi\u1ebfu s\u00e1ng \u1ea5m \u00e1p v\u00e0o ban ng\u00e0y. Sau khi m\u1eb7t tr\u1eddi l\u1eb7n v\u00e0 \u0111\u00e8n \u0111\u01b0\u1ee3c b\u1eadt th\u00ec c\u00e1c t\u1ea5m ch\u1eafn s\u1ebd \u0111\u1ea3m b\u1ea3o s\u1ef1 ri\u00eang t\u01b0 v\u00e0o ban \u0111\u00eam b\u1eb1ng c\u00e1ch c\u1ea3n tr\u1edf t\u1ea7m nh\u00ecn t\u1eeb b\u00ean ngo\u00e0i.<\/p>\n<p>N\u1ebfu mu\u1ed1n c\u00f3 s\u1ef1 ti\u1ec7n l\u1ee3i nh\u01b0 tr\u00ean th\u00ec ph\u1ea3i c\u00f3 m\u00e0n cu\u1ed1n \u0111\u00f4i, nh\u01b0ng m\u00e0n c\u1ea7u v\u00f2ng ch\u1ec9 v\u1edbi m\u1ed9t n\u1eeda nguy\u00ean li\u1ec7u \u0111\u00e3 \u0111\u1ee7 \u0111\u00e1p \u1ee9ng c\u00e1c nhu c\u1ea7u tr\u00ean v\u1edbi chi ph\u00ed h\u1ee3p l\u00fd v\u00e0 kh\u00f4ng c\u1ea7n ph\u1ea3i \u0111i\u1ec1u ch\u1ec9nh m\u00e0n li\u00ean t\u1ee5c theo th\u1eddi gian trong ng\u00e0y.<\/p>\n<h3><strong>B\u1ea3ng gi\u00e1 M\u00e0n C\u1ea7u V\u1ed3ng:<\/strong><\/h3>\n<p><span style=\"color: #ff0000;\"><strong>\u00c1p d\u1ee5ng: 10.11.2021<\/strong><\/span><\/p>\n<p>TR\u00caN 10M<sup>2<\/sup> Mi\u1ec4N PH\u00cd L\u1eaeP \u0110\u1eb6T N\u1ed8I TH\u00c0NH TP.HCM<\/p>\n<table border=\"0\" width=\"100%\" cellspacing=\"1\">\n<tbody>\n<tr>\n<td style=\"background-color: #ed1c24; padding-top: 10px; padding-bottom: 10px; color: #ffffff;\">D\u00f2ng<\/td>\n<td style=\"background-color: #ed1c24; color: #ffffff;\">C\u1ea3n s\u00e1ng<\/td>\n<td style=\"background-color: #ed1c24; color: #ffffff;\">Gi\u00e1 (\u0111\/m<sup>2<\/sup>)<\/td>\n<td style=\"background-color: #ed1c24; color: #ffffff;\">Kh\u1ed5<\/td>\n<td style=\"background-color: #ed1c24; color: #ffffff;\">H\u1ec7 m\u00e0n<\/td>\n<\/tr>\n<tr>\n<td style=\"background-color: #ffffff; padding-top: 10px; padding-bottom: 10px;\">TWIN NOMAL<\/td>\n<td style=\"background-color: #ffffff; padding-top: 10px; padding-bottom: 10px;\">Kh\u00f4ng<\/td>\n<td style=\"background-color: #ffffff; padding-top: 10px; padding-bottom: 10px;\">400.000<\/td>\n<td style=\"background-color: #ffffff; padding-top: 10px; padding-bottom: 10px;\">2.8 m<\/td>\n<td style=\"background-color: #ffffff; padding-top: 10px; padding-bottom: 10px;\">Zebra (Combi)<\/td>\n<\/tr>\n<tr>\n<td style=\"background-color: #f6f6f6; padding-top: 10px; padding-bottom: 10px;\">WOOD LOOK<\/td>\n<td style=\"background-color: #f6f6f6; padding-top: 10px; padding-bottom: 10px;\">Kh\u00f4ng<\/td>\n<td style=\"background-color: #f6f6f6; padding-top: 10px; padding-bottom: 10px;\">470.000<\/td>\n<td style=\"background-color: #f6f6f6; padding-top: 10px; padding-bottom: 10px;\">2.8 m<\/td>\n<td style=\"background-color: #f6f6f6; padding-top: 10px; padding-bottom: 10px;\">Zebra (Combi)<\/td>\n<\/tr>\n<tr>\n<td style=\"background-color: #ffffff; padding-top: 10px; padding-bottom: 10px;\">COMBI BLACKOUT<\/td>\n<td style=\"background-color: #ffffff; padding-top: 10px; padding-bottom: 10px;\">C\u00f3<\/td>\n<td style=\"background-color: #ffffff; padding-top: 10px; padding-bottom: 10px;\">840.000<\/td>\n<td style=\"background-color: #ffffff; padding-top: 10px; padding-bottom: 10px;\">2.8 m<\/td>\n<td style=\"background-color: #ffffff; padding-top: 10px; padding-bottom: 10px;\">Zebra (Combi)<\/td>\n<\/tr>\n<tr>\n<td style=\"background-color: #f6f6f6; padding-top: 10px; padding-bottom: 10px;\">SEEK BLACKOUT<\/td>\n<td style=\"background-color: #f6f6f6; padding-top: 10px; padding-bottom: 10px;\">C\u00f3<\/td>\n<td style=\"background-color: #f6f6f6; padding-top: 10px; padding-bottom: 10px;\">840.000<\/td>\n<td style=\"background-color: #f6f6f6; padding-top: 10px; padding-bottom: 10px;\">2.8 m<\/td>\n<td style=\"background-color: #f6f6f6; padding-top: 10px; padding-bottom: 10px;\">Zebra (Combi)<\/td>\n<\/tr>\n<tr>\n<td style=\"background-color: #ffffff; padding-top: 10px; padding-bottom: 10px;\">EMILY<\/td>\n<td style=\"background-color: #ffffff; padding-top: 10px; padding-bottom: 10px;\">Kh\u00f4ng<\/td>\n<td style=\"background-color: #ffffff; padding-top: 10px; padding-bottom: 10px;\">800.000<\/td>\n<td style=\"background-color: #ffffff; padding-top: 10px; padding-bottom: 10px;\">2.8 m<\/td>\n<td style=\"background-color: #ffffff; padding-top: 10px; padding-bottom: 10px;\">Zebra (Combi)<\/td>\n<\/tr>\n<tr>\n<td style=\"background-color: #f6f6f6; padding-top: 10px; padding-bottom: 10px;\">GLOSSY<\/td>\n<td style=\"background-color: #f6f6f6; padding-top: 10px; padding-bottom: 10px;\">C\u00f3<\/td>\n<td style=\"background-color: #f6f6f6; padding-top: 10px; padding-bottom: 10px;\">800.000<\/td>\n<td style=\"background-color: #f6f6f6; padding-top: 10px; padding-bottom: 10px;\">3.0 m<\/td>\n<td style=\"background-color: #f6f6f6; padding-top: 10px; padding-bottom: 10px;\">Zebra (Combi)<\/td>\n<\/tr>\n<tr>\n<td style=\"background-color: #ffffff; padding-top: 10px; padding-bottom: 10px;\">BAMBOO<\/td>\n<td style=\"background-color: #ffffff; padding-top: 10px; padding-bottom: 10px;\">Kh\u00f4ng<\/td>\n<td style=\"background-color: #ffffff; padding-top: 10px; padding-bottom: 10px;\">470.000<\/td>\n<td style=\"background-color: #ffffff; padding-top: 10px; padding-bottom: 10px;\">3.0 m<\/td>\n<td style=\"background-color: #ffffff; padding-top: 10px; padding-bottom: 10px;\">Zebra (Combi)<\/td>\n<\/tr>\n<\/tbody>\n<\/table>\n<p>&nbsp;<\/p>\n<table border=\"0\" width=\"100%\" cellspacing=\"1\">\n<tbody>\n<tr>\n<td style=\"background-color: #ed1c24; padding-top: 10px; padding-bottom: 10px; color: #ffffff;\">M\u00e3 h\u00e0ng<\/td>\n<td style=\"background-color: #ed1c24; color: #ffffff;\">H\u1ec7 motor t\u1ef1 \u0111\u1ed9ng<\/td>\n<td style=\"background-color: #ed1c24; color: #ffffff;\">Gi\u00e1<\/td>\n<td style=\"background-color: #ed1c24; color: #ffffff;\">\u0110\u01a1n v\u1ecb<\/td>\n<\/tr>\n<tr>\n<td style=\"background-color: #ffffff; padding-top: 10px; padding-bottom: 10px;\">Motor TQA25<\/td>\n<td style=\"background-color: #ffffff; padding-top: 10px; padding-bottom: 10px;\">Motor t\u1ef1 \u0111\u1ed9ng si\u00eau \u00eam<\/td>\n<td style=\"background-color: #ffffff; padding-top: 10px; padding-bottom: 10px;\">2.600.000<\/td>\n<td style=\"background-color: #ffffff; padding-top: 10px; padding-bottom: 10px;\">B\u1ed9<\/td>\n<\/tr>\n<tr>\n<td style=\"background-color: #f6f6f6; padding-top: 10px; padding-bottom: 10px;\">REMOTE<\/td>\n<td style=\"background-color: #f6f6f6; padding-top: 10px; padding-bottom: 10px;\">Remote 6 k\u00eanh<\/td>\n<td style=\"background-color: #f6f6f6; padding-top: 10px; padding-bottom: 10px;\">400.000<\/td>\n<td style=\"background-color: #f6f6f6; padding-top: 10px; padding-bottom: 10px;\">C\u00e1i<\/td>\n<\/tr>\n<\/tbody>\n<\/table>\n<p>&nbsp;<\/p>\n<h3><strong>\u1ee8ng d\u1ee5ng c\u1ee7a M\u00e0n C\u1ea7u V\u1ed3ng:<\/strong><\/h3>\n<p>&nbsp;<\/p>\n<div class=\"img-editor\">\n<p>\u00a0<img loading=\"lazy\" class=\"alignnone size-full wp-image-1805\" src=\"https:\/\/demo8.thuythu.com\/annablinds-32\/wp-content\/uploads\/2017\/07\/living-room.jpg\" alt=\"\" width=\"460\" height=\"380\" srcset=\"https:\/\/demo8.thuythu.com\/annablinds-32\/wp-content\/uploads\/2017\/07\/living-room.jpg 460w, https:\/\/demo8.thuythu.com\/annablinds-32\/wp-content\/uploads\/2017\/07\/living-room-300x248.jpg 300w, https:\/\/demo8.thuythu.com\/annablinds-32\/wp-content\/uploads\/2017\/07\/living-room-370x306.jpg 370w\" sizes=\"(max-width: 460px) 100vw, 460px\" \/><\/p>\n<p>M\u00e0n c\u1ea7u v\u1ed3ng cho ph\u00f2ng kh\u00e1ch<\/p>\n<p>&nbsp;<\/p>\n<\/div>\n<div class=\"img-editor\">\n<p><img loading=\"lazy\" class=\"alignnone size-full wp-image-1801\" src=\"https:\/\/demo8.thuythu.com\/annablinds-32\/wp-content\/uploads\/2017\/07\/bath.jpg\" alt=\"\" width=\"460\" height=\"380\" srcset=\"https:\/\/demo8.thuythu.com\/annablinds-32\/wp-content\/uploads\/2017\/07\/bath.jpg 460w, https:\/\/demo8.thuythu.com\/annablinds-32\/wp-content\/uploads\/2017\/07\/bath-300x248.jpg 300w, https:\/\/demo8.thuythu.com\/annablinds-32\/wp-content\/uploads\/2017\/07\/bath-370x306.jpg 370w\" sizes=\"(max-width: 460px) 100vw, 460px\" \/><\/p>\n<p>M\u00e0n c\u1ea7u v\u1ed3ng cho ph\u00f2ng t\u1eafm<\/p>\n<p>&nbsp;<\/p>\n<\/div>\n<div class=\"img-editor\">\n<p><img loading=\"lazy\" class=\"alignnone size-full wp-image-1807\" src=\"https:\/\/demo8.thuythu.com\/annablinds-32\/wp-content\/uploads\/2017\/07\/sleeping.jpg\" alt=\"\" width=\"460\" height=\"380\" srcset=\"https:\/\/demo8.thuythu.com\/annablinds-32\/wp-content\/uploads\/2017\/07\/sleeping.jpg 460w, https:\/\/demo8.thuythu.com\/annablinds-32\/wp-content\/uploads\/2017\/07\/sleeping-300x248.jpg 300w, https:\/\/demo8.thuythu.com\/annablinds-32\/wp-content\/uploads\/2017\/07\/sleeping-370x306.jpg 370w\" sizes=\"(max-width: 460px) 100vw, 460px\" \/><\/p>\n<p>M\u00e0n c\u1ea7u v\u1ed3ng cho ph\u00f2ng ng\u1ee7<\/p>\n<\/div>\n<div class=\"img-editor\">\n<p><img loading=\"lazy\" class=\"alignnone size-full wp-image-1803\" src=\"https:\/\/demo8.thuythu.com\/annablinds-32\/wp-content\/uploads\/2017\/07\/kitchen.jpg\" alt=\"\" width=\"460\" height=\"380\" srcset=\"https:\/\/demo8.thuythu.com\/annablinds-32\/wp-content\/uploads\/2017\/07\/kitchen.jpg 460w, https:\/\/demo8.thuythu.com\/annablinds-32\/wp-content\/uploads\/2017\/07\/kitchen-300x248.jpg 300w, https:\/\/demo8.thuythu.com\/annablinds-32\/wp-content\/uploads\/2017\/07\/kitchen-370x306.jpg 370w\" sizes=\"(max-width: 460px) 100vw, 460px\" \/><\/p>\n<p>M\u00e0n c\u1ea7u v\u1ed3ng cho nh\u00e0 b\u1ebfp<\/p>\n<\/div>\n<p>&nbsp;<\/p>\n<p><span style=\"color: #ff0000;\"><strong>H\u00c3Y \u0110\u1ec2 ANNA L\u00c0M N\u00caN DI\u1ec6N M\u1ea0O NG\u00d4I NH\u00c0 B\u1ea0N.<br \/>\n<\/strong><\/span>M\u00e0n ANNA t\u1ef1 h\u00e0o \u0111\u00e3 l\u00e0m n\u00ean s\u1ef1 hi\u1ec7n \u0111\u1ea1i c\u00e1c c\u00f4ng tr\u00ecnh x\u00e2y d\u1ef1ng, n\u00e9t thanh l\u1ecbch n\u01a1i c\u00f4ng s\u1edf, v\u1ebb \u0111\u1eb9p sang tr\u1ecdng c\u1ee7a nh\u00e0 h\u00e0ng, kh\u00e1ch s\u1ea1n, phong c\u00e1ch \u0111\u1ed9c \u0111\u00e1o cho nh\u1eefng ng\u00f4i bi\u1ec7t th\u1ef1, s\u1ef1 \u1ea5m c\u00fang cho c\u00e1c ng\u00f4i nh\u00e0 v\u00e0 c\u0103n h\u1ed9.<\/p>\n<p style=\"border-top: 1px solid #cdcdcd; padding-top: 10px;\"><strong>C\u00d4NG TY TNHH MTV AN NA KHANG<\/strong><br \/>\nGi\u1edd l\u00e0m vi\u1ec7c: 8h \u0111\u1ebfn 18h T\u1eeb th\u1ee9 2 \u0111\u1ebfn th\u1ee9 7, Ch\u1ee7 nh\u1eadt t\u1eeb 8h \u0111\u1ebfn 12h. Ngh\u1ec9 v\u00e0o c\u00e1c ng\u00e0y l\u1ec5 l\u1edbn.<br \/>\n<a href=\"tel:0819123123\">0819 123 123<\/a> (Ms.Kim T\u01b0 v\u1ea5n \u0111\u1eb7t h\u00e0ng)<br \/>\n<a href=\"tel:\">0814 123 123<\/a> (Mr.H\u1ed3ng T\u01b0 v\u1ea5n k\u1ef9 thu\u1eadt)<\/p>\n","protected":false},"excerpt":{"rendered":"<p>M\u00e0n C\u1ea7u V\u1ed3ng t\u01b0\u01a1ng \u0111\u1ed1i m\u1edbi so v\u1edbi c\u00e1c lo\u1ea1i r\u00e8m kh\u00e1c. Ch\u00fang \u0111\u01b0\u1ee3c ph\u00e1t minh l\u1ea7n \u0111\u1ea7u ti\u00ean \u1edf H\u00e0n Qu\u1ed1c v\u00e0o kho\u1ea3ng n\u0103m 2014 v\u00e0 ng\u00e0y c\u00e0ng tr\u1edf n\u00ean ph\u1ed5 bi\u1ebfn tr\u00ean to\u00e0n th\u1ebf gi\u1edbi, \u0111\u1eb7c bi\u1ec7t l\u00e0 trong nh\u1eefng n\u0103m g\u1ea7n \u0111\u00e2y, s\u1ee9c h\u00fat c\u1ee7a lo\u1ea1i m\u00e0n n\u00e0y ng\u00e0y tr\u1edf n\u00ean h\u1ea5p d\u1eabn h\u01a1n b\u1edfi c\u00e1c t\u00ednh n\u0103ng \u0111\u1eb7c bi\u1ec7t c\u1ee7a n\u00f3.<\/p>\n","protected":false},"featured_media":2624,"comment_status":"open","ping_status":"closed","template":"","meta":[],"product_cat":[87,90],"product_tag":[92],"_links":{"self":[{"href":"https:\/\/demo8.thuythu.com\/annablinds-32\/en\/wp-json\/wp\/v2\/product\/1386"}],"collection":[{"href":"https:\/\/demo8.thuythu.com\/annablinds-32\/en\/wp-json\/wp\/v2\/product"}],"about":[{"href":"https:\/\/demo8.thuythu.com\/annablinds-32\/en\/wp-json\/wp\/v2\/types\/product"}],"replies":[{"embeddable":true,"href":"https:\/\/demo8.thuythu.com\/annablinds-32\/en\/wp-json\/wp\/v2\/comments?post=1386"}],"wp:featuredmedia":[{"embeddable":true,"href":"https:\/\/demo8.thuythu.com\/annablinds-32\/en\/wp-json\/wp\/v2\/media\/2624"}],"wp:attachment":[{"href":"https:\/\/demo8.thuythu.com\/annablinds-32\/en\/wp-json\/wp\/v2\/media?parent=1386"}],"wp:term":[{"taxonomy":"product_cat","embeddable":true,"href":"https:\/\/demo8.thuythu.com\/annablinds-32\/en\/wp-json\/wp\/v2\/product_cat?post=1386"},{"taxonomy":"product_tag","embeddable":true,"href":"https:\/\/demo8.thuythu.com\/annablinds-32\/en\/wp-json\/wp\/v2\/product_tag?post=1386"}],"curies":[{"name":"wp","href":"https:\/\/api.w.org\/{rel}","templated":true}]}}