{"id":1388,"date":"2017-07-12T13:59:51","date_gmt":"2017-07-12T06:59:51","guid":{"rendered":"https:\/\/demo8.thuythu.com\/annablinds-32\/product\/man-ngan-lanh-chong-con-trung\/"},"modified":"2023-05-13T10:26:14","modified_gmt":"2023-05-13T03:26:14","slug":"man-ngan-lanh-chong-con-trung","status":"publish","type":"product","link":"https:\/\/demo8.thuythu.com\/annablinds-32\/en\/san-pham\/man-ngan-lanh-chong-con-trung\/","title":{"rendered":"M\u00e0n Ng\u0103n L\u1ea1nh, Ch\u1ed1ng C\u00f4n Tr\u00f9ng"},"content":{"rendered":"<h3><strong>B\u1ea3ng gi\u00e1 m\u00e0n ng\u0103n l\u1ea1nh, ch\u1ed1ng c\u00f4n tr\u00f9ng<\/strong><\/h3>\n<p><span style=\"color: #ff0000;\"><strong>\u00c1p d\u1ee5ng: 10.11.2021<\/strong><\/span><\/p>\n<table border=\"0\" width=\"100%\" cellspacing=\"0\" cellpadding=\"0\">\n<tbody>\n<tr>\n<td style=\"background-color: #ed1c24; color: #ffffff; padding: 10px;\">M\u00e3 h\u00e0ng<\/td>\n<td style=\"background-color: #ed1c24; color: #ffffff; padding: 10px;\">Gi\u00e1<\/td>\n<td style=\"background-color: #ed1c24; color: #ffffff; padding: 10px;\">\u0110\u01a1n v\u1ecb<\/td>\n<td style=\"background-color: #ed1c24; color: #ffffff; padding: 10px;\">Kh\u1ed5<\/td>\n<\/tr>\n<tr>\n<td style=\"background-color: #ffffff; padding: 10px;\">M\u00e0n ng\u0103n l\u1ea1nh<br \/>\n(P\u00e1t s\u1eaft treo)<\/td>\n<td style=\"background-color: #ffffff; padding: 10px;\">470.000<\/td>\n<td style=\"background-color: #ffffff; padding: 10px;\">m<sup>2<\/sup><\/td>\n<td style=\"background-color: #ffffff; padding: 10px;\">L\u00e1 20cm &#8211; d\u00e0y 1.5mm<br \/>\n(1m = 6 l\u00e1)<\/td>\n<\/tr>\n<tr>\n<td style=\"background-color: #f6f6f6; padding: 10px;\">M\u00e0n ng\u0103n l\u1ea1nh<br \/>\n(P\u00e1t s\u1eaft treo)<\/td>\n<td style=\"background-color: #f6f6f6; padding: 10px;\">540.000<\/td>\n<td style=\"background-color: #f6f6f6; padding: 10px;\">m<sup>2<\/sup><\/td>\n<td style=\"background-color: #f6f6f6; padding: 10px;\">L\u00e1 20cm &#8211; d\u00e0y 2.0mm<br \/>\n(1m = 6 l\u00e1)<\/td>\n<\/tr>\n<tr>\n<td style=\"background-color: #ffffff; padding: 10px;\">PVC ki\u1ec3u cu\u1ed1n<\/td>\n<td style=\"background-color: #ffffff; padding: 10px;\">410.000<\/td>\n<td style=\"background-color: #ffffff; padding: 10px;\">m<sup>2<\/sup><\/td>\n<td style=\"background-color: #ffffff; padding: 10px;\">1m40<\/td>\n<\/tr>\n<tr>\n<td style=\"background-color: #f6f6f6; padding: 10px;\">PVC + v\u1ea3i m\u00e0n cu\u1ed1n<\/td>\n<td style=\"background-color: #f6f6f6; padding: 10px;\">520.000<\/td>\n<td style=\"background-color: #f6f6f6; padding: 10px;\">m<sup>2<\/sup><\/td>\n<td style=\"background-color: #f6f6f6; padding: 10px;\">1m40<\/td>\n<\/tr>\n<\/tbody>\n<\/table>\n<p><strong>C\u00f4ng d\u1ee5ng chung m\u00e0n nh\u1ef1a PVC c\u00f3 c\u00f4ng d\u1ee5ng:<\/strong><\/p>\n<ul>\n<li>Ng\u0103n b\u1ee5i, kh\u00f3i, m\u00f9i h\u00f4i v\u00e0 h\u00f3a ch\u1ea5t \u0111\u1ed9c h\u1ea1i.<\/li>\n<li>Ng\u0103n c\u1ea3n s\u1ef1 th\u1ea5t tho\u00e1t h\u01a1i l\u1ea1nh ( ti\u1ebft ki\u1ec7m \u0111\u1ebfn 90 % th\u1ea5t tho\u00e1t h\u01a1i l\u1ea1nh ).<\/li>\n<li>D\u00f9ng l\u00e0m v\u00e1ch ng\u0103n c\u00e1ch \u00e2m, c\u00e1ch nhi\u1ec7t.<\/li>\n<li>Ng\u0103n tia l\u1eeda h\u00e0n. (m\u00e0u n\u00e2u).<\/li>\n<li>Ch\u1ed1ng c\u00f4n tr\u00f9ng. (m\u00e0u v\u00e0ng).<\/li>\n<\/ul>\n<p><strong>C\u00e1c lo\u1ea1i c\u00f4ng d\u1ee5ng theo m\u00e0u s\u1eaft l\u00e1 m\u00e0n kho l\u1ea1nh:<\/strong><\/p>\n<p><strong>M\u00e0u v\u00e0ng:<\/strong><\/p>\n<p>C\u00f3 kh\u1ea3 n\u0103ng ch\u1ecbu nhi\u1ec7t t\u1eeb -150C \u0111\u1ebfn 500C D\u00f9ng \u0111\u1ec3 ng\u0103n l\u1ea1nh, c\u1ea3n b\u1ee5i, ch\u1ed1ng c\u00f4n tr\u00f9ng (kh\u00f4ng c\u00f3 h\u00f3a ch\u1ea5t g\u00e2y h\u1ea1i). Lo\u1ea1i n\u00e0y th\u01b0\u1eddng \u0111\u01b0\u1ee3c s\u1eed d\u1ee5ng trong c\u00e1c c\u00f4ng tr\u00ecnh c\u00f4ng ngh\u1ec7 ch\u1ebf bi\u1ebfn (ch\u1ebf bi\u1ebfn th\u1ee7y h\u1ea3I s\u1ea3n, ch\u1ebf bi\u1ebfn n\u00f4ng s\u1ea3n, ch\u1ebf bi\u1ebfn th\u1ef1c ph\u1ea9m\u2026) ho\u1eb7c c\u00e1c x\u01b0\u1edfng SX (SX thu\u1ed1c tr\u1eeb s\u00e2u, SX h\u00f3a ch\u1ea5t\u2026.)<\/p>\n<p><strong>M\u00e0u trong su\u1ed1t ti\u00eau chu\u1ea9n:<\/strong><\/p>\n<ul>\n<li>C\u00f3 kh\u1ea3 n\u0103ng ch\u1ecbu nhi\u1ec7t t\u1eeb -150C \u0111\u1ebfn 500C<\/li>\n<li>D\u00f9ng \u0111\u1ec3 ng\u0103n l\u1ea1nh, c\u1ea3n b\u1ee5i v\u00e0 \u0111\u1ea1c bi\u1ec7t l\u00e0 ng\u0103n ti\u1ebfng \u1ed3n.<\/li>\n<\/ul>\n<p><strong>M\u00e0u trong su\u1ed1t nhi\u1ec7t \u0111\u1ed9 \u00e2m:<\/strong><\/p>\n<ul>\n<li>C\u00f3 kh\u1ea3 n\u0103ng ch\u1ecbu nhi\u1ec7t t\u01b0 200 \u2013250C \u0111\u1ebfn 300C<\/li>\n<li>D\u00f9ng \u0111\u1ec3 c\u1ea3n b\u1ee5i, ng\u0103n l\u1ea1nh v\u00e0 th\u01b0\u1eddng d\u00f9ng cho kho l\u1ea1nh, xe l\u1ea1nh.<\/li>\n<\/ul>\n<p><strong>M\u00e0u trong su\u1ed1t nhi\u1ec7t \u0111\u1ed9 \u00e2m s\u00e2u:<\/strong><\/p>\n<ul>\n<li>C\u00f3 kh\u1ea3 n\u0103ng ch\u1ecbu nhi\u1ec7t t\u1eeb -150C \u0111\u1ebfn 500C<\/li>\n<li>D\u00f9ng cho h\u1ea7m \u0111\u00f4ng.<\/li>\n<\/ul>\n<p><strong>M\u00e0u xanh l\u00e1 c\u00e2y:<\/strong><\/p>\n<ul>\n<li>C\u00f3 kh\u1ea3 n\u0103ng ch\u1ecbu nhi\u1ec7t t\u1eeb \u2013150C \u0111\u1ebfn 500C<\/li>\n<li>D\u00f9ng cho ng\u0103n l\u1ea1nh, c\u1ea3n b\u1ee5i, nh\u01b0ng \u0111\u1eb7t bi\u1ec7t l\u00e0 ng\u0103n tia l\u1eeda h\u00e0n.<\/li>\n<\/ul>\n<p><strong>M\u00e0u \u0111\u1ecf:<\/strong><\/p>\n<ul>\n<li>C\u00f3 kh\u1ea3 n\u0103ng ch\u1ecbu nhi\u1ec7t t\u1eeb \u2013150C \u0111\u1ebfn 500C<\/li>\n<li>D\u00f9ng \u0111\u1ec3 ng\u0103n l\u1ea1nh, c\u1ea3n b\u1ee5i, nh\u01b0ng t\u00ednh n\u0103ng ch\u00ednh l\u00e0 c\u1ea3nh b\u00e1o nguy hi\u1ec3m.<\/li>\n<\/ul>\n<p>&nbsp;<\/p>\n<p><span style=\"color: #ff0000;\"><strong>H\u00c3Y \u0110\u1ec2 ANNA L\u00c0M N\u00caN DI\u1ec6N M\u1ea0O NG\u00d4I NH\u00c0 B\u1ea0N.<br \/>\n<\/strong><\/span>M\u00e0n ANNA t\u1ef1 h\u00e0o \u0111\u00e3 l\u00e0m n\u00ean s\u1ef1 hi\u1ec7n \u0111\u1ea1i c\u00e1c c\u00f4ng tr\u00ecnh x\u00e2y d\u1ef1ng, n\u00e9t thanh l\u1ecbch n\u01a1i c\u00f4ng s\u1edf, v\u1ebb \u0111\u1eb9p sang tr\u1ecdng c\u1ee7a nh\u00e0 h\u00e0ng, kh\u00e1ch s\u1ea1n, phong c\u00e1ch \u0111\u1ed9c \u0111\u00e1o cho nh\u1eefng ng\u00f4i bi\u1ec7t th\u1ef1, s\u1ef1 \u1ea5m c\u00fang cho c\u00e1c ng\u00f4i nh\u00e0 v\u00e0 c\u0103n h\u1ed9.<\/p>\n<p style=\"border-top: 1px solid #cdcdcd; padding-top: 10px;\"><strong>C\u00d4NG TY TNHH MTV AN NA KHANG<\/strong><br \/>\nGi\u1edd l\u00e0m vi\u1ec7c: 8h \u0111\u1ebfn 18h T\u1eeb th\u1ee9 2 \u0111\u1ebfn th\u1ee9 7, Ch\u1ee7 nh\u1eadt t\u1eeb 8h \u0111\u1ebfn 12h. Ngh\u1ec9 v\u00e0o c\u00e1c ng\u00e0y l\u1ec5 l\u1edbn.<br \/>\n<a href=\"tel:0819123123\">0819 123 123<\/a> (Ms.Kim T\u01b0 v\u1ea5n \u0111\u1eb7t h\u00e0ng)<br \/>\n<a href=\"tel:\">0814 123 123<\/a> (Mr.H\u1ed3ng T\u01b0 v\u1ea5n k\u1ef9 thu\u1eadt)<\/p>\n","protected":false},"excerpt":{"rendered":"<p>Vi\u1ec7c s\u1eed d\u1ee5ng m\u00e0n nh\u1ef1a trong PVC l\u00e0 m\u1ed9t trong nh\u1eefng gi\u1ea3i ph\u00e1p h\u1eefu hi\u1ec7u nh\u1ea5t trong v\u1ea5n \u0111\u1ec1 ti\u1ebft ki\u1ec7m n\u0103ng l\u01b0\u1ee3ng, v\u1ec7 sinh an to\u00e0n th\u1ef1c ph\u1ea9m v\u00e0 an to\u00e0n trong lao \u0111\u1ed9ng.<\/p>\n","protected":false},"featured_media":2612,"comment_status":"open","ping_status":"closed","template":"","meta":[],"product_cat":[87,90],"product_tag":[92],"_links":{"self":[{"href":"https:\/\/demo8.thuythu.com\/annablinds-32\/en\/wp-json\/wp\/v2\/product\/1388"}],"collection":[{"href":"https:\/\/demo8.thuythu.com\/annablinds-32\/en\/wp-json\/wp\/v2\/product"}],"about":[{"href":"https:\/\/demo8.thuythu.com\/annablinds-32\/en\/wp-json\/wp\/v2\/types\/product"}],"replies":[{"embeddable":true,"href":"https:\/\/demo8.thuythu.com\/annablinds-32\/en\/wp-json\/wp\/v2\/comments?post=1388"}],"wp:featuredmedia":[{"embeddable":true,"href":"https:\/\/demo8.thuythu.com\/annablinds-32\/en\/wp-json\/wp\/v2\/media\/2612"}],"wp:attachment":[{"href":"https:\/\/demo8.thuythu.com\/annablinds-32\/en\/wp-json\/wp\/v2\/media?parent=1388"}],"wp:term":[{"taxonomy":"product_cat","embeddable":true,"href":"https:\/\/demo8.thuythu.com\/annablinds-32\/en\/wp-json\/wp\/v2\/product_cat?post=1388"},{"taxonomy":"product_tag","embeddable":true,"href":"https:\/\/demo8.thuythu.com\/annablinds-32\/en\/wp-json\/wp\/v2\/product_tag?post=1388"}],"curies":[{"name":"wp","href":"https:\/\/api.w.org\/{rel}","templated":true}]}}