{"id":1390,"date":"2017-07-12T13:55:33","date_gmt":"2017-07-12T06:55:33","guid":{"rendered":"https:\/\/demo8.thuythu.com\/annablinds-32\/product\/man-decor\/"},"modified":"2017-07-12T13:55:33","modified_gmt":"2017-07-12T06:55:33","slug":"man-decor","status":"publish","type":"product","link":"https:\/\/demo8.thuythu.com\/annablinds-32\/en\/san-pham\/man-decor\/","title":{"rendered":"M\u00e0n Decor"},"content":{"rendered":"<div>\n<p>M\u1ed9t kh\u00f4ng gian l\u00e3ng m\u1ea1n, \u1ea5m c\u00fang, m\u00e0n ANNA s\u1ebd gi\u00fap cho qu\u00fd kh\u00e1ch th\u01b0 gi\u1ea3n v\u00e0 c\u1ea3m gi\u00e1c h\u1ea1nh ph\u00fac ngay ch\u00ednh trong c\u0103n ph\u00f2ng c\u1ee7a m\u00ecnh.<\/p>\n<p>H\u00e3y n\u00f3i cho ch\u00fang t\u00f4i bi\u1ebft s\u1edf th\u00edch c\u1ee7a qu\u00fd kh\u00e1ch, ch\u00fang t\u00f4i s\u1ebd mang \u0111\u1ebfn cho qu\u00fd kh\u00e1ch m\u1ed9t s\u1ef1 h\u00e0i l\u00f2ng b\u1edfi phong c\u00e1ch thi\u1ebft k\u1ebf c\u1ee7a ch\u00fang t\u00f4i.<\/p>\n<\/div>\n<p>Qu\u00fd kh\u00e1ch ch\u1ec9 c\u1ea7n g\u1ecdi s\u1ed1 (028) 66 818 919 \u2013\u00a00814 123 123\u00a0(Mr. H\u1ed3ng) s\u1ebd c\u00f3 chuy\u00ean vi\u00ean thi\u1ebft k\u1ebf \u0111\u1ebfn t\u01b0 v\u1ea5n t\u1eadn n\u01a1i.<\/p>\n<p>Gi\u00e1: t\u00f9y theo m\u1eabu thi\u1ebft k\u1ebf<\/p>\n","protected":false},"excerpt":{"rendered":"<p><strong>M\u00e0n Decor<\/strong>\u00a0ANNA l\u00e0 lo\u1ea1i m\u00e0n v\u1ea3i \u0111\u1ea7y ngh\u1ec7 thu\u1eadt, th\u1ec3 hi\u1ec7n phong c\u00e1ch thi\u1ebft k\u1ebf s\u00e1ng t\u1ea1o c\u1ee7a chuy\u00ean vi\u00ean thi\u1ebft k\u1ebf t\u1ea1i ANNA.<\/p>\n","protected":false},"featured_media":1068,"comment_status":"open","ping_status":"closed","template":"","meta":[],"product_cat":[87,90],"product_tag":[96,97],"_links":{"self":[{"href":"https:\/\/demo8.thuythu.com\/annablinds-32\/en\/wp-json\/wp\/v2\/product\/1390"}],"collection":[{"href":"https:\/\/demo8.thuythu.com\/annablinds-32\/en\/wp-json\/wp\/v2\/product"}],"about":[{"href":"https:\/\/demo8.thuythu.com\/annablinds-32\/en\/wp-json\/wp\/v2\/types\/product"}],"replies":[{"embeddable":true,"href":"https:\/\/demo8.thuythu.com\/annablinds-32\/en\/wp-json\/wp\/v2\/comments?post=1390"}],"wp:featuredmedia":[{"embeddable":true,"href":"https:\/\/demo8.thuythu.com\/annablinds-32\/en\/wp-json\/wp\/v2\/media\/1068"}],"wp:attachment":[{"href":"https:\/\/demo8.thuythu.com\/annablinds-32\/en\/wp-json\/wp\/v2\/media?parent=1390"}],"wp:term":[{"taxonomy":"product_cat","embeddable":true,"href":"https:\/\/demo8.thuythu.com\/annablinds-32\/en\/wp-json\/wp\/v2\/product_cat?post=1390"},{"taxonomy":"product_tag","embeddable":true,"href":"https:\/\/demo8.thuythu.com\/annablinds-32\/en\/wp-json\/wp\/v2\/product_tag?post=1390"}],"curies":[{"name":"wp","href":"https:\/\/api.w.org\/{rel}","templated":true}]}}