{"id":103,"date":"2017-07-11T14:27:24","date_gmt":"2017-07-11T14:27:24","guid":{"rendered":"https:\/\/demo8.thuythu.com\/annablinds-32\/?page_id=103"},"modified":"2022-02-22T15:02:31","modified_gmt":"2022-02-22T08:02:31","slug":"gioi-thieu","status":"publish","type":"page","link":"https:\/\/demo8.thuythu.com\/annablinds-32\/gioi-thieu\/","title":{"rendered":"Gi\u1edbi thi\u1ec7u"},"content":{"rendered":"<p>[vc_row][vc_column][vc_empty_space alter_height=&#8221;huge&#8221; hide_on_desktop=&#8221;&#8221; hide_on_notebook=&#8221;&#8221; hide_on_tablet=&#8221;&#8221; hide_on_mobile=&#8221;&#8221;]<div id=\"widget_slider_459462511\" class=\"widget_area sc_widget_slider vc_widget_slider wpb_content_element\"><aside id=\"widget_slider_459462511_widget\" class=\"widget widget_slider\">\t\t\t<div class=\"slider_wrap slider_engine_swiper\">\n\t\t\t\t<div id=\"widget_slider_459462511_outer\" class=\"slider_outer slider_swiper_outer slider_style_default slider_outer_direction_horizontal slider_outer_one slider_outer_nopagination slider_outer_controls slider_outer_controls_side slider_outer_titles_center\"><div id=\"widget_slider_459462511_swiper\" class=\"slider_container slider_swiper swiper-slider-container slider_controls slider_controls_side slider_titles_center slider_resize slider_height_auto slider_direction_horizontal slider_nopagination slider_one slider_type_bg\" data-ratio=\"117:46\" data-interval=\"7000\" data-effect=\"slide\" data-pagination=\"bullets\" data-direction=\"horizontal\" data-slides-per-view=\"1\" data-slides-space=\"0\"><div class=\"slider-wrapper swiper-wrapper\"><div  class=\"slider-slide swiper-slide\" data-image=\"https:\/\/demo8.thuythu.com\/annablinds-32\/wp-content\/uploads\/2021\/07\/gt12.png\" style=\"background-image:url(https:\/\/demo8.thuythu.com\/annablinds-32\/wp-content\/uploads\/2021\/07\/gt12.png);\"><\/div><div  class=\"slider-slide swiper-slide\" data-image=\"https:\/\/demo8.thuythu.com\/annablinds-32\/wp-content\/uploads\/2021\/07\/gt1.jpg\" style=\"background-image:url(https:\/\/demo8.thuythu.com\/annablinds-32\/wp-content\/uploads\/2021\/07\/gt1.jpg);\"><\/div><div  class=\"slider-slide swiper-slide\" data-image=\"https:\/\/demo8.thuythu.com\/annablinds-32\/wp-content\/uploads\/2021\/07\/gt133.png\" style=\"background-image:url(https:\/\/demo8.thuythu.com\/annablinds-32\/wp-content\/uploads\/2021\/07\/gt133.png);\"><\/div><\/div><!-- \/.slider-wrapper --><div class=\"slider_controls_wrap\"><a class=\"slider_prev swiper-button-prev\" href=\"#\"><\/a><a class=\"slider_next swiper-button-next\" href=\"#\"><\/a><\/div><\/div><!-- \/.slider_container --><\/div><!-- \/.slider_outer -->\t\t\t<\/div>\n\t\t\t<\/aside><\/div>[vc_empty_space alter_height=&#8221;medium&#8221; hide_on_desktop=&#8221;&#8221; hide_on_notebook=&#8221;&#8221; hide_on_tablet=&#8221;&#8221; hide_on_mobile=&#8221;&#8221; css=&#8221;.vc_custom_1507185435221{margin-bottom: -0.5rem !important;}&#8221;]<div id=\"sc_title_2046581442\"\n\t\tclass=\"sc_title color_style_default sc_title_default\"><h6 class=\"sc_item_subtitle sc_title_subtitle sc_align_left sc_item_title_style_default\">V\u1ec1 ch\u00fang t\u00f4i<\/h6><h3 class=\"sc_item_title sc_title_title sc_align_left sc_item_title_style_default\">Anna - M\u00e0n s\u00e1o & R\u00e8m c\u1eeda<\/h3><div class=\"sc_item_descr sc_title_descr sc_align_left\"><p>M\u00e0n, r\u00e8m mang \u0111\u1ebfn s\u1ef1 \u1ea5m c\u00fang cho ng\u00f4i nh\u00e0 v\u00e0 che ch\u1eafn cho cu\u1ed9c s\u1ed1ng c\u1ee7a ch\u00fang ta. V\u1edbi \u00fd ngh\u0129a \u0111\u00f3, s\u1ea3n ph\u1ea9m m\u00e0n, r\u00e8m ANNA ch\u00fang t\u00f4i lu\u00f4n mong mu\u1ed1n tho\u1ea3 m\u00e3n nhu c\u1ea7u cao nh\u1ea5t c\u1ee7a qu\u00fd kh\u00e1ch: Ch\u1ea5t l\u01b0\u1ee3ng cu\u1ed9c s\u1ed1ng \u2013 S\u1ef1 che ch\u1eafn an to\u00e0n \u2013 S\u1ef1 ho\u00e0n h\u1ea3o c\u1ee7a ng\u00f4i nh\u00e0 \u2013 S\u1ef1 tin c\u1eady v\u00e0 gi\u00e1 c\u1ea3 h\u1ee3p l\u00fd.<\/p>\n<p>M\u1ed9t phong c\u00e1ch \u0111\u1ed9c \u0111\u00e1o v\u00e0 ri\u00eang bi\u1ec7t, m\u00e0n ANNA v\u1edbi nhi\u1ec1u s\u1ea3n ph\u1ea9m \u0111a d\u1ea1ng, th\u00edch h\u1ee3p v\u1edbi m\u1ecdi m\u1ee5c \u0111\u00edch s\u1eed d\u1ee5ng. M\u00e0n ANNA phong ph\u00fa v\u1ec1 ch\u1ee7ng lo\u1ea1i, nguy\u00ean li\u1ec7u \u0111\u01b0\u1ee3c tuy\u1ec3n ch\u1ecdn t\u1eeb M\u1ef9, \u00dac, \u0110\u00e0i Loan, H\u00e0n Qu\u1ed1c v\u00e0 \u0111\u01b0\u1ee3c ho\u00e0n thi\u1ec7n t\u1eeb nh\u1eefng c\u00f4ng nh\u00e2n c\u00f3 k\u1ef9 thu\u1eadt cao.<\/p>\n<p>\u0110\u1ebfn v\u1edbi m\u00e0n ANNA, qu\u00fd kh\u00e1ch s\u1ebd \u0111\u01b0\u1ee3c \u0111\u1ed9i ng\u0169 chuy\u00ean vi\u00ean thi\u1ebft k\u1ebf t\u01b0 v\u1ea5n t\u1eadn n\u01a1i, t\u1ea1o n\u00ean nh\u1eefng ki\u1ec3u d\u00e1ng ph\u00f9 h\u1ee3p ki\u1ebfn tr\u00fac, th\u1ea9m m\u1ef9 cho ng\u00f4i nh\u00e0. Qu\u00fd kh\u00e1ch c\u00e0ng an t\u00e2m h\u01a1n v\u1ec1 ch\u1ea5t l\u01b0\u1ee3ng s\u1ea3n ph\u1ea9m, ch\u1ebf \u0111\u1ed9 b\u1ea3o h\u00e0nh uy t\u00edn v\u00e0 chu \u0111\u00e1o c\u1ee7a ch\u00fang t\u00f4i.<\/p>\n<p>M\u00e0n ANNA t\u1ef1 h\u00e0o \u0111\u00e3 l\u00e0m n\u00ean s\u1ef1 hi\u1ec7n \u0111\u1ea1i c\u00e1c c\u00f4ng tr\u00ecnh x\u00e2y d\u1ef1ng, n\u00e9t thanh l\u1ecbch n\u01a1i c\u00f4ng s\u1edf, v\u1ebb \u0111\u1eb9p sang tr\u1ecdng c\u1ee7a nh\u00e0 h\u00e0ng, kh\u00e1ch s\u1ea1n, phong c\u00e1ch \u0111\u1ed9c \u0111\u00e1o cho nh\u1eefng ng\u00f4i bi\u1ec7t th\u1ef1, s\u1ef1 \u1ea5m c\u00fang cho c\u00e1c ng\u00f4i nh\u00e0 v\u00e0 c\u0103n h\u1ed9.<\/p>\n<\/div><\/div><!-- \/.sc_title -->[vc_empty_space alter_height=&#8221;medium&#8221; hide_on_desktop=&#8221;&#8221; hide_on_notebook=&#8221;&#8221; hide_on_tablet=&#8221;&#8221; hide_on_mobile=&#8221;&#8221; css=&#8221;.vc_custom_1507185605895{margin-top: -0.4rem !important;}&#8221;][\/vc_column][\/vc_row][vc_row][vc_column width=&#8221;1\/3&#8243;][vc_single_image image=&#8221;1702&#8243; img_size=&#8221;full&#8221;][vc_column_text css=&#8221;.vc_custom_1635240774609{margin-top: 3rem !important;}&#8221;]<\/p>\n<h4 class=\"trx_addons_no_margin\">M\u00e0n C\u1eeda<\/h4>\n<p>[\/vc_column_text][vc_separator color=&#8221;custom&#8221; accent_color=&#8221;#cfd6db&#8221; css=&#8221;.vc_custom_1507185760989{margin-top: 1.45rem !important;margin-bottom: 1.45rem !important;}&#8221;][vc_column_text]M\u00e0n ANNA t\u1ef1 h\u00e0o \u0111\u00e3 l\u00e0m n\u00ean s\u1ef1 hi\u1ec7n \u0111\u1ea1i c\u00e1c c\u00f4ng tr\u00ecnh x\u00e2y d\u1ef1ng, n\u00e9t thanh l\u1ecbch n\u01a1i c\u00f4ng s\u1edf, v\u1ebb \u0111\u1eb9p sang tr\u1ecdng c\u1ee7a nh\u00e0 h\u00e0ng, kh\u00e1ch s\u1ea1n, phong c\u00e1ch \u0111\u1ed9c \u0111\u00e1o cho nh\u1eefng ng\u00f4i bi\u1ec7t th\u1ef1, s\u1ef1 \u1ea5m c\u00fang cho c\u00e1c ng\u00f4i nh\u00e0 v\u00e0 c\u0103n h\u1ed9.<br \/>\n[\/vc_column_text][vc_empty_space height=&#8221;20px&#8221; alter_height=&#8221;none&#8221; hide_on_desktop=&#8221;&#8221; hide_on_notebook=&#8221;&#8221; hide_on_tablet=&#8221;&#8221; hide_on_mobile=&#8221;&#8221; css=&#8221;.vc_custom_1632113229520{margin-top: -0.4rem !important;}&#8221;]<a href=\"\/danh-muc-san-pham\/man-cua\/\" id=\"sc_button_1219444761\" class=\"sc_button color_style_default sc_button_default sc_button_size_normal sc_button_icon_left\" target=\"_blank\"><span class=\"sc_button_text\"><span class=\"sc_button_title\">Xem th\u00eam<\/span><\/span><!-- \/.sc_button_text --><\/a><!-- \/.sc_button -->[vc_empty_space height=&#8221;30px&#8221; alter_height=&#8221;none&#8221; hide_on_desktop=&#8221;&#8221; hide_on_notebook=&#8221;&#8221; hide_on_tablet=&#8221;&#8221; hide_on_mobile=&#8221;&#8221; css=&#8221;.vc_custom_1632113199109{margin-top: -0.4rem !important;}&#8221;][\/vc_column][vc_column width=&#8221;1\/3&#8243;][vc_single_image image=&#8221;1705&#8243; img_size=&#8221;full&#8221;][vc_column_text css=&#8221;.vc_custom_1635240786407{margin-top: 3rem !important;}&#8221;]<\/p>\n<h4 class=\"trx_addons_no_margin\">R\u00e8m C\u1eeda<\/h4>\n<p>[\/vc_column_text][vc_separator color=&#8221;custom&#8221; accent_color=&#8221;#cfd6db&#8221; css=&#8221;.vc_custom_1507185760989{margin-top: 1.45rem !important;margin-bottom: 1.45rem !important;}&#8221;][vc_column_text]<\/p>\n<div class=\"wpb_text_column wpb_content_element \">\n<div class=\"wpb_wrapper\">\n<p>R\u00e8m c\u1eeda l\u00e0 ph\u1ea7n kh\u00f4ng th\u1ec3 thi\u1ebfu trong m\u1ed7i ng\u00f4i nh\u00e0, \u0111em l\u1ea1i s\u1ef1 \u1ea5m c\u00fang che ch\u1eafn cho cu\u1ed9c s\u1ed1ng c\u1ee7a ch\u00fang ta, ngo\u00e0i ra r\u00e8m \u0111em l\u1ea1i l\u1ee3i \u00edch kh\u00f4ng nh\u1ecf trong thi\u1ebft k\u1ebf n\u1ed9i th\u1ea5t, kh\u00f4ng gian s\u1ed1ng.<\/p>\n<\/div>\n<\/div>\n<p>[\/vc_column_text][vc_empty_space height=&#8221;20px&#8221; alter_height=&#8221;none&#8221; hide_on_desktop=&#8221;&#8221; hide_on_notebook=&#8221;&#8221; hide_on_tablet=&#8221;&#8221; hide_on_mobile=&#8221;&#8221; css=&#8221;.vc_custom_1632113229520{margin-top: -0.4rem !important;}&#8221;]<a href=\"\/danh-muc-san-pham\/man-cua\/\" id=\"sc_button_1774048097\" class=\"sc_button color_style_default sc_button_default sc_button_size_normal sc_button_icon_left\" target=\"_blank\"><span class=\"sc_button_text\"><span class=\"sc_button_title\">Xem th\u00eam<\/span><\/span><!-- \/.sc_button_text --><\/a><!-- \/.sc_button -->[vc_empty_space height=&#8221;30px&#8221; alter_height=&#8221;none&#8221; hide_on_desktop=&#8221;&#8221; hide_on_notebook=&#8221;&#8221; hide_on_tablet=&#8221;&#8221; hide_on_mobile=&#8221;&#8221; css=&#8221;.vc_custom_1632113199109{margin-top: -0.4rem !important;}&#8221;][\/vc_column][vc_column width=&#8221;1\/3&#8243;][vc_single_image image=&#8221;1715&#8243; img_size=&#8221;full&#8221;][vc_column_text css=&#8221;.vc_custom_1507185888509{margin-top: 3rem !important;}&#8221;]<\/p>\n<h4 class=\"trx_addons_no_margin\">S\u1ea3n xu\u1ea5t &amp; ph\u00e2n ph\u1ed1i<\/h4>\n<p>[\/vc_column_text][vc_separator color=&#8221;custom&#8221; accent_color=&#8221;#cfd6db&#8221; css=&#8221;.vc_custom_1507185760989{margin-top: 1.45rem !important;margin-bottom: 1.45rem !important;}&#8221;][vc_column_text]S\u1ea3n xu\u1ea5t v\u00e0 th\u01b0\u01a1ng m\u1ea1i c\u00e1c motor cao c\u1ea5p m\u00e0n c\u1eeda t\u1ef1 \u0111\u1ed9ng, sky light. Nh\u1eadp kh\u1ea9u v\u1ea3i n\u1ed9i th\u1ea5t cao c\u1ea5p, v\u1ea3i chuy\u00ean d\u00f9ng m\u00e0n s\u00e1o, m\u00e0n v\u1ea3i, chuy\u00ean d\u00f9ng ngo\u00e0i tr\u1eddi\u2026 Nh\u1eadp kh\u1ea9u th\u1ea3m s\u00e0n, s\u00e0n g\u1ed7.[\/vc_column_text][vc_empty_space height=&#8221;20px&#8221; alter_height=&#8221;none&#8221; hide_on_desktop=&#8221;&#8221; hide_on_notebook=&#8221;&#8221; hide_on_tablet=&#8221;&#8221; hide_on_mobile=&#8221;&#8221; css=&#8221;.vc_custom_1632113229520{margin-top: -0.4rem !important;}&#8221;]<a href=\"\/danh-muc-san-pham\/thanh-man-phu-kien\/\" id=\"sc_button_914460487\" class=\"sc_button color_style_default sc_button_default sc_button_size_normal sc_button_icon_left\" target=\"_blank\"><span class=\"sc_button_text\"><span class=\"sc_button_title\">Xem th\u00eam<\/span><\/span><!-- \/.sc_button_text --><\/a><!-- \/.sc_button -->[vc_empty_space height=&#8221;30px&#8221; alter_height=&#8221;none&#8221; hide_on_desktop=&#8221;&#8221; hide_on_notebook=&#8221;&#8221; hide_on_tablet=&#8221;&#8221; hide_on_mobile=&#8221;&#8221; css=&#8221;.vc_custom_1632113199109{margin-top: -0.4rem !important;}&#8221;][\/vc_column][\/vc_row][vc_row][vc_column][vc_empty_space height=&#8221;50px&#8221; alter_height=&#8221;none&#8221; hide_on_desktop=&#8221;&#8221; hide_on_notebook=&#8221;&#8221; hide_on_tablet=&#8221;1&#8243; hide_on_mobile=&#8221;1&#8243; css=&#8221;.vc_custom_1632113171006{margin-top: -0.4rem !important;}&#8221;][\/vc_column][\/vc_row][vc_row full_width=&#8221;stretch_row&#8221; scheme=&#8221;dark&#8221; hide_bg_image_on_tablet=&#8221;&#8221; hide_bg_image_on_mobile=&#8221;&#8221; css=&#8221;.vc_custom_1631803808060{background-color: #0c2636 !important;}&#8221; el_id=&#8221;about_service&#8221;][vc_column][vc_empty_space alter_height=&#8221;huge&#8221; hide_on_desktop=&#8221;&#8221; hide_on_notebook=&#8221;&#8221; hide_on_tablet=&#8221;&#8221; hide_on_mobile=&#8221;&#8221; css=&#8221;.vc_custom_1507186778863{margin-top: -0.6rem !important;}&#8221;]<div id=\"sc_services_863611681\" class=\"sc_services color_style_default sc_services_default sc_services_featured_top\"><h6 class=\"sc_item_title sc_services_title sc_align_center sc_item_title_style_default sc_item_title_tag\">T\u1ea1i sao ch\u1ecdn ch\u00fang t\u00f4i?<\/h6><div class=\"sc_services_columns_wrap sc_item_columns sc_item_columns_4 trx_addons_columns_wrap columns_padding_bottom\"><div class=\"trx_addons_column-1_4\"><div class=\"sc_services_item without_content with_icon sc_services_item_featured_top\">\n\t<a href=\"https:\/\/demo8.thuythu.com\/annablinds-32\/dich-vu\/hon-10-nam-kinh-nghiem\/\"\n\t\t\t id=\"sc_services_863611681_icon-05_20years_1\"\n\t\t\t class=\"sc_services_item_icon icon-05_20years\"><\/a>\t\n\t<div class=\"sc_services_item_info\">\n\t\t<div class=\"sc_services_item_header\">\n\t\t\t<h4 class=\"sc_services_item_title\"><a href=\"https:\/\/demo8.thuythu.com\/annablinds-32\/dich-vu\/hon-10-nam-kinh-nghiem\/\">H\u01a1n 10 n\u0103m kinh nghi\u1ec7m<\/a><\/h4>\n\t\t\t<div class=\"sc_services_item_subtitle\"><a href=\"https:\/\/demo8.thuythu.com\/annablinds-32\/services_group\/why-choose-us\/\" title=\"View all posts in Why Choose Us\">Why Choose Us<\/a><\/div>\n\t\t<\/div>\n\t\t\t<\/div>\n<\/div>\n<\/div><div class=\"trx_addons_column-1_4\"><div class=\"sc_services_item without_content with_icon sc_services_item_featured_top\">\n\t<a href=\"https:\/\/demo8.thuythu.com\/annablinds-32\/dich-vu\/dich-vu-khach-hang-chat-luong\/\"\n\t\t\t id=\"sc_services_863611681_icon-06_customer_serv_2\"\n\t\t\t class=\"sc_services_item_icon icon-06_customer_serv\"><\/a>\t\n\t<div class=\"sc_services_item_info\">\n\t\t<div class=\"sc_services_item_header\">\n\t\t\t<h4 class=\"sc_services_item_title\"><a href=\"https:\/\/demo8.thuythu.com\/annablinds-32\/dich-vu\/dich-vu-khach-hang-chat-luong\/\">D\u1ecbch v\u1ee5 kh\u00e1ch h\u00e0ng ch\u1ea5t l\u01b0\u1ee3ng<\/a><\/h4>\n\t\t\t<div class=\"sc_services_item_subtitle\"><a href=\"https:\/\/demo8.thuythu.com\/annablinds-32\/services_group\/why-choose-us\/\" title=\"View all posts in Why Choose Us\">Why Choose Us<\/a><\/div>\n\t\t<\/div>\n\t\t\t<\/div>\n<\/div>\n<\/div><div class=\"trx_addons_column-1_4\"><div class=\"sc_services_item without_content with_icon sc_services_item_featured_top\">\n\t<a href=\"https:\/\/demo8.thuythu.com\/annablinds-32\/dich-vu\/hon-500-dai-ly-tren-toan-quoc\/\"\n\t\t\t id=\"sc_services_863611681_icon-untitled-6_3\"\n\t\t\t class=\"sc_services_item_icon icon-untitled-6\"><\/a>\t\n\t<div class=\"sc_services_item_info\">\n\t\t<div class=\"sc_services_item_header\">\n\t\t\t<h4 class=\"sc_services_item_title\"><a href=\"https:\/\/demo8.thuythu.com\/annablinds-32\/dich-vu\/hon-500-dai-ly-tren-toan-quoc\/\">H\u01a1n 500 \u0111\u1ea1i l\u00fd tr\u00ean to\u00e0n qu\u1ed1c<\/a><\/h4>\n\t\t\t<div class=\"sc_services_item_subtitle\"><a href=\"https:\/\/demo8.thuythu.com\/annablinds-32\/services_group\/why-choose-us\/\" title=\"View all posts in Why Choose Us\">Why Choose Us<\/a><\/div>\n\t\t<\/div>\n\t\t\t<\/div>\n<\/div>\n<\/div><div class=\"trx_addons_column-1_4\"><div class=\"sc_services_item without_content with_icon sc_services_item_featured_top\">\n\t<a href=\"https:\/\/demo8.thuythu.com\/annablinds-32\/dich-vu\/san-pham-da-dang-mau-ma\/\"\n\t\t\t id=\"sc_services_863611681_icon-08_fabrics_4\"\n\t\t\t class=\"sc_services_item_icon icon-08_fabrics\"><\/a>\t\n\t<div class=\"sc_services_item_info\">\n\t\t<div class=\"sc_services_item_header\">\n\t\t\t<h4 class=\"sc_services_item_title\"><a href=\"https:\/\/demo8.thuythu.com\/annablinds-32\/dich-vu\/san-pham-da-dang-mau-ma\/\">S\u1ea3n ph\u1ea9m \u0111a d\u1ea1ng m\u1eabu m\u00e3<\/a><\/h4>\n\t\t\t<div class=\"sc_services_item_subtitle\"><a href=\"https:\/\/demo8.thuythu.com\/annablinds-32\/services_group\/why-choose-us\/\" title=\"View all posts in Why Choose Us\">Why Choose Us<\/a><\/div>\n\t\t<\/div>\n\t\t\t<\/div>\n<\/div>\n<\/div><\/div><\/div><!-- \/.sc_services -->[vc_empty_space alter_height=&#8221;large&#8221; hide_on_desktop=&#8221;&#8221; hide_on_notebook=&#8221;&#8221; hide_on_tablet=&#8221;1&#8243; hide_on_mobile=&#8221;1&#8243; css=&#8221;.vc_custom_1632113327494{margin-top: -0.6rem !important;}&#8221;][\/vc_column][\/vc_row][vc_row full_width=&#8221;stretch_row&#8221; hide_bg_image_on_tablet=&#8221;&#8221; hide_bg_image_on_mobile=&#8221;&#8221; css=&#8221;.vc_custom_1632111038539{background-color: #f6f6f6 !important;}&#8221;][vc_column][vc_empty_space alter_height=&#8221;huge&#8221; hide_on_desktop=&#8221;&#8221; hide_on_notebook=&#8221;&#8221; hide_on_tablet=&#8221;&#8221; hide_on_mobile=&#8221;&#8221;][\/vc_column][vc_column width=&#8221;1\/3&#8243;]<div id=\"sc_title_1781040844\"\n\t\tclass=\"sc_title color_style_default sc_title_default  vc_custom_1507187578906\"><h6 class=\"sc_item_subtitle sc_title_subtitle sc_align_left sc_item_title_style_default\">H\u1ed7 tr\u1ee3 nhanh ch\u00f3ng<\/h6><h3 class=\"sc_item_title sc_title_title sc_align_left sc_item_title_style_default\">B\u1ea1n c\u1ea7n t\u01b0 v\u1ea5n?<\/h3><div class=\"sc_item_descr sc_title_descr sc_align_left\"><p>Vui l\u00f2ng \u0111\u1ec3 l\u1ea1i th\u00f4ng tin \u1edf form b\u00ean c\u1ea1nh. Ch\u00fang t\u00f4i s\u1ebd nhanh ch\u00f3ng li\u00ean h\u1ec7 v\u00e0 t\u01b0 v\u1ea5n \u0111\u1ebfn qu\u00fd kh\u00e1ch h\u00e0ng.<\/p>\n<\/div><\/div><!-- \/.sc_title -->[vc_empty_space alter_height=&#8221;medium&#8221; hide_on_desktop=&#8221;&#8221; hide_on_notebook=&#8221;&#8221; hide_on_tablet=&#8221;&#8221; hide_on_mobile=&#8221;&#8221;][\/vc_column][vc_column width=&#8221;2\/3&#8243;]<div role=\"form\" class=\"wpcf7\" id=\"wpcf7-f657-o1\" lang=\"en-US\" dir=\"ltr\">\n<div class=\"screen-reader-response\"><p role=\"status\" aria-live=\"polite\" aria-atomic=\"true\"><\/p> <ul><\/ul><\/div>\n<form action=\"\/annablinds-32\/wp-json\/wp\/v2\/pages\/103#wpcf7-f657-o1\" method=\"post\" class=\"wpcf7-form init\" novalidate=\"novalidate\" data-status=\"init\">\n<div style=\"display: none;\">\n<input type=\"hidden\" name=\"_wpcf7\" value=\"657\" \/>\n<input type=\"hidden\" name=\"_wpcf7_version\" value=\"5.4.2\" \/>\n<input type=\"hidden\" name=\"_wpcf7_locale\" value=\"en_US\" \/>\n<input type=\"hidden\" name=\"_wpcf7_unit_tag\" value=\"wpcf7-f657-o1\" \/>\n<input type=\"hidden\" name=\"_wpcf7_container_post\" value=\"0\" \/>\n<input type=\"hidden\" name=\"_wpcf7_posted_data_hash\" value=\"\" \/>\n<\/div>\n<div class=\"columns_wrap\">\n<div class=\"column-1_2\"><span class=\"wpcf7-form-control-wrap your-name\"><input type=\"text\" name=\"your-name\" value=\"\" size=\"40\" class=\"wpcf7-form-control wpcf7-text wpcf7-validates-as-required\" aria-required=\"true\" aria-invalid=\"false\" placeholder=\"T\u00ean*\" \/><\/span><br \/>\n<span class=\"wpcf7-form-control-wrap your-email\"><input type=\"email\" name=\"your-email\" value=\"\" size=\"40\" class=\"wpcf7-form-control wpcf7-text wpcf7-email wpcf7-validates-as-required wpcf7-validates-as-email\" aria-required=\"true\" aria-invalid=\"false\" placeholder=\"Email*\" \/><\/span><br \/>\n<span class=\"wpcf7-form-control-wrap tel-431\"><input type=\"tel\" name=\"tel-431\" value=\"\" size=\"40\" class=\"wpcf7-form-control wpcf7-text wpcf7-tel wpcf7-validates-as-tel\" aria-invalid=\"false\" placeholder=\"S\u1ed1 \u0111i\u1ec7n tho\u1ea1i\" \/><\/span><br \/>\n<span class=\"wpcf7-form-control-wrap your-subject\"><input type=\"text\" name=\"your-subject\" value=\"\" size=\"40\" class=\"wpcf7-form-control wpcf7-text\" aria-invalid=\"false\" placeholder=\"Ti\u00eau \u0111\u1ec1\" \/><\/span><\/div>\n<div class=\"column-1_2\">\n<span class=\"wpcf7-form-control-wrap your-message\"><textarea name=\"your-message\" cols=\"40\" rows=\"10\" class=\"wpcf7-form-control wpcf7-textarea wpcf7-validates-as-required\" aria-required=\"true\" aria-invalid=\"false\" placeholder=\"N\u1ed9i dung*\"><\/textarea><\/span><br \/>\n<input type=\"submit\" value=\"G\u1eedi\" class=\"wpcf7-form-control wpcf7-submit\" \/><\/div>\n<\/div>\n<div class=\"wpcf7-response-output\" aria-hidden=\"true\"><\/div><\/form><\/div>[\/vc_column][vc_column][vc_empty_space alter_height=&#8221;large&#8221; hide_on_desktop=&#8221;&#8221; hide_on_notebook=&#8221;&#8221; hide_on_tablet=&#8221;&#8221; hide_on_mobile=&#8221;&#8221; css=&#8221;.vc_custom_1507190125027{margin-top: -0.4rem !important;}&#8221;][\/vc_column][\/vc_row]<\/p>\n","protected":false},"excerpt":{"rendered":"<p>[vc_row][vc_column][vc_empty_space alter_height=&#8221;huge&#8221; hide_on_desktop=&#8221;&#8221; hide_on_notebook=&#8221;&#8221; hide_on_tablet=&#8221;&#8221; hide_on_mobile=&#8221;&#8221;][vc_empty_space alter_height=&#8221;medium&#8221; hide_on_desktop=&#8221;&#8221; hide_on_notebook=&#8221;&#8221; hide_on_tablet=&#8221;&#8221; hide_on_mobile=&#8221;&#8221; css=&#8221;.vc_custom_1507185435221{margin-bottom: -0.5rem !important;}&#8221;][vc_empty_space alter_height=&#8221;medium&#8221; hide_on_desktop=&#8221;&#8221; hide_on_notebook=&#8221;&#8221; hide_on_tablet=&#8221;&#8221; hide_on_mobile=&#8221;&#8221; css=&#8221;.vc_custom_1507185605895{margin-top: -0.4rem !important;}&#8221;][\/vc_column][\/vc_row][vc_row][vc_column width=&#8221;1\/3&#8243;][vc_single_image image=&#8221;1702&#8243; img_size=&#8221;full&#8221;][vc_column_text css=&#8221;.vc_custom_1635240774609{margin-top: 3rem !important;}&#8221;] M\u00e0n C\u1eeda [\/vc_column_text][vc_separator color=&#8221;custom&#8221; accent_color=&#8221;#cfd6db&#8221; css=&#8221;.vc_custom_1507185760989{margin-top: 1.45rem !important;margin-bottom: 1.45rem !important;}&#8221;][vc_column_text]M\u00e0n ANNA t\u1ef1 h\u00e0o \u0111\u00e3 l\u00e0m n\u00ean s\u1ef1 hi\u1ec7n \u0111\u1ea1i c\u00e1c c\u00f4ng tr\u00ecnh x\u00e2y d\u1ef1ng, n\u00e9t thanh l\u1ecbch n\u01a1i c\u00f4ng s\u1edf, v\u1ebb \u0111\u1eb9p&hellip;<\/p>\n","protected":false},"author":1,"featured_media":2119,"parent":0,"menu_order":0,"comment_status":"closed","ping_status":"closed","template":"","meta":[],"_links":{"self":[{"href":"https:\/\/demo8.thuythu.com\/annablinds-32\/wp-json\/wp\/v2\/pages\/103"}],"collection":[{"href":"https:\/\/demo8.thuythu.com\/annablinds-32\/wp-json\/wp\/v2\/pages"}],"about":[{"href":"https:\/\/demo8.thuythu.com\/annablinds-32\/wp-json\/wp\/v2\/types\/page"}],"author":[{"embeddable":true,"href":"https:\/\/demo8.thuythu.com\/annablinds-32\/wp-json\/wp\/v2\/users\/1"}],"replies":[{"embeddable":true,"href":"https:\/\/demo8.thuythu.com\/annablinds-32\/wp-json\/wp\/v2\/comments?post=103"}],"version-history":[{"count":37,"href":"https:\/\/demo8.thuythu.com\/annablinds-32\/wp-json\/wp\/v2\/pages\/103\/revisions"}],"predecessor-version":[{"id":2064,"href":"https:\/\/demo8.thuythu.com\/annablinds-32\/wp-json\/wp\/v2\/pages\/103\/revisions\/2064"}],"wp:featuredmedia":[{"embeddable":true,"href":"https:\/\/demo8.thuythu.com\/annablinds-32\/wp-json\/wp\/v2\/media\/2119"}],"wp:attachment":[{"href":"https:\/\/demo8.thuythu.com\/annablinds-32\/wp-json\/wp\/v2\/media?parent=103"}],"curies":[{"name":"wp","href":"https:\/\/api.w.org\/{rel}","templated":true}]}}