{"id":107,"date":"2017-07-11T14:28:22","date_gmt":"2017-07-11T14:28:22","guid":{"rendered":"https:\/\/demo8.thuythu.com\/annablinds-32\/?page_id=107"},"modified":"2021-09-21T15:53:09","modified_gmt":"2021-09-21T08:53:09","slug":"lien-he","status":"publish","type":"page","link":"https:\/\/demo8.thuythu.com\/annablinds-32\/lien-he\/","title":{"rendered":"Li\u00ean h\u1ec7"},"content":{"rendered":"<p>[vc_row full_width=&#8221;stretch_row_content_no_spaces&#8221;][vc_column]<div id=\"sc_googlemap_1434857072_wrap\" class=\"sc_googlemap_wrap\"><div class=\"sc_googlemap_content_wrap\"><div id=\"sc_googlemap_1434857072\"\n\t\t\tclass=\"sc_googlemap sc_googlemap_default\"\n\t\t\t style=\"width:100%;height:464px;\"\t\t\tdata-zoom=\"12\"\n\t\t\tdata-style=\"grey\"\n\t\t\tdata-cluster-icon=\"\"\n        ><iframe\n                    src=\"https:\/\/maps.google.com\/maps?t=m&output=embed&iwloc=near&z=12&q=457+L%C3%BD+Th%C3%A1i+T%E1%BB%95%2C+Ph%C6%B0%E1%BB%9Dng+9%2C+Qu%E1%BA%ADn+10%2C+TP.+HCM\"\n                    scrolling=\"no\"\n                    marginheight=\"0\"\n                    marginwidth=\"0\"\n                    frameborder=\"0\"\n                    aria-label=\"\"><\/iframe><\/div>\t\t\t<div class=\"sc_googlemap_content color_style_default sc_googlemap_content_default\">[vc_column_text]<iframe loading=\"lazy\" style=\"border: 0;\" src=\"https:\/\/www.google.com\/maps\/embed?pb=!1m18!1m12!1m3!1d3919.5673787881615!2d106.66632991483648!3d10.767786862297383!2m3!1f0!2f0!3f0!3m2!1i1024!2i768!4f13.1!3m3!1m2!1s0x31752ee76b74ef39%3A0x3a4eadd3b0781881!2zNDU3IEzDvSBUaMOhaSBU4buVLCBQaMaw4budbmcgOSwgUXXhuq1uIDEwLCBUaMOgbmggcGjhu5EgSOG7kyBDaMOtIE1pbmgsIFZpZXRuYW0!5e0!3m2!1sen!2s!4v1626890039993!5m2!1sen!2s\" width=\"100%\" height=\"450\" allowfullscreen=\"allowfullscreen\"><\/iframe>[\/vc_column_text]<\/div>\n\t\t<\/div>\n\t\t<\/div><!-- \/.sc_googlemap_wrap -->[\/vc_column][\/vc_row][vc_row full_width=&#8221;stretch_row&#8221; hide_bg_image_on_tablet=&#8221;&#8221; hide_bg_image_on_mobile=&#8221;&#8221; css=&#8221;.vc_custom_1632109042454{background-color: #f6f6f6 !important;}&#8221;][vc_column width=&#8221;1\/2&#8243;]<div class=\"sc_content_wrap sc_push_medium\"><div id=\"sc_content_428968935\"\n\t\tclass=\"sc_content color_style_default scheme_dark sc_content_default sc_float_center sc_padding_small sc_margin_tiny  vc_custom_1626968360740\"><div class=\"sc_content_container\"><div id=\"sc_title_1208410984\"\n\t\tclass=\"sc_title color_style_default sc_title_default\"><h4 class=\"sc_item_title sc_title_title sc_align_left sc_item_title_style_default sc_item_title_tag\">C\u00d4NG TY TNHH MTV ANNA KHANG<\/h4><\/div><!-- \/.sc_title -->[vc_separator color=&#8221;custom&#8221; accent_color=&#8221;#3d515e&#8221; css=&#8221;.vc_custom_1506952319686{margin-top: 1.35rem !important;margin-bottom: 1.6rem !important;}&#8221;]<div id=\"widget_contacts_2139589144\" class=\"widget_area sc_widget_contacts vc_widget_contacts wpb_content_element\"><aside id=\"widget_contacts_2139589144_widget\" class=\"widget widget_contacts\"><div class=\"contacts_wrap\"><div class=\"contacts_info\"><span class=\"contacts_address\">457 L\u00fd Th\u00e1i T\u1ed5, Ph\u01b0\u1eddng 9, Qu\u1eadn 10, TP. HCM<\/span><span class=\"contacts_email\"><a href=\"mailto:&#109;&#97;nsao&#64;an&#110;a&#46;&#118;&#110;\">m&#97;&#110;&#115;&#97;o&#64;&#97;&#110;&#110;a.&#118;n<\/a><\/span><div class=\"contacts_phone\"><a href=\"tel:02822433318\" >(028) 22 433 318<\/a> \u2013 <a href=\"tel:02866575678\">66 575 678<\/a> \u2013 <a href=\"tel:0814123123\">0814 123 123<\/a> (Mr. H\u1ed3ng)<\/div><\/div><\/div><!-- \/.contacts_wrap --><\/aside><\/div>[vc_empty_space alter_height=&#8221;small&#8221; hide_on_desktop=&#8221;&#8221; hide_on_notebook=&#8221;&#8221; hide_on_tablet=&#8221;&#8221; hide_on_mobile=&#8221;&#8221; css=&#8221;.vc_custom_1506952405222{margin-bottom: -0.35rem !important;}&#8221;][vc_single_image image=&#8221;949&#8243; img_size=&#8221;full&#8221; alignment=&#8221;center&#8221; css=&#8221;.vc_custom_1626968516058{margin-bottom: 0.3rem !important;}&#8221;]<\/div><\/div><!-- \/.sc_content --><\/div><!-- \/.sc_content_wrap -->[\/vc_column][vc_column width=&#8221;1\/2&#8243;][vc_empty_space alter_height=&#8221;medium&#8221; hide_on_desktop=&#8221;&#8221; hide_on_notebook=&#8221;&#8221; hide_on_tablet=&#8221;&#8221; hide_on_mobile=&#8221;&#8221;][vc_column_text css=&#8221;.vc_custom_1626891520709{padding-bottom: 1.7rem !important;}&#8221;]B\u1ea1n c\u00f3 c\u00e2u h\u1ecfi? Ch\u1ec9 c\u1ea7n \u0111i\u1ec1n v\u00e0o bi\u1ec3u m\u1eabu b\u00ean d\u01b0\u1edbi v\u00e0 ch\u00fang t\u00f4i s\u1ebd li\u00ean h\u1ec7 l\u1ea1i v\u1edbi b\u1ea1n s\u1edbm nh\u1ea5t c\u00f3 th\u1ec3[\/vc_column_text]<div role=\"form\" class=\"wpcf7\" id=\"wpcf7-f844-o1\" lang=\"en-US\" dir=\"ltr\">\n<div class=\"screen-reader-response\"><p role=\"status\" aria-live=\"polite\" aria-atomic=\"true\"><\/p> <ul><\/ul><\/div>\n<form action=\"\/annablinds-32\/wp-json\/wp\/v2\/pages\/107#wpcf7-f844-o1\" method=\"post\" class=\"wpcf7-form init\" novalidate=\"novalidate\" data-status=\"init\">\n<div style=\"display: none;\">\n<input type=\"hidden\" name=\"_wpcf7\" value=\"844\" \/>\n<input type=\"hidden\" name=\"_wpcf7_version\" value=\"5.4.2\" \/>\n<input type=\"hidden\" name=\"_wpcf7_locale\" value=\"en_US\" \/>\n<input type=\"hidden\" name=\"_wpcf7_unit_tag\" value=\"wpcf7-f844-o1\" \/>\n<input type=\"hidden\" name=\"_wpcf7_container_post\" value=\"0\" \/>\n<input type=\"hidden\" name=\"_wpcf7_posted_data_hash\" value=\"\" \/>\n<\/div>\n<div class=\"contact_us\">\n<div class=\"flex\">\n<div class='itm row' ><span class=\"wpcf7-form-control-wrap your-name\"><input type=\"text\" name=\"your-name\" value=\"\" size=\"40\" class=\"wpcf7-form-control wpcf7-text wpcf7-validates-as-required\" aria-required=\"true\" aria-invalid=\"false\" placeholder=\"H\u1ecd v\u00e0 T\u00ean*\" \/><\/span><\/div>\n<div class='itm row'><span class=\"wpcf7-form-control-wrap your-email\"><input type=\"email\" name=\"your-email\" value=\"\" size=\"40\" class=\"wpcf7-form-control wpcf7-text wpcf7-email wpcf7-validates-as-required wpcf7-validates-as-email\" aria-required=\"true\" aria-invalid=\"false\" placeholder=\"E-mail*\" \/><\/span><\/div>\n<\/div>\n<div class=''><span class=\"wpcf7-form-control-wrap your-message\"><textarea name=\"your-message\" cols=\"40\" rows=\"10\" class=\"wpcf7-form-control wpcf7-textarea wpcf7-validates-as-required\" aria-required=\"true\" aria-invalid=\"false\" placeholder=\"N\u1ed9i dung*\"><\/textarea><\/span><\/div>\n<div class=\"sc_form_field sc_form_field_button sc_form_field_submit\"><input type=\"submit\" value=\"G\u1eedi li\u00ean h\u1ec7\" class=\"wpcf7-form-control wpcf7-submit\" \/><\/div>\n<\/div>\n<div class=\"wpcf7-response-output\" aria-hidden=\"true\"><\/div><\/form><\/div>[\/vc_column][vc_column][vc_empty_space alter_height=&#8221;huge&#8221; hide_on_desktop=&#8221;&#8221; hide_on_notebook=&#8221;&#8221; hide_on_tablet=&#8221;&#8221; hide_on_mobile=&#8221;&#8221;][\/vc_column][\/vc_row]<\/p>\n","protected":false},"excerpt":{"rendered":"<p>[vc_row full_width=&#8221;stretch_row_content_no_spaces&#8221;][vc_column][\/vc_column][\/vc_row][vc_row full_width=&#8221;stretch_row&#8221; hide_bg_image_on_tablet=&#8221;&#8221; hide_bg_image_on_mobile=&#8221;&#8221; css=&#8221;.vc_custom_1632109042454{background-color: #f6f6f6 !important;}&#8221;][vc_column width=&#8221;1\/2&#8243;][\/vc_column][vc_column width=&#8221;1\/2&#8243;][vc_empty_space alter_height=&#8221;medium&#8221; hide_on_desktop=&#8221;&#8221; hide_on_notebook=&#8221;&#8221; hide_on_tablet=&#8221;&#8221; hide_on_mobile=&#8221;&#8221;][vc_column_text css=&#8221;.vc_custom_1626891520709{padding-bottom: 1.7rem !important;}&#8221;]B\u1ea1n c\u00f3 c\u00e2u h\u1ecfi? Ch\u1ec9 c\u1ea7n \u0111i\u1ec1n v\u00e0o bi\u1ec3u m\u1eabu b\u00ean d\u01b0\u1edbi v\u00e0 ch\u00fang t\u00f4i s\u1ebd li\u00ean h\u1ec7 l\u1ea1i v\u1edbi b\u1ea1n s\u1edbm nh\u1ea5t c\u00f3 th\u1ec3[\/vc_column_text][\/vc_column][vc_column][vc_empty_space alter_height=&#8221;huge&#8221; hide_on_desktop=&#8221;&#8221; hide_on_notebook=&#8221;&#8221; hide_on_tablet=&#8221;&#8221; hide_on_mobile=&#8221;&#8221;][\/vc_column][\/vc_row]<\/p>\n","protected":false},"author":1,"featured_media":0,"parent":0,"menu_order":0,"comment_status":"closed","ping_status":"closed","template":"","meta":[],"_links":{"self":[{"href":"https:\/\/demo8.thuythu.com\/annablinds-32\/wp-json\/wp\/v2\/pages\/107"}],"collection":[{"href":"https:\/\/demo8.thuythu.com\/annablinds-32\/wp-json\/wp\/v2\/pages"}],"about":[{"href":"https:\/\/demo8.thuythu.com\/annablinds-32\/wp-json\/wp\/v2\/types\/page"}],"author":[{"embeddable":true,"href":"https:\/\/demo8.thuythu.com\/annablinds-32\/wp-json\/wp\/v2\/users\/1"}],"replies":[{"embeddable":true,"href":"https:\/\/demo8.thuythu.com\/annablinds-32\/wp-json\/wp\/v2\/comments?post=107"}],"version-history":[{"count":19,"href":"https:\/\/demo8.thuythu.com\/annablinds-32\/wp-json\/wp\/v2\/pages\/107\/revisions"}],"predecessor-version":[{"id":2532,"href":"https:\/\/demo8.thuythu.com\/annablinds-32\/wp-json\/wp\/v2\/pages\/107\/revisions\/2532"}],"wp:attachment":[{"href":"https:\/\/demo8.thuythu.com\/annablinds-32\/wp-json\/wp\/v2\/media?parent=107"}],"curies":[{"name":"wp","href":"https:\/\/api.w.org\/{rel}","templated":true}]}}