{"id":1809,"date":"2022-01-04T14:34:04","date_gmt":"2022-01-04T07:34:04","guid":{"rendered":"https:\/\/demo8.thuythu.com\/annablinds-32\/?post_type=product&#038;p=1809"},"modified":"2023-05-20T14:25:55","modified_gmt":"2023-05-20T07:25:55","slug":"man-cuon-cao-cap","status":"publish","type":"product","link":"https:\/\/demo8.thuythu.com\/annablinds-32\/san-pham\/man-cuon-cao-cap\/","title":{"rendered":"M\u00e0n cu\u1ed1n cao c\u1ea5p"},"content":{"rendered":"<h3><strong>M\u00e0n cu\u1ed1n cao c\u1ea5p<\/strong><\/h3>\n<p>M\u00e0n cu\u1ed1n c\u00f3 l\u1eafp H\u1ec7 th\u1ed1ng Motor v\u00e0 \u0111i\u1ec1u khi\u1ec3n t\u1eeb xa: ( c\u00f3 s\u1eb5n \u1ed1ng 2.00m)<\/p>\n<p>M\u00e0n cu\u1ed1n l\u00ean, xu\u1ed1ng t\u1ef1 \u0111\u1ed9ng \u0111i\u1ec1u ch\u1ec9nh b\u1eb1ng remote, ti\u1ec7n d\u1ee5ng trong c\u00f4ng s\u1edf l\u00e0m m\u00e0n chi\u1ebfu ch\u01b0\u01a1ng tr\u00ecnh, th\u1ec3 hi\u1ec7n n\u00e9t hi\u1ec7n \u0111\u1ea1i cho nh\u1eefng ng\u00f4i nh\u00e0 c\u00f3 phong c\u00e1ch.<\/p>\n<p>S\u1ea3n ph\u1ea9m nh\u1eadp kh\u1ea9u t\u1eeb \u0110\u00e0i Loan, ch\u1ea5t l\u01b0\u1ee3ng cao, \u0111i\u1ec7n 220V,50Hz.<\/p>\n<p>Motor \u0111\u01b0\u1ee3c \u0111\u01b0\u1ee3c l\u1eafp b\u00ean trong \u1ed1ng m\u00e0n, r\u1ea5t th\u1ea9m m\u1ef9 v\u00e0 kh\u00f4ng h\u1ea1n ch\u1ebf chi\u1ec1u cao.<\/p>\n<p>\u0110i k\u00e8m l\u00e0 b\u1ed9 nh\u1ea5n n\u00fat v\u00e0 \u0111i\u1ec1u khi\u1ec3n t\u1eeb xa, c\u00f3 th\u1ec3 l\u1eadp tr\u00ecnh theo nh\u00f3m.<\/p>\n<h3><a href=\"https:\/\/demo8.thuythu.com\/annablinds-32\/wp-content\/uploads\/2022\/01\/bang-gia-man-cuon-2.pdf\" target=\"_blank\" rel=\"noopener\"><strong>Click xem chi ti\u1ebft b\u1ea3ng gi\u00e1 m\u00e0n cu\u1ed1n cao c\u1ea5p<\/strong><\/a><\/h3>\n<p><span style=\"color: #ff0000;\"><strong>\u00c1p d\u1ee5ng: 10\/11\/2021<\/strong><\/span><\/p>\n<table style=\"display: none;\" border=\"0\" width=\"100%\" cellspacing=\"0\" cellpadding=\"0\">\n<tbody>\n<tr>\n<td style=\"background-color: #ed1c24; color: #ffffff; padding: 10px;\">M\u00e3 h\u00e0ng<\/td>\n<td style=\"background-color: #ed1c24; color: #ffffff; padding: 10px;\">Gi\u00e1<\/td>\n<td style=\"background-color: #ed1c24; color: #ffffff; padding: 10px;\">Kh\u1ed5<\/td>\n<td style=\"background-color: #ed1c24; color: #ffffff; padding: 10px;\">\u0110\u1eb7c \u0111i\u1ec3m<\/td>\n<\/tr>\n<tr>\n<td style=\"background-color: #ffffff; padding: 10px;\">AB22 &#8211; A , &#8211; B , &#8211; C , &#8211; D<\/td>\n<td style=\"background-color: #ffffff; padding: 10px;\">330.000<\/td>\n<td style=\"background-color: #ffffff; padding: 10px;\">2.3 m<\/td>\n<td style=\"background-color: #ffffff; padding: 10px;\">Polyester ph\u1ee7 b\u1ecdt , ch\u1eafn s\u00e1ng 90%<\/td>\n<\/tr>\n<tr>\n<td style=\"background-color: #f6f6f6; padding: 10px;\">AB83 &#8211; 1, &#8211; 2, &#8211; 3, &#8211; 4, &#8211; 5, &#8211; 6, &#8211; 7, &#8211; 8, &#8211; 9, &#8211; 10, &#8211; 11, &#8211; 12, &#8211; 13, &#8211; 16<\/td>\n<td style=\"background-color: #f6f6f6; padding: 10px;\">400.000<\/td>\n<td style=\"background-color: #f6f6f6; padding: 10px;\">2.5-3.0 m<\/td>\n<td style=\"background-color: #f6f6f6; padding: 10px;\">Polyester ph\u1ee7 PVC, ch\u1eafn s\u00e1ng 100%, m\u00e0u tr\u01a1n.<\/td>\n<\/tr>\n<tr>\n<td style=\"background-color: #ffffff; padding: 10px;\">AB84 &#8211; 1, &#8211; 2, &#8211; 3, &#8211; 4, &#8211; 5, &#8211; 6<\/td>\n<td style=\"background-color: #ffffff; padding: 10px;\">430.000<\/td>\n<td style=\"background-color: #ffffff; padding: 10px;\">2.0-2.5 m<\/td>\n<td style=\"background-color: #ffffff; padding: 10px;\">S\u1ee3i th\u1ee7y tinh ph\u1ee7 PVC, tr\u01a1n, ch\u1eafn s\u00e1ng 100%, ch\u1ed1ng ch\u00e1y.<\/td>\n<\/tr>\n<tr>\n<td style=\"background-color: #f6f6f6; padding: 10px;\">AB85 &#8211; 1, &#8211; 2, &#8211; 3, &#8211; 4, &#8211; 5, &#8211; 6, &#8211; 7<\/td>\n<td style=\"background-color: #f6f6f6; padding: 10px;\">390.000<\/td>\n<td style=\"background-color: #f6f6f6; padding: 10px;\">2.5-3.0 m<\/td>\n<td style=\"background-color: #f6f6f6; padding: 10px;\">Polyester ph\u1ee7 PVC, ch\u1eafn s\u00e1ng 100%, m\u00e0u tr\u01a1n.<\/td>\n<\/tr>\n<tr>\n<td style=\"background-color: #ffffff; padding: 10px;\">AB86 &#8211; 1, &#8211; 2, &#8211; 3<\/td>\n<td style=\"background-color: #ffffff; padding: 10px;\">410.000<\/td>\n<td style=\"background-color: #ffffff; padding: 10px;\">3.0 m<\/td>\n<td style=\"background-color: #ffffff; padding: 10px;\">Polyester ph\u1ee7 PVC, ch\u1eafn s\u00e1ng 100%, m\u00e0u tr\u01a1n.<\/td>\n<\/tr>\n<tr>\n<td style=\"background-color: #f6f6f6; padding: 10px;\">AB88-1,-2, -3, -4, -5<\/td>\n<td style=\"background-color: #f6f6f6; padding: 10px;\">340.000<\/td>\n<td style=\"background-color: #f6f6f6; padding: 10px;\">3 m<\/td>\n<td style=\"background-color: #f6f6f6; padding: 10px;\">100% Polyester ch\u1eafn s\u00e1ng 100%, m\u00e0u tr\u01a1n.<\/td>\n<\/tr>\n<tr>\n<td style=\"background-color: #ffffff; padding: 10px;\">AB05 &#8211; A, &#8211; B, &#8211; C, &#8211; D<\/td>\n<td style=\"background-color: #ffffff; padding: 10px;\">390.000<\/td>\n<td style=\"background-color: #ffffff; padding: 10px;\">2.3 m<\/td>\n<td style=\"background-color: #ffffff; padding: 10px;\">Polyester ph\u1ee7 b\u1ecdt , ch\u1eafn s\u00e1ng 98%<\/td>\n<\/tr>\n<tr>\n<td style=\"background-color: #f6f6f6; padding: 10px;\">AB10 &#8211; A, &#8211; B, &#8211; C, &#8211; D<\/td>\n<td style=\"background-color: #f6f6f6; padding: 10px;\">410.000<\/td>\n<td style=\"background-color: #f6f6f6; padding: 10px;\">2.6 m<\/td>\n<td style=\"background-color: #f6f6f6; padding: 10px;\">Polyester tr\u00e1ng b\u1ea1c, ch\u1eafn s\u00e1ng 100%, m\u00e0u tr\u01a1n<\/td>\n<\/tr>\n<tr>\n<td style=\"background-color: #ffffff; padding: 10px;\">AB12 &#8211; A, &#8211; B, &#8211; C, &#8211; D<\/td>\n<td style=\"background-color: #ffffff; padding: 10px;\">410.000<\/td>\n<td style=\"background-color: #ffffff; padding: 10px;\">2.3 m<\/td>\n<td style=\"background-color: #ffffff; padding: 10px;\">(Blackout) Polyester, ch\u1ed1ng n\u1eafng, ch\u1eafn s\u00e1ng 100%<\/td>\n<\/tr>\n<tr>\n<td style=\"background-color: #f6f6f6; padding: 10px;\">AX01, AX02,AX03, AX04, AX05, AX06,AX07,AX08,AX09, AX10<\/td>\n<td style=\"background-color: #f6f6f6; padding: 10px;\">500.000<\/td>\n<td style=\"background-color: #f6f6f6; padding: 10px;\">2.5 m<\/td>\n<td style=\"background-color: #f6f6f6; padding: 10px;\">V\u1ea3i Ch\u1ed1ng ch\u00e1y, v\u1ea3i l\u01b0\u1edbi, \u0111\u1ed9 xuy\u00ean s\u00e1ng 1%<\/td>\n<\/tr>\n<tr>\n<td style=\"background-color: #ffffff; padding: 10px;\">AB54, AB55, AB56, AB57, AB58, AB59<\/td>\n<td style=\"background-color: #ffffff; padding: 10px;\">455.000<\/td>\n<td style=\"background-color: #ffffff; padding: 10px;\">2.8 m<\/td>\n<td style=\"background-color: #ffffff; padding: 10px;\">V\u1ea3i Ch\u1ed1ng n\u1eafng, v\u1ea3i b\u1ed1, \u0111\u1ed9 c\u1ea3n s\u00e1ng 100%<\/td>\n<\/tr>\n<tr>\n<td style=\"background-color: #f6f6f6; padding: 10px;\">AB71, AB72, AB73, AB74, AB75, AB76, AB77<\/td>\n<td style=\"background-color: #f6f6f6; padding: 10px;\">455.000<\/td>\n<td style=\"background-color: #f6f6f6; padding: 10px;\">2.8 m<\/td>\n<td style=\"background-color: #f6f6f6; padding: 10px;\">V\u1ea3i Ch\u1ed1ng n\u1eafng, v\u1ea3i hoa v\u0103n, \u0111\u1ed9 c\u1ea3n s\u00e1ng 100%<\/td>\n<\/tr>\n<tr>\n<td style=\"background-color: #ffffff; padding: 10px;\">AR80 &#8211; 1, &#8211; 2, &#8211; 3, &#8211; 4, &#8211; 5<\/td>\n<td style=\"background-color: #ffffff; padding: 10px;\">450.000<\/td>\n<td style=\"background-color: #ffffff; padding: 10px;\">2.5-3.0 m<\/td>\n<td style=\"background-color: #ffffff; padding: 10px;\">V\u1ea3i l\u01b0\u1edbi, \u0111\u1ed9 l\u1ecdt s\u00e1ng 5%<\/td>\n<\/tr>\n<tr>\n<td style=\"background-color: #f6f6f6; padding: 10px;\">AR40 &#8211; 1, &#8211; 2, &#8211; 3, &#8211; 4, &#8211; 5, &#8211; 6, &#8211; 7, &#8211; 8, &#8211; 13, &#8211; 14<\/td>\n<td style=\"background-color: #f6f6f6; padding: 10px;\">450.000<\/td>\n<td style=\"background-color: #f6f6f6; padding: 10px;\">2.5-3.0 m<\/td>\n<td style=\"background-color: #f6f6f6; padding: 10px;\">V\u1ea3i l\u01b0\u1edbi ,ch\u1eafn s\u00e1ng 85%<\/td>\n<\/tr>\n<tr>\n<td style=\"background-color: #ffffff; padding: 10px;\">AR50 &#8211; 1, &#8211; 2, &#8211; 3<\/td>\n<td style=\"background-color: #ffffff; padding: 10px;\">500.000<\/td>\n<td style=\"background-color: #ffffff; padding: 10px;\">2.5-3.0 m<\/td>\n<td style=\"background-color: #ffffff; padding: 10px;\">V\u1ea3i l\u01b0\u1edbi s\u1ecdc x\u00e9o, s\u1ecdc ngang,ch\u1eafn s\u00e1ng 90%<\/td>\n<\/tr>\n<tr>\n<td style=\"background-color: #f6f6f6; padding: 10px;\">AS800 &#8211; 1, &#8211; 2, &#8211; 5<\/td>\n<td style=\"background-color: #f6f6f6; padding: 10px;\">1.060.000<\/td>\n<td style=\"background-color: #f6f6f6; padding: 10px;\">2.4 m<\/td>\n<td style=\"background-color: #f6f6f6; padding: 10px;\">V\u1ea3i l\u01b0\u1edbi cao c\u1ea5p tr\u00e1ng b\u1ea1c, ch\u1eafn s\u00e1ng 85%<\/td>\n<\/tr>\n<\/tbody>\n<\/table>\n<table style=\"display: none;\" border=\"0\" width=\"100%\" cellspacing=\"0\" cellpadding=\"0\">\n<tbody>\n<tr>\n<td style=\"background-color: #ed1c24; color: #ffffff; padding: 10px;\">H\u1ec7 \u0111i\u1ec1u khi\u1ec3n t\u1ef1 \u0111\u1ed9ng<\/td>\n<td style=\"background-color: #ed1c24; color: #ffffff; padding: 10px;\">Gi\u00e1<\/td>\n<td style=\"background-color: #ed1c24; color: #ffffff; padding: 10px;\">\u0110\u01a1n v\u1ecb t\u00ednh<\/td>\n<td style=\"background-color: #ed1c24; color: #ffffff; padding: 10px;\">Th\u00f4ng s\u1ed1<\/td>\n<\/tr>\n<tr>\n<td style=\"background-color: #ffffff; padding: 10px;\">Motor m\u00e0n cu\u1ed1n Raex TD400<\/td>\n<td style=\"background-color: #ffffff; padding: 10px;\">2.600.000<\/td>\n<td style=\"background-color: #ffffff; padding: 10px;\">B\u1ed9<\/td>\n<td style=\"background-color: #ffffff; padding: 10px;\">Voltage : 220-240VAC<br \/>\nFrequency : 50\/60Hz<br \/>\nPower : 120W<br \/>\nTorque : 3Nm<br \/>\nSpeed: 22\/26rpm<br \/>\nNoise : &lt;42dB<\/td>\n<\/tr>\n<tr>\n<td style=\"background-color: #f6f6f6; padding: 10px;\">Remote Raex 2 k\u00eanh<\/td>\n<td style=\"background-color: #f6f6f6; padding: 10px;\">400.000<\/td>\n<td style=\"background-color: #f6f6f6; padding: 10px;\">C\u00e1i<\/td>\n<td style=\"background-color: #f6f6f6; padding: 10px;\"><\/td>\n<\/tr>\n<\/tbody>\n<\/table>\n<h3><strong>\u1ee8ng d\u1ee5ng c\u1ee7a M\u00e0n cu\u1ed1n cao c\u1ea5p:<\/strong><\/h3>\n<p>&nbsp;<\/p>\n<div class=\"img-editor\">\n<p><img loading=\"lazy\" class=\"alignnone size-full wp-image-1810\" src=\"https:\/\/demo8.thuythu.com\/annablinds-32\/wp-content\/uploads\/2021\/11\/man-sao-cuon-1.jpg\" alt=\"\" width=\"1280\" height=\"800\" srcset=\"https:\/\/demo8.thuythu.com\/annablinds-32\/wp-content\/uploads\/2021\/11\/man-sao-cuon-1.jpg 1280w, https:\/\/demo8.thuythu.com\/annablinds-32\/wp-content\/uploads\/2021\/11\/man-sao-cuon-1-300x188.jpg 300w, https:\/\/demo8.thuythu.com\/annablinds-32\/wp-content\/uploads\/2021\/11\/man-sao-cuon-1-1024x640.jpg 1024w, https:\/\/demo8.thuythu.com\/annablinds-32\/wp-content\/uploads\/2021\/11\/man-sao-cuon-1-768x480.jpg 768w, https:\/\/demo8.thuythu.com\/annablinds-32\/wp-content\/uploads\/2021\/11\/man-sao-cuon-1-370x231.jpg 370w, https:\/\/demo8.thuythu.com\/annablinds-32\/wp-content\/uploads\/2021\/11\/man-sao-cuon-1-760x475.jpg 760w, https:\/\/demo8.thuythu.com\/annablinds-32\/wp-content\/uploads\/2021\/11\/man-sao-cuon-1-600x375.jpg 600w\" sizes=\"(max-width: 1280px) 100vw, 1280px\" \/><\/p>\n<p>M\u00e0n cu\u1ed1n cao c\u1ea5p cho ph\u00f2ng kh\u00e1ch<\/p>\n<p>&nbsp;<\/p>\n<\/div>\n<div class=\"img-editor\">\n<p><img loading=\"lazy\" class=\"alignnone size-full wp-image-1812\" src=\"https:\/\/demo8.thuythu.com\/annablinds-32\/wp-content\/uploads\/2021\/11\/man-sao-cuon-2.jpg\" alt=\"\" width=\"1280\" height=\"800\" srcset=\"https:\/\/demo8.thuythu.com\/annablinds-32\/wp-content\/uploads\/2021\/11\/man-sao-cuon-2.jpg 1280w, https:\/\/demo8.thuythu.com\/annablinds-32\/wp-content\/uploads\/2021\/11\/man-sao-cuon-2-300x188.jpg 300w, https:\/\/demo8.thuythu.com\/annablinds-32\/wp-content\/uploads\/2021\/11\/man-sao-cuon-2-1024x640.jpg 1024w, https:\/\/demo8.thuythu.com\/annablinds-32\/wp-content\/uploads\/2021\/11\/man-sao-cuon-2-768x480.jpg 768w, https:\/\/demo8.thuythu.com\/annablinds-32\/wp-content\/uploads\/2021\/11\/man-sao-cuon-2-370x231.jpg 370w, https:\/\/demo8.thuythu.com\/annablinds-32\/wp-content\/uploads\/2021\/11\/man-sao-cuon-2-760x475.jpg 760w, https:\/\/demo8.thuythu.com\/annablinds-32\/wp-content\/uploads\/2021\/11\/man-sao-cuon-2-600x375.jpg 600w\" sizes=\"(max-width: 1280px) 100vw, 1280px\" \/><\/p>\n<p>M\u00e0n cu\u1ed1n cao c\u1ea5p cho ph\u00f2ng l\u00e0m vi\u1ec7c<\/p>\n<p>&nbsp;<\/p>\n<\/div>\n<div class=\"img-editor\">\n<p><img loading=\"lazy\" class=\"alignnone size-full wp-image-1814\" src=\"https:\/\/demo8.thuythu.com\/annablinds-32\/wp-content\/uploads\/2021\/11\/man-sao-cuon-3.jpg\" alt=\"\" width=\"1280\" height=\"800\" srcset=\"https:\/\/demo8.thuythu.com\/annablinds-32\/wp-content\/uploads\/2021\/11\/man-sao-cuon-3.jpg 1280w, https:\/\/demo8.thuythu.com\/annablinds-32\/wp-content\/uploads\/2021\/11\/man-sao-cuon-3-300x188.jpg 300w, https:\/\/demo8.thuythu.com\/annablinds-32\/wp-content\/uploads\/2021\/11\/man-sao-cuon-3-1024x640.jpg 1024w, https:\/\/demo8.thuythu.com\/annablinds-32\/wp-content\/uploads\/2021\/11\/man-sao-cuon-3-768x480.jpg 768w, https:\/\/demo8.thuythu.com\/annablinds-32\/wp-content\/uploads\/2021\/11\/man-sao-cuon-3-370x231.jpg 370w, https:\/\/demo8.thuythu.com\/annablinds-32\/wp-content\/uploads\/2021\/11\/man-sao-cuon-3-760x475.jpg 760w, https:\/\/demo8.thuythu.com\/annablinds-32\/wp-content\/uploads\/2021\/11\/man-sao-cuon-3-600x375.jpg 600w\" sizes=\"(max-width: 1280px) 100vw, 1280px\" \/><\/p>\n<p>M\u00e0n cu\u1ed1n cao c\u1ea5p cho kh\u1ed1i v\u0103n ph\u00f2ng, c\u00f4ng s\u1edf<\/p>\n<\/div>\n<div class=\"img-editor\">\n<p><img loading=\"lazy\" class=\"alignnone size-full wp-image-1816\" src=\"https:\/\/demo8.thuythu.com\/annablinds-32\/wp-content\/uploads\/2021\/11\/man-sao-cuon-4.jpg\" alt=\"\" width=\"1280\" height=\"800\" srcset=\"https:\/\/demo8.thuythu.com\/annablinds-32\/wp-content\/uploads\/2021\/11\/man-sao-cuon-4.jpg 1280w, https:\/\/demo8.thuythu.com\/annablinds-32\/wp-content\/uploads\/2021\/11\/man-sao-cuon-4-300x188.jpg 300w, https:\/\/demo8.thuythu.com\/annablinds-32\/wp-content\/uploads\/2021\/11\/man-sao-cuon-4-1024x640.jpg 1024w, https:\/\/demo8.thuythu.com\/annablinds-32\/wp-content\/uploads\/2021\/11\/man-sao-cuon-4-768x480.jpg 768w, https:\/\/demo8.thuythu.com\/annablinds-32\/wp-content\/uploads\/2021\/11\/man-sao-cuon-4-370x231.jpg 370w, https:\/\/demo8.thuythu.com\/annablinds-32\/wp-content\/uploads\/2021\/11\/man-sao-cuon-4-760x475.jpg 760w, https:\/\/demo8.thuythu.com\/annablinds-32\/wp-content\/uploads\/2021\/11\/man-sao-cuon-4-600x375.jpg 600w\" sizes=\"(max-width: 1280px) 100vw, 1280px\" \/><\/p>\n<p>M\u00e0n cu\u1ed1n cao c\u1ea5p cho ph\u00f2ng h\u1ecdp<\/p>\n<\/div>\n<p><span style=\"color: #ff0000;\"><strong>H\u00c3Y \u0110\u1ec2 ANNA L\u00c0M N\u00caN DI\u1ec6N M\u1ea0O NG\u00d4I NH\u00c0 B\u1ea0N.<br \/>\n<\/strong><\/span>M\u00e0n ANNA t\u1ef1 h\u00e0o \u0111\u00e3 l\u00e0m n\u00ean s\u1ef1 hi\u1ec7n \u0111\u1ea1i c\u00e1c c\u00f4ng tr\u00ecnh x\u00e2y d\u1ef1ng, n\u00e9t thanh l\u1ecbch n\u01a1i c\u00f4ng s\u1edf, v\u1ebb \u0111\u1eb9p sang tr\u1ecdng c\u1ee7a nh\u00e0 h\u00e0ng, kh\u00e1ch s\u1ea1n, phong c\u00e1ch \u0111\u1ed9c \u0111\u00e1o cho nh\u1eefng ng\u00f4i bi\u1ec7t th\u1ef1, s\u1ef1 \u1ea5m c\u00fang cho c\u00e1c ng\u00f4i nh\u00e0 v\u00e0 c\u0103n h\u1ed9.<\/p>\n<p style=\"border-top: 1px solid #cdcdcd; padding-top: 10px;\"><strong>C\u00d4NG TY TNHH MTV AN NA KHANG<\/strong><br \/>\nGi\u1edd l\u00e0m vi\u1ec7c: 8h \u0111\u1ebfn 18h T\u1eeb th\u1ee9 2 \u0111\u1ebfn th\u1ee9 7, Ch\u1ee7 nh\u1eadt t\u1eeb 8h \u0111\u1ebfn 12h. Ngh\u1ec9 v\u00e0o c\u00e1c ng\u00e0y l\u1ec5 l\u1edbn.<br \/>\n<a href=\"tel:0819123123\">0819 123 123<\/a> (Ms.Kim T\u01b0 v\u1ea5n \u0111\u1eb7t h\u00e0ng)<br \/>\n<a href=\"tel:\">0814 123 123<\/a> (Mr.H\u1ed3ng T\u01b0 v\u1ea5n k\u1ef9 thu\u1eadt)<\/p>\n","protected":false},"excerpt":{"rendered":"<p>M\u00e0n cu\u1ed1n cao c\u1ea5p l\u00e0 m\u1ed9t s\u1ea3n ph\u1ea9m m\u00e0n c\u1eeda t\u1ea1o n\u00ean n\u00e9t \u1ea5n t\u01b0\u1ee3ng, \u0111\u1ed9c \u0111\u00e1o cho kh\u00f4ng gian n\u1ed9i th\u1ea5t. Ch\u1ea5t li\u1ec7u m\u00e0n cu\u1ed1n ANNA nh\u1eadp kh\u1ea9u t\u1eeb \u0110\u00e0i Loan, Trung Qu\u1ed1c, \u0111a d\u1ea1ng v\u1ec1 m\u1eabu m\u00e3.<\/p>\n","protected":false},"featured_media":2615,"comment_status":"open","ping_status":"closed","template":"","meta":[],"product_cat":[62,66],"product_tag":[],"_links":{"self":[{"href":"https:\/\/demo8.thuythu.com\/annablinds-32\/wp-json\/wp\/v2\/product\/1809"}],"collection":[{"href":"https:\/\/demo8.thuythu.com\/annablinds-32\/wp-json\/wp\/v2\/product"}],"about":[{"href":"https:\/\/demo8.thuythu.com\/annablinds-32\/wp-json\/wp\/v2\/types\/product"}],"replies":[{"embeddable":true,"href":"https:\/\/demo8.thuythu.com\/annablinds-32\/wp-json\/wp\/v2\/comments?post=1809"}],"wp:featuredmedia":[{"embeddable":true,"href":"https:\/\/demo8.thuythu.com\/annablinds-32\/wp-json\/wp\/v2\/media\/2615"}],"wp:attachment":[{"href":"https:\/\/demo8.thuythu.com\/annablinds-32\/wp-json\/wp\/v2\/media?parent=1809"}],"wp:term":[{"taxonomy":"product_cat","embeddable":true,"href":"https:\/\/demo8.thuythu.com\/annablinds-32\/wp-json\/wp\/v2\/product_cat?post=1809"},{"taxonomy":"product_tag","embeddable":true,"href":"https:\/\/demo8.thuythu.com\/annablinds-32\/wp-json\/wp\/v2\/product_tag?post=1809"}],"curies":[{"name":"wp","href":"https:\/\/api.w.org\/{rel}","templated":true}]}}