{"id":1825,"date":"2022-01-01T17:04:33","date_gmt":"2022-01-01T10:04:33","guid":{"rendered":"https:\/\/demo8.thuythu.com\/annablinds-32\/?post_type=product&#038;p=1825"},"modified":"2023-05-20T14:49:04","modified_gmt":"2023-05-20T07:49:04","slug":"man-go-noi-that","status":"publish","type":"product","link":"https:\/\/demo8.thuythu.com\/annablinds-32\/san-pham\/man-go-noi-that\/","title":{"rendered":"M\u00e0n g\u1ed7 n\u1ed9i th\u1ea5t"},"content":{"rendered":"<h3><strong>M\u00e0n g\u1ed7 n\u1ed9i th\u1ea5t<\/strong><\/h3>\n<p>M\u00e0n g\u1ed7 n\u1ed9i th\u1ea5t l\u00e0 m\u1ed9t s\u1ea3n ph\u1ea9m m\u00e0n c\u1eeda cao c\u1ea5p v\u00e0 tinh t\u1ebf. L\u00e1 m\u00e0n g\u1ed7 c\u00f3 2 d\u1ea1ng : b\u1ea3n 35mm, 46mm.<\/p>\n<p>M\u00e0n g\u1ed7 ANNA nh\u1eadp kh\u1ea9u t\u1eeb M\u1ef9 l\u00e0 g\u1ed7 t\u1ef1 nhi\u00ean, m\u00e0u s\u1eafc h\u00e0i ho\u00e0, kh\u00f4ng cong, v\u00eanh, m\u1ed1i, m\u1ecdt theo th\u1eddi gian, \u0111em \u0111\u1ebfn cho kh\u00f4ng gian s\u1ef1 sang tr\u1ecdng v\u00e0 \u1ea5m \u00e1p.<\/p>\n<p><span style=\"color: #ff0000;\"><strong>\u0110\u1eb7c bi\u1ec7t:<\/strong><\/span> m\u00e0n g\u1ed7 Anna v\u1edbi ch\u1ea5t li\u1ec7u S\u01a0N KH\u00d4NG M\u00d9I<\/p>\n<p>S\u1ea3n ph\u1ea9m m\u00e0n g\u1ed7 \u0111ang c\u00f3 t\u1ea1i showroom ANNA<\/p>\n<h3><strong>B\u1ea3ng gi\u00e1 m\u00e0n g\u1ed7 n\u1ed9i th\u1ea5t<\/strong><\/h3>\n<p><span style=\"color: #ff0000;\"><strong>\u00c1p d\u1ee5ng: 10\/11\/2021<\/strong><\/span><\/p>\n<table border=\"0\" width=\"100%\" cellspacing=\"0\" cellpadding=\"0\">\n<tbody>\n<tr>\n<td style=\"background-color: #ed1c24; color: #ffffff; padding: 10px;\">M\u00e3 h\u00e0ng<\/td>\n<td style=\"background-color: #ed1c24; color: #ffffff; padding: 10px;\">Gi\u00e1 (\u0111\/m<sup>2<\/sup>)<\/td>\n<td style=\"background-color: #ed1c24; color: #ffffff; padding: 10px;\">\u0110\u1eb7c \u0111i\u1ec3m<\/td>\n<\/tr>\n<tr>\n<td style=\"background-color: #ffffff; padding: 10px;\">AW101, AW103, AW104, AW105, AW106, AW107, AW108, AW109, AW110, AW111, AW112, AW113<\/td>\n<td style=\"background-color: #ffffff; padding: 10px;\">700.000<\/td>\n<td style=\"background-color: #ffffff; padding: 10px;\">M\u00e0n g\u1ed7 b\u1ea3n 46mm<\/td>\n<\/tr>\n<tr>\n<td style=\"background-color: #f6f6f6; padding: 10px;\">AW101, AW103, AW104, AW105, AW106, AW107, AW108, AW109, AW110, AW111, AW112, AW113<\/td>\n<td style=\"background-color: #f6f6f6; padding: 10px;\">680.000<\/td>\n<td style=\"background-color: #f6f6f6; padding: 10px;\">M\u00e0n g\u1ed7 b\u1ea3n 35mm<\/td>\n<\/tr>\n<tr>\n<td style=\"background-color: #ffffff; padding: 10px;\">AW300, AW301, AW302, AW303, AW304, AW304, AW305, AW306, AW307, AW308, AW309, AW310 ( G\u1ed7 m\u00e0u )<\/td>\n<td style=\"background-color: #ffffff; padding: 10px;\">780.000<\/td>\n<td style=\"background-color: #ffffff; padding: 10px;\">M\u00e0n g\u1ed5 b\u1ea3n 46mm<\/td>\n<\/tr>\n<tr>\n<td style=\"background-color: #f6f6f6; padding: 10px;\">AW300, AW301, AW302, AW303, AW304, AW304, AW305, AW306, AW307, AW308, AW309, AW310 ( G\u1ed7 m\u00e0u )<\/td>\n<td style=\"background-color: #f6f6f6; padding: 10px;\">760.000<\/td>\n<td style=\"background-color: #f6f6f6; padding: 10px;\">M\u00e0n g\u1ed5 b\u1ea3n 35mm<\/td>\n<\/tr>\n<\/tbody>\n<\/table>\n<p>&nbsp;<\/p>\n<table border=\"0\" width=\"100%\" cellspacing=\"0\" cellpadding=\"0\">\n<tbody>\n<tr>\n<td style=\"background-color: #ed1c24; color: #ffffff; padding: 10px;\">H\u1ec7 \u0111i\u1ec1u khi\u1ec3n t\u1ef1 \u0111\u1ed9ng<\/td>\n<td style=\"background-color: #ed1c24; color: #ffffff; padding: 10px;\">Gi\u00e1<\/td>\n<td style=\"background-color: #ed1c24; color: #ffffff; padding: 10px;\">Xu\u1ea5t x\u1ee9<\/td>\n<\/tr>\n<tr>\n<td style=\"background-color: #ffffff; padding: 10px;\">M\u00d4 T\u01a0 V\u00c0 \u0110I\u1ec0U KHI\u1ec2N T\u1eea XA (m\u00e0n g\u1ed7)<\/td>\n<td style=\"background-color: #ffffff; padding: 10px;\">3.800.000\/b\u1ed9<\/td>\n<td style=\"background-color: #ffffff; padding: 10px;\">Trung Qu\u1ed1c<br \/>\nC\u00f3 s\u1eb5n \u1ed1ng 2m<\/td>\n<\/tr>\n<\/tbody>\n<\/table>\n<ul>\n<li>Gi\u00e1 b\u00e1n tr\u00ean ch\u01b0a bao g\u1ed3m VAT 10%.<\/li>\n<li>Tr\u00ean 10 b\u1ed9 mi\u1ec5n ph\u00ed l\u1eafp \u0111\u1eb7t trong ph\u1ea1m vi Tp H\u1ed3 Ch\u00ed Minh .<\/li>\n<li>Di\u1ec7n t\u00edch d\u01b0\u1edbi 1m\u00b2 t\u00ednh tr\u00f2n 1m\u00b2, chi\u1ec1u cao d\u01b0\u1edbi 1m t\u00ednh tr\u00f2n 1m.<\/li>\n<li>S\u1ea3n ph\u1ea9m m\u00e0n g\u1ed7 c\u1ee7a ANNA \u0111\u01b0\u1ee3c b\u1ea3o h\u00e0nh 1 n\u0103m.<\/li>\n<\/ul>\n<p><span style=\"color: #ff0000;\"><strong>H\u00c3Y \u0110\u1ec2 ANNA L\u00c0M N\u00caN DI\u1ec6N M\u1ea0O NG\u00d4I NH\u00c0 B\u1ea0N.<br \/>\n<\/strong><\/span>M\u00e0n ANNA t\u1ef1 h\u00e0o \u0111\u00e3 l\u00e0m n\u00ean s\u1ef1 hi\u1ec7n \u0111\u1ea1i c\u00e1c c\u00f4ng tr\u00ecnh x\u00e2y d\u1ef1ng, n\u00e9t thanh l\u1ecbch n\u01a1i c\u00f4ng s\u1edf, v\u1ebb \u0111\u1eb9p sang tr\u1ecdng c\u1ee7a nh\u00e0 h\u00e0ng, kh\u00e1ch s\u1ea1n, phong c\u00e1ch \u0111\u1ed9c \u0111\u00e1o cho nh\u1eefng ng\u00f4i bi\u1ec7t th\u1ef1, s\u1ef1 \u1ea5m c\u00fang cho c\u00e1c ng\u00f4i nh\u00e0 v\u00e0 c\u0103n h\u1ed9.<\/p>\n<p style=\"border-top: 1px solid #cdcdcd; padding-top: 10px;\"><strong>C\u00d4NG TY TNHH MTV AN NA KHANG<\/strong><br \/>\nGi\u1edd l\u00e0m vi\u1ec7c: 8h \u0111\u1ebfn 18h T\u1eeb th\u1ee9 2 \u0111\u1ebfn th\u1ee9 7, Ch\u1ee7 nh\u1eadt t\u1eeb 8h \u0111\u1ebfn 12h. Ngh\u1ec9 v\u00e0o c\u00e1c ng\u00e0y l\u1ec5 l\u1edbn.<br \/>\n<a href=\"tel:0819123123\">0819 123 123<\/a> (Ms.Kim T\u01b0 v\u1ea5n \u0111\u1eb7t h\u00e0ng)<br \/>\n<a href=\"tel:\">0814 123 123<\/a> (Mr.H\u1ed3ng T\u01b0 v\u1ea5n k\u1ef9 thu\u1eadt)<\/p>\n","protected":false},"excerpt":{"rendered":"<p>M\u00e0n, r\u00e8m s\u00e1o g\u1ed7 \u0111em l\u1ea1i c\u1ea3m gi\u00e1c m\u1ed9c m\u1ea1c cho c\u0103n ph\u00f2ng c\u1ee7a b\u1ea1n, vi\u1ec7c s\u1eafp x\u1ebfp tr\u1eadt t\u1ef1 c\u1ee7a c\u00e1c l\u00e1 m\u00e0n gi\u00fap cho vi\u1ec7c \u0111i\u1ec1u ch\u1ec9nh \u00e1nh s\u00e1ng t\u1ef1 nhi\u00ean m\u1ed9t c\u00e1ch d\u1ec5 d\u00e0ng nh\u1ea5t.<\/p>\n","protected":false},"featured_media":2645,"comment_status":"open","ping_status":"closed","template":"","meta":[],"product_cat":[62,66],"product_tag":[],"_links":{"self":[{"href":"https:\/\/demo8.thuythu.com\/annablinds-32\/wp-json\/wp\/v2\/product\/1825"}],"collection":[{"href":"https:\/\/demo8.thuythu.com\/annablinds-32\/wp-json\/wp\/v2\/product"}],"about":[{"href":"https:\/\/demo8.thuythu.com\/annablinds-32\/wp-json\/wp\/v2\/types\/product"}],"replies":[{"embeddable":true,"href":"https:\/\/demo8.thuythu.com\/annablinds-32\/wp-json\/wp\/v2\/comments?post=1825"}],"wp:featuredmedia":[{"embeddable":true,"href":"https:\/\/demo8.thuythu.com\/annablinds-32\/wp-json\/wp\/v2\/media\/2645"}],"wp:attachment":[{"href":"https:\/\/demo8.thuythu.com\/annablinds-32\/wp-json\/wp\/v2\/media?parent=1825"}],"wp:term":[{"taxonomy":"product_cat","embeddable":true,"href":"https:\/\/demo8.thuythu.com\/annablinds-32\/wp-json\/wp\/v2\/product_cat?post=1825"},{"taxonomy":"product_tag","embeddable":true,"href":"https:\/\/demo8.thuythu.com\/annablinds-32\/wp-json\/wp\/v2\/product_tag?post=1825"}],"curies":[{"name":"wp","href":"https:\/\/api.w.org\/{rel}","templated":true}]}}