{"id":1841,"date":"2016-12-01T18:18:23","date_gmt":"2016-12-01T11:18:23","guid":{"rendered":"https:\/\/demo8.thuythu.com\/annablinds-32\/?post_type=product&#038;p=1841"},"modified":"2022-03-31T10:50:03","modified_gmt":"2022-03-31T03:50:03","slug":"man-vai","status":"publish","type":"product","link":"https:\/\/demo8.thuythu.com\/annablinds-32\/san-pham\/man-vai\/","title":{"rendered":"M\u00e0n v\u1ea3i"},"content":{"rendered":"<h3><strong>M\u00e0n v\u1ea3i<\/strong><\/h3>\n<p>M\u1ed9t b\u1ed9 m\u00e0n, r\u00e8m v\u1ea3i v\u1edbi ch\u1ea5t li\u1ec7u cao c\u1ea5p, ki\u1ec3u d\u00e1ng ph\u00f9 h\u1ee3p, m\u00e0u s\u1eafc v\u00e0 h\u1ecda ti\u1ebft \u1ea5n t\u01b0\u1ee3ng s\u1ebd mang \u0111\u1ebfn cho ng\u00f4i nh\u00e0 phong c\u00e1ch ri\u00eang bi\u1ec7t c\u1ee7a ch\u1ee7 nh\u00e2n.<\/p>\n<p>R\u00e8m ANNA lu\u00f4n ch\u00fa tr\u1ecdng \u0111\u1ebfn ch\u1ea5t li\u1ec7u v\u1ea3i, b\u1edfi \u0111\u00f3 l\u00e0 \u0111i\u1ec1u t\u1ea5t y\u1ebfu l\u00e0m n\u00ean di\u1ec7n m\u1ea1o cho kh\u00f4ng gian. ANNA lu\u00f4n c\u00f3 nh\u1eefng m\u1eabu v\u1ea3i cao c\u1ea5p, t\u1eeb c\u1ed5 \u0111i\u1ec3n \u0111\u1ebfn hi\u1ec7n \u0111\u1ea1i, catalogue nhi\u1ec1u m\u1eabu m\u1edbi l\u1ea1.<\/p>\n<h3><strong>B\u00e1o gi\u00e1 m\u00e0n v\u1ea3i:<\/strong><\/h3>\n<p><a href=\"https:\/\/demo8.thuythu.com\/annablinds-32\/wp-content\/uploads\/2021\/12\/bang-gia-man-vai.pdf\" target=\"_blank\" rel=\"noopener\"><span style=\"color: #ff0000;\"><strong>Xem chi ti\u1ebft b\u1ea3ng gi\u00e1<\/strong> <\/span><\/a><\/p>\n<table style=\"display: none;\" border=\"0\" width=\"100%\" cellspacing=\"0\" cellpadding=\"0\">\n<tbody>\n<tr>\n<td style=\"background-color: #ed1c24; color: #ffffff; padding: 10px;\">M\u00e3 h\u00e0ng<\/td>\n<td style=\"background-color: #ed1c24; color: #ffffff; padding: 10px;\">Gi\u00e1 (\u0111\/m)<\/td>\n<td style=\"background-color: #ed1c24; color: #ffffff; padding: 10px;\">Kh\u1ed5<\/td>\n<td style=\"background-color: #ed1c24; color: #ffffff; padding: 10px;\">\u0110\u1eb7c \u0111i\u1ec3m<\/td>\n<\/tr>\n<tr>\n<td style=\"background-color: #ffffff; padding: 10px;\">R\u00e8m Voan trang tr\u00ed<\/td>\n<td style=\"background-color: #ffffff; padding: 10px;\">Dao \u0111\u1ed9ng t\u1eeb 500.000 m ngang<\/td>\n<td style=\"background-color: #ffffff; padding: 10px;\">Cao t\u1ed1i \u0111a 260 cm<\/td>\n<td style=\"background-color: #ffffff; padding: 10px;\">V\u1ea3i voan tr\u1eafng tr\u01a1n<\/td>\n<\/tr>\n<tr>\n<td style=\"background-color: #f6f6f6; padding: 10px;\">R\u00e8m Voan th\u00eau<\/td>\n<td style=\"background-color: #f6f6f6; padding: 10px;\">Dao \u0111\u1ed9ng t\u1eeb 550.000 m ngang<\/td>\n<td style=\"background-color: #f6f6f6; padding: 10px;\">Cao t\u1ed1i \u0111a 260 cm<\/td>\n<td style=\"background-color: #f6f6f6; padding: 10px;\">V\u1ea3i voan tr\u1eafng s\u01b0\u1edbc nh\u1eb9<\/td>\n<\/tr>\n<tr>\n<td style=\"background-color: #ffffff; padding: 10px;\">R\u00e8m v\u1ea3i tr\u01a1n<\/td>\n<td style=\"background-color: #ffffff; padding: 10px;\">Dao \u0111\u1ed9ng t\u1eeb 800.000 m ngang<\/td>\n<td style=\"background-color: #ffffff; padding: 10px;\">Cao t\u1ed1i \u0111a 260 cm<\/td>\n<td style=\"background-color: #ffffff; padding: 10px;\">V\u1ea3i d\u00e0y d\u1eb7n, c\u1ea3n s\u00e1ng<\/td>\n<\/tr>\n<tr>\n<td style=\"background-color: #f6f6f6; padding: 10px;\">R\u00e8m v\u1ea3i th\u00f4<\/td>\n<td style=\"background-color: #f6f6f6; padding: 10px;\">Dao \u0111\u1ed9ng t\u1eeb 950.000 m ngang<\/td>\n<td style=\"background-color: #f6f6f6; padding: 10px;\">Cao t\u1ed1i \u0111a 260 cm<\/td>\n<td style=\"background-color: #f6f6f6; padding: 10px;\">V\u1ea3i d\u00e0y , kh\u00f4ng c\u1ea3n s\u00e1ng<\/td>\n<\/tr>\n<tr>\n<td style=\"background-color: #ffffff; padding: 10px;\">R\u00e8m v\u1ea3i cao c\u1ea5p nh\u1eadp<\/td>\n<td style=\"background-color: #ffffff; padding: 10px;\">Dao \u0111\u1ed9ng t\u1eeb 2.600.000 m ngang<\/td>\n<td style=\"background-color: #ffffff; padding: 10px;\">Cao t\u1ed1i \u0111a 260 cm<\/td>\n<td style=\"background-color: #ffffff; padding: 10px;\">V\u1ea3i d\u00e0y , kh\u00f4ng c\u1ea3n s\u00e1ng<\/td>\n<\/tr>\n<\/tbody>\n<\/table>\n<p><span style=\"color: #ff0000;\"><strong>H\u00c3Y \u0110\u1ec2 ANNA L\u00c0M N\u00caN DI\u1ec6N M\u1ea0O NG\u00d4I NH\u00c0 B\u1ea0N.<br \/>\n<\/strong><\/span>M\u00e0n ANNA t\u1ef1 h\u00e0o \u0111\u00e3 l\u00e0m n\u00ean s\u1ef1 hi\u1ec7n \u0111\u1ea1i c\u00e1c c\u00f4ng tr\u00ecnh x\u00e2y d\u1ef1ng, n\u00e9t thanh l\u1ecbch n\u01a1i c\u00f4ng s\u1edf, v\u1ebb \u0111\u1eb9p sang tr\u1ecdng c\u1ee7a nh\u00e0 h\u00e0ng, kh\u00e1ch s\u1ea1n, phong c\u00e1ch \u0111\u1ed9c \u0111\u00e1o cho nh\u1eefng ng\u00f4i bi\u1ec7t th\u1ef1, s\u1ef1 \u1ea5m c\u00fang cho c\u00e1c ng\u00f4i nh\u00e0 v\u00e0 c\u0103n h\u1ed9.<\/p>\n<p style=\"border-top: 1px solid #cdcdcd; padding-top: 10px;\"><strong>C\u00d4NG TY TNHH MTV AN NA KHANG<\/strong><br \/>\nGi\u1edd l\u00e0m vi\u1ec7c: 8h \u0111\u1ebfn 18h T\u1eeb th\u1ee9 2 \u0111\u1ebfn th\u1ee9 7, Ch\u1ee7 nh\u1eadt t\u1eeb 8h \u0111\u1ebfn 12h. Ngh\u1ec9 v\u00e0o c\u00e1c ng\u00e0y l\u1ec5 l\u1edbn.<br \/>\n<a href=\"tel:0819123123\">0819 123 123<\/a> (Ms.Kim T\u01b0 v\u1ea5n \u0111\u1eb7t h\u00e0ng)<br \/>\n<a href=\"tel:\">0814 123 123<\/a> (Mr.H\u1ed3ng T\u01b0 v\u1ea5n k\u1ef9 thu\u1eadt)<\/p>\n","protected":false},"excerpt":{"rendered":"<p>R\u00e8m v\u1ea3i, m\u00e0n v\u1ea3i l\u00e0 lo\u1ea1i m\u00e0n truy\u1ec1n th\u1ed1ng, t\u1ea1o c\u1ea3m gi\u00e1c m\u1ec1m m\u1ea1i, \u1ea5m c\u00fang, sang tr\u1ecdng. R\u00e8m v\u1ea3i kh\u00f4ng ch\u1ec9 c\u00f3 t\u00e1c d\u1ee5ng \u0111i\u1ec1u ch\u1ec9nh \u00e1nh s\u00e1ng cho c\u0103n ph\u00f2ng m\u00e0 c\u00f2n ch\u1ed1ng l\u1ea1i nhi\u1ec7t \u0111\u1ed9 oi n\u00f3ng c\u1ee7a kh\u00ed h\u1eadu Vi\u1ec7t Nam.<\/p>\n","protected":false},"featured_media":1842,"comment_status":"open","ping_status":"closed","template":"","meta":[],"product_cat":[62,66],"product_tag":[],"_links":{"self":[{"href":"https:\/\/demo8.thuythu.com\/annablinds-32\/wp-json\/wp\/v2\/product\/1841"}],"collection":[{"href":"https:\/\/demo8.thuythu.com\/annablinds-32\/wp-json\/wp\/v2\/product"}],"about":[{"href":"https:\/\/demo8.thuythu.com\/annablinds-32\/wp-json\/wp\/v2\/types\/product"}],"replies":[{"embeddable":true,"href":"https:\/\/demo8.thuythu.com\/annablinds-32\/wp-json\/wp\/v2\/comments?post=1841"}],"wp:featuredmedia":[{"embeddable":true,"href":"https:\/\/demo8.thuythu.com\/annablinds-32\/wp-json\/wp\/v2\/media\/1842"}],"wp:attachment":[{"href":"https:\/\/demo8.thuythu.com\/annablinds-32\/wp-json\/wp\/v2\/media?parent=1841"}],"wp:term":[{"taxonomy":"product_cat","embeddable":true,"href":"https:\/\/demo8.thuythu.com\/annablinds-32\/wp-json\/wp\/v2\/product_cat?post=1841"},{"taxonomy":"product_tag","embeddable":true,"href":"https:\/\/demo8.thuythu.com\/annablinds-32\/wp-json\/wp\/v2\/product_tag?post=1841"}],"curies":[{"name":"wp","href":"https:\/\/api.w.org\/{rel}","templated":true}]}}