{"id":2009,"date":"2020-11-05T16:05:12","date_gmt":"2020-11-05T09:05:12","guid":{"rendered":"https:\/\/demo8.thuythu.com\/annablinds-32\/?post_type=product&#038;p=2009"},"modified":"2022-03-31T10:43:55","modified_gmt":"2022-03-31T03:43:55","slug":"man-ngoai-troi","status":"publish","type":"product","link":"https:\/\/demo8.thuythu.com\/annablinds-32\/san-pham\/man-ngoai-troi\/","title":{"rendered":"M\u00e0n ngo\u00e0i tr\u1eddi"},"content":{"rendered":"<p>D\u1eef li\u1ec7u \u0111ang \u0111\u01b0\u1ee3c c\u1eadp nh\u1eadt<\/p>\n<p style=\"border-top: 1px solid #cdcdcd; padding-top: 10px;\"><strong>C\u00d4NG TY TNHH MTV AN NA KHANG<\/strong><br \/>\nGi\u1edd l\u00e0m vi\u1ec7c: 8h \u0111\u1ebfn 18h T\u1eeb th\u1ee9 2 \u0111\u1ebfn th\u1ee9 7, Ch\u1ee7 nh\u1eadt t\u1eeb 8h \u0111\u1ebfn 12h. Ngh\u1ec9 v\u00e0o c\u00e1c ng\u00e0y l\u1ec5 l\u1edbn.<br \/>\n<a href=\"tel:0819123123\">0819 123 123<\/a> (Ms.Kim T\u01b0 v\u1ea5n \u0111\u1eb7t h\u00e0ng)<br \/>\n<a href=\"tel:\">0814 123 123<\/a> (Mr.H\u1ed3ng T\u01b0 v\u1ea5n k\u1ef9 thu\u1eadt)<\/p>\n","protected":false},"excerpt":{"rendered":"<p>D\u1eef li\u1ec7u \u0111ang \u0111\u01b0\u1ee3c c\u1eadp nh\u1eadt C\u00d4NG TY TNHH MTV AN NA KHANG Gi\u1edd l\u00e0m vi\u1ec7c: 8h \u0111\u1ebfn 18h T\u1eeb th\u1ee9 2 \u0111\u1ebfn th\u1ee9 7, Ch\u1ee7 nh\u1eadt t\u1eeb 8h \u0111\u1ebfn 12h. Ngh\u1ec9 v\u00e0o c\u00e1c ng\u00e0y l\u1ec5 l\u1edbn. 0819 123 123 (Ms.Kim T\u01b0 v\u1ea5n \u0111\u1eb7t h\u00e0ng) 0814 123 123 (Mr.H\u1ed3ng T\u01b0 v\u1ea5n k\u1ef9 thu\u1eadt)<\/p>\n","protected":false},"featured_media":2010,"comment_status":"closed","ping_status":"closed","template":"","meta":[],"product_cat":[62],"product_tag":[],"_links":{"self":[{"href":"https:\/\/demo8.thuythu.com\/annablinds-32\/wp-json\/wp\/v2\/product\/2009"}],"collection":[{"href":"https:\/\/demo8.thuythu.com\/annablinds-32\/wp-json\/wp\/v2\/product"}],"about":[{"href":"https:\/\/demo8.thuythu.com\/annablinds-32\/wp-json\/wp\/v2\/types\/product"}],"replies":[{"embeddable":true,"href":"https:\/\/demo8.thuythu.com\/annablinds-32\/wp-json\/wp\/v2\/comments?post=2009"}],"wp:featuredmedia":[{"embeddable":true,"href":"https:\/\/demo8.thuythu.com\/annablinds-32\/wp-json\/wp\/v2\/media\/2010"}],"wp:attachment":[{"href":"https:\/\/demo8.thuythu.com\/annablinds-32\/wp-json\/wp\/v2\/media?parent=2009"}],"wp:term":[{"taxonomy":"product_cat","embeddable":true,"href":"https:\/\/demo8.thuythu.com\/annablinds-32\/wp-json\/wp\/v2\/product_cat?post=2009"},{"taxonomy":"product_tag","embeddable":true,"href":"https:\/\/demo8.thuythu.com\/annablinds-32\/wp-json\/wp\/v2\/product_tag?post=2009"}],"curies":[{"name":"wp","href":"https:\/\/api.w.org\/{rel}","templated":true}]}}