{"id":1504,"date":"2016-02-21T17:22:17","date_gmt":"2016-02-21T17:22:17","guid":{"rendered":"https:\/\/demo8.thuythu.com\/archangelsvn\/?page_id=1504"},"modified":"2022-04-25T07:32:24","modified_gmt":"2022-04-25T07:32:24","slug":"lien-he","status":"publish","type":"page","link":"https:\/\/demo8.thuythu.com\/archangelsvn\/lien-he\/","title":{"rendered":"Li\u00ean h\u1ec7"},"content":{"rendered":"<p>[vc_row css=&#8221;.vc_custom_1456075040848{margin-top: 60px !important;padding-bottom: 30px !important;}&#8221;][vc_column]    <div class=\"  tpl1\">\r\n\t\t<div class=\"col-xs-12 col-sm-12 col-md-12 col-lg-12 text_img_a    tpl1\">\r\n\t<div class=\"title_main_text\">\r\n\t\t<h5 class=\"sub_title_heading\">ARCHANGELS<\/h5>\t\t<h3 class=\"title_heading\">LI\u00caN H\u1ec6<\/h3>\t\t\t\t<div class=\"heading-icon\">\r\n\t\t\t<img width=\"25\" height=\"28\" src=\"https:\/\/demo8.thuythu.com\/archangelsvn\/wp-content\/uploads\/2021\/10\/icon-small.png\" class=\"attachment-thumbnail size-thumbnail\" alt=\"\" loading=\"lazy\" \/>\t\t<\/div>\r\n\t\t\t\t\t\t\t<\/div>\r\n<\/div>\r\n<div class=\"clear\"><\/div>    <\/div>\r\n        <div style=\"padding:0\" class=\"tb_block_text\">\n        H\u00e3y \u0111\u1ec3 l\u1ea1i th\u00f4ng tin c\u1ee7a b\u1ea1n c\u00f9ng m\u1ecdi th\u1eafc m\u1eafc ho\u1eb7c g\u00f3p \u00fd \u0111\u1ec3 ch\u00fang t\u00f4i c\u00f3 th\u1ec3 li\u00ean h\u1ec7 h\u1ed7 tr\u1ee3 b\u1ea1n s\u1edbm nh\u1ea5t c\u00f3 th\u1ec3. ARCHANGELS r\u1ea5t h\u00e2n h\u1ea1nh \u0111\u01b0\u1ee3c ph\u1ee5c v\u1ee5 qu\u00fd kh\u00e1ch.    <\/div>\n    \t\t<div class=\"tb-socials\">\r\n\t\t        <ul class=\" ro-contact-socials\">\r\n                            <li>\r\n                    <a target=\"_blank\" class=\"hi-icon\"  title=\"Facebook\" href=\"https:\/\/www.facebook.com\/archangelsvn\">\r\n                        <i class=\"fa fa-facebook\"><\/i>\r\n                    <\/a>\r\n                <\/li>\r\n                                        <li>\r\n                    <a target=\"_blank\" class=\"hi-icon\"  title=\"twitter\" href=\"#\">\r\n                        <i class=\"fa fa-twitter\"><\/i>\r\n                    <\/a>\r\n                <\/li>\r\n                                        <li>\r\n                    <a target=\"_blank\" class=\"hi-icon\"  title=\"Instagram\" href=\"https:\/\/www.instagram.com\/archangelsvn\/\">\r\n                        <i class=\"fa fa-instagram\"><\/i>\r\n                    <\/a>\r\n                <\/li>\r\n                                        <li>\r\n                    <a target=\"_blank\" class=\"hi-icon\"  title=\"Pinterest\" href=\"#\">\r\n                        <i class=\"fa fa-pinterest\"><\/i>\r\n                    <\/a>\r\n                <\/li>\r\n                                <\/ul>\r\n\t\t<\/div>\r\n    [\/vc_column][\/vc_row][vc_row css=&#8221;.vc_custom_1628156291871{margin-top: 20px !important;margin-bottom: 20px !important;}&#8221;][vc_column width=&#8221;1\/2&#8243;][vc_column_text]<iframe loading=\"lazy\" style=\"border: 0;\" src=\"https:\/\/www.google.com\/maps\/embed?pb=!1m18!1m12!1m3!1d3724.395459664606!2d105.8511983150293!3d21.0168569935602!2m3!1f0!2f0!3f0!3m2!1i1024!2i768!4f13.1!3m3!1m2!1s0x3135abf2c5b9dfff%3A0xb205028370737fce!2zNTEgUC4gVHLhuqduIFh1w6JuIFNv4bqhbiwgTmfDtCBUaMOsIE5o4bqtbSwgSGFpIELDoCBUcsawbmcsIEjDoCBO4buZaSwgVmlldG5hbQ!5e0!3m2!1sen!2s!4v1650871922146!5m2!1sen!2s\" width=\"600\" height=\"450\" allowfullscreen=\"allowfullscreen\"><\/iframe>[\/vc_column_text][\/vc_column][vc_column width=&#8221;1\/2&#8243;]<div role=\"form\" class=\"wpcf7\" id=\"wpcf7-f1048-o1\" lang=\"en-US\" dir=\"ltr\">\n<div class=\"screen-reader-response\"><p role=\"status\" aria-live=\"polite\" aria-atomic=\"true\"><\/p> <ul><\/ul><\/div>\n<form action=\"\/archangelsvn\/wp-json\/wp\/v2\/pages\/1504#wpcf7-f1048-o1\" method=\"post\" class=\"wpcf7-form init\" novalidate=\"novalidate\" data-status=\"init\">\n<div style=\"display: none;\">\n<input type=\"hidden\" name=\"_wpcf7\" value=\"1048\" \/>\n<input type=\"hidden\" name=\"_wpcf7_version\" value=\"5.4.2\" \/>\n<input type=\"hidden\" name=\"_wpcf7_locale\" value=\"en_US\" \/>\n<input type=\"hidden\" name=\"_wpcf7_unit_tag\" value=\"wpcf7-f1048-o1\" \/>\n<input type=\"hidden\" name=\"_wpcf7_container_post\" value=\"0\" \/>\n<input type=\"hidden\" name=\"_wpcf7_posted_data_hash\" value=\"\" \/>\n<\/div>\n<h4 class=\"ctf7-title\">G\u1eedi th\u00f4ng tin li\u00ean h\u1ec7<\/h4>\n<p><span class=\"wpcf7-form-control-wrap your-name\"><input type=\"text\" name=\"your-name\" value=\"\" size=\"40\" class=\"wpcf7-form-control wpcf7-text wpcf7-validates-as-required\" aria-required=\"true\" aria-invalid=\"false\" placeholder=\"H\u1ecd t\u00ean\" \/><\/span> <\/p>\n<p><span class=\"wpcf7-form-control-wrap your-email\"><input type=\"email\" name=\"your-email\" value=\"\" size=\"40\" class=\"wpcf7-form-control wpcf7-text wpcf7-email wpcf7-validates-as-required wpcf7-validates-as-email\" aria-required=\"true\" aria-invalid=\"false\" placeholder=\"Email\" \/><\/span> <\/p>\n<p><span class=\"wpcf7-form-control-wrap your-subject\"><input type=\"text\" name=\"your-subject\" value=\"\" size=\"40\" class=\"wpcf7-form-control wpcf7-text wpcf7-validates-as-required\" aria-required=\"true\" aria-invalid=\"false\" placeholder=\"Ti\u00eau \u0111\u1ec1\" \/><\/span> <\/p>\n<p><span class=\"wpcf7-form-control-wrap your-message\"><textarea name=\"your-message\" cols=\"40\" rows=\"10\" class=\"wpcf7-form-control wpcf7-textarea\" aria-invalid=\"false\" placeholder=\"N\u1ed9i dung\"><\/textarea><\/span> <\/p>\n<p><input type=\"submit\" value=\"G\u1eedi th\u00f4ng tin\" class=\"wpcf7-form-control wpcf7-submit\" \/><\/p>\n<div class=\"wpcf7-response-output\" aria-hidden=\"true\"><\/div><\/form><\/div>[\/vc_column][\/vc_row][vc_row][vc_column][vc_column_text]<\/p>\n<div class=\"line\"><\/div>\n<p>[\/vc_column_text][\/vc_column][\/vc_row][vc_row css=&#8221;.vc_custom_1628156356422{padding-top: 50px !important;padding-bottom: 50px !important;}&#8221;][vc_column width=&#8221;1\/3&#8243;]\t\t<div class=\"tb-box-contact\">\r\n\t\t\t<a class=\"tb_icon\" target=\"_blank\"> <i class=\" pe-7s-call\"><\/i><\/a>\r\n\t\t\t<p class=\"tb_content_box\">\r\n\t\t\t\t096 321 5050\t\t\t<\/p>\r\n\t\t<\/div>\r\n    [\/vc_column][vc_column width=&#8221;1\/3&#8243;]\t\t<div class=\"tb-box-contact\">\r\n\t\t\t<a class=\"tb_icon\" target=\"_blank\"> <i class=\" pe-7s-map-marker\"><\/i><\/a>\r\n\t\t\t<p class=\"tb_content_box\">\r\n\t\t\t\t51 P. Tr\u1ea7n Xu\u00e2n So\u1ea1n, Ng\u00f4 Th\u00ec Nh\u1eadm, Hai B\u00e0 Tr\u01b0ng, H\u00e0 N\u1ed9i.\t\t\t<\/p>\r\n\t\t<\/div>\r\n    [\/vc_column][vc_column width=&#8221;1\/3&#8243;]\t\t<div class=\"tb-box-contact\">\r\n\t\t\t<a class=\"tb_icon\" target=\"_blank\"> <i class=\" pe-7s-mail\"><\/i><\/a>\r\n\t\t\t<p class=\"tb_content_box\">\r\n\t\t\t\tarchangelsvietnam@gmail.com\t\t\t<\/p>\r\n\t\t<\/div>\r\n    [\/vc_column][\/vc_row]<\/p>\n","protected":false},"excerpt":{"rendered":"<p>[vc_row css=&#8221;.vc_custom_1456075040848{margin-top: 60px !important;padding-bottom: 30px !important;}&#8221;][vc_column][\/vc_column][\/vc_row][vc_row css=&#8221;.vc_custom_1628156291871{margin-top: 20px !important;margin-bottom: 20px !important;}&#8221;][vc_column width=&#8221;1\/2&#8243;][vc_column_text][\/vc_column_text][\/vc_column][vc_column width=&#8221;1\/2&#8243;][\/vc_column][\/vc_row][vc_row][vc_column][vc_column_text] [\/vc_column_text][\/vc_column][\/vc_row][vc_row css=&#8221;.vc_custom_1628156356422{padding-top: 50px !important;padding-bottom: 50px !important;}&#8221;][vc_column width=&#8221;1\/3&#8243;][\/vc_column][vc_column width=&#8221;1\/3&#8243;][\/vc_column][vc_column width=&#8221;1\/3&#8243;][\/vc_column][\/vc_row]<\/p>\n","protected":false},"author":2,"featured_media":0,"parent":0,"menu_order":0,"comment_status":"closed","ping_status":"closed","template":"page-NoTitleBar.php","meta":[],"_links":{"self":[{"href":"https:\/\/demo8.thuythu.com\/archangelsvn\/wp-json\/wp\/v2\/pages\/1504"}],"collection":[{"href":"https:\/\/demo8.thuythu.com\/archangelsvn\/wp-json\/wp\/v2\/pages"}],"about":[{"href":"https:\/\/demo8.thuythu.com\/archangelsvn\/wp-json\/wp\/v2\/types\/page"}],"author":[{"embeddable":true,"href":"https:\/\/demo8.thuythu.com\/archangelsvn\/wp-json\/wp\/v2\/users\/2"}],"replies":[{"embeddable":true,"href":"https:\/\/demo8.thuythu.com\/archangelsvn\/wp-json\/wp\/v2\/comments?post=1504"}],"version-history":[{"count":20,"href":"https:\/\/demo8.thuythu.com\/archangelsvn\/wp-json\/wp\/v2\/pages\/1504\/revisions"}],"predecessor-version":[{"id":3642,"href":"https:\/\/demo8.thuythu.com\/archangelsvn\/wp-json\/wp\/v2\/pages\/1504\/revisions\/3642"}],"wp:attachment":[{"href":"https:\/\/demo8.thuythu.com\/archangelsvn\/wp-json\/wp\/v2\/media?parent=1504"}],"curies":[{"name":"wp","href":"https:\/\/api.w.org\/{rel}","templated":true}]}}