{"id":2717,"date":"2021-07-26T07:51:06","date_gmt":"2021-07-26T07:51:06","guid":{"rendered":"https:\/\/demo8.thuythu.com\/archangelsvn\/?post_type=product&#038;p=2717"},"modified":"2022-05-25T04:17:21","modified_gmt":"2022-05-25T04:17:21","slug":"ruou-vang-do-cantina-sampietrana-settebraccia","status":"publish","type":"product","link":"https:\/\/demo8.thuythu.com\/archangelsvn\/san-pham\/ruou-vang-do-cantina-sampietrana-settebraccia\/","title":{"rendered":"Cantina Sampietrana 68 Vignaioli"},"content":{"rendered":"<p><span style=\"color: #000000;\"><strong>Cantina Sampietrana 68 Vignaioli<\/strong> c\u00f3 h\u01b0\u01a1ng v\u1ecb \u1ea5m \u00e1p, m\u1ec1m m\u1ecbn v\u00e0 c\u00f3 s\u1ee9c h\u00fat kh\u00f3 c\u01b0\u1ee1ng l\u1ea1i \u0111\u01b0\u1ee3c. S\u1ef1 \u00eam d\u1ecbu c\u1ee7a tannin gi\u00fap cho r\u01b0\u1ee3u vang c\u00f3 h\u1eadu v\u1ecb k\u00e9o d\u00e0i. V\u1ecb r\u01b0\u1ee3u \u0111\u1eadm \u0111\u00e0 c\u00f9ng h\u01b0\u01a1ng th\u01a1m quy\u1ebfn r\u0169 gi\u00fap cho chai vang h\u1ea3o h\u1ea1ng n\u00e0y l\u01b0u gi\u1eef l\u1ea1i trong tr\u00ed nh\u1edb c\u1ee7a t\u1eebng th\u1ef1c kh\u00e1ch.<\/span><\/p>\n<p><span style=\"color: #000000;\">B\u00ean c\u1ea1nh vi\u1ec7c s\u1edf h\u1eefu ch\u1ea5t l\u01b0\u1ee3ng tuy\u1ec7t v\u1eddi, 68 Vignaioli Primitivo Puglia c\u00f2n s\u1edf h\u1eefu thi\u1ebft k\u1ebf chai sang tr\u1ecdng, v\u00f4 c\u00f9ng tinh t\u1ebf.<\/span><\/p>\n<p><span style=\"color: #000000;\"><strong>M\u00e0u s\u1eafc r\u01b0\u1ee3u:<\/strong> \u0110\u1ecf ruby \u0111\u1eadm, c\u00f3 \u00e1nh t\u00edm<\/span><\/p>\n<p><span style=\"color: #000000;\"><strong>Phong c\u00e1ch r\u01b0\u1ee3u: <\/strong>Red &#8211; Rich and Intense<\/span><br \/>\n<span style=\"color: #000000;\"><strong>V\u1ecb: <\/strong>S\u1ef1 k\u1ebft h\u1ee3p c\u1ee7a m\u1ee9t tr\u00e1i c\u00e2y, m\u00e2m x\u00f4i, anh \u0111\u00e0o, nho \u0111en, cam th\u1ea3o v\u00e0 vani<\/span><\/p>\n<p><span style=\"color: #000000;\"><strong>V\u00f9ng tr\u1ed3ng nho Puglia, \u00dd<\/strong><\/span><br \/>\n<span style=\"color: #000000;\">Ph\u00eda \u0110\u00f4ng Nam N\u01b0\u1edbc \u00dd &#8211; Puglia v\u1edbi nh\u1eefng n\u00e9t v\u0103n ho\u00e1 th\u1eddi hy l\u1ea1p c\u1ed5 \u0111\u1ea1i, \u0111\u00e3 cho ra \u0111\u1eddi nh\u1eefng chai r\u01b0\u1ee3u vang \u0111\u1ecf c\u00f3 ch\u1ea5t l\u01b0\u1ee3ng xu\u1ea5t s\u1eafc. Kh\u00ed h\u1eadu \u1ea5m \u00e1p c\u1ee7a \u0110\u1ecba Trung H\u1ea3i c\u00f9ng v\u1edbi \u00e1nh s\u00e1ng tr\u00e0n \u0111\u1ea7y \u0111\u00e3 tr\u1edf th\u00e0nh m\u1ed9t \u0111i\u1ec3m m\u1ea1nh gi\u00fap c\u00e2y nho ph\u00e1t tri\u1ec3n theo h\u01b0\u1edbng t\u1ed1t nh\u1ea5t, thu v\u1ec1 s\u1ea3n l\u01b0\u1ee3ng cao. Tuy nhi\u00ean, \u0111i\u1ec3m t\u1ea1o n\u00ean s\u1ef1 \u0111\u1eb7c bi\u1ec7t v\u1ec1 h\u01b0\u01a1ng v\u1ecb v\u00e0 nh\u1eefng n\u00e9t c\u00e1 t\u00ednh \u0111\u1eb7c tr\u01b0ng c\u1ee7a nh\u1eefng chai r\u01b0\u1ee3u vang n\u01a1i \u0111\u00e2y ch\u00ednh l\u00e0 l\u1edbp \u0111\u1ea5t \u0111\u00e1 v\u00f4i m\u1ec1m b\u00ean d\u01b0\u1edbi c\u00e1c t\u1ea7ng \u0111\u1ea5t gi\u00e0u s\u1eaft c\u1ee7a Puglia.<\/span><\/p>\n<p><span style=\"color: #000000;\"><strong>Gi\u1ed1ng nho Primitivo<\/strong><\/span><br \/>\n<span style=\"color: #000000;\">Primitivo l\u00e0 gi\u1ed1ng nho nguy\u00ean th\u1ee7y, thu\u1ea7n ch\u1ee7ng nh\u1ea5t. Nho Primitivo \u0111\u01b0\u1ee3c \u0111\u1eb7t t\u00ean nh\u1edd v\u00e0o \u0111\u1eb7c t\u00ednh \u2018ch\u00edn s\u1edbm\u2019 nh\u1ea5t trong n\u0103m c\u1ee7a m\u00ecnh. Nho \u0111\u01b0\u1ee3c thu h\u00e1i b\u1eb1ng tay v\u00e0o \u0111\u00fang th\u1eddi \u0111i\u1ec3m ch\u00edn \u0111\u1ec1u.<\/span><br \/>\n<span style=\"color: #000000;\">Nh\u1eefng tr\u00e1i nho \u0111\u01b0\u1ee3c x\u1ebfp v\u00e0o th\u00f9ng g\u1ed7 s\u1ed3i b\u1ecdc da c\u1eebu thu\u1ed9c truy\u1ec1n th\u1ed1ng, \u1ee7 24 th\u00e1ng trong h\u1ea7m s\u00e2u d\u01b0\u1edbi l\u00f2ng \u0111\u1ea5t, khi\u1ebfn phong v\u1ecb tannin c\u1ee9ng c\u00e1p, m\u00e3nh li\u1ec7t nh\u01b0ng \u0111\u1ea7y tinh t\u1ebf, \u0111am m\u00ea, tr\u00f2n \u0111\u1ea7y.<\/span><\/p>\n","protected":false},"excerpt":{"rendered":"<p><span style=\"color: #000000;\"><strong>Lo\u1ea1i vang :\u00a0 \u00a0 \u00a0 \u00a0 \u00a0 \u00a0 \u00a0 \u00a0 \u00a0 \u00a0 \u00a0 \u00a0 \u00a0\u00a0\u00a0\u00a0\u00a0\u00a0Vang \u0111\u1ecf<\/strong><\/span><\/p>\n<p><span style=\"color: #000000;\"><strong>Xu\u1ea5t x\u1ee9 :\u00a0 \u00a0 \u00a0 \u00a0 \u00a0 \u00a0 \u00a0 \u00a0 \u00a0 \u00a0 \u00a0 \u00a0 \u00a0 \u00a0\u00a0\u00a0\u00a0 \u00a0\u00a0\u00dd<\/strong><\/span><\/p>\n<p><span style=\"color: #000000;\"><strong>Ni\u00ean v\u1ee5 :\u00a0\u00a0\u00a0\u00a0\u00a0 \u00a0\u00a0\u00a0\u00a0\u00a0\u00a0\u00a0\u00a0\u00a0\u00a0\u00a0\u00a0\u00a0\u00a0\u00a0\u00a0\u00a0\u00a0\u00a0\u00a0\u00a0\u00a0\u00a0\u00a0\u00a0\u00a0\u00a0\u00a02018<\/strong><\/span><\/p>\n<p><span style=\"color: #000000;\"><strong>V\u00f9ng tr\u1ed3ng nho :\u00a0 \u00a0 \u00a0 \u00a0 \u00a0 \u00a0 \u00a0 \u00a0\u00a0\u00a0\u00a0\u00a0<\/strong><strong>\u00a0<\/strong><strong>Puglia<\/strong><\/span><\/p>\n<p><span style=\"color: #000000;\"><strong>Gi\u1ed1ng nho :\u00a0 \u00a0 \u00a0 \u00a0 \u00a0 \u00a0 \u00a0 \u00a0 \u00a0 \u00a0 \u00a0 \u00a0 \u00a0\u00a0\u00a0\u00a0\u00a0<\/strong><strong>Primitivo<\/strong><\/span><\/p>\n<p><span style=\"color: #000000;\"><strong>Dung t\u00edch :\u00a0 \u00a0 \u00a0 \u00a0 \u00a0 \u00a0 \u00a0 \u00a0 \u00a0 \u00a0 \u00a0 \u00a0 \u00a0\u00a0\u00a0\u00a0 \u00a0750ml<\/strong><\/span><\/p>\n<p><span style=\"color: #000000;\"><strong>N\u1ed3ng \u0111\u1ed9 :\u00a0 \u00a0 \u00a0 \u00a0 \u00a0 \u00a0 \u00a0 \u00a0 \u00a0 \u00a0 \u00a0 \u00a0 \u00a0 \u00a0 \u00a0\u00a0\u00a0\u00a0\u00a014%<\/strong><\/span><\/p>\n<p><span style=\"color: #000000;\"><strong>Nhi\u1ec7t \u0111\u1ed9 u\u1ed1ng l\u00fd t\u01b0\u1edfng :\u00a0 \u00a0\u00a0\u00a0\u00a0\u00a0\u00a015 &#8211; 18<sup>o<\/sup>C<\/strong><\/span><\/p>\n<p><span style=\"color: #000000;\"><strong>M\u00f3n \u0103n k\u00e8m <\/strong><strong>:\u00a0\u00a0\u00a0\u00a0\u00a0\u00a0\u00a0\u00a0\u00a0\u00a0\u00a0\u00a0\u00a0\u00a0\u00a0\u00a0\u00a0\u00a0\u00a0\u00a0\u00a0\u00a0\u00a0\u00a0\u00a0\u00a0 Th\u1ecbt b\u00f2, Th\u1ecbt c\u1eebu, Ph\u00f4 mai, M\u00f3n cay, Salami<\/strong><\/span><\/p>\n","protected":false},"featured_media":3811,"comment_status":"open","ping_status":"closed","template":"","meta":[],"product_cat":[88,211,212,213,245,107,108,102,103,223],"product_tag":[293,183,184,186],"_links":{"self":[{"href":"https:\/\/demo8.thuythu.com\/archangelsvn\/wp-json\/wp\/v2\/product\/2717"}],"collection":[{"href":"https:\/\/demo8.thuythu.com\/archangelsvn\/wp-json\/wp\/v2\/product"}],"about":[{"href":"https:\/\/demo8.thuythu.com\/archangelsvn\/wp-json\/wp\/v2\/types\/product"}],"replies":[{"embeddable":true,"href":"https:\/\/demo8.thuythu.com\/archangelsvn\/wp-json\/wp\/v2\/comments?post=2717"}],"wp:featuredmedia":[{"embeddable":true,"href":"https:\/\/demo8.thuythu.com\/archangelsvn\/wp-json\/wp\/v2\/media\/3811"}],"wp:attachment":[{"href":"https:\/\/demo8.thuythu.com\/archangelsvn\/wp-json\/wp\/v2\/media?parent=2717"}],"wp:term":[{"taxonomy":"product_cat","embeddable":true,"href":"https:\/\/demo8.thuythu.com\/archangelsvn\/wp-json\/wp\/v2\/product_cat?post=2717"},{"taxonomy":"product_tag","embeddable":true,"href":"https:\/\/demo8.thuythu.com\/archangelsvn\/wp-json\/wp\/v2\/product_tag?post=2717"}],"curies":[{"name":"wp","href":"https:\/\/api.w.org\/{rel}","templated":true}]}}