{"id":2729,"date":"2021-07-26T07:57:53","date_gmt":"2021-07-26T07:57:53","guid":{"rendered":"https:\/\/demo8.thuythu.com\/archangelsvn\/?post_type=product&#038;p=2729"},"modified":"2022-05-25T03:39:54","modified_gmt":"2022-05-25T03:39:54","slug":"ruou-vang-do-since-1952-riserva-dop","status":"publish","type":"product","link":"https:\/\/demo8.thuythu.com\/archangelsvn\/san-pham\/ruou-vang-do-since-1952-riserva-dop\/","title":{"rendered":"Since 1952 Riserva DOP"},"content":{"rendered":"<p><span style=\"color: #000000;\"><strong>Since 1952 Riserva DOP <\/strong>c\u00f3 m\u00f9i r\u01b0\u1ee3u vang \u0111i\u1ec3n h\u00ecnh v\u1edbi h\u01b0\u01a1ng kh\u00f3i c\u1ee7a nh\u1eefng qu\u1ea3 m\u1ecdng, k\u1ebft h\u1ee3p v\u1edbi ch\u1ea5t tannin, th\u00eam ch\u00fat v\u1ecb ch\u00e0 l\u00e0 kh\u00f4 v\u00e0 ch\u00edn, t\u1ea1o n\u00ean s\u1ef1 c\u00e2n b\u1eb1ng gi\u1eefa v\u1ecb chua v\u00e0 \u0111\u1ed9 ng\u1ecdt nh\u1eb9 n\u01a1i cu\u1ed1ng h\u1ecdng.<\/span><\/p>\n<p><span style=\"color: #000000;\">\u0110\u00e2y l\u00e0 m\u1ed9t v\u1eadt ph\u1ea9m t\u00f4n vinh nh\u1eefng n\u0103m th\u00e1ng c\u1ed5 \u0111i\u1ec3n, l\u00e0 m\u1ed9t b\u1ea3n n\u00e2ng c\u1ea5p c\u1ee7a c\u00e1c lo\u1ea1i r\u01b0\u1ee3u vang Puglia c\u0169, nh\u01b0ng v\u1eabn gi\u1eef nguy\u00ean DNA, c\u1ee7a nh\u1eefng c\u00e2y nho gi\u00e0, c\u1ee7a nh\u1eefng chi\u1ebfc th\u00f9ng c\u0169, th\u1ec3 hi\u1ec7n c\u00e1ch pha ch\u1ebf r\u01b0\u1ee3u \u0111\u01a1n gi\u1ea3n m\u00e0 truy\u1ec1n th\u1ed1ng. Khi u\u1ed1ng, th\u1ef1c kh\u00e1ch s\u1ebd c\u00f3 th\u1ec3 c\u1ea3m nh\u1eadn \u0111\u1ed9 \u0111\u1eadm \u0111\u1eb7c m\u00e0 m\u1ec1m m\u01b0\u1ee3t, tan trong mi\u1ec7ng c\u1ee7a chai r\u01b0\u1ee3u vang h\u1ea3o h\u1ea1ng n\u00e0y.<\/span><\/p>\n<p><span style=\"color: #000000;\"><strong>M\u00e0u s\u1eafc r\u01b0\u1ee3u:<\/strong> M\u00e0u \u0111\u1ecf ruby \u0111\u1eadm<\/span><\/p>\n<p><span style=\"color: #000000;\"><strong>Phong c\u00e1ch r\u01b0\u1ee3u: <\/strong>Intensely ruby red &amp; Bordeaux<\/span><br \/>\n<span style=\"color: #000000;\"><strong>V\u1ecb:<\/strong> V\u1ecb tr\u00e1i c\u00e2y m\u1ecdng, m\u00e2m x\u00f4i r\u1eebng, m\u1eadn ch\u00edn, anh \u0111\u00e0o, socola v\u00e0 g\u1ed7 s\u1ed3i<\/span><\/p>\n<p>&nbsp;<\/p>\n<p><span style=\"color: #000000;\"><strong>V\u00f9ng tr\u1ed3ng nho Puglia, \u00dd<\/strong><\/span><br \/>\n<span style=\"color: #000000;\">Ph\u00eda \u0110\u00f4ng Nam N\u01b0\u1edbc \u00dd &#8211; <strong>Puglia <\/strong>v\u1edbi nh\u1eefng n\u00e9t v\u0103n ho\u00e1 th\u1eddi hy l\u1ea1p c\u1ed5 \u0111\u1ea1i, \u0111\u00e3 cho ra \u0111\u1eddi nh\u1eefng chai r\u01b0\u1ee3u vang \u0111\u1ecf c\u00f3 ch\u1ea5t l\u01b0\u1ee3ng xu\u1ea5t s\u1eafc. Kh\u00ed h\u1eadu \u1ea5m \u00e1p c\u1ee7a \u0110\u1ecba Trung H\u1ea3i c\u00f9ng v\u1edbi \u00e1nh s\u00e1ng tr\u00e0n \u0111\u1ea7y \u0111\u00e3 tr\u1edf th\u00e0nh m\u1ed9t \u0111i\u1ec3m m\u1ea1nh gi\u00fap c\u00e2y nho ph\u00e1t tri\u1ec3n theo h\u01b0\u1edbng t\u1ed1t nh\u1ea5t, thu v\u1ec1 s\u1ea3n l\u01b0\u1ee3ng cao. Tuy nhi\u00ean, \u0111i\u1ec3m t\u1ea1o n\u00ean s\u1ef1 \u0111\u1eb7c bi\u1ec7t v\u1ec1 h\u01b0\u01a1ng v\u1ecb v\u00e0 nh\u1eefng n\u00e9t c\u00e1 t\u00ednh \u0111\u1eb7c tr\u01b0ng c\u1ee7a nh\u1eefng chai r\u01b0\u1ee3u vang n\u01a1i \u0111\u00e2y ch\u00ednh l\u00e0 l\u1edbp \u0111\u1ea5t \u0111\u00e1 v\u00f4i m\u1ec1m b\u00ean d\u01b0\u1edbi c\u00e1c t\u1ea7ng \u0111\u1ea5t gi\u00e0u s\u1eaft c\u1ee7a Puglia.<\/span><\/p>\n<p><span style=\"color: #000000;\"><strong>Gi\u1ed1ng nho Negroamaro v\u00e0 Montepulciano<\/strong><\/span><br \/>\n<span style=\"color: #000000;\">1952 Sampietrana Brindisi Riserva DOP \u0111\u01b0\u1ee3c l\u00e0m t\u1eeb 80% gi\u1ed1ng nho b\u1ea3n \u0111\u1ecba <strong>Negroamaro <\/strong>v\u00e0 20% <strong>Montepulciano<\/strong>. Tr\u00ean \u0111\u1ea5t \u0111\u00e1 v\u00f4i v\u00e0 \u0111\u1ea5t s\u00e9t, c\u00e2y nho \u0111\u01b0\u1ee3c tr\u1ed3ng theo ph\u01b0\u01a1ng ph\u00e1p truy\u1ec1n th\u1ed1ng &#8220;Alberello Pugliese&#8221; (\u0111\u00e2y l\u00e0 d\u1ea1ng ph\u01b0\u01a1ng ph\u00e1p c\u1ed5 x\u01b0a, c\u00e1c c\u00e2y nho s\u1ebd \u0111\u01b0\u1ee3c ph\u00e1t tri\u1ec3n m\u1ed9t c\u00e1ch t\u1ef1 nhi\u00ean, kh\u00f4ng c\u1ecdc, kh\u00f4ng gi\u00e0n) , cho ra m\u1ed9t k\u1ebft qu\u1ea3 tuy\u1ec7t v\u1eddi, \u0111\u1eb7c bi\u1ec7t l\u00e0 \u0111\u1ed1i v\u1edbi c\u00e1c lo\u1ea1i nho \u0111\u1ecba ph\u01b0\u01a1ng. Nho \u0111\u01b0\u1ee3c thu ho\u1ea1ch th\u1ee7 c\u00f4ng v\u00e0o tu\u1ea7n th\u1ee9 hai c\u1ee7a th\u00e1ng 9, ng\u00e2m r\u01b0\u1ee3u v\u00e0 l\u00ean men trong m\u00f4i tr\u01b0\u1eddng \u0111\u01b0\u1ee3c ki\u1ec3m so\u00e1t nhi\u1ec7t \u0111\u1ed9 tr\u01b0\u1edbc khi \u0111\u01b0\u1ee3c \u00e9p m\u1ec1m v\u00e0 t\u00e1ch b\u00e3 ra kh\u1ecfi r\u01b0\u1ee3u. Tr\u01b0\u1edbc khi r\u01b0\u1ee3u \u0111\u01b0\u1ee3c ph\u00e1t h\u00e0nh v\u1edbi t\u00ean g\u1ecdi Riserva, n\u00f3 \u0111\u01b0\u1ee3c \u1ee7 trong 12 th\u00e1ng trong th\u00f9ng r\u01b0\u1ee3u v\u00e0 sau \u0111\u00f3 \u1ee7 th\u00eam hai n\u0103m n\u1eefa trong c\u1eeda h\u00e0ng \u0111\u00f3ng chai.<\/span><\/p>\n","protected":false},"excerpt":{"rendered":"<p><span style=\"color: #000000;\"><strong>Lo\u1ea1i vang :\u00a0 \u00a0 \u00a0 \u00a0 \u00a0 \u00a0 \u00a0 \u00a0 \u00a0 \u00a0 \u00a0 \u00a0 \u00a0\u00a0\u00a0\u00a0\u00a0\u00a0Vang \u0111\u1ecf<\/strong><\/span><\/p>\n<p><span style=\"color: #000000;\"><strong>Xu\u1ea5t x\u1ee9 :\u00a0 \u00a0 \u00a0 \u00a0 \u00a0 \u00a0 \u00a0 \u00a0 \u00a0 \u00a0 \u00a0 \u00a0 \u00a0 \u00a0\u00a0\u00a0\u00a0 \u00a0\u00a0\u00dd<\/strong><\/span><\/p>\n<p><span style=\"color: #000000;\"><strong>Ni\u00ean v\u1ee5 :\u00a0\u00a0\u00a0\u00a0\u00a0 \u00a0\u00a0\u00a0\u00a0\u00a0\u00a0\u00a0\u00a0\u00a0\u00a0\u00a0\u00a0\u00a0\u00a0\u00a0\u00a0\u00a0\u00a0\u00a0\u00a0\u00a0\u00a0\u00a0\u00a0\u00a0\u00a0\u00a0\u00a02018<\/strong><\/span><\/p>\n<p><span style=\"color: #000000;\"><strong>V\u00f9ng tr\u1ed3ng nho :\u00a0 \u00a0 \u00a0 \u00a0 \u00a0 \u00a0 \u00a0 \u00a0\u00a0\u00a0\u00a0\u00a0\u00a0<\/strong><strong>Puglia<\/strong><\/span><\/p>\n<p><span style=\"color: #000000;\"><strong>Gi\u1ed1ng nho :\u00a0 \u00a0 \u00a0 \u00a0 \u00a0 \u00a0 \u00a0 \u00a0 \u00a0 \u00a0 \u00a0 \u00a0 \u00a0\u00a0\u00a0\u00a0\u00a0<\/strong><strong>Negroamaro , Montepulciano<\/strong><\/span><\/p>\n<p><span style=\"color: #000000;\"><strong>Dung t\u00edch :\u00a0 \u00a0 \u00a0 \u00a0 \u00a0 \u00a0 \u00a0 \u00a0 \u00a0 \u00a0 \u00a0 \u00a0 \u00a0\u00a0\u00a0\u00a0 \u00a0750ml<\/strong><\/span><\/p>\n<p><span style=\"color: #000000;\"><strong>N\u1ed3ng \u0111\u1ed9 :\u00a0 \u00a0 \u00a0 \u00a0 \u00a0 \u00a0 \u00a0 \u00a0 \u00a0 \u00a0 \u00a0 \u00a0 \u00a0 \u00a0 \u00a0\u00a0\u00a0\u00a0\u00a014%<\/strong><\/span><\/p>\n<p><span style=\"color: #000000;\"><strong>Nhi\u1ec7t \u0111\u1ed9 u\u1ed1ng l\u00fd t\u01b0\u1edfng :\u00a0 \u00a0\u00a0\u00a0\u00a0\u00a0\u00a015 &#8211; 18<sup>o<\/sup>C<\/strong><\/span><\/p>\n<p><span style=\"color: #000000;\"><strong>M\u00f3n \u0103n k\u00e8m <\/strong><strong>:\u00a0\u00a0\u00a0\u00a0\u00a0\u00a0\u00a0\u00a0\u00a0\u00a0\u00a0\u00a0\u00a0\u00a0\u00a0\u00a0\u00a0\u00a0\u00a0\u00a0\u00a0\u00a0\u00a0\u00a0\u00a0\u00a0 Th\u1ecbt \u0111\u1ecf n\u01b0\u1edbng, M\u00ec \u00dd, Ph\u00f4 Mai, M\u00f3n cay<\/strong><\/span><\/p>\n<p>&nbsp;<\/p>\n","protected":false},"featured_media":3805,"comment_status":"open","ping_status":"closed","template":"","meta":[],"product_cat":[206,88,210,212,245,102,103,223],"product_tag":[289,274,186,288,275],"_links":{"self":[{"href":"https:\/\/demo8.thuythu.com\/archangelsvn\/wp-json\/wp\/v2\/product\/2729"}],"collection":[{"href":"https:\/\/demo8.thuythu.com\/archangelsvn\/wp-json\/wp\/v2\/product"}],"about":[{"href":"https:\/\/demo8.thuythu.com\/archangelsvn\/wp-json\/wp\/v2\/types\/product"}],"replies":[{"embeddable":true,"href":"https:\/\/demo8.thuythu.com\/archangelsvn\/wp-json\/wp\/v2\/comments?post=2729"}],"wp:featuredmedia":[{"embeddable":true,"href":"https:\/\/demo8.thuythu.com\/archangelsvn\/wp-json\/wp\/v2\/media\/3805"}],"wp:attachment":[{"href":"https:\/\/demo8.thuythu.com\/archangelsvn\/wp-json\/wp\/v2\/media?parent=2729"}],"wp:term":[{"taxonomy":"product_cat","embeddable":true,"href":"https:\/\/demo8.thuythu.com\/archangelsvn\/wp-json\/wp\/v2\/product_cat?post=2729"},{"taxonomy":"product_tag","embeddable":true,"href":"https:\/\/demo8.thuythu.com\/archangelsvn\/wp-json\/wp\/v2\/product_tag?post=2729"}],"curies":[{"name":"wp","href":"https:\/\/api.w.org\/{rel}","templated":true}]}}