{"id":2732,"date":"2021-07-26T07:58:49","date_gmt":"2021-07-26T07:58:49","guid":{"rendered":"https:\/\/demo8.thuythu.com\/archangelsvn\/?post_type=product&#038;p=2732"},"modified":"2022-06-11T11:49:00","modified_gmt":"2022-06-11T11:49:00","slug":"ruou-vang-do-vesevo-taurasi-limited-release","status":"publish","type":"product","link":"https:\/\/demo8.thuythu.com\/archangelsvn\/san-pham\/ruou-vang-do-vesevo-taurasi-limited-release\/","title":{"rendered":"Vesevo Taurasi Limited Release"},"content":{"rendered":"<p><span style=\"color: #000000;\"><strong>Vesevo Taurasi Limited Release<\/strong> \u2013 l\u00e0 bi\u1ec3u t\u01b0\u1ee3ng Vang \u0111\u1ecf c\u1ed5 \u0111i\u1ec3n th\u01b0\u1ee3ng l\u01b0u c\u1ee7a v\u00f9ng mi\u1ec1n Nam n\u01b0\u1edbc \u00dd. Phong c\u00e1ch r\u01b0\u1ee3u Red Classic \u0111\u01b0\u1ee3c chi\u1ebft xu\u1ea5t t\u1eeb gi\u1ed1ng nho Aglianico hi\u1ebfm v\u00e0 thu\u1ea7n ch\u1ee7ng c\u00f2n s\u00f3t l\u1ea1i, ki\u1ebfn t\u1ea1o n\u00ean m\u1ed9t chu\u1ed7i c\u00e1c m\u1ea3ng h\u01b0\u01a1ng \u0111\u1ed1i l\u1eadp \u0111an xen trong m\u1ed9t ly r\u01b0\u1ee3u Vesevo Taurasi Limited Release. \u0110\u01b0\u1ee3c \u1ee7 l\u00e2u, d\u01b0 v\u1ecb b\u1ec1n b\u1ec9 v\u00f4 t\u1eadn c\u00e0ng tr\u1edf n\u00ean \u0111\u1eadm n\u00e9t, tinh t\u1ebf, l\u01b0u l\u1ea1i n\u01a1i cu\u1ed1ng h\u1ecdng.<\/span><\/p>\n<p><span style=\"color: #000000;\"><strong>M\u00e0u s\u1eafc r\u01b0\u1ee3u:<\/strong> \u0110\u1ecf t\u00edm \u0111\u1eadm<\/span><\/p>\n<p><span style=\"color: #000000;\"><strong>Phong c\u00e1ch r\u01b0\u1ee3u:<\/strong>Red &#8211; Savory and Classic<\/span><\/p>\n<p><span style=\"color: #000000;\"><strong>\u00a0V\u1ecb:<\/strong>Tobacco, qu\u1ea3 cassis, tuy\u1ebft t\u00f9ng, \u1edbt chu\u00f4ng, anh \u0111\u00e0o v\u00e0 m\u00e2m x\u00f4i r\u1eebng.<\/span><\/p>\n<p><strong><span style=\"color: #000000;\">V\u00f9ng tr\u1ed3ng nho Campania<\/span><\/strong><br \/>\n<span style=\"color: #000000;\">L\u00e0 danh hi\u1ec7u vang \u0111\u1ecf thu\u1ed9c Irpinia, <strong>ti\u1ec3u v\u00f9ng Campania<\/strong>, mi\u1ec1n nam n\u01b0\u1edbc \u00dd, DOCG l\u00e0 phong hi\u1ec7u cao nh\u1ea5t \u0111\u01b0\u1ee3c c\u1ea5p cho c\u00e1c d\u00f2ng vang \u00fd, l\u00e0 b\u1ea3o ch\u1ee9ng cho s\u1ef1 ki\u1ec3m duy\u1ec7t thu h\u00e1i v\u00e0 s\u1ea3n xu\u1ea5t ch\u1eb7t ch\u1ebd \u0111i c\u00f9ng ch\u1ea5t l\u01b0\u1ee3ng th\u00e0nh ph\u1ea9m vang \u01b0u t\u00fa nh\u1ea5t.<\/span><\/p>\n<p><span style=\"color: #000000;\">V\u1ef1a nho Aglianico n\u1eb1m \u1edf \u0111\u1ed9 cao 400m so v\u1edbi m\u1ef1c n\u01b0\u1edbc bi\u1ec3n. Th\u1ed5 nh\u01b0\u1ee1ng v\u00e0 kh\u00ed h\u1eadu n\u01a1i \u0111\u00e2y \u0111\u00f3ng g\u00f3p 90% v\u00e0o th\u00e0nh c\u00f4ng c\u1ee7a v\u1ecb vang \u0111\u1ecf Vesero Taurasi truy\u1ec1n th\u1ed1ng \u0111\u1ea7y ma m\u1ecb ch\u1ec9 d\u00e0nh ri\u00eang cho gi\u1edbi chuy\u00ean gia v\u00e0 t\u1ea7ng l\u1edbp qu\u00fd t\u1ed9c. \u0110\u1ea5t macno t\u1ea1o n\u00ean v\u1ecb tannin \u0111\u1eadm m\u1ea1nh, trong khi \u0111\u1ea5t n\u00fai l\u1eeda (volcanic soil) nh\u1ea5n nh\u00e9 ch\u00fat h\u01b0\u01a1ng kh\u00f3i (smokiness) trong v\u1ecb r\u01b0\u1ee3u, lan t\u1ecfa n\u01a1i v\u00f2m h\u1ecdng khi th\u01b0\u1edfng th\u1ee9c. Th\u1eddi gian \u1ee7 c\u1ee7a vang Vesevo Taurasi b\u1eaft bu\u1ed9c tr\u00ean 3 n\u0103m trong th\u00f9ng g\u1ed7 s\u1ed3i hun, \u0111\u1eb7t trong t\u1ea7ng h\u1ea7m s\u00e2u d\u01b0\u1edbi l\u00f2ng \u0111\u1ea5t.<\/span><\/p>\n<p><strong><span style=\"color: #000000;\">Gi\u1ed1ng nho Aglianico<\/span><\/strong><br \/>\n<span style=\"color: #000000;\">Nho Aglianico \u0111\u01b0\u1ee3c coi l\u00e0 \u2018\u0111i\u1ec1u b\u00ed m\u1eadt \u0111\u1eb9p \u0111\u1ebd\u2019 cho s\u1ef1 th\u00e0nh c\u00f4ng c\u1ee7a d\u00f2ng r\u01b0\u1ee3u vang \u0111\u1ecf xu\u1ea5t kh\u1ea9u t\u1eeb mi\u1ec1n Nam n\u01b0\u1edbc \u00dd. \u2018B\u00ed m\u1eadt \u0111\u1eb9p \u0111\u1ebd\u2019 \u0111\u00f3 ch\u00ednh l\u00e0 th\u1eddi \u0111i\u1ec3m thu ho\u1ea1ch nho Aglianico th\u01b0\u1eddng r\u1ea5t mu\u1ed9n v\u00e0o cu\u1ed1i h\u00e8.<\/span><\/p>\n<p><span style=\"color: #000000;\">Nho Aglianico tuy\u1ec7t v\u1eddi c\u1ea7n th\u1ea5m \u0111\u1eabm s\u1ef1 kh\u00f4 h\u1ea1n c\u00f9ng v\u1edbi s\u1ef1 \u1ea5m \u00e1p c\u1ee7a ng\u00e0y h\u00e8 Nam \u00dd \u0111\u1ec3 c\u00f4 \u0111\u1ecdng v\u1ecb phenol v\u1eeba t\u1edbi v\u00e0 phong v\u1ecb tannin ch\u00edn mu\u1ed3i. Tr\u1ea3i qua nh\u1eefng n\u0103m th\u00e1ng \u1ea9n m\u00ecnh trong th\u00f9ng g\u1ed7 s\u1ed3i th\u01a1m s\u00e2u trong l\u00f2ng \u0111\u1ea5t, nho Aglianico tr\u00fat b\u1ecf b\u1edbt \u0111i n\u00e9t \u0111\u1eafng ch\u00e1t, th\u00eam v\u00e0o ch\u00fat hoang ho\u1ea3i h\u01b0\u01a1ng qu\u1ea3 v\u00e0 c\u1ecf x\u00f4 th\u01a1m, d\u1ecbu d\u00e0ng chinh ph\u1ee5c tr\u00e1i tim gi\u1edbi qu\u00fd t\u1ed9c Ch\u00e2u \u00c2u, l\u00e0m n\u00ean bi\u1ec3u t\u01b0\u1ee3ng Vang \u0111\u1ecf Full-bodied truy\u1ec1n th\u1ed1ng mi\u1ec1n Nam n\u01b0\u1edbc \u00dd.<\/span><\/p>\n","protected":false},"excerpt":{"rendered":"<p><span style=\"color: #000000;\"><strong>Lo\u1ea1i vang :\u00a0 \u00a0 \u00a0 \u00a0 \u00a0 \u00a0 \u00a0 \u00a0 \u00a0 \u00a0 \u00a0 \u00a0 \u00a0\u00a0\u00a0\u00a0\u00a0\u00a0Vang \u0111\u1ecf<\/strong><\/span><\/p>\n<p><span style=\"color: #000000;\"><strong>Xu\u1ea5t x\u1ee9 :\u00a0 \u00a0 \u00a0 \u00a0 \u00a0 \u00a0 \u00a0 \u00a0 \u00a0 \u00a0 \u00a0 \u00a0 \u00a0 \u00a0\u00a0\u00a0\u00a0 \u00a0\u00a0\u00dd<\/strong><\/span><\/p>\n<p><span style=\"color: #000000;\"><strong>Ni\u00ean v\u1ee5 :\u00a0\u00a0\u00a0\u00a0\u00a0 \u00a0\u00a0\u00a0\u00a0\u00a0\u00a0\u00a0\u00a0\u00a0\u00a0\u00a0\u00a0\u00a0\u00a0\u00a0\u00a0\u00a0\u00a0\u00a0\u00a0\u00a0\u00a0\u00a0\u00a0\u00a0\u00a0\u00a0\u00a02013<\/strong><\/span><\/p>\n<p><span style=\"color: #000000;\"><strong>V\u00f9ng tr\u1ed3ng nho :\u00a0 \u00a0 \u00a0 \u00a0 \u00a0 \u00a0 \u00a0 \u00a0\u00a0\u00a0\u00a0\u00a0\u00a0<\/strong><strong>Campania<\/strong><\/span><\/p>\n<p><span style=\"color: #000000;\"><strong>Gi\u1ed1ng nho :\u00a0 \u00a0 \u00a0 \u00a0 \u00a0 \u00a0 \u00a0 \u00a0 \u00a0 \u00a0 \u00a0 \u00a0 \u00a0\u00a0\u00a0\u00a0\u00a0<\/strong><strong>Aglianico<\/strong><\/span><\/p>\n<p><span style=\"color: #000000;\"><strong>Dung t\u00edch :\u00a0 \u00a0 \u00a0 \u00a0 \u00a0 \u00a0 \u00a0 \u00a0 \u00a0 \u00a0 \u00a0 \u00a0 \u00a0\u00a0\u00a0\u00a0 \u00a0750ml<\/strong><\/span><\/p>\n<p><span style=\"color: #000000;\"><strong>N\u1ed3ng \u0111\u1ed9 :\u00a0 \u00a0 \u00a0 \u00a0 \u00a0 \u00a0 \u00a0 \u00a0 \u00a0 \u00a0 \u00a0 \u00a0 \u00a0 \u00a0 \u00a0\u00a0\u00a0\u00a0\u00a014%<\/strong><\/span><\/p>\n<p><span style=\"color: #000000;\"><strong>Nhi\u1ec7t \u0111\u1ed9 u\u1ed1ng l\u00fd t\u01b0\u1edfng :\u00a0 \u00a0\u00a0\u00a0\u00a0\u00a0\u00a015 &#8211; 18<sup>o<\/sup>C<\/strong><\/span><\/p>\n<p><span style=\"color: #000000;\"><strong>M\u00f3n \u0103n k\u00e8m <\/strong><strong>:\u00a0\u00a0\u00a0\u00a0\u00a0\u00a0\u00a0\u00a0\u00a0\u00a0\u00a0\u00a0\u00a0\u00a0\u00a0\u00a0\u00a0\u00a0\u00a0\u00a0\u00a0\u00a0\u00a0\u00a0\u00a0\u00a0 Ph\u00f4 mai, Th\u1ecbt \u0111\u1ecf, Th\u1ecbt nai, M\u00f3n x\u00e0o<\/strong><\/span><\/p>\n","protected":false},"featured_media":3826,"comment_status":"open","ping_status":"closed","template":"","meta":[],"product_cat":[206,88,212,245,107,102,267,103,223],"product_tag":[284,186,275,187,283],"_links":{"self":[{"href":"https:\/\/demo8.thuythu.com\/archangelsvn\/wp-json\/wp\/v2\/product\/2732"}],"collection":[{"href":"https:\/\/demo8.thuythu.com\/archangelsvn\/wp-json\/wp\/v2\/product"}],"about":[{"href":"https:\/\/demo8.thuythu.com\/archangelsvn\/wp-json\/wp\/v2\/types\/product"}],"replies":[{"embeddable":true,"href":"https:\/\/demo8.thuythu.com\/archangelsvn\/wp-json\/wp\/v2\/comments?post=2732"}],"wp:featuredmedia":[{"embeddable":true,"href":"https:\/\/demo8.thuythu.com\/archangelsvn\/wp-json\/wp\/v2\/media\/3826"}],"wp:attachment":[{"href":"https:\/\/demo8.thuythu.com\/archangelsvn\/wp-json\/wp\/v2\/media?parent=2732"}],"wp:term":[{"taxonomy":"product_cat","embeddable":true,"href":"https:\/\/demo8.thuythu.com\/archangelsvn\/wp-json\/wp\/v2\/product_cat?post=2732"},{"taxonomy":"product_tag","embeddable":true,"href":"https:\/\/demo8.thuythu.com\/archangelsvn\/wp-json\/wp\/v2\/product_tag?post=2732"}],"curies":[{"name":"wp","href":"https:\/\/api.w.org\/{rel}","templated":true}]}}