{"id":2739,"date":"2021-07-26T08:01:50","date_gmt":"2021-07-26T08:01:50","guid":{"rendered":"https:\/\/demo8.thuythu.com\/archangelsvn\/?post_type=product&#038;p=2739"},"modified":"2022-05-25T03:27:32","modified_gmt":"2022-05-25T03:27:32","slug":"ruou-vang-do-gran-sasso-primitivo-puglia-limited-edition","status":"publish","type":"product","link":"https:\/\/demo8.thuythu.com\/archangelsvn\/san-pham\/ruou-vang-do-gran-sasso-primitivo-puglia-limited-edition\/","title":{"rendered":"Gran Sasso Primitivo Puglia Limited Edition"},"content":{"rendered":"<p><span style=\"color: #000000;\"><strong>Gran Sasso Primitivo Puglia Limited Edition <\/strong>l\u00e0 m\u1ed9t chai r\u01b0\u1ee3u vang mi\u1ec1n Nam n\u01b0\u1edbc \u00dd v\u1edbi h\u01b0\u01a1ng th\u01a1m n\u1ed3ng n\u00e0n, n\u00f3ng v\u00e0 m\u1ea1nh m\u1ebd, quy\u1ebfn r\u0169 thu\u1ea7n t\u00fay trong m\u00f9i v\u00e0 v\u1ecb. Khi u\u1ed1ng, th\u1ef1c kh\u00e1ch s\u1ebd c\u1ea3m nh\u1eadn \u0111\u01b0\u1ee3c s\u1ef1 m\u1ec1m m\u1ecbn c\u1ee7a r\u01b0\u1ee3u vang, h\u01b0\u01a1ng vani quy\u1ebfn r\u0169 v\u00e0 m\u1ed9t ch\u00fat \u0111\u1eafng xu\u1ea5t hi\u1ec7n \u1edf h\u1eadu v\u1ecb.<\/span><\/p>\n<p><span style=\"color: #000000;\">Qu\u00e1 tr\u00ecnh l\u00ean men ng\u1eafn (k\u00e9o d\u00e0i trong 10 ng\u00e0y) c\u00f9ng v\u1edbi b\u1ed1n th\u00e1ng \u0111\u01b0\u1ee3c \u1ee7 trong th\u00f9ng g\u1ed7 \u0111\u00e3 t\u1ea1o ra m\u1ed9t chai r\u01b0\u1ee3u vang nh\u1eb9 nh\u00e0ng, \u00eam \u00e1i, \u0111\u1ea7y h\u01b0\u01a1ng v\u1ecb tr\u00e1i c\u00e2y.<\/span><\/p>\n<p><span style=\"color: #000000;\"><strong>M\u00e0u s\u1eafc r\u01b0\u1ee3u:<\/strong> \u0110\u1ecf ruby \u0111\u1eadm<\/span><\/p>\n<p><span style=\"color: #000000;\"><strong>Phong c\u00e1ch r\u01b0\u1ee3u:\u00a0<\/strong>Red &#8211; Rich and Intense<\/span><\/p>\n<p><span style=\"color: #000000;\"><strong>V\u1ecb:<\/strong> V\u1ecb cay nh\u1eb9 c\u1ee7a \u1edbt b\u1ed9t, qu\u1ea3 anh \u0111\u00e0o, vani, m\u1eadn, h\u01b0\u01a1ng th\u1ea3o v\u00e0 tannin<\/span><\/p>\n<p>&nbsp;<\/p>\n<p><span style=\"color: #000000;\"><b>PUGLIA, \u00dd<\/b><\/span><\/p>\n<p><span style=\"font-weight: 400; color: #000000;\">Ph\u00eda \u0110\u00f4ng Nam N\u01b0\u1edbc \u00dd &#8211; Puglia v\u1edbi nh\u1eefng n\u00e9t v\u0103n ho\u00e1 th\u1eddi hy l\u1ea1p c\u1ed5 \u0111\u1ea1i, \u0111\u00e3 cho ra \u0111\u1eddi nh\u1eefng chai r\u01b0\u1ee3u vang \u0111\u1ecf c\u00f3 ch\u1ea5t l\u01b0\u1ee3ng xu\u1ea5t s\u1eafc. Kh\u00ed h\u1eadu \u1ea5m \u00e1p c\u1ee7a \u0110\u1ecba Trung H\u1ea3i c\u00f9ng v\u1edbi \u00e1nh s\u00e1ng tr\u00e0n \u0111\u1ea7y \u0111\u00e3 tr\u1edf th\u00e0nh m\u1ed9t \u0111i\u1ec3m m\u1ea1nh gi\u00fap c\u00e2y nho ph\u00e1t tri\u1ec3n theo h\u01b0\u1edbng t\u1ed1t nh\u1ea5t, thu v\u1ec1 s\u1ea3n l\u01b0\u1ee3ng cao. Tuy nhi\u00ean, \u0111i\u1ec3m t\u1ea1o n\u00ean s\u1ef1 \u0111\u1eb7c bi\u1ec7t v\u1ec1 h\u01b0\u01a1ng v\u1ecb v\u00e0 nh\u1eefng n\u00e9t c\u00e1 t\u00ednh \u0111\u1eb7c tr\u01b0ng c\u1ee7a nh\u1eefng chai r\u01b0\u1ee3u vang n\u01a1i \u0111\u00e2y ch\u00ednh l\u00e0 l\u1edbp \u0111\u1ea5t \u0111\u00e1 v\u00f4i m\u1ec1m b\u00ean d\u01b0\u1edbi c\u00e1c t\u1ea7ng \u0111\u1ea5t gi\u00e0u s\u1eaft c\u1ee7a Puglia. <\/span><\/p>\n<p><span style=\"color: #000000;\"><strong>Gi\u1ed1ng nho Primitivo<\/strong><\/span><br \/>\n<span style=\"color: #000000;\"><strong>Primitivo <\/strong>l\u00e0 gi\u1ed1ng nho nguy\u00ean th\u1ee7y, thu\u1ea7n ch\u1ee7ng nh\u1ea5t. Nho Primitivo \u0111\u01b0\u1ee3c \u0111\u1eb7t t\u00ean nh\u1edd v\u00e0o \u0111\u1eb7c t\u00ednh \u2018ch\u00edn s\u1edbm\u2019 nh\u1ea5t trong n\u0103m c\u1ee7a m\u00ecnh. Nho \u0111\u01b0\u1ee3c thu h\u00e1i b\u1eb1ng tay v\u00e0o \u0111\u00fang th\u1eddi \u0111i\u1ec3m ch\u00edn \u0111\u1ec1u.<\/span><br \/>\n<span style=\"color: #000000;\">Nh\u1eefng tr\u00e1i nho \u0111\u01b0\u1ee3c x\u1ebfp v\u00e0o th\u00f9ng g\u1ed7 s\u1ed3i b\u1ecdc da c\u1eebu thu\u1ed9c truy\u1ec1n th\u1ed1ng, \u1ee7 24 th\u00e1ng trong h\u1ea7m s\u00e2u d\u01b0\u1edbi l\u00f2ng \u0111\u1ea5t, khi\u1ebfn phong v\u1ecb tannin c\u1ee9ng c\u00e1p, m\u00e3nh li\u1ec7t nh\u01b0ng \u0111\u1ea7y tinh t\u1ebf, \u0111am m\u00ea, tr\u00f2n \u0111\u1ea7y.<\/span><\/p>\n","protected":false},"excerpt":{"rendered":"<p>&nbsp;<\/p>\n<p><span style=\"color: #000000;\"><strong>Lo\u1ea1i vang :\u00a0 \u00a0 \u00a0 \u00a0 \u00a0 \u00a0 \u00a0 \u00a0 \u00a0 \u00a0 \u00a0 \u00a0 \u00a0\u00a0\u00a0\u00a0\u00a0\u00a0Vang \u0111\u1ecf<\/strong><\/span><\/p>\n<p><span style=\"color: #000000;\"><strong>Xu\u1ea5t x\u1ee9 :\u00a0 \u00a0 \u00a0 \u00a0 \u00a0 \u00a0 \u00a0 \u00a0 \u00a0 \u00a0 \u00a0 \u00a0 \u00a0 \u00a0\u00a0\u00a0\u00a0 \u00a0\u00a0\u00dd<\/strong><\/span><\/p>\n<p><span style=\"color: #000000;\"><strong>Ni\u00ean v\u1ee5 :\u00a0\u00a0\u00a0\u00a0\u00a0 \u00a0\u00a0\u00a0\u00a0\u00a0\u00a0\u00a0\u00a0\u00a0\u00a0\u00a0\u00a0\u00a0\u00a0\u00a0\u00a0\u00a0\u00a0\u00a0\u00a0\u00a0\u00a0\u00a0\u00a0\u00a0\u00a0\u00a0\u00a02019<\/strong><\/span><\/p>\n<p><span style=\"color: #000000;\"><strong>V\u00f9ng tr\u1ed3ng nho :\u00a0 \u00a0 \u00a0 \u00a0 \u00a0 \u00a0 \u00a0 \u00a0\u00a0\u00a0\u00a0\u00a0\u00a0<\/strong><strong>Puglia<\/strong><\/span><\/p>\n<p><span style=\"color: #000000;\"><strong>Gi\u1ed1ng nho :\u00a0 \u00a0 \u00a0 \u00a0 \u00a0 \u00a0 \u00a0 \u00a0 \u00a0 \u00a0 \u00a0 \u00a0 \u00a0\u00a0\u00a0\u00a0\u00a0<\/strong><strong>Primitivo<\/strong><\/span><\/p>\n<p><span style=\"color: #000000;\"><strong>Dung t\u00edch :\u00a0 \u00a0 \u00a0 \u00a0 \u00a0 \u00a0 \u00a0 \u00a0 \u00a0 \u00a0 \u00a0 \u00a0 \u00a0\u00a0\u00a0\u00a0 \u00a0750ml<\/strong><\/span><\/p>\n<p><span style=\"color: #000000;\"><strong>N\u1ed3ng \u0111\u1ed9 :\u00a0 \u00a0 \u00a0 \u00a0 \u00a0 \u00a0 \u00a0 \u00a0 \u00a0 \u00a0 \u00a0 \u00a0 \u00a0 \u00a0 \u00a0\u00a0\u00a0\u00a0\u00a014%<\/strong><\/span><\/p>\n<p><span style=\"color: #000000;\"><strong>Nhi\u1ec7t \u0111\u1ed9 u\u1ed1ng l\u00fd t\u01b0\u1edfng :\u00a0 \u00a0\u00a0\u00a0\u00a0\u00a0\u00a015 &#8211; 18<sup>o<\/sup>C<\/strong><\/span><\/p>\n<p><span style=\"color: #000000;\"><strong>M\u00f3n \u0103n k\u00e8m <\/strong><strong>:\u00a0\u00a0\u00a0\u00a0\u00a0\u00a0\u00a0\u00a0\u00a0\u00a0\u00a0\u00a0\u00a0\u00a0\u00a0\u00a0\u00a0\u00a0\u00a0\u00a0\u00a0\u00a0\u00a0\u00a0\u00a0\u00a0 Pate, M\u00ec \u00dd, Salad g\u00e0 t\u00e2y, Salami<\/strong><\/span><\/p>\n","protected":false},"featured_media":3803,"comment_status":"open","ping_status":"closed","template":"","meta":[],"product_cat":[247,206,210,211,213,245,107,248,108,102,97,266,267,103,223],"product_tag":[183,280,184,186,187,185],"_links":{"self":[{"href":"https:\/\/demo8.thuythu.com\/archangelsvn\/wp-json\/wp\/v2\/product\/2739"}],"collection":[{"href":"https:\/\/demo8.thuythu.com\/archangelsvn\/wp-json\/wp\/v2\/product"}],"about":[{"href":"https:\/\/demo8.thuythu.com\/archangelsvn\/wp-json\/wp\/v2\/types\/product"}],"replies":[{"embeddable":true,"href":"https:\/\/demo8.thuythu.com\/archangelsvn\/wp-json\/wp\/v2\/comments?post=2739"}],"wp:featuredmedia":[{"embeddable":true,"href":"https:\/\/demo8.thuythu.com\/archangelsvn\/wp-json\/wp\/v2\/media\/3803"}],"wp:attachment":[{"href":"https:\/\/demo8.thuythu.com\/archangelsvn\/wp-json\/wp\/v2\/media?parent=2739"}],"wp:term":[{"taxonomy":"product_cat","embeddable":true,"href":"https:\/\/demo8.thuythu.com\/archangelsvn\/wp-json\/wp\/v2\/product_cat?post=2739"},{"taxonomy":"product_tag","embeddable":true,"href":"https:\/\/demo8.thuythu.com\/archangelsvn\/wp-json\/wp\/v2\/product_tag?post=2739"}],"curies":[{"name":"wp","href":"https:\/\/api.w.org\/{rel}","templated":true}]}}