{"id":2746,"date":"2021-07-26T08:06:51","date_gmt":"2021-07-26T08:06:51","guid":{"rendered":"https:\/\/demo8.thuythu.com\/archangelsvn\/?post_type=product&#038;p=2746"},"modified":"2022-06-11T11:48:32","modified_gmt":"2022-06-11T11:48:32","slug":"ruou-vang-do-poggio-maru-negroamaro","status":"publish","type":"product","link":"https:\/\/demo8.thuythu.com\/archangelsvn\/san-pham\/ruou-vang-do-poggio-maru-negroamaro\/","title":{"rendered":"Poggio Maru Negroamaro"},"content":{"rendered":"<p><span style=\"color: #000000;\"><strong>Poggio Maru Negroamaro<\/strong> mang \u0111\u1ebfn cho v\u1ecb gi\u00e1c m\u1ed9t s\u1ef1 tr\u00e0n \u0111\u1ea7y s\u1ee9c s\u1ed1ng v\u1edbi m\u1ed9t ch\u00fat cam th\u1ea3o, nh\u1ee5c \u0111\u1eadu kh\u1ea5u, s\u1ef1 c\u00e2n b\u1eb1ng c\u1ee7a tannin v\u00e0 m\u1ed9t h\u01b0\u01a1ng v\u1ecb c\u00f2n \u0111\u1ecdng l\u1ea1i d\u00e0i l\u00e2u n\u01a1i cu\u1ed1ng h\u1ecdng. H\u01b0\u01a1ng th\u01a1m c\u1ee7a Poggio Maru Negroamaro \u0111\u1ee7 l\u00e0m cho nh\u1eefng th\u1ef1c kh\u00e1ch s\u00e0nh \u0103n b\u1ecb m\u00ea ho\u1eb7c c\u00f9ng v\u1edbi nh\u1eefng cung b\u1eadc c\u1ea3m x\u00fac kh\u00f3 di\u1ec5n t\u1ea3. Nh\u1eefng chai r\u01b0\u1ee3u n\u00e0y c\u00f3 ch\u1ea5t r\u01b0\u1ee3u s\u00e1nh \u0111\u1eadm t\u1eeb nh\u1eefng tr\u00e1i nho ch\u00edn t\u1edbi, tr\u00f2n \u0111\u1ec1u.<\/span><\/p>\n<p><span style=\"color: #000000;\"><strong>M\u00e0u s\u1eafc r\u01b0\u1ee3u:<\/strong> \u0110\u1ecf t\u00edm \u0111\u1eadm<\/span><\/p>\n<p><strong><span style=\"color: black;\">Phong c\u00e1ch r\u01b0\u1ee3u:<\/span><\/strong><span style=\"color: black;\"> Red-rich &amp; intens<\/span><\/p>\n<p><span style=\"color: #000000;\"><strong>V\u1ecb: <\/strong>m\u1eadn ch\u00edn, anh \u0111\u00e0o, g\u1ed7 s\u1ed3i, ti\u00eau xanh, b\u1ea1ch \u0111\u00e0n v\u00e0 socola \u0111en<\/span><\/p>\n<p>&nbsp;<\/p>\n<p><span style=\"color: #000000;\"><strong>V\u00f9ng tr\u1ed3ng nho Salento, \u00dd<\/strong><\/span><br \/>\n<span style=\"color: #000000;\"><strong>Salento<\/strong>, v\u00f9ng \u0111\u1ea5t v\u1edbi nh\u1eefng chai r\u01b0\u1ee3u vang n\u1ed5i ti\u1ebfng, h\u1ea3o h\u1ea1ng, mang \u0111\u1ebfn nh\u1eefng c\u00e2y nho c\u00f3 tu\u1ed5i th\u1ecd cao. Nho tr\u1ed3ng t\u1ea1i \u0111\u00e2y mang \u0111\u1ebfn nh\u1eefng h\u01b0\u01a1ng v\u1ecb \u0111\u1eb7c tr\u01b0ng \u0111\u1ebfn \u0111\u1ed9c nh\u1ea5t, nh\u1eefng n\u01a1i kh\u00e1c kh\u00f3 c\u00f3 th\u1ec3 c\u00f3 \u0111\u01b0\u1ee3c. Nh\u1eefng ch\u00f9m nho \u0111\u01b0\u1ee3c ch\u1eaft l\u1ecdc tinh t\u00fay \u0111\u00e3 gi\u00fap cho nh\u1eefng chai r\u01b0\u1ee3u vang \u0111\u01b0\u1ee3c nhi\u1ec1u ng\u01b0\u1eddi \u0111\u00e1nh gi\u00e1 l\u00e0 \u0111\u1ea1t \u0111\u1ebfn c\u1ea3nh gi\u1edbi g\u1ea7n nh\u01b0 cao nh\u1ea5t trong ng\u00e0nh r\u01b0\u1ee3u nho.<\/span><\/p>\n<p><span style=\"color: #000000;\"><strong>Gi\u1ed1ng nho Negroamaro<\/strong><\/span><br \/>\n<span style=\"color: #000000;\">Nho <strong>Negroamaro<\/strong> l\u00e0 m\u1ed9t trong nh\u1eefng gi\u1ed1ng nho \u0111\u01b0\u1ee3c tr\u1ed3ng ch\u00ednh t\u1ea1i v\u00f9ng Salento, mi\u1ec1n Nam n\u01b0\u1edbc \u00dd. Kh\u00ed h\u1eadu \u1ea5m \u00e1p, kh\u1ea3 n\u0103ng ch\u1ecbu h\u1ea1n t\u1ed1t ch\u00ednh l\u00e0 nh\u1eefng \u01b0u \u0111i\u1ec3m ch\u00ednh gi\u00fap lo\u1ea1i nho n\u00e0y kh\u00f4ng b\u1ecb ch\u00edn qu\u00e1, t\u1ea1o ra v\u1ecb ch\u00e1t v\u1eeba ph\u1ea3i, h\u01b0\u01a1ng th\u01a1m d\u1ecbu d\u00e0ng l\u00e0m say \u0111\u1eafm l\u00f2ng ng\u01b0\u1eddi.<\/span><\/p>\n","protected":false},"excerpt":{"rendered":"<p><span style=\"color: #000000;\"><strong>Lo\u1ea1i vang :\u00a0 \u00a0 \u00a0 \u00a0 \u00a0 \u00a0 \u00a0 \u00a0 \u00a0 \u00a0 \u00a0 \u00a0 \u00a0\u00a0\u00a0\u00a0\u00a0\u00a0Vang \u0111\u1ecf<\/strong><\/span><\/p>\n<p><span style=\"color: #000000;\"><strong>Xu\u1ea5t x\u1ee9 :\u00a0 \u00a0 \u00a0 \u00a0 \u00a0 \u00a0 \u00a0 \u00a0 \u00a0 \u00a0 \u00a0 \u00a0 \u00a0 \u00a0\u00a0\u00a0\u00a0 \u00a0\u00a0\u00dd<\/strong><\/span><\/p>\n<p><span style=\"color: #000000;\"><strong>Ni\u00ean v\u1ee5 :\u00a0\u00a0\u00a0\u00a0\u00a0 \u00a0\u00a0\u00a0\u00a0\u00a0\u00a0\u00a0\u00a0\u00a0\u00a0\u00a0\u00a0\u00a0\u00a0\u00a0\u00a0\u00a0\u00a0\u00a0\u00a0\u00a0\u00a0\u00a0\u00a0\u00a0\u00a0\u00a0\u00a02019<\/strong><\/span><\/p>\n<p><span style=\"color: #000000;\"><strong>V\u00f9ng tr\u1ed3ng nho :\u00a0 \u00a0 \u00a0 \u00a0 \u00a0 \u00a0 \u00a0 \u00a0\u00a0\u00a0\u00a0\u00a0\u00a0<\/strong><strong>Salento<\/strong><\/span><\/p>\n<p><span style=\"color: #000000;\"><strong>Gi\u1ed1ng nho :\u00a0 \u00a0 \u00a0 \u00a0 \u00a0 \u00a0 \u00a0 \u00a0 \u00a0 \u00a0 \u00a0 \u00a0 \u00a0\u00a0\u00a0\u00a0\u00a0<\/strong><strong>Negroamaro<\/strong><\/span><\/p>\n<p><span style=\"color: #000000;\"><strong>Dung t\u00edch :\u00a0 \u00a0 \u00a0 \u00a0 \u00a0 \u00a0 \u00a0 \u00a0 \u00a0 \u00a0 \u00a0 \u00a0 \u00a0\u00a0\u00a0\u00a0 \u00a0750ml<\/strong><\/span><\/p>\n<p><span style=\"color: #000000;\"><strong>N\u1ed3ng \u0111\u1ed9 :\u00a0 \u00a0 \u00a0 \u00a0 \u00a0 \u00a0 \u00a0 \u00a0 \u00a0 \u00a0 \u00a0 \u00a0 \u00a0 \u00a0 \u00a0\u00a0\u00a0\u00a0\u00a016.5%<\/strong><\/span><\/p>\n<p><span style=\"color: #000000;\"><strong>Nhi\u1ec7t \u0111\u1ed9 u\u1ed1ng l\u00fd t\u01b0\u1edfng :\u00a0 \u00a0\u00a0\u00a0\u00a0\u00a0\u00a015 &#8211; 18<sup>o<\/sup>C<\/strong><\/span><\/p>\n<p><span style=\"color: #000000;\"><strong>M\u00f3n \u0103n k\u00e8m :\u00a0\u00a0\u00a0\u00a0\u00a0\u00a0\u00a0\u00a0\u00a0\u00a0\u00a0\u00a0\u00a0\u00a0\u00a0\u00a0\u00a0\u00a0\u00a0\u00a0\u00a0\u00a0\u00a0\u00a0\u00a0\u00a0 <\/strong><strong>M\u00ec \u00dd, B\u00e1nh m\u00ec n\u01b0\u1edbng, Th\u1ecbt h\u01b0\u01a1u n\u01b0\u1edbng t\u1ea3ng, Steak<\/strong><\/span><\/p>\n","protected":false},"featured_media":3799,"comment_status":"open","ping_status":"closed","template":"","meta":[],"product_cat":[207,206,210,212,245,107,108,102,266,267,103,223],"product_tag":[274,186,275,187],"_links":{"self":[{"href":"https:\/\/demo8.thuythu.com\/archangelsvn\/wp-json\/wp\/v2\/product\/2746"}],"collection":[{"href":"https:\/\/demo8.thuythu.com\/archangelsvn\/wp-json\/wp\/v2\/product"}],"about":[{"href":"https:\/\/demo8.thuythu.com\/archangelsvn\/wp-json\/wp\/v2\/types\/product"}],"replies":[{"embeddable":true,"href":"https:\/\/demo8.thuythu.com\/archangelsvn\/wp-json\/wp\/v2\/comments?post=2746"}],"wp:featuredmedia":[{"embeddable":true,"href":"https:\/\/demo8.thuythu.com\/archangelsvn\/wp-json\/wp\/v2\/media\/3799"}],"wp:attachment":[{"href":"https:\/\/demo8.thuythu.com\/archangelsvn\/wp-json\/wp\/v2\/media?parent=2746"}],"wp:term":[{"taxonomy":"product_cat","embeddable":true,"href":"https:\/\/demo8.thuythu.com\/archangelsvn\/wp-json\/wp\/v2\/product_cat?post=2746"},{"taxonomy":"product_tag","embeddable":true,"href":"https:\/\/demo8.thuythu.com\/archangelsvn\/wp-json\/wp\/v2\/product_tag?post=2746"}],"curies":[{"name":"wp","href":"https:\/\/api.w.org\/{rel}","templated":true}]}}