{"id":2749,"date":"2021-07-26T08:14:29","date_gmt":"2021-07-26T08:14:29","guid":{"rendered":"https:\/\/demo8.thuythu.com\/archangelsvn\/?post_type=product&#038;p=2749"},"modified":"2022-06-11T11:48:18","modified_gmt":"2022-06-11T11:48:18","slug":"ruou-vang-do-suolo-rosso-primitivo-di-manduria","status":"publish","type":"product","link":"https:\/\/demo8.thuythu.com\/archangelsvn\/san-pham\/ruou-vang-do-suolo-rosso-primitivo-di-manduria\/","title":{"rendered":"Suolo Rosso Primitivo di Manduria"},"content":{"rendered":"<p><span style=\"color: #000000;\"><strong>Suolo Rosso Primitivo di Manduria<\/strong> \u0111\u01b0\u1ee3c m\u1ec7nh danh l\u00e0 \u2018Trinh n\u1eef Puglia\u2019. Kh\u1edfi \u0111\u1ea7u v\u1ecb gi\u00e1c, n\u00e0ng g\u00e2y \u1ea5n t\u01b0\u1ee3ng m\u1ea1nh m\u1ebd v\u1edbi h\u01b0\u01a1ng ph\u1ee9c h\u1ee3p tr\u00e1i ch\u00edn tinh khi\u1ebft nh\u01b0ng n\u1ed3ng n\u00e0n, t\u01b0\u01a1i m\u1edbi, theo sau \u0111\u00f3 l\u00e0 v\u1ecb ch\u1ea5t d\u1ecbu nh\u1eb9 n\u01a1i \u0111\u1ea7u l\u01b0\u1ee1i quy\u1ec7n c\u00f9ng tannin m\u1ec1m \u1ea5m, s\u00e2u l\u1eafng. D\u01b0 v\u1ecb tr\u00f2n \u0111\u1ea7y, d\u1ebbo dai k\u00e9o d\u00e0i trong khoang mi\u1ec7ng ngay c\u1ea3 khi cu\u1ed9c h\u00e0nh tr\u00ecnh th\u01b0\u1edfng th\u1ee9c \u0111\u00e3 k\u1ebft th\u00fac.<\/span><\/p>\n<p><span style=\"color: #000000;\"><strong>M\u00e0u s\u1eafc r\u01b0\u1ee3u:<\/strong> \u0110\u1ecf ruby \u0111\u1eadm<\/span><\/p>\n<p><strong><span style=\"color: black;\">Phong c\u00e1ch r\u01b0\u1ee3u:<\/span><\/strong><span style=\"color: black;\"> Red-rich &amp; intens<\/span><\/p>\n<p><span style=\"color: #000000;\"><strong>V\u1ecb:<\/strong> V\u1ecb tr\u00e1i c\u00e2y c\u1ee7a qu\u1ea3 m\u1ecdng \u0111en, socola, qu\u1ebf h\u1ed3i, m\u1eadn ch\u00edn, tannin v\u00e0 phong v\u1ecb da thu\u1ed9c t\u1eeb th\u00f9ng g\u1ed7 s\u1ed3i.<\/span><\/p>\n<p>&nbsp;<\/p>\n<p><span style=\"color: #000000;\"><strong>V\u00f9ng tr\u1ed3ng nho Manduria, \u00dd<\/strong><\/span><br \/>\n<span style=\"color: #000000;\">V\u00f9ng <strong>Manduria<\/strong> l\u00e0 th\u1ee7 ph\u1ee7 Vang \u0111\u1ecf DOC mi\u1ec1n Nam n\u01b0\u1edbc \u00dd. Th\u1ed5 nh\u01b0\u1ee1ng \u0111\u1ecba ph\u01b0\u01a1ng \u0111\u01b0\u1ee3c gi\u1eef tr\u1ecdn v\u1eb9n s\u1ef1 nguy\u00ean th\u1ee7y v\u1edbi nh\u1eefng d\u1ea3i \u0111\u1ed3ng b\u1eb1ng ch\u1ea1y d\u00f2ng xu\u1ed1ng b\u1edd bi\u1ec3n. Chia s\u1ebb m\u1ed9t ph\u1ea7n n\u1eafng gi\u00f3 v\u1edbi v\u1ef1a nho Primitivo thu\u1ea7n ch\u1ee7ng l\u00e0 nh\u1eefng c\u00e1nh \u0111\u1ed3ng Olive tr\u1ea3i d\u00e0i b\u1ea5t t\u1eadn, t\u1ea1o n\u00ean th\u1ee9 n\u01b0\u1edbc nho \u0111\u1eb7c tr\u01b0ng th\u1ea5m \u0111\u1eabm phong v\u1ecb Olive th\u01b0\u1ee3ng h\u00e3ng v\u1edbi v\u1ecb cay \u1ea5m, \u0111\u1eadm s\u1eafc. Nh\u1edd v\u1eady m\u00e0 nh\u1eefng chai r\u01b0\u1ee3u n\u01a1i \u0111\u00e2y \u0111\u01b0a \u0111\u1ebfn khoang mi\u1ec7ng th\u1ef1c kh\u00e1ch m\u1ed9t tr\u1ea3i nghi\u1ec7m v\u1ecb gi\u00e1c hoang ho\u1ea3i, m\u1eb7n m\u00f2i \u0111\u1ea7y n\u1eafng gi\u00f3, hoang d\u1ea1i.<\/span><\/p>\n<p><span style=\"color: #000000;\"><strong>Gi\u1ed1ng nho Primitivo<\/strong><\/span><br \/>\n<span style=\"color: #000000;\"><strong>Primitivo<\/strong> l\u00e0 gi\u1ed1ng nho nguy\u00ean th\u1ee7y, thu\u1ea7n ch\u1ee7ng nh\u1ea5t. Nho Primitivo \u0111\u01b0\u1ee3c \u0111\u1eb7t t\u00ean nh\u1edd v\u00e0o \u0111\u1eb7c t\u00ednh \u2018ch\u00edn s\u1edbm\u2019 nh\u1ea5t trong n\u0103m c\u1ee7a m\u00ecnh. Nho \u0111\u01b0\u1ee3c thu h\u00e1i b\u1eb1ng tay v\u00e0o \u0111\u00fang th\u1eddi \u0111i\u1ec3m ch\u00edn \u0111\u1ec1u.<\/span><\/p>\n<p><span style=\"color: #000000;\">Nh\u1eefng tr\u00e1i nho \u0111\u01b0\u1ee3c x\u1ebfp v\u00e0o th\u00f9ng g\u1ed7 s\u1ed3i b\u1ecdc da c\u1eebu thu\u1ed9c truy\u1ec1n th\u1ed1ng, \u1ee7 24 th\u00e1ng trong h\u1ea7m s\u00e2u d\u01b0\u1edbi l\u00f2ng \u0111\u1ea5t, khi\u1ebfn phong v\u1ecb tannin c\u1ee9ng c\u00e1p, m\u00e3nh li\u1ec7t nh\u01b0ng \u0111\u1ea7y tinh t\u1ebf, \u0111am m\u00ea, tr\u00f2n \u0111\u1ea7y.<\/span><\/p>\n","protected":false},"excerpt":{"rendered":"<p><span style=\"color: #000000;\"><strong>Lo\u1ea1i vang :\u00a0 \u00a0 \u00a0 \u00a0 \u00a0 \u00a0 \u00a0 \u00a0 \u00a0 \u00a0 \u00a0 \u00a0 \u00a0\u00a0\u00a0\u00a0\u00a0\u00a0Vang \u0111\u1ecf<\/strong><\/span><\/p>\n<p><span style=\"color: #000000;\"><strong>Xu\u1ea5t x\u1ee9 :\u00a0 \u00a0 \u00a0 \u00a0 \u00a0 \u00a0 \u00a0 \u00a0 \u00a0 \u00a0 \u00a0 \u00a0 \u00a0 \u00a0\u00a0\u00a0\u00a0 \u00a0\u00a0\u00dd<\/strong><\/span><\/p>\n<p><span style=\"color: #000000;\"><strong>Ni\u00ean v\u1ee5 :\u00a0\u00a0\u00a0\u00a0\u00a0 \u00a0\u00a0\u00a0\u00a0\u00a0\u00a0\u00a0\u00a0\u00a0\u00a0\u00a0\u00a0\u00a0\u00a0\u00a0\u00a0\u00a0\u00a0\u00a0\u00a0\u00a0\u00a0\u00a0\u00a0\u00a0\u00a0\u00a0\u00a02016<\/strong><\/span><\/p>\n<p><span style=\"color: #000000;\"><strong>V\u00f9ng tr\u1ed3ng nho :\u00a0 \u00a0 \u00a0 \u00a0 \u00a0 \u00a0 \u00a0 \u00a0\u00a0\u00a0\u00a0\u00a0\u00a0<\/strong><strong>Manduria<\/strong><\/span><\/p>\n<p><span style=\"color: #000000;\"><strong>Gi\u1ed1ng nho :\u00a0 \u00a0 \u00a0 \u00a0 \u00a0 \u00a0 \u00a0 \u00a0 \u00a0 \u00a0 \u00a0 \u00a0 \u00a0\u00a0\u00a0\u00a0\u00a0<\/strong><strong>Primitivo<\/strong><\/span><\/p>\n<p><span style=\"color: #000000;\"><strong>Dung t\u00edch :\u00a0 \u00a0 \u00a0 \u00a0 \u00a0 \u00a0 \u00a0 \u00a0 \u00a0 \u00a0 \u00a0 \u00a0 \u00a0\u00a0\u00a0\u00a0 \u00a0750ml<\/strong><\/span><\/p>\n<p><span style=\"color: #000000;\"><strong>N\u1ed3ng \u0111\u1ed9 :\u00a0 \u00a0 \u00a0 \u00a0 \u00a0 \u00a0 \u00a0 \u00a0 \u00a0 \u00a0 \u00a0 \u00a0 \u00a0 \u00a0 \u00a0\u00a0\u00a0\u00a0\u00a014%<\/strong><\/span><\/p>\n<p><span style=\"color: #000000;\"><strong>Nhi\u1ec7t \u0111\u1ed9 u\u1ed1ng l\u00fd t\u01b0\u1edfng :\u00a0 \u00a0\u00a0\u00a0\u00a0\u00a0\u00a015 &#8211; 18<sup>o<\/sup>C<\/strong><\/span><\/p>\n<p><span style=\"color: #000000;\"><strong>M\u00f3n \u0103n k\u00e8m :\u00a0\u00a0\u00a0\u00a0\u00a0\u00a0\u00a0\u00a0\u00a0\u00a0\u00a0\u00a0\u00a0\u00a0\u00a0\u00a0\u00a0\u00a0\u00a0\u00a0\u00a0\u00a0\u00a0\u00a0\u00a0\u00a0 <\/strong><strong>Th\u1ecbt c\u1eebu, Th\u1ecbt b\u00f2, Ph\u00f4 mai, S\u01b0\u1eddn n\u01b0\u1edbng<\/strong><\/span><\/p>\n","protected":false},"featured_media":3797,"comment_status":"open","ping_status":"closed","template":"","meta":[],"product_cat":[206,212,245,107,108,102,266,267,103,223],"product_tag":[184,189,186,272,187,188],"_links":{"self":[{"href":"https:\/\/demo8.thuythu.com\/archangelsvn\/wp-json\/wp\/v2\/product\/2749"}],"collection":[{"href":"https:\/\/demo8.thuythu.com\/archangelsvn\/wp-json\/wp\/v2\/product"}],"about":[{"href":"https:\/\/demo8.thuythu.com\/archangelsvn\/wp-json\/wp\/v2\/types\/product"}],"replies":[{"embeddable":true,"href":"https:\/\/demo8.thuythu.com\/archangelsvn\/wp-json\/wp\/v2\/comments?post=2749"}],"wp:featuredmedia":[{"embeddable":true,"href":"https:\/\/demo8.thuythu.com\/archangelsvn\/wp-json\/wp\/v2\/media\/3797"}],"wp:attachment":[{"href":"https:\/\/demo8.thuythu.com\/archangelsvn\/wp-json\/wp\/v2\/media?parent=2749"}],"wp:term":[{"taxonomy":"product_cat","embeddable":true,"href":"https:\/\/demo8.thuythu.com\/archangelsvn\/wp-json\/wp\/v2\/product_cat?post=2749"},{"taxonomy":"product_tag","embeddable":true,"href":"https:\/\/demo8.thuythu.com\/archangelsvn\/wp-json\/wp\/v2\/product_tag?post=2749"}],"curies":[{"name":"wp","href":"https:\/\/api.w.org\/{rel}","templated":true}]}}