{"id":2752,"date":"2021-07-26T08:16:12","date_gmt":"2021-07-26T08:16:12","guid":{"rendered":"https:\/\/demo8.thuythu.com\/archangelsvn\/?post_type=product&#038;p=2752"},"modified":"2022-09-10T03:59:08","modified_gmt":"2022-09-10T03:59:08","slug":"venison-2","status":"publish","type":"product","link":"https:\/\/demo8.thuythu.com\/archangelsvn\/san-pham\/venison-2\/","title":{"rendered":"Due Lune Nerello Mascalese &#8211; Nero d&#8217;Avola"},"content":{"rendered":"<p><span style=\"color: #000000;\"><strong>Due Lune Nerello Mascalese &#8211; Nero d&#8217;Avola IGT<\/strong> mang trong m\u00ecnh s\u1ef1 ho\u00e0 quy\u1ec7n ph\u1ee9c h\u1ee3p, b\u00f9ng n\u1ed5 n\u01a1i \u0111\u1ea7u l\u01b0\u1ee1i c\u1ee7a h\u01b0\u01a1ng tr\u00e1i anh \u0111\u00e0o ch\u00edn m\u1ecdng, ti\u00eau h\u1ed3ng v\u00e0 hoang ho\u1ea3i phong v\u1ecb da thu\u1ed9c t\u1eeb th\u00f9ng g\u1ed7 s\u1ed3i.<\/span><\/p>\n<p><span style=\"color: #000000;\">Khi ch\u1ea1m l\u01b0\u1ee1i v\u00e0 len l\u1ecfi v\u00e0o t\u1eebng t\u1ebf b\u00e0o v\u1ecb gi\u00e1c, Due Lune kh\u1ecfa l\u1ea5p to\u00e0n b\u1ed9 h\u1ec7 th\u1ea7n kinh b\u1eb1ng x\u00fac c\u1ea3m \u1ea5m \u00e1p c\u00f9ng d\u01b0 v\u1ecb \u00e2m \u1ec9 n\u01a1i cu\u1ed1ng h\u1ecdng. Ch\u1ea5t tannin v\u1eeba t\u1edbi t\u1ea1o \u0111\u1ed9 c\u00e2n b\u1eb1ng trong c\u1ea5u tr\u00fac r\u01b0\u1ee3u tinh t\u1ebf v\u00e0 kho\u1ebb kho\u1eafn.<\/span><\/p>\n<p><span style=\"color: #000000;\"><strong>M\u00e0u s\u1eafc r\u01b0\u1ee3u<\/strong>: \u0110\u1ecf ruby \u0111\u1eadm v\u1edbi \u00e1nh h\u1ed3ng l\u1ef1u<\/span><\/p>\n<p><span style=\"color: #000000;\"><strong>Phong c\u00e1ch r\u01b0\u1ee3u :\u00a0<\/strong>Red-rich &amp; intens<\/span><\/p>\n<p><span style=\"color: #000000;\"><strong>V\u1ecb:<\/strong> V\u1ecb\u00a0ti\u00eau h\u1ed3ng, m\u00e2m x\u00f4i ch\u00edn, anh \u0111\u00e0o, qu\u1ebf h\u1ed3i, tannin v\u00e0 phong v\u1ecb da thu\u1ed9c t\u1eeb th\u00f9ng g\u1ed7 s\u1ed3i.<\/span><\/p>\n<p><span style=\"color: #000000;\"><strong>Gi\u1ea3i th\u01b0\u1edfng:<\/strong><\/span><\/p>\n<p><span style=\"color: #000000;\">\u00a0Gi\u1ea3i b\u1ea1c Mundus Vini n\u0103m 2017<\/span><\/p>\n<p><span style=\"color: #000000;\">\u00a0Gi\u1ea3i \u0111\u1ed3ng Decanter World Wine Awards 2017<\/span><\/p>\n<p>&nbsp;<\/p>\n<p><span style=\"color: #000000;\"><strong>V\u00f9ng tr\u1ed3ng nho Sicily, \u00dd<\/strong><\/span><br \/>\n<span style=\"color: #000000;\">V\u00f9ng Sicily n\u1eb1m xa nh\u1ea5t v\u1ec1 ph\u00eda Nam c\u1ee7a n\u01b0\u1edbc \u00dd &#8211; \u0111\u1ea3o l\u1edbn nh\u1ea5t trong qu\u1ea7n th\u1ec3 bi\u1ec3n \u0110\u1ecba Trung H\u1ea3i. Sicily \u0111\u01b0\u1ee3c coi l\u00e0 n\u01a1i \u0111\u01b0\u1ee3c th\u1ea7n linh che ch\u1edf v\u1edbi l\u01b0\u1ee3ng nhi\u1ec7t m\u1eb7t tr\u1eddi \u1ea5m \u00e1p c\u00f9ng l\u01b0\u1ee3ng m\u01b0a v\u1eeba \u0111\u1ee7 m\u1ed7i n\u0103m, th\u1ed5 nh\u01b0\u1ee1ng l\u00fd t\u01b0\u1edfng do \u00edt ch\u1ecbu \u1ea3nh h\u01b0\u1edfng t\u1eeb nh\u1eefng d\u01b0 ch\u1ea5n \u0111\u1ecba l\u00fd t\u1eeb v\u00f9ng bi\u1ec3n v\u00e0 n\u00fai l\u1eeda, t\u1ea5t c\u1ea3 t\u1ea1o n\u00ean m\u1ed9t blessed &#8211; Sicily (m\u1ea3nh \u0111\u1ea5t \u0111\u01b0\u1ee3c ban ph\u01b0\u1edbc), v\u1ef1a r\u01b0\u1ee3u Vang n\u1ed5i ti\u1ebfng tr\u00ean to\u00e0n Ch\u00e2u \u00c2u v\u00e0 th\u1ebf gi\u1edbi.<\/span><\/p>\n","protected":false},"excerpt":{"rendered":"<p><span style=\"color: #000000;\"><strong>Lo\u1ea1i vang :\u00a0 \u00a0 \u00a0 \u00a0 \u00a0 \u00a0 \u00a0 \u00a0 \u00a0 \u00a0 \u00a0 \u00a0 \u00a0\u00a0\u00a0\u00a0\u00a0\u00a0Vang \u0111\u1ecf<\/strong><\/span><\/p>\n<p><span style=\"color: #000000;\"><strong>Xu\u1ea5t x\u1ee9 :\u00a0 \u00a0 \u00a0 \u00a0 \u00a0 \u00a0 \u00a0 \u00a0 \u00a0 \u00a0 \u00a0 \u00a0 \u00a0 \u00a0\u00a0\u00a0\u00a0 \u00a0\u00a0\u00dd<\/strong><\/span><\/p>\n<p><span style=\"color: #000000;\"><strong>Ni\u00ean v\u1ee5 :\u00a0\u00a0\u00a0\u00a0\u00a0 \u00a0\u00a0\u00a0\u00a0\u00a0\u00a0\u00a0\u00a0\u00a0\u00a0\u00a0\u00a0\u00a0\u00a0\u00a0\u00a0\u00a0\u00a0\u00a0\u00a0\u00a0\u00a0\u00a0\u00a0\u00a0\u00a0\u00a0\u00a02017<\/strong><\/span><\/p>\n<p><span style=\"color: #000000;\"><strong>V\u00f9ng tr\u1ed3ng nho :\u00a0 \u00a0 \u00a0 \u00a0 \u00a0 \u00a0 \u00a0 \u00a0\u00a0\u00a0\u00a0\u00a0\u00a0<\/strong><strong>Sicily<\/strong><\/span><\/p>\n<p><span style=\"color: #000000;\"><strong>Gi\u1ed1ng nho :\u00a0 \u00a0 \u00a0 \u00a0 \u00a0 \u00a0 \u00a0 \u00a0 \u00a0 \u00a0 \u00a0 \u00a0 \u00a0\u00a0\u00a0\u00a0\u00a0<\/strong><strong>Nero d\u2019Avola<\/strong><\/span><\/p>\n<p><span style=\"color: #000000;\"><strong>Dung t\u00edch :\u00a0 \u00a0 \u00a0 \u00a0 \u00a0 \u00a0 \u00a0 \u00a0 \u00a0 \u00a0 \u00a0 \u00a0 \u00a0\u00a0\u00a0\u00a0 \u00a0750ml<\/strong><\/span><\/p>\n<p><span style=\"color: #000000;\"><strong>N\u1ed3ng \u0111\u1ed9 :\u00a0 \u00a0 \u00a0 \u00a0 \u00a0 \u00a0 \u00a0 \u00a0 \u00a0 \u00a0 \u00a0 \u00a0 \u00a0 \u00a0 \u00a0\u00a0\u00a0\u00a0\u00a014%<\/strong><\/span><\/p>\n<p><span style=\"color: #000000;\"><strong>Nhi\u1ec7t \u0111\u1ed9 u\u1ed1ng l\u00fd t\u01b0\u1edfng :\u00a0 \u00a0\u00a0\u00a0\u00a0\u00a0\u00a015 &#8211; 18<sup>o<\/sup>C<\/strong><\/span><\/p>\n<p><span style=\"color: #000000;\"><strong>M\u00f3n \u0103n k\u00e8m :\u00a0\u00a0\u00a0\u00a0\u00a0\u00a0\u00a0\u00a0\u00a0\u00a0\u00a0\u00a0\u00a0\u00a0\u00a0\u00a0\u00a0\u00a0\u00a0\u00a0\u00a0\u00a0\u00a0\u00a0\u00a0\u00a0 <\/strong><strong>Th\u1ecbt \u0111\u1ecf n\u01b0\u1edbng, M\u00ec \u00dd s\u1ed1t cay, Ph\u00f4 mai<\/strong><\/span><\/p>\n","protected":false},"featured_media":3795,"comment_status":"open","ping_status":"closed","template":"","meta":[],"product_cat":[210,245,107,108,102,266,267,103,223],"product_tag":[268,234,186,187,188],"_links":{"self":[{"href":"https:\/\/demo8.thuythu.com\/archangelsvn\/wp-json\/wp\/v2\/product\/2752"}],"collection":[{"href":"https:\/\/demo8.thuythu.com\/archangelsvn\/wp-json\/wp\/v2\/product"}],"about":[{"href":"https:\/\/demo8.thuythu.com\/archangelsvn\/wp-json\/wp\/v2\/types\/product"}],"replies":[{"embeddable":true,"href":"https:\/\/demo8.thuythu.com\/archangelsvn\/wp-json\/wp\/v2\/comments?post=2752"}],"wp:featuredmedia":[{"embeddable":true,"href":"https:\/\/demo8.thuythu.com\/archangelsvn\/wp-json\/wp\/v2\/media\/3795"}],"wp:attachment":[{"href":"https:\/\/demo8.thuythu.com\/archangelsvn\/wp-json\/wp\/v2\/media?parent=2752"}],"wp:term":[{"taxonomy":"product_cat","embeddable":true,"href":"https:\/\/demo8.thuythu.com\/archangelsvn\/wp-json\/wp\/v2\/product_cat?post=2752"},{"taxonomy":"product_tag","embeddable":true,"href":"https:\/\/demo8.thuythu.com\/archangelsvn\/wp-json\/wp\/v2\/product_tag?post=2752"}],"curies":[{"name":"wp","href":"https:\/\/api.w.org\/{rel}","templated":true}]}}