{"id":3301,"date":"2022-05-09T03:48:15","date_gmt":"2022-05-09T03:48:15","guid":{"rendered":"https:\/\/demo8.thuythu.com\/archangelsvn\/?post_type=product&#038;p=3301"},"modified":"2022-05-25T03:11:43","modified_gmt":"2022-05-25T03:11:43","slug":"ruou-vang-do-il-teo-primitivo-di-manduria","status":"publish","type":"product","link":"https:\/\/demo8.thuythu.com\/archangelsvn\/san-pham\/ruou-vang-do-il-teo-primitivo-di-manduria\/","title":{"rendered":"IL Teo Primitivo Di Manduria"},"content":{"rendered":"<p><span style=\"color: #000000;\">Ng\u01b0\u1eddi ta n\u00f3i r\u1eb1ng, ch\u1ec9 nh\u1eefng ai \u0111\u00e3 t\u1eebng tr\u1ea3i s\u01b0\u01a1ng gi\u00f3 cu\u1ed9c \u0111\u1eddi, khi u\u1ed1ng <strong>I<\/strong><strong>L Teo Primitivo di Manduria<\/strong> m\u1edbi c\u00f3 th\u1ec3 th\u01b0\u1edfng h\u1ebft \u0111\u01b0\u1ee3c nh\u1eefng cung b\u1eadc tr\u1ea7m b\u1ed5ng, nh\u1eefng hoan l\u1ea1c l\u1eabn phong ba trong h\u01b0\u01a1ng v\u1ecb r\u01b0\u1ee3u m\u1ed9t c\u00e1ch tr\u1ecdn v\u1eb9n nh\u1ea5t, nh\u01b0 ch\u00ednh l\u1ecbch s\u1eed \u0111\u1ea7y bi\u1ebfn \u0111\u1ed9ng c\u1ee7a gi\u1ed1ng nho Primitivo nguy\u00ean th\u1ee7y n\u00e0y su\u1ed1t nhi\u1ec1u th\u1eadp k\u1ef7 qua.<\/span><\/p>\n<p><span style=\"color: #000000;\"><strong>M\u00e0u s\u1eafc r\u01b0\u1ee3u : <\/strong>M\u00e0u \u0111\u1ecf \u0111\u1eadm \u00e1nh t\u00edm<\/span><\/p>\n<p><span style=\"color: #000000;\"><strong>Phong c\u00e1ch r\u01b0\u1ee3u:<\/strong> Red-rich &amp; intens<\/span><\/p>\n<p><span style=\"color: #000000;\"><strong>V\u1ecb:<\/strong> V\u1ecb ti\u00eau r\u1eebng cay \u1ea5m, m\u00e2m x\u00f4i r\u1eebng, anh \u0111\u00e0o, m\u1eadn ch\u00edn, qu\u1ebf h\u1ed3i v\u00e0 phong v\u1ecb da thu\u1ed9c t\u1eeb th\u00f9ng g\u1ed7 s\u1ed3i.<\/span><br \/>\n<span style=\"color: #000000;\">M\u00f3n \u0103n ph\u00f9 h\u1ee3p: Th\u1ecbt b\u00f2 n\u01b0\u1edbng, th\u1ecbt c\u1eebu, th\u1ecbt d\u00ea<\/span><\/p>\n<p><span style=\"color: #000000;\"><strong>V\u00f9ng tr\u1ed3ng nho Manduria, \u00dd<\/strong><\/span><\/p>\n<p><span style=\"color: #000000;\">V\u00f9ng <strong>Manduria<\/strong> l\u00e0 th\u1ee7 ph\u1ee7 Vang \u0111\u1ecf DOC mi\u1ec1n Nam n\u01b0\u1edbc \u00dd. Th\u1ed5 nh\u01b0\u1ee1ng \u0111\u1ecba ph\u01b0\u01a1ng \u0111\u01b0\u1ee3c gi\u1eef tr\u1ecdn v\u1eb9n s\u1ef1 nguy\u00ean th\u1ee7y v\u1edbi nh\u1eefng d\u1ea3i \u0111\u1ed3ng b\u1eb1ng ch\u1ea1y d\u00f2ng xu\u1ed1ng b\u1edd bi\u1ec3n. Chia s\u1ebb m\u1ed9t ph\u1ea7n n\u1eafng gi\u00f3 v\u1edbi v\u1ef1a nho Primitivo thu\u1ea7n ch\u1ee7ng l\u00e0 nh\u1eefng c\u00e1nh \u0111\u1ed3ng Olive tr\u1ea3i d\u00e0i b\u1ea5t t\u1eadn, t\u1ea1o n\u00ean th\u1ee9 n\u01b0\u1edbc nho \u0111\u1eb7c tr\u01b0ng th\u1ea5m \u0111\u1eabm phong v\u1ecb Olive th\u01b0\u1ee3ng h\u1ea1ng v\u1edbi v\u1ecb cay \u1ea5m, \u0111\u1eadm s\u1eafc. Nh\u1edd v\u1eady m\u00e0 nh\u1eefng chai r\u01b0\u1ee3u n\u01a1i \u0111\u00e2y \u0111\u01b0a \u0111\u1ebfn khoang mi\u1ec7ng th\u1ef1c kh\u00e1ch m\u1ed9t tr\u1ea3i nghi\u1ec7m v\u1ecb gi\u00e1c hoang ho\u1ea3i, m\u1eb7n m\u00f2i \u0111\u1ea7y n\u1eafng gi\u00f3, hoang d\u1ea1i.<\/span><\/p>\n<p><span style=\"color: #000000;\"><strong>Gi\u1ed1ng nho Primitivo<\/strong><\/span><\/p>\n<p><span style=\"color: #000000;\"><b>Primitivo <\/b><span style=\"font-weight: 400;\">l\u00e0 gi\u1ed1ng nho nguy\u00ean th\u1ee7y, thu\u1ea7n ch\u1ee7ng nh\u1ea5t. Nho Primitivo \u0111\u01b0\u1ee3c \u0111\u1eb7t t\u00ean nh\u1edd v\u00e0o \u0111\u1eb7c t\u00ednh \u2018ch\u00edn s\u1edbm\u2019 nh\u1ea5t trong n\u0103m c\u1ee7a m\u00ecnh. Nho \u0111\u01b0\u1ee3c thu h\u00e1i b\u1eb1ng tay v\u00e0o \u0111\u00fang th\u1eddi \u0111i\u1ec3m ch\u00edn \u0111\u1ec1u.<\/span><\/span><\/p>\n<p><span style=\"font-weight: 400; color: #000000;\">Nh\u1eefng tr\u00e1i nho \u0111\u01b0\u1ee3c x\u1ebfp v\u00e0o th\u00f9ng g\u1ed7 s\u1ed3i b\u1ecdc da c\u1eebu thu\u1ed9c truy\u1ec1n th\u1ed1ng, \u1ee7 24 th\u00e1ng trong h\u1ea7m s\u00e2u d\u01b0\u1edbi l\u00f2ng \u0111\u1ea5t, khi\u1ebfn phong v\u1ecb tannin c\u1ee9ng c\u00e1p, m\u00e3nh li\u1ec7t nh\u01b0ng \u0111\u1ea7y tinh t\u1ebf, \u0111am m\u00ea, tr\u00f2n \u0111\u1ea7y.<\/span><\/p>\n","protected":false},"excerpt":{"rendered":"<p><span style=\"color: #000000;\"><strong>Lo\u1ea1i vang :\u00a0 \u00a0 \u00a0 \u00a0 \u00a0 \u00a0 \u00a0 \u00a0 \u00a0 \u00a0 \u00a0 \u00a0 \u00a0\u00a0\u00a0\u00a0\u00a0\u00a0Vang \u0111\u1ecf<\/strong><\/span><\/p>\n<p><span style=\"color: #000000;\"><strong>Xu\u1ea5t x\u1ee9 :\u00a0 \u00a0 \u00a0 \u00a0 \u00a0 \u00a0 \u00a0 \u00a0 \u00a0 \u00a0 \u00a0 \u00a0 \u00a0 \u00a0\u00a0\u00a0\u00a0 \u00a0\u00a0\u00dd<\/strong><\/span><\/p>\n<p><span style=\"color: #000000;\"><strong>Ni\u00ean v\u1ee5 :\u00a0\u00a0\u00a0\u00a0\u00a0 \u00a0\u00a0\u00a0\u00a0\u00a0\u00a0\u00a0\u00a0\u00a0\u00a0\u00a0\u00a0\u00a0\u00a0\u00a0\u00a0\u00a0\u00a0\u00a0\u00a0\u00a0\u00a0\u00a0\u00a0\u00a0\u00a0\u00a0\u00a02016<\/strong><\/span><\/p>\n<p><span style=\"color: #000000;\"><strong>V\u00f9ng tr\u1ed3ng nho :\u00a0 \u00a0 \u00a0 \u00a0 \u00a0 \u00a0 \u00a0 \u00a0\u00a0\u00a0\u00a0\u00a0\u00a0<\/strong><strong>Manduria<\/strong><\/span><\/p>\n<p><span style=\"color: #000000;\"><strong>Gi\u1ed1ng nho :\u00a0 \u00a0 \u00a0 \u00a0 \u00a0 \u00a0 \u00a0 \u00a0 \u00a0 \u00a0 \u00a0 \u00a0 \u00a0\u00a0\u00a0\u00a0\u00a0<\/strong><strong>Primitivo<\/strong><\/span><\/p>\n<p><span style=\"color: #000000;\"><strong>Dung t\u00edch :\u00a0 \u00a0 \u00a0 \u00a0 \u00a0 \u00a0 \u00a0 \u00a0 \u00a0 \u00a0 \u00a0 \u00a0 \u00a0\u00a0\u00a0\u00a0 \u00a0750ml<\/strong><\/span><\/p>\n<p><span style=\"color: #000000;\"><strong>N\u1ed3ng \u0111\u1ed9 :\u00a0 \u00a0 \u00a0 \u00a0 \u00a0 \u00a0 \u00a0 \u00a0 \u00a0 \u00a0 \u00a0 \u00a0 \u00a0 \u00a0 \u00a0\u00a0\u00a0\u00a0\u00a014.5%<\/strong><\/span><\/p>\n<p><span style=\"color: #000000;\"><strong>Nhi\u1ec7t \u0111\u1ed9 u\u1ed1ng l\u00fd t\u01b0\u1edfng :\u00a0 \u00a0\u00a0\u00a0\u00a0\u00a0\u00a015 &#8211; 18<sup>o<\/sup>C<\/strong><\/span><\/p>\n<p><span style=\"color: #000000;\"><strong>M\u00f3n \u0103n k\u00e8m :\u00a0\u00a0\u00a0\u00a0\u00a0\u00a0\u00a0\u00a0\u00a0\u00a0\u00a0\u00a0\u00a0\u00a0\u00a0\u00a0\u00a0\u00a0\u00a0\u00a0\u00a0\u00a0\u00a0\u00a0\u00a0\u00a0 <\/strong><strong>Th\u1ecbt b\u00f2 n\u01b0\u1edbng, Th\u1ecbt c\u1eebu, Th\u1ecbt d\u00ea<\/strong><\/span><\/p>\n<p><span style=\"color: #000000;\"><strong>\u00a0<\/strong><\/span><\/p>\n<p>&nbsp;<\/p>\n","protected":false},"featured_media":3776,"comment_status":"open","ping_status":"closed","template":"","meta":[],"product_cat":[214,102,103,223],"product_tag":[183,182,184,189,186,187,188,185],"_links":{"self":[{"href":"https:\/\/demo8.thuythu.com\/archangelsvn\/wp-json\/wp\/v2\/product\/3301"}],"collection":[{"href":"https:\/\/demo8.thuythu.com\/archangelsvn\/wp-json\/wp\/v2\/product"}],"about":[{"href":"https:\/\/demo8.thuythu.com\/archangelsvn\/wp-json\/wp\/v2\/types\/product"}],"replies":[{"embeddable":true,"href":"https:\/\/demo8.thuythu.com\/archangelsvn\/wp-json\/wp\/v2\/comments?post=3301"}],"wp:featuredmedia":[{"embeddable":true,"href":"https:\/\/demo8.thuythu.com\/archangelsvn\/wp-json\/wp\/v2\/media\/3776"}],"wp:attachment":[{"href":"https:\/\/demo8.thuythu.com\/archangelsvn\/wp-json\/wp\/v2\/media?parent=3301"}],"wp:term":[{"taxonomy":"product_cat","embeddable":true,"href":"https:\/\/demo8.thuythu.com\/archangelsvn\/wp-json\/wp\/v2\/product_cat?post=3301"},{"taxonomy":"product_tag","embeddable":true,"href":"https:\/\/demo8.thuythu.com\/archangelsvn\/wp-json\/wp\/v2\/product_tag?post=3301"}],"curies":[{"name":"wp","href":"https:\/\/api.w.org\/{rel}","templated":true}]}}