{"id":3683,"date":"2022-04-27T07:20:08","date_gmt":"2022-04-27T07:20:08","guid":{"rendered":"https:\/\/demo8.thuythu.com\/archangelsvn\/?post_type=product&#038;p=3683"},"modified":"2022-08-08T09:31:00","modified_gmt":"2022-08-08T09:31:00","slug":"ruou-vang-do-chateau-le-pin-dambert-bordeaux","status":"publish","type":"product","link":"https:\/\/demo8.thuythu.com\/archangelsvn\/san-pham\/ruou-vang-do-chateau-le-pin-dambert-bordeaux\/","title":{"rendered":"Chateau Le Pin D&#8217;ambert Bordeaux"},"content":{"rendered":"<p><span style=\"font-weight: 400; color: #000000;\"><strong>CHATEAU LE PIN D&#8217;AMBERT BORDEAUX<\/strong> th\u1ec3 hi\u1ec7n s\u1ef1 xu\u1ea5t s\u1eafc c\u1ee7a m\u00ecnh b\u1eb1ng hai gi\u1ea3i th\u01b0\u1edfng danh gi\u00e1 t\u1ea1i Lion 2021 &#8211; Gi\u1ea3i V\u00e0ng. R\u01b0\u1ee3u \u0111\u1eadm nh\u01b0ng kh\u00f4ng n\u1eb7ng m\u00f9i c\u1ed3n nh\u01b0 nh\u1eefng lo\u1ea1i vang kh\u00e1c mang \u0111\u1ebfn s\u1ef1 kh\u00e1c bi\u1ec7t l\u1edbn.C\u1ea5u tr\u00fac m\u1ea1nh m\u1ebd c\u1ee7a Cabernet Sauvignon \u0111\u01b0\u1ee3c c\u1ee7ng c\u1ed1 b\u1eb1ng v\u1ecb ngon ng\u1ecdt c\u1ee7a Merlot &#8211; m\u1ed9t s\u1ef1 k\u1ebft h\u1ee3p tuy\u1ec7t v\u1eddi khi \u0111\u01b0\u1ee3c pha tr\u1ed9n v\u1edbi t\u1ec9 l\u1ec7 ho\u00e0n h\u1ea3o. H\u01b0\u01a1ng th\u01a1m m\u00ea ho\u1eb7c v\u1edbi r\u1ea5t nhi\u1ec1u tr\u00e1i c\u00e2y ch\u00edn m\u00e0u \u0111en nhi\u1ec7t \u0111\u1edbi nh\u01b0 m\u1eadn v\u00e0 anh \u0111\u00e0o, \u0111\u1ed3ng th\u1eddi gi\u00e0u d\u01b0 v\u1ecb qu\u1ea3 m\u00e2m x\u00f4i, m\u00f9i th\u1ea3o m\u1ed9c \u1ea5n t\u01b0\u1ee3ng. \u0110\u1eb7c bi\u1ec7t, \u0111\u1ed9 tannin t\u1ed1t, c\u1ea5u tr\u00fac ho\u00e0n h\u1ea3o, \u0111\u1ed9 chua axit v\u1eeba ph\u1ea3i c\u00f9ng h\u1eadu v\u1ecb h\u00e0i ho\u00e0, d\u1ec5 ch\u1ecbu.<\/span><\/p>\n<p><span style=\"color: #000000;\"><strong>M\u00e0u s\u1eafc r\u01b0\u1ee3u:<\/strong> M\u00e0u \u0111en t\u00edm \u0111\u1eadm<\/span><\/p>\n<p><strong><span style=\"color: black;\">Phong c\u00e1ch r\u01b0\u1ee3u:<\/span><\/strong><span style=\"color: black;\"> Red &#8211; Savory and Classic<\/span><\/p>\n<p><strong><span style=\"color: black;\">V\u1ecb:<\/span><\/strong><span style=\"color: black;\"> Lan t\u1ecfa khoang mi\u1ec7ng v\u1edbi v\u1ecb ng\u1ecdt c\u1ee7a c\u00e1c lo\u1ea1i qu\u1ea3 \u0111en nhi\u1ec7t \u0111\u1edbi c\u00f9ng th\u1ea3o m\u1ed9c,v\u1ecb cay nh\u1eb9 c\u1ee7a qu\u1ea3 \u1edbt chu\u00f4ng v\u00e0 h\u01b0\u01a1ng vani t\u1eeb th\u00f9ng g\u1ed7 s\u1ed3i l\u01b0u l\u1ea1i nh\u1eb9 nh\u00e0ng \u1edf v\u1ecb gi\u00e1c.<\/span><\/p>\n<p><span style=\"font-weight: 400; color: #000000;\">\u00a0<\/span><\/p>\n<p><span style=\"color: #000000;\"><b>Gi\u1ed1ng nho:<\/b><span style=\"font-weight: 400;\"> Merlot, Cabernet Sauvignon<\/span><\/span><\/p>\n<p><span style=\"font-weight: 400; color: #000000;\">S\u1ef1 h\u00f2a tr\u1ed9n, b\u1ed5 tr\u1ee3 cho nhau gi\u1eefa Merlot &#8211; gi\u1ed1ng nho c\u00f3 thi\u00ean h\u01b0\u1edbng m\u1ec1m m\u1ea1i, \u00eam m\u01b0\u1ee3t, \u0111\u1eadm v\u1ecb, m\u00e0u s\u1eafc \u0111\u1ecf t\u00edm \u0111\u1eadm, c\u00f9ng v\u1edbi nho Cabernet Sauvignon m\u1ea1nh m\u1ebd, \u0111\u1eadm \u0111\u00e0, l\u00f4i cu\u1ed1n mang s\u1eafc \u0111\u1ecf \u0111\u1eadm \u0111\u1eb7c tr\u01b0ng.\u00a0<\/span><\/p>\n<p>&nbsp;<\/p>\n<p><span style=\"color: #000000;\"><b>V\u00f9ng tr\u1ed3ng nho:<\/b><span style=\"font-weight: 400;\"> Bordeaux, Ph\u00e1p<\/span><\/span><\/p>\n<p><span style=\"font-weight: 400; color: #000000;\">N\u1eb1m \u1edf ph\u00eda T\u00e2y Nam n\u01b0\u1edbc Ph\u00e1p, Bordeaux l\u00e0 v\u00f9ng tr\u1ed3ng nho n\u1ed5i ti\u1ebfng c\u1ee7a n\u01b0\u1edbc n\u00e0y. N\u1ed5i ti\u1ebfng v\u1edbi gi\u1ed1ng nho \u0111\u1ecf v\u00e0 tr\u1eafng b\u1ea1n s\u1ebd \u1ea5n t\u01b0\u1ee3ng v\u1edbi m\u00e0u \u0111\u1ecf \u0111\u1eadm c\u1ee7a nh\u1eefng h\u01b0\u01a1ng th\u01a1m tr\u00e1i c\u00e2y nh\u01b0 m\u1eadn, sim ch\u00edn. C\u00e0ng \u0111\u1ec3 l\u00e2u r\u01b0\u1ee3u vang Bordeaux c\u00e0ng th\u01a1m ngon do v\u1ecb ch\u00e1t tannin trong r\u01b0\u1ee3u m\u1ec1m h\u01a1n. Sau khi \u0111\u01b0\u1ee3c n\u1eb1m ngh\u1ec9 kho\u1ea3ng 10 n\u0103m r\u01b0\u1ee3u c\u00f3 m\u00e0u h\u1ed3ng ng\u1ecdc, v\u1ecb m\u1ec1m m\u01b0\u1ee3t \u0111\u1eadm h\u01b0\u01a1ng hoa.\u00a0<\/span><\/p>\n","protected":false},"excerpt":{"rendered":"<p><span style=\"color: #000000;\"><strong>Lo\u1ea1i vang :\u00a0 \u00a0 \u00a0 \u00a0 \u00a0 \u00a0 \u00a0 \u00a0 \u00a0 \u00a0 \u00a0 \u00a0 \u00a0\u00a0\u00a0\u00a0\u00a0\u00a0Vang \u0111\u1ecf<\/strong><\/span><\/p>\n<p><span style=\"color: #000000;\"><strong>Xu\u1ea5t x\u1ee9 :\u00a0 \u00a0 \u00a0 \u00a0 \u00a0 \u00a0 \u00a0 \u00a0 \u00a0 \u00a0 \u00a0 \u00a0 \u00a0 \u00a0\u00a0\u00a0\u00a0 \u00a0\u00a0Ph\u00e1p<\/strong><\/span><\/p>\n<p><span style=\"color: #000000;\"><strong>Ni\u00ean v\u1ee5 :\u00a0\u00a0\u00a0\u00a0\u00a0 \u00a0\u00a0\u00a0\u00a0\u00a0\u00a0\u00a0\u00a0\u00a0\u00a0\u00a0\u00a0\u00a0\u00a0\u00a0\u00a0\u00a0\u00a0\u00a0\u00a0\u00a0\u00a0\u00a0\u00a0\u00a0\u00a0\u00a0\u00a02018<\/strong><\/span><\/p>\n<p><span style=\"color: #000000;\"><strong>V\u00f9ng tr\u1ed3ng nho :\u00a0 \u00a0 \u00a0 \u00a0 \u00a0 \u00a0 \u00a0 \u00a0\u00a0\u00a0\u00a0\u00a0\u00a0<\/strong><strong>Bordeaux<\/strong><\/span><\/p>\n<p><span style=\"color: #000000;\"><strong>Gi\u1ed1ng nho :\u00a0 \u00a0 \u00a0 \u00a0 \u00a0 \u00a0 \u00a0 \u00a0 \u00a0 \u00a0 \u00a0 \u00a0 \u00a0\u00a0\u00a0\u00a0\u00a0<\/strong><strong>Merlot, Cabernet Sauvignon<\/strong><\/span><\/p>\n<p><span style=\"color: #000000;\"><strong>Dung t\u00edch :\u00a0 \u00a0 \u00a0 \u00a0 \u00a0 \u00a0 \u00a0 \u00a0 \u00a0 \u00a0 \u00a0 \u00a0 \u00a0\u00a0\u00a0\u00a0 \u00a0750ml<\/strong><\/span><\/p>\n<p><span style=\"color: #000000;\"><strong>N\u1ed3ng \u0111\u1ed9 :\u00a0 \u00a0 \u00a0 \u00a0 \u00a0 \u00a0 \u00a0 \u00a0 \u00a0 \u00a0 \u00a0 \u00a0 \u00a0 \u00a0 \u00a0\u00a0\u00a0\u00a0\u00a015%<\/strong><\/span><\/p>\n<p><span style=\"color: #000000;\"><strong>Nhi\u1ec7t \u0111\u1ed9 u\u1ed1ng l\u00fd t\u01b0\u1edfng :\u00a0 \u00a0\u00a0\u00a0\u00a0\u00a0\u00a015 &#8211; 18<sup>o<\/sup>C<\/strong><\/span><\/p>\n<p><span style=\"color: #000000;\"><strong>M\u00f3n \u0103n k\u00e8m :\u00a0\u00a0\u00a0\u00a0\u00a0\u00a0\u00a0\u00a0\u00a0\u00a0\u00a0\u00a0\u00a0\u00a0\u00a0\u00a0\u00a0\u00a0\u00a0\u00a0\u00a0\u00a0\u00a0\u00a0\u00a0\u00a0 <\/strong><strong>B\u00e1nh m\u00ec n\u01b0\u1edbng b\u01a1 t\u1ecfi, B\u00f2 b\u00edt t\u1ebft v\u1eeba, Th\u1ecbt nai, Th\u1ecbt h\u01b0\u01a1u<\/strong><\/span><\/p>\n<p>&nbsp;<\/p>\n","protected":false},"featured_media":3791,"comment_status":"closed","ping_status":"closed","template":"","meta":[],"product_cat":[207,212,107,108,102,103,178],"product_tag":[233,232,231,230],"_links":{"self":[{"href":"https:\/\/demo8.thuythu.com\/archangelsvn\/wp-json\/wp\/v2\/product\/3683"}],"collection":[{"href":"https:\/\/demo8.thuythu.com\/archangelsvn\/wp-json\/wp\/v2\/product"}],"about":[{"href":"https:\/\/demo8.thuythu.com\/archangelsvn\/wp-json\/wp\/v2\/types\/product"}],"replies":[{"embeddable":true,"href":"https:\/\/demo8.thuythu.com\/archangelsvn\/wp-json\/wp\/v2\/comments?post=3683"}],"wp:featuredmedia":[{"embeddable":true,"href":"https:\/\/demo8.thuythu.com\/archangelsvn\/wp-json\/wp\/v2\/media\/3791"}],"wp:attachment":[{"href":"https:\/\/demo8.thuythu.com\/archangelsvn\/wp-json\/wp\/v2\/media?parent=3683"}],"wp:term":[{"taxonomy":"product_cat","embeddable":true,"href":"https:\/\/demo8.thuythu.com\/archangelsvn\/wp-json\/wp\/v2\/product_cat?post=3683"},{"taxonomy":"product_tag","embeddable":true,"href":"https:\/\/demo8.thuythu.com\/archangelsvn\/wp-json\/wp\/v2\/product_tag?post=3683"}],"curies":[{"name":"wp","href":"https:\/\/api.w.org\/{rel}","templated":true}]}}