{"id":3685,"date":"2022-04-27T07:21:17","date_gmt":"2022-04-27T07:21:17","guid":{"rendered":"https:\/\/demo8.thuythu.com\/archangelsvn\/?post_type=product&#038;p=3685"},"modified":"2022-05-25T03:17:48","modified_gmt":"2022-05-25T03:17:48","slug":"ruou-vang-do-zabu-impari-nero-davola","status":"publish","type":"product","link":"https:\/\/demo8.thuythu.com\/archangelsvn\/san-pham\/ruou-vang-do-zabu-impari-nero-davola\/","title":{"rendered":"Zabu Impari Nero D&#8217;avola"},"content":{"rendered":"<p><span style=\"font-weight: 400; color: #000000;\"><strong>Zabu Impari<\/strong> s\u1ebd t\u1ecfa s\u00e1ng trong chi\u1ebfc ly trong su\u1ed1t c\u1ee7a b\u1ea1n v\u1edbi m\u00e0u \u0111\u1ecf ruby \u200b\u200b\u0111\u1eadm, g\u1ea7n nh\u01b0 \u0111en. M\u1ed9t b\u00f3 hoa n\u1ed3ng n\u00e0n c\u1ee7a qu\u1ea3 m\u1ecdng \u0111\u1ecf \u0111\u01b0\u1ee3c b\u1ea3o qu\u1ea3n v\u00e0 tr\u00e1i c\u00e2y ch\u00edn k\u1ebft h\u1ee3p v\u1edbi s\u00f4c\u00f4la, nguy\u1ec7t qu\u1ebf v\u00e0 h\u01b0\u01a1ng cay. Impari cho th\u1ea5y m\u1ed9t c\u1ea5u tr\u00fac r\u1ea5t h\u00e0i h\u00f2a v\u00e0 c\u00e2n \u0111\u1ed1i. Ch\u00fang \u0111\u00e1nh th\u1ee9c v\u1ecb gi\u00e1c n\u01a1i v\u00f2m mi\u1ec7ng v\u1edbi v\u1ecb ngon c\u1ee7a nhi\u1ec1u lo\u1ea1i qu\u1ea3 m\u1ecdng \u0111en, h\u01b0\u01a1ng th\u01a1m, tannin m\u01b0\u1ee3t m\u00e0 v\u00e0 h\u1eadu v\u1ecb tr\u00f2n r\u1ea5t \u0111\u1ea7y \u0111\u1eb7n, k\u00e9o d\u00e0i b\u1ea5t t\u1eadn v\u00e0 ng\u1ecdt ng\u00e0o.\u00a0<\/span><\/p>\n<p><span style=\"color: #000000;\"><strong>M\u00e0u s\u1eafc r\u01b0\u1ee3u:<\/strong><\/span> <span style=\"color: #000000;\">\u0110\u1ecf ruby \u0111\u1eadm<\/span><\/p>\n<p><strong><span style=\"color: black;\">Phong c\u00e1ch r\u01b0\u1ee3u:<\/span><\/strong><span style=\"color: black;\"> Red-rich &amp; intens<\/span><\/p>\n<p><strong><span style=\"color: black;\">V\u1ecb: <\/span><\/strong><span style=\"color: #000000;\">Ch\u1ea5t tannin m\u1ecbn nh\u01b0 nhung, m\u00f9i th\u01a1m, \u0111\u1ed9 chua trung b\u00ecnh. <\/span><span style=\"color: black;\">Tr\u00ean v\u00f2m mi\u1ec7ng s\u1ebd xu\u1ea5t hi\u1ec7n v\u1ecb qu\u1ea3 anh \u0111\u00e0o \u0111en, m\u1eadn, m\u1ee9t tr\u00e1i c\u00e2y \u0111en, s\u00f4 c\u00f4 la, vani <span style=\"color: #000000;\">;<\/span> k\u1ebft th\u00fac b\u1eb1ng d\u01b0 v\u1ecb qu\u1ea3 anh \u0111\u00e0o ch\u00edn ng\u1ecdt.\u00a0<\/span><\/p>\n<p><span style=\"color: #000000;\"><b>Gi\u1ed1ng nho:<\/b><span style=\"font-weight: 400;\"> Nero d\u2019Avola 60%, Syrah 20% , Merlot 20%<\/span><\/span><\/p>\n<p><span style=\"font-weight: 400; color: #000000;\">Nero d&#8217;Avola th\u01b0\u1eddng \u0111\u01b0\u1ee3c v\u00ed nh\u01b0 Cabernet Sauvignon do phong c\u00e1ch \u0111\u1ea7y \u0111\u1ee7 v\u00e0 h\u01b0\u01a1ng v\u1ecb c\u1ee7a anh \u0111\u00e0o \u0111en. H\u01b0\u01a1ng v\u1ecb \u0111\u1eb7c tr\u01b0ng c\u1ee7a gi\u1ed1ng nho Nero d&#8217;Avola l\u00e0 hoa qu\u1ea3 \u0111en nh\u01b0: cherry \u0111en, m\u1eadn \u0111en, cam th\u1ea3o, m\u1ed9t ch\u00fat v\u1ecb cay n\u1ed3ng. V\u1ecb ng\u1ecdt \u0111\u1eadm \u0111\u00e0 c\u1ee7a nho Nero d&#8217;Avola \u0111\u01b0\u1ee3c s\u00e1nh ngang v\u1edbi c\u00e1c gi\u1ed1ng nho \u0111\u1ecf n\u1ed5i ti\u1ebfng kh\u00e1c. Ch\u1ea5t tannin trong r\u01b0\u1ee3u kh\u00e1 cao v\u00ec v\u1eady r\u01b0\u1ee3u vang t\u1eeb gi\u1ed1ng nho n\u00e0y cho \u0111\u1ed9 chua kh\u00e1 cao v\u00e0 b\u1ea1n c\u1ea3m th\u1ea5y r\u01b0\u1ee3u c\u00f3 ph\u1ea7n h\u01a1i cay.<\/span><\/p>\n<p><span style=\"font-weight: 400; color: #000000;\">Nho \u0111\u01b0\u1ee3c thu ho\u1ea1ch b\u1eb1ng tay v\u00e0o \u0111\u1ea7u th\u00e1ng 10, nh\u00e0 s\u1ea3n xu\u1ea5t r\u01b0\u1ee3u s\u1ebd \u0111\u1ec3 nho l\u00ean men kh\u00f4ng qu\u00e1 26 \u0111\u1ed9 C. Qu\u00e1 tr\u00ecnh l\u00ean men nho s\u1ebd \u0111\u01b0\u1ee3c lu\u00e2n chuy\u1ec3n \u0111\u1ec3 v\u1ecf c\u1ee7a n\u00f3 \u0111\u1ea1t \u0111\u01b0\u1ee3c m\u00e0u \u0111\u1ecf ho\u00e0n h\u1ea3o cho \u0111\u1ebfn khi n\u00f3 \u0111\u01b0\u1ee3c \u0111\u00f3ng chai ho\u1eb7c ch\u1ee9a trong th\u00f9ng th\u00e9p kh\u00f4ng g\u1ec9.\u00a0<\/span><\/p>\n<p>&nbsp;<\/p>\n<p><span style=\"color: #000000;\"><b>V\u00f9ng tr\u1ed3ng nho:<\/b><span style=\"font-weight: 400;\"> Sicily, mi\u1ec1n Nam n\u01b0\u1edbc \u00dd<\/span><\/span><\/p>\n<p><span style=\"font-weight: 400; color: #000000;\">V\u00f9ng r\u01b0\u1ee3u vang Sicily l\u00e0 m\u1ed9t h\u00f2n \u0111\u1ea3o n\u1eb1m \u1edf ph\u00eda Nam n\u01b0\u1edbc \u00dd, thu\u1ed9c v\u00f9ng bi\u1ec3n \u0110\u1ecba Trung H\u1ea3i, \u0111\u01b0\u1ee3c ng\u0103n c\u00e1ch b\u1edfi eo bi\u1ec3n h\u1eb9p c\u1ee7a Messina. Sicily mang kh\u00ed h\u1eadu \u0110\u1ecba Trung H\u1ea3i \u0111i\u1ec3n h\u00ecnh tr\u00e0n ng\u1eadp \u00e1nh n\u1eafng m\u1eb7t tr\u1eddi, l\u01b0\u1ee3ng m\u01b0a \u1ed5n \u0111\u1ecbnh v\u00e0 c\u00f2n \u0111\u01b0\u1ee3c h\u01b0\u1edfng l\u1ee3i t\u1eeb l\u00e0n gi\u00f3 bi\u1ec3n. V\u1edbi \u0111i\u1ec1u ki\u1ec7n kh\u00ed h\u1eadu l\u00fd t\u01b0\u1edfng \u0111\u1ec3 s\u1ea3n xu\u1ea5t r\u01b0\u1ee3u nho, ki\u1ec3m so\u00e1t vi\u1ec7c ph\u1ea5n tr\u1eafng v\u00e0 nho h\u1ecfng \u0111\u01b0\u1ee3c gi\u1eef \u1edf m\u1ee9c t\u1ed1i thi\u1ec3u, \u00e1p l\u1ef1c b\u1ec7nh tr\u00ean c\u00e2y nho th\u1ea5p n\u00ean r\u01b0\u1ee3u vang Sicily \u0111\u01b0\u1ee3c s\u1ea3n xu\u1ea5t t\u1eeb nho h\u1eefu c\u01a1.<\/span><\/p>\n","protected":false},"excerpt":{"rendered":"<p><span style=\"color: #000000;\"><strong>Lo\u1ea1i vang :\u00a0 \u00a0 \u00a0 \u00a0 \u00a0 \u00a0 \u00a0 \u00a0 \u00a0 \u00a0 \u00a0 \u00a0 \u00a0\u00a0\u00a0\u00a0\u00a0\u00a0Vang \u0111\u1ecf<\/strong><\/span><\/p>\n<p><span style=\"color: #000000;\"><strong>Xu\u1ea5t x\u1ee9 :\u00a0 \u00a0 \u00a0 \u00a0 \u00a0 \u00a0 \u00a0 \u00a0 \u00a0 \u00a0 \u00a0 \u00a0 \u00a0 \u00a0\u00a0\u00a0\u00a0 \u00a0\u00a0\u00dd<\/strong><\/span><\/p>\n<p><span style=\"color: #000000;\"><strong>Ni\u00ean v\u1ee5 :\u00a0\u00a0\u00a0\u00a0\u00a0 \u00a0\u00a0\u00a0\u00a0\u00a0\u00a0\u00a0\u00a0\u00a0\u00a0\u00a0\u00a0\u00a0\u00a0\u00a0\u00a0\u00a0\u00a0\u00a0\u00a0\u00a0\u00a0\u00a0\u00a0\u00a0\u00a0\u00a0\u00a02018<\/strong><\/span><\/p>\n<p><span style=\"color: #000000;\"><strong>V\u00f9ng tr\u1ed3ng nho :\u00a0 \u00a0 \u00a0 \u00a0 \u00a0 \u00a0 \u00a0 \u00a0\u00a0\u00a0\u00a0\u00a0\u00a0Sicily<\/strong><\/span><\/p>\n<p><span style=\"color: #000000;\"><strong>Gi\u1ed1ng nho :\u00a0 \u00a0 \u00a0 \u00a0 \u00a0 \u00a0 \u00a0 \u00a0 \u00a0 \u00a0 \u00a0 \u00a0 \u00a0\u00a0\u00a0\u00a0\u00a0<\/strong><strong>Nero d\u2019Avola , Syrah, Merlot<\/strong><\/span><\/p>\n<p><span style=\"color: #000000;\"><strong>Dung t\u00edch :\u00a0 \u00a0 \u00a0 \u00a0 \u00a0 \u00a0 \u00a0 \u00a0 \u00a0 \u00a0 \u00a0 \u00a0 \u00a0\u00a0\u00a0\u00a0 \u00a0750ml<\/strong><\/span><\/p>\n<p><span style=\"color: #000000;\"><strong>N\u1ed3ng \u0111\u1ed9 :\u00a0 \u00a0 \u00a0 \u00a0 \u00a0 \u00a0 \u00a0 \u00a0 \u00a0 \u00a0 \u00a0 \u00a0 \u00a0 \u00a0 \u00a0\u00a0\u00a0\u00a0\u00a013,5%<\/strong><\/span><\/p>\n<p><span style=\"color: #000000;\"><strong>Nhi\u1ec7t \u0111\u1ed9 u\u1ed1ng l\u00fd t\u01b0\u1edfng :\u00a0 \u00a0\u00a0\u00a0\u00a0\u00a0\u00a015 &#8211; 18<sup>o<\/sup>C<\/strong><\/span><\/p>\n<p><span style=\"color: #000000;\"><strong>M\u00f3n \u0103n k\u00e8m :\u00a0\u00a0\u00a0\u00a0\u00a0\u00a0\u00a0\u00a0\u00a0\u00a0\u00a0\u00a0\u00a0\u00a0\u00a0\u00a0\u00a0\u00a0\u00a0\u00a0\u00a0\u00a0\u00a0\u00a0\u00a0\u00a0 Th\u1ecbt b\u00f2 h\u1ea7m, B\u00e1nh k\u1eb9p th\u1ecbt n\u01b0\u1edbng, S\u00fap \u0111u\u00f4i b\u00f2,\u2026<\/strong><\/span><\/p>\n","protected":false},"featured_media":3813,"comment_status":"open","ping_status":"closed","template":"","meta":[],"product_cat":[107,108,102,266,267,103,223],"product_tag":[231,234,235,186,236],"_links":{"self":[{"href":"https:\/\/demo8.thuythu.com\/archangelsvn\/wp-json\/wp\/v2\/product\/3685"}],"collection":[{"href":"https:\/\/demo8.thuythu.com\/archangelsvn\/wp-json\/wp\/v2\/product"}],"about":[{"href":"https:\/\/demo8.thuythu.com\/archangelsvn\/wp-json\/wp\/v2\/types\/product"}],"replies":[{"embeddable":true,"href":"https:\/\/demo8.thuythu.com\/archangelsvn\/wp-json\/wp\/v2\/comments?post=3685"}],"wp:featuredmedia":[{"embeddable":true,"href":"https:\/\/demo8.thuythu.com\/archangelsvn\/wp-json\/wp\/v2\/media\/3813"}],"wp:attachment":[{"href":"https:\/\/demo8.thuythu.com\/archangelsvn\/wp-json\/wp\/v2\/media?parent=3685"}],"wp:term":[{"taxonomy":"product_cat","embeddable":true,"href":"https:\/\/demo8.thuythu.com\/archangelsvn\/wp-json\/wp\/v2\/product_cat?post=3685"},{"taxonomy":"product_tag","embeddable":true,"href":"https:\/\/demo8.thuythu.com\/archangelsvn\/wp-json\/wp\/v2\/product_tag?post=3685"}],"curies":[{"name":"wp","href":"https:\/\/api.w.org\/{rel}","templated":true}]}}