{"id":3688,"date":"2022-04-27T07:39:52","date_gmt":"2022-04-27T07:39:52","guid":{"rendered":"https:\/\/demo8.thuythu.com\/archangelsvn\/?post_type=product&#038;p=3688"},"modified":"2022-06-11T11:48:00","modified_gmt":"2022-06-11T11:48:00","slug":"ruou-vang-do-igneti-zabu-syrah","status":"publish","type":"product","link":"https:\/\/demo8.thuythu.com\/archangelsvn\/san-pham\/ruou-vang-do-igneti-zabu-syrah\/","title":{"rendered":"Vigneti Zabu Syrah"},"content":{"rendered":"<p><span style=\"font-weight: 400; color: #000000;\">Zabu Syrah c\u00f3 h\u01b0\u01a1ng v\u1ecb tr\u00e1i c\u00e2y \u0111\u1eadm \u0111\u00e0, ch\u00fang dung h\u00f2a s\u1ef1 m\u1ea1nh m\u1ebd v\u00e0 m\u1ec1m m\u1ea1i \u0111\u1ed3ng th\u1eddi trong m\u00f9i v\u1ecb v\u00e0 h\u01b0\u01a1ng th\u01a1m. Zabu Syrah mang \u0111\u1ebfn h\u01b0\u01a1ng th\u01a1m c\u1ee7a c\u00e1c lo\u1ea1i qu\u1ea3 ch\u00edn m\u1ecdng v\u1edbi s\u1eafc th\u00e1i th\u1ef1c v\u1eadt kh\u00e1 t\u01b0\u01a1i m\u1edbi, ph\u1ea3ng ph\u1ea5t m\u00f9i h\u01b0\u01a1ng t\u1eeb vi\u1ec7t qu\u1ea5t \u0111en v\u00e0 anh \u0111\u00e0o ph\u01a1i kh\u00f4, cu\u1ed1i c\u00f9ng l\u00e0 c\u1ea3m gi\u00e1c cay n\u1ed3ng t\u1eeb \u1edbt \u0111\u1ea7y tinh t\u1ebf.\u00a0<\/span><\/p>\n<p><span style=\"font-weight: 400; color: #000000;\"><strong>Zabu Syrah<\/strong> l\u1ea5p \u0111\u1ea7y v\u00f2m h\u1ecdng v\u1edbi s\u1ef1 \u0111\u1eadm \u0111\u00e0 \u0111\u1ee7 \u0111\u1ea7y, tr\u1ecdn v\u1eb9n, h\u1eadu v\u1ecb c\u00e2n b\u1eb1ng v\u00e0 \u0111\u1ec3 l\u1ea1i s\u1ef1 s\u1ea3ng kho\u00e1i, t\u01b0\u01a1i m\u1edbi.\u00a0<\/span><\/p>\n<p><span style=\"color: #000000;\"><strong>M\u00e0u s\u1eafc r\u01b0\u1ee3u: <\/strong>\u0110\u1ecf ruby \u00e1nh t\u00edm<\/span><\/p>\n<p><strong><span style=\"color: black;\">Phong c\u00e1ch r\u01b0\u1ee3u:<\/span><\/strong><span style=\"color: black;\"> Red-rich &amp; intens<\/span><\/p>\n<p><strong><span style=\"color: #000000;\">V\u1ecb<\/span> : <\/strong><span style=\"color: #000000;\">H\u01b0\u01a1ng v\u1ecb \u0111\u1eadm \u0111\u00e0 c\u1ee7a c\u00e1c lo\u1ea1i hoa qu\u1ea3 \u0111en c\u00f9ng cam th\u1ea3o, theo sau l\u00e0 v\u1ecb cay n\u1ed3ng tinh t\u1ebf pha tr\u1ed9n v\u1edbi m\u1ed9t ch\u00fat m\u00f9i da thu\u1ed9c r\u00e1m n\u1eafng v\u00e0 thoang tho\u1ea3ng h\u01b0\u01a1ng kh\u00f3i<\/span><\/p>\n<p>&nbsp;<\/p>\n<p><span style=\"color: #000000;\"><b>Gi\u1ed1ng nho:<\/b><span style=\"font-weight: 400;\"> Syrah<\/span><\/span><\/p>\n<p><span style=\"font-weight: 400; color: #000000;\">Syrah \u0111\u00e3 ch\u1ee9ng t\u1ecf v\u00e0 chinh ph\u1ee5c th\u00e0nh c\u00f4ng nh\u1eefng ng\u01b0\u1eddi y\u00eau r\u01b0\u1ee3u vang tr\u00ean kh\u1eafp th\u1ebf gi\u1edbi. R\u01b0\u1ee3u vang \u0111\u01b0\u1ee3c s\u1ea3n xu\u1ea5t theo nhi\u1ec1u phong c\u00e1ch v\u00e0 hi\u1ec3n th\u1ecb v\u00f4 s\u1ed1 h\u01b0\u01a1ng v\u1ecb c\u1ee7a tr\u00e1i c\u00e2y m\u00e0u \u0111en. Gi\u1ed1ng nho Syrah c\u00f3 ti\u1ec1m n\u0103ng l\u00e3o ho\u00e1 nhi\u1ec1u n\u0103m ho\u1eb7c nhi\u1ec1u th\u1eadp k\u1ef7 trong nh\u1eefng \u0111i\u1ec1u ki\u1ec7n t\u1ed1t nh\u1ea5t. H\u01b0\u01a1ng v\u1ecb bao g\u1ed3m blackberries, m\u1eadn, anh \u0111\u00e0o m\u00e0u \u0111en, hoa, gia v\u1ecb, \u0111\u1ea5t, s\u00f4c\u00f4la, cam th\u1ea3o, blueberry, h\u1ea1t ti\u00eau v\u00e0 n\u1ea5m c\u1ee5c. H\u00f2a quy\u1ec7n xen l\u1eabn \u0111\u00f3 l\u00e0 m\u1ed9t ch\u00fat thoang tho\u1ea3ng m\u00f9i v\u1ecb \u0111\u1eb7c tr\u01b0ng da thu\u1ed9c, ch\u00fat d\u1ea5u v\u1ebft c\u1ee7a kh\u00f3i<\/span><\/p>\n<p>&nbsp;<\/p>\n<p><span style=\"color: #000000;\"><b>V\u00f9ng tr\u1ed3ng nho:<\/b><span style=\"font-weight: 400;\"> Sicily, \u00dd<\/span><\/span><\/p>\n<p><span style=\"font-weight: 400;\"><span style=\"color: #000000;\">V\u00f9ng r\u01b0\u1ee3u vang Sicily l\u00e0 m\u1ed9t h\u00f2n \u0111\u1ea3o n\u1eb1m \u1edf ph\u00eda Nam n\u01b0\u1edbc \u00dd, thu\u1ed9c v\u00f9ng bi\u1ec3n \u0110\u1ecba Trung H\u1ea3i, \u0111\u01b0\u1ee3c ng\u0103n c\u00e1ch b\u1edfi eo bi\u1ec3n h\u1eb9p c\u1ee7a Messina. Sicily mang kh\u00ed h\u1eadu \u0110\u1ecba Trung H\u1ea3i \u0111i\u1ec3n h\u00ecnh tr\u00e0n ng\u1eadp \u00e1nh n\u1eafng m\u1eb7t tr\u1eddi, l\u01b0\u1ee3ng m\u01b0a \u1ed5n \u0111\u1ecbnh v\u00e0 c\u00f2n \u0111\u01b0\u1ee3c h\u01b0\u1edfng l\u1ee3i t\u1eeb l\u00e0n gi\u00f3 bi\u1ec3n. V\u1edbi \u0111i\u1ec1u ki\u1ec7n kh\u00ed h\u1eadu l\u00fd t\u01b0\u1edfng \u0111\u1ec3 s\u1ea3n xu\u1ea5t r\u01b0\u1ee3u nho, ki\u1ec3m so\u00e1t vi\u1ec7c ph\u1ea5n tr\u1eafng v\u00e0 nho h\u1ecfng \u0111\u01b0\u1ee3c gi\u1eef \u1edf m\u1ee9c t\u1ed1i thi\u1ec3u, \u00e1p l\u1ef1c b\u1ec7nh tr\u00ean c\u00e2y nho th\u1ea5p n\u00ean r\u01b0\u1ee3u vang Sicily \u0111\u01b0\u1ee3c s\u1ea3n xu\u1ea5t t\u1eeb nho h\u1eefu c\u01a1.<\/span> <\/span><\/p>\n","protected":false},"excerpt":{"rendered":"<p><span style=\"color: #000000;\"><strong>Lo\u1ea1i vang :\u00a0 \u00a0 \u00a0 \u00a0 \u00a0 \u00a0 \u00a0 \u00a0 \u00a0 \u00a0 \u00a0 \u00a0 \u00a0\u00a0\u00a0\u00a0\u00a0\u00a0Vang \u0111\u1ecf<\/strong><\/span><\/p>\n<p><span style=\"color: #000000;\"><strong>Xu\u1ea5t x\u1ee9 :\u00a0 \u00a0 \u00a0 \u00a0 \u00a0 \u00a0 \u00a0 \u00a0 \u00a0 \u00a0 \u00a0 \u00a0 \u00a0 \u00a0\u00a0\u00a0\u00a0 \u00a0\u00a0\u00dd<\/strong><\/span><\/p>\n<p><span style=\"color: #000000;\"><strong>Ni\u00ean v\u1ee5 :\u00a0\u00a0\u00a0\u00a0\u00a0\u00a0\u00a0\u00a0\u00a0\u00a0\u00a0\u00a0\u00a0\u00a0\u00a0\u00a0\u00a0\u00a0\u00a0\u00a0\u00a0\u00a0\u00a0\u00a0\u00a0\u00a0\u00a0\u00a0\u00a0\u00a0\u00a0\u00a0\u00a0 2020<\/strong><\/span><\/p>\n<p><span style=\"color: #000000;\"><strong>V\u00f9ng tr\u1ed3ng nho :\u00a0 \u00a0 \u00a0 \u00a0 \u00a0 \u00a0 \u00a0 \u00a0\u00a0\u00a0\u00a0\u00a0\u00a0Sicily<\/strong><\/span><\/p>\n<p><span style=\"color: #000000;\"><strong>Gi\u1ed1ng nho :\u00a0 \u00a0 \u00a0 \u00a0 \u00a0 \u00a0 \u00a0 \u00a0 \u00a0 \u00a0 \u00a0 \u00a0 \u00a0\u00a0\u00a0\u00a0\u00a0Syrah<\/strong><\/span><\/p>\n<p><span style=\"color: #000000;\"><strong>Dung t\u00edch :\u00a0 \u00a0 \u00a0 \u00a0 \u00a0 \u00a0 \u00a0 \u00a0 \u00a0 \u00a0 \u00a0 \u00a0 \u00a0\u00a0\u00a0\u00a0 \u00a0750ml<\/strong><\/span><\/p>\n<p><span style=\"color: #000000;\"><strong>N\u1ed3ng \u0111\u1ed9 :\u00a0 \u00a0 \u00a0 \u00a0 \u00a0 \u00a0 \u00a0 \u00a0 \u00a0 \u00a0 \u00a0 \u00a0 \u00a0 \u00a0 \u00a0\u00a0\u00a0\u00a0\u00a013%<\/strong><\/span><\/p>\n<p><span style=\"color: #000000;\"><strong>Nhi\u1ec7t \u0111\u1ed9 u\u1ed1ng l\u00fd t\u01b0\u1edfng :\u00a0 \u00a0\u00a0\u00a0\u00a0\u00a0\u00a015 &#8211; 18<sup>o<\/sup>C<\/strong><\/span><\/p>\n<p><span style=\"color: #000000;\"><strong>M\u00f3n \u0103n k\u00e8m :\u00a0\u00a0\u00a0\u00a0\u00a0\u00a0\u00a0\u00a0\u00a0\u00a0\u00a0\u00a0\u00a0\u00a0\u00a0\u00a0\u00a0\u00a0\u00a0\u00a0\u00a0\u00a0\u00a0\u00a0\u00a0\u00a0 Th\u1ecbt b\u00f2 Wellington, Th\u1ecbt c\u1eebu, Th\u1ecbt nai<\/strong><\/span><\/p>\n","protected":false},"featured_media":3789,"comment_status":"open","ping_status":"closed","template":"","meta":[],"product_cat":[245,107,248,108,102,250,97,249,103,223],"product_tag":[235,241,186,187,188],"_links":{"self":[{"href":"https:\/\/demo8.thuythu.com\/archangelsvn\/wp-json\/wp\/v2\/product\/3688"}],"collection":[{"href":"https:\/\/demo8.thuythu.com\/archangelsvn\/wp-json\/wp\/v2\/product"}],"about":[{"href":"https:\/\/demo8.thuythu.com\/archangelsvn\/wp-json\/wp\/v2\/types\/product"}],"replies":[{"embeddable":true,"href":"https:\/\/demo8.thuythu.com\/archangelsvn\/wp-json\/wp\/v2\/comments?post=3688"}],"wp:featuredmedia":[{"embeddable":true,"href":"https:\/\/demo8.thuythu.com\/archangelsvn\/wp-json\/wp\/v2\/media\/3789"}],"wp:attachment":[{"href":"https:\/\/demo8.thuythu.com\/archangelsvn\/wp-json\/wp\/v2\/media?parent=3688"}],"wp:term":[{"taxonomy":"product_cat","embeddable":true,"href":"https:\/\/demo8.thuythu.com\/archangelsvn\/wp-json\/wp\/v2\/product_cat?post=3688"},{"taxonomy":"product_tag","embeddable":true,"href":"https:\/\/demo8.thuythu.com\/archangelsvn\/wp-json\/wp\/v2\/product_tag?post=3688"}],"curies":[{"name":"wp","href":"https:\/\/api.w.org\/{rel}","templated":true}]}}