{"id":3694,"date":"2022-04-27T09:23:05","date_gmt":"2022-04-27T09:23:05","guid":{"rendered":"https:\/\/demo8.thuythu.com\/archangelsvn\/?post_type=product&#038;p=3694"},"modified":"2022-05-25T02:39:40","modified_gmt":"2022-05-25T02:39:40","slug":"masseria-borgo-dei-trulli-vermentino","status":"publish","type":"product","link":"https:\/\/demo8.thuythu.com\/archangelsvn\/san-pham\/masseria-borgo-dei-trulli-vermentino\/","title":{"rendered":"Masseria Borgo Dei Trulli Vermentino"},"content":{"rendered":"<p><span style=\"font-weight: 400; color: #000000;\"><strong>TRULLI VERMENTINO<\/strong> \u0111\u01b0\u1ee3c bi\u1ebft \u0111\u1ebfn l\u00e0 lo\u1ea1i vang tr\u1eafng tinh t\u1ebf, ki\u00eau k\u1ef3 v\u00e0 ho\u00e0n h\u1ea3o. R\u01b0\u1ee3u c\u00f3 m\u00e0u v\u00e0ng nh\u1ea1t, ph\u1ea3ng h\u01b0\u01a1ng th\u01a1m h\u1ea5p d\u1eabn c\u1ee7a \u0111\u00e0o, v\u1ecf chanh, xo\u00e0i v\u00e0 c\u00e1c lo\u1ea1i th\u1ea3o m\u1ed9c kh\u00f4. Khi th\u01b0\u1edfng th\u1ee9c, v\u1ecb kho\u00e1ng m\u1eb7n \u0111i qua v\u00e0 h\u00f2a tr\u1ed9n v\u1edbi m\u1ed9t v\u1ecb chua t\u01b0\u01a1i ph\u1ee9c h\u1ee3p v\u00e0 d\u1ec5 ch\u1ecbu. R\u01b0\u1ee3u c\u00f3 acid r\u1ea5t v\u1eeba ph\u1ea3i, \u0111\u1ed9 chua \u00edt, tanin c\u00e2n b\u1eb1ng, v\u1ecb \u0111\u1eadm v\u00e0 r\u1ea5t ngon khi u\u1ed1ng l\u1ea1nh.<\/span><\/p>\n<p><strong><span style=\"color: #000000;\">M\u00e0u s\u1eafc r\u01b0\u1ee3u :\u00a0<\/span><\/strong><span style=\"color: #000000;\">M\u00e0u v\u00e0ng nh\u1ea1t<\/span><\/p>\n<p><span style=\"font-weight: 400; color: #000000;\"><strong>Phong c\u00e1ch r\u01b0\u1ee3u :\u00a0<\/strong>Tropical and Balanced\u00a0<\/span><\/p>\n<p><span style=\"color: #000000;\"><strong>V\u1ecb : <\/strong>R\u00f5\u00a0r\u00e0ng nh\u1ea5t l\u00e0 \u0111\u1ed9 chua s\u1ea3ng kho\u00e1i v\u00e0 h\u01b0\u01a1ng th\u01a1m h\u1ea5p d\u1eabn c\u1ee7a \u0111\u00e0o, v\u1ecf chanh, th\u1ea3o m\u1ed9c kh\u00f4 v\u00e0 m\u1ed9t ch\u00fat mu\u1ed1i kho\u00e1ng.<\/span><\/p>\n<p>&nbsp;<\/p>\n<p><span style=\"color: #000000;\"><b>Gi\u1ed1ng nho:<\/b><span style=\"font-weight: 400;\"> Vermentino<\/span><\/span><\/p>\n<p><span style=\"font-weight: 400; color: #000000;\">Gi\u1ed1ng nho Vermentino c\u00f3 v\u1ecf m\u1ecfng, m\u00e0u s\u00e1ng, t\u1ea1o ra c\u00e1c lo\u1ea1i r\u01b0\u1ee3u vang th\u01b0\u1eddng r\u1ea5t th\u01a1m, nh\u1eb9 v\u00e0 s\u1ea3ng kho\u00e1i. Th\u00e0nh ph\u1ea7n h\u01b0\u01a1ng th\u01a1m c\u1ee7a n\u00f3 c\u00f3 th\u1ec3 bao g\u1ed3m h\u01b0\u01a1ng hoa t\u01b0\u01a1i, tr\u00e1i c\u00e2y h\u1ecd cam qu\u00fdt, tr\u00e1i c\u00e2y tr\u1eafng. Tr\u00ean v\u00f2m mi\u1ec7ng, h\u01b0\u01a1ng v\u1ecb c\u1ee7a n\u00f3 bao g\u1ed3m t\u1eeb tr\u00e1i c\u00e2y h\u1ecd cam qu\u00fdt \u0111\u1ebfn m\u00f9i th\u01a1m kho\u00e1ng ch\u1ea5t v\u00e0 th\u1eadm ch\u00ed c\u1ea3 v\u1ecb m\u1eb7n. Vermentino \u0111\u01b0\u1ee3c bi\u1ebft \u0111\u1ebfn v\u1edbi k\u1ebft th\u00fac c\u00f3 v\u1ecb \u0111\u1eafng \u0111\u1eb7c bi\u1ec7t, g\u1ee3i nh\u1edb \u0111\u1ebfn h\u1ea1nh nh\u00e2n. Vermentino \u0111\u00f4i khi \u0111\u01b0\u1ee3c thu ho\u1ea1ch s\u1edbm \u0111\u1ec3 gi\u1eef \u0111\u01b0\u1ee3c \u0111\u1ed9 chua v\u00e0 th\u01b0\u1eddng \u0111\u01b0\u1ee3c th\u01b0\u1edfng th\u1ee9c khi c\u00f2n tr\u1ebb.<\/span><\/p>\n<p>&nbsp;<\/p>\n<p><span style=\"color: #000000;\"><b>V\u00f9ng tr\u1ed3ng nho:<\/b><span style=\"font-weight: 400;\"> Salento, \u00dd<\/span><\/span><\/p>\n<p><span style=\"font-weight: 400; color: #000000;\">Salento l\u00e0 m\u1ed9t v\u00f9ng \u0111\u1ecba l\u00fd n\u1eb1m ngay t\u1ea1i ch\u00f3p c\u1ee7a Puglia mi\u1ec1n Nam n\u01b0\u1edbc \u00dd. \u0110\u00e2y l\u00e0 v\u00f9ng \u0111\u1ea5t m\u00e0 \u0111\u1ecba h\u00ecnh ch\u1ee7 y\u1ebfu l\u00e0 \u0111\u1ea5t \u0111\u00e1 v\u00f4i, \u0111\u1ea5t s\u00e9t, \u0111\u1ea5t s\u1ecfi v\u00e0 c\u00e1t, kh\u00ed h\u1eadu c\u1ee7a v\u00f9ng mang \u0111\u1eadm t\u00ednh \u0110\u1ecba Trung H\u1ea3i n\u00f3ng. Nho tr\u1ed3ng t\u1ea1i \u0111\u00e2y mang \u0111\u1eadm h\u01b0\u01a1ng v\u1ecb \u0111\u1eb7c tr\u01b0ng m\u00e0 \u1edf nh\u1eefng v\u00f9ng \u0111\u1ea5t kh\u00e1c kh\u00f4ng th\u1ec3 c\u00f3. Nh\u1eefng gi\u1ed1ng nho tr\u1ed3ng tr\u00ean v\u00f9ng \u0111\u1ea5t Salento \u0111a s\u1ed1 \u0111\u1ec1u l\u00e0 lo\u1ea1i nho c\u00f3 tu\u1ed5i th\u1ecd cao, c\u00f3 c\u00e2y l\u00ean t\u1edbi h\u00e0ng tr\u0103m tu\u1ed5i. M\u1eb7c d\u00f9 tu\u1ed5i th\u1ecd c\u1ee7a c\u00e2y cao nh\u01b0ng n\u00f3 v\u1eabn ch\u1eaft l\u1ecdc tinh t\u00fay \u0111\u1ec3 t\u1ea1o ra nh\u1eefng tr\u00e1i nho mang ch\u1ea5t l\u01b0\u1ee3ng t\u1ed1t nh\u1ea5t.<\/span><\/p>\n","protected":false},"excerpt":{"rendered":"<p><span style=\"color: #000000;\"><strong>Lo\u1ea1i vang :\u00a0 \u00a0 \u00a0 \u00a0 \u00a0 \u00a0 \u00a0 \u00a0 \u00a0 \u00a0 \u00a0 \u00a0 \u00a0\u00a0\u00a0\u00a0\u00a0Vang tr\u1eafng<\/strong><\/span><\/p>\n<p><span style=\"color: #000000;\"><strong>V\u00f9ng tr\u1ed3ng nho :\u00a0 \u00a0 \u00a0 \u00a0 \u00a0 \u00a0 \u00a0 \u00a0\u00a0\u00a0\u00a0\u00a0Salento<\/strong><\/span><\/p>\n<p><span style=\"color: #000000;\"><strong>Xu\u1ea5t x\u1ee9 :\u00a0 \u00a0 \u00a0 \u00a0 \u00a0 \u00a0 \u00a0 \u00a0 \u00a0 \u00a0 \u00a0 \u00a0 \u00a0 \u00a0 \u00a0 \u00a0 \u00a0\u00dd<\/strong><\/span><\/p>\n<p><span style=\"color: #000000;\"><strong>Gi\u1ed1ng nho :\u00a0 \u00a0 \u00a0 \u00a0 \u00a0 \u00a0 \u00a0 \u00a0 \u00a0 \u00a0 \u00a0 \u00a0 \u00a0\u00a0\u00a0\u00a0Vermentino<\/strong><\/span><\/p>\n<p><span style=\"color: #000000;\"><strong>Dung t\u00edch :\u00a0 \u00a0 \u00a0 \u00a0 \u00a0 \u00a0 \u00a0 \u00a0 \u00a0 \u00a0 \u00a0 \u00a0 \u00a0\u00a0\u00a0\u00a0 750ml<\/strong><\/span><\/p>\n<p><span style=\"color: #000000;\"><strong>N\u1ed3ng \u0111\u1ed9 :\u00a0 \u00a0 \u00a0 \u00a0 \u00a0 \u00a0 \u00a0 \u00a0 \u00a0 \u00a0 \u00a0 \u00a0 \u00a0 \u00a0 \u00a0\u00a0\u00a0\u00a012.5%<\/strong><\/span><\/p>\n<p><span style=\"color: #000000;\"><strong>Nhi\u1ec7t \u0111\u1ed9 u\u1ed1ng l\u00fd t\u01b0\u1edfng :\u00a0 \u00a0\u00a0\u00a0\u00a0\u00a0\u00a08 &#8211; 10<sup>o<\/sup>C<\/strong><\/span><\/p>\n","protected":false},"featured_media":3787,"comment_status":"closed","ping_status":"closed","template":"","meta":[],"product_cat":[251,202,203,252,169,204,253,170,205,104,223],"product_tag":[244,255,187],"_links":{"self":[{"href":"https:\/\/demo8.thuythu.com\/archangelsvn\/wp-json\/wp\/v2\/product\/3694"}],"collection":[{"href":"https:\/\/demo8.thuythu.com\/archangelsvn\/wp-json\/wp\/v2\/product"}],"about":[{"href":"https:\/\/demo8.thuythu.com\/archangelsvn\/wp-json\/wp\/v2\/types\/product"}],"replies":[{"embeddable":true,"href":"https:\/\/demo8.thuythu.com\/archangelsvn\/wp-json\/wp\/v2\/comments?post=3694"}],"wp:featuredmedia":[{"embeddable":true,"href":"https:\/\/demo8.thuythu.com\/archangelsvn\/wp-json\/wp\/v2\/media\/3787"}],"wp:attachment":[{"href":"https:\/\/demo8.thuythu.com\/archangelsvn\/wp-json\/wp\/v2\/media?parent=3694"}],"wp:term":[{"taxonomy":"product_cat","embeddable":true,"href":"https:\/\/demo8.thuythu.com\/archangelsvn\/wp-json\/wp\/v2\/product_cat?post=3694"},{"taxonomy":"product_tag","embeddable":true,"href":"https:\/\/demo8.thuythu.com\/archangelsvn\/wp-json\/wp\/v2\/product_tag?post=3694"}],"curies":[{"name":"wp","href":"https:\/\/api.w.org\/{rel}","templated":true}]}}