{"id":3965,"date":"2022-08-07T12:03:36","date_gmt":"2022-08-07T12:03:36","guid":{"rendered":"https:\/\/demo8.thuythu.com\/archangelsvn\/?post_type=product&#038;p=3965"},"modified":"2022-08-08T11:01:22","modified_gmt":"2022-08-08T11:01:22","slug":"pinot-grigio-bolla","status":"publish","type":"product","link":"https:\/\/demo8.thuythu.com\/archangelsvn\/san-pham\/pinot-grigio-bolla\/","title":{"rendered":"PINOT GRIGIO Valdadige DOC R\u00e9tro"},"content":{"rendered":"<p><strong>Nh\u00e0 m\u00e1y r\u01b0\u1ee3u\u00a0<\/strong><span class=\"blt \"><strong>Bolla<\/strong>\u00a0\u0111\u01b0\u1ee3c<\/span>\u00a0th\u00e0nh l\u1eadp \u1edf Veneto v\u00e0o n\u0103m 1883 b\u1edfi Abele Bolla. V\u00e0o n\u0103m 1909, khi r\u01b0\u1ee3u vang c\u1ee7a \u00f4ng \u0111\u01b0\u1ee3c trao huy ch\u01b0\u01a1ng v\u00e0ng t\u1ea1i m\u1ed9t cu\u1ed9c thi \u1edf Bologna. Chai Amarone c\u1ed5 \u0111i\u1ec3n \u0111\u1ea7u ti\u00ean c\u1ee7a n\u0103m 1950 \u0111\u00e3 mang l\u1ea1i danh ti\u1ebfng qu\u1ed1c t\u1ebf cho trang tr\u1ea1i. T\u1eeb th\u1eddi \u0111i\u1ec3m \u0111\u00f3, m\u1ed9t k\u1ef7 nguy\u00ean th\u00e0nh c\u00f4ng m\u1edbi tr\u00ean th\u1ecb tr\u01b0\u1eddng qu\u1ed1c t\u1ebf b\u1eaft \u0111\u1ea7u.<\/p>\n<p><strong>R\u01b0\u1ee3u vang tr\u1eafng <\/strong><span class=\"blt \"><strong>Pinot Grigio Valdadige DOC R\u00e9tro<\/strong>\u00a0\u0111\u01b0\u1ee3c<\/span> l\u00e0m t\u1eeb gi\u1ed1ng nho c\u00f9ng t\u00ean \u0111\u01b0\u1ee3c tr\u1ed3ng trong c\u00e1c v\u01b0\u1eddn nho c\u1ee7a Venice. Nho Pinot Grigio,\u00a0do s\u1ef1 hi\u1ec7n di\u1ec7n c\u1ee7a anthocyanins n\u00ean c\u00f3 m\u00e0u v\u1ecf kh\u00e1c th\u01b0\u1eddng. \u0110\u00f3 l\u00e0 l\u00fd do t\u1ea1i sao r\u01b0\u1ee3u vang \u0111\u1ecf th\u01b0\u1eddng \u0111\u01b0\u1ee3c l\u00e0m t\u1eeb n\u00f3. \u0110\u1ec3 t\u1ea1o ra r\u01b0\u1ee3u vang tr\u1eafng. Sau khi thu ho\u1ea1ch b\u1eb1ng tay, nho \u0111\u01b0\u1ee3c \u00e9p nh\u1eb9 nh\u00e0ng v\u00e0 t\u00e1ch ngay kh\u1ecfi v\u1ecf. Qu\u00e1 tr\u00ecnh l\u00ean men \u201ctheo phong c\u00e1ch tr\u1eafng\u201d di\u1ec5n ra trong b\u1ec3 th\u00e9p kh\u00f4ng g\u1ec9. \u1ede nhi\u1ec7t \u0111\u1ed9 \u0111\u01b0\u1ee3c ki\u1ec3m so\u00e1t, \u0111\u01b0\u1ee3c b\u1ea3o v\u1ec7 kh\u1ecfi qu\u00e1 tr\u00ecnh oxy h\u00f3a. \u0110\u1ec3 gi\u1eef \u0111\u01b0\u1ee3c \u0111\u1ed9 t\u01b0\u01a1i v\u00e0 h\u01b0\u01a1ng th\u01a1m c\u1ee7a r\u01b0\u1ee3u. V\u00e0 r\u01b0\u1ee3u \u0111\u01b0\u1ee3c b\u1ea3o qu\u1ea3n trong t\u1ee7 l\u1ea1nh tr\u01b0\u1edbc khi \u0111\u00f3ng chai.<\/p>\n<p><span style=\"color: #000000;\"><strong>M\u00e0u S\u1eafc R\u01b0\u1ee3u:<\/strong> R\u01b0\u1ee3u c\u00f3 m\u00e0u v\u00e0ng r\u01a1m h\u1ea5p d\u1eabn.<br \/>\n<\/span><\/p>\n<div class=\"description-block\">\n<p><span style=\"color: #000000;\"><strong><span class=\"title\">V\u1ecb R\u01b0\u1ee3u: <\/span><\/strong>R\u01b0\u1ee3u c\u00f3 h\u01b0\u01a1ng v\u1ecb t\u01b0\u01a1i m\u00e1t, s\u1ea1ch s\u1ebd, thanh l\u1ecbch v\u1edbi h\u01b0\u01a1ng hoa cam qu\u00fdt, n\u1ed3ng \u0111\u1ed9 axit v\u00e0 kho\u00e1ng ch\u1ea5t ti\u1ebfp th\u00eam sinh l\u1ef1c trong d\u01b0 v\u1ecb kh\u00f4.<\/span><\/p>\n<\/div>\n<div class=\"description-block\">\n<p><span style=\"color: #000000;\"><strong><span class=\"title\">H\u01b0\u01a1ng th\u01a1m: <\/span><\/strong><\/span><span style=\"color: #000000;\">H\u01b0\u01a1ng th\u01a1m thanh l\u1ecbch c\u1ee7a r\u01b0\u1ee3u cho th\u1ea5y c\u00e1c n\u1ed1t h\u01b0\u01a1ng c\u1ee7a cam qu\u00fdt v\u00e0 tr\u00e1i c\u00e2y tr\u1eafng, \u0111\u01b0\u1ee3c trang tr\u00ed b\u1eb1ng c\u00e1c s\u1eafc th\u00e1i c\u1ee7a th\u1ea3o m\u1ed9c \u0111\u1ed3ng c\u1ecf, hoa m\u00f9a xu\u00e2n v\u00e0 kho\u00e1ng ch\u1ea5t.<\/span><\/p>\n<\/div>\n<div class=\"description-block\">\n<p><span style=\"color: #000000;\"><strong><span class=\"title\">S\u1ef1 k\u1ebft h\u1ee3p \u1ea9m th\u1ef1c: <\/span><\/strong><\/span><span style=\"color: #000000;\">R\u01b0\u1ee3u l\u00fd t\u01b0\u1edfng l\u00e0m r\u01b0\u1ee3u khai v\u1ecb, r\u1ea5t h\u1ee3p v\u1edbi c\u00e1 n\u01b0\u1edbc ng\u1ecdt,n\u01b0\u1edbc m\u1eb7n v\u00e0 th\u1ecbt tr\u1eafng.<\/span><\/p>\n<\/div>\n<p><span style=\"color: #000000;\"><strong>V\u00f9ng Tr\u1ed3ng Nho: <\/strong>Veneto<strong><br \/>\n<\/strong><\/span><\/p>\n<p><span style=\"color: #000000;\"><strong>Veneto<\/strong> l\u00e0 m\u1ed9t khu v\u1ef1c r\u1ed9ng l\u1edbn \u1edf ph\u00eda \u0110\u00f4ng B\u1eafc n\u01b0\u1edbc \u00dd. C\u00f3 di\u1ec7n t\u00edch tr\u1ea3i d\u00e0i t\u1eeb bi\u1ec3n Adriatic \u0111\u1ebfn t\u1eadn h\u1ed3 Garda. T\u1eeb c\u00e1c \u0111\u1ec9nh n\u00fai cao c\u1ee7a Dolomites xu\u1ed1ng thung l\u0169ng Po. \u0110\u00e2y l\u00e0 khu v\u1ef1c c\u00f3 c\u00e1c d\u00e3y n\u00fai l\u1edbn l\u00e0 d\u00e3y An-p\u01a1 v\u00e0 Pre-Alps.<\/span><\/p>\n<p><span style=\"color: #000000;\">V\u1edbi s\u1ef1 hi\u1ec7n di\u1ec7n c\u1ee7a c\u00e1c d\u00e3y n\u00fai cao v\u00e0 c\u00e1c khu v\u1ef1c \u0111\u1ed3ng b\u1eb1ng. <strong>Veneto<\/strong> c\u00f3 s\u1ef1 kh\u00e1c bi\u1ec7t \u0111\u00e1ng k\u1ec3 v\u1ec1 nhi\u1ec7t \u0111\u1ed9 gi\u1eefa m\u00f9a \u0111\u00f4ng v\u00e0 m\u00f9a h\u00e8. V\u1edbi \u0111\u1eb7c \u0111i\u1ec3m kh\u00ed h\u1eadu n\u00e0y v\u00f4 c\u00f9ng ph\u00f9 h\u1ee3p v\u1edbi vi\u1ec7c tr\u1ed3ng nho.<\/span><\/p>\n<p><span style=\"color: #000000;\"><strong>Gi\u1ed1ng Nho: <\/strong>Pinot Grigio<\/span><\/p>\n<p>&nbsp;<\/p>\n","protected":false},"excerpt":{"rendered":"<p><span style=\"color: #000000;\"><strong>Lo\u1ea1i vang :\u00a0 \u00a0 \u00a0 \u00a0 \u00a0 \u00a0 \u00a0 \u00a0 \u00a0 \u00a0 \u00a0 \u00a0 \u00a0\u00a0\u00a0\u00a0\u00a0\u00a0Vang tr\u1eafng<\/strong><\/span><\/p>\n<p><span style=\"color: #000000;\"><strong>Xu\u1ea5t x\u1ee9 :\u00a0 \u00a0 \u00a0 \u00a0 \u00a0 \u00a0 \u00a0 \u00a0 \u00a0 \u00a0 \u00a0 \u00a0 \u00a0 \u00a0\u00a0\u00a0\u00a0 \u00a0\u00a0\u00dd<\/strong><\/span><\/p>\n<p><span style=\"color: #000000;\"><strong>Ni\u00ean v\u1ee5 :\u00a0\u00a0\u00a0\u00a0\u00a0 \u00a0\u00a0\u00a0\u00a0\u00a0\u00a0\u00a0\u00a0\u00a0\u00a0\u00a0\u00a0\u00a0\u00a0\u00a0\u00a0\u00a0\u00a0\u00a0\u00a0\u00a0\u00a0\u00a0\u00a0\u00a0\u00a0\u00a0\u00a02020<\/strong><\/span><\/p>\n<p><span style=\"color: #000000;\"><strong>V\u00f9ng tr\u1ed3ng nho :\u00a0 \u00a0 \u00a0 \u00a0 \u00a0 \u00a0 \u00a0 \u00a0 \u00a0 \u00a0 Veneto<\/strong><\/span><\/p>\n","protected":false},"featured_media":3969,"comment_status":"closed","ping_status":"closed","template":"","meta":[],"product_cat":[169,104,223],"product_tag":[],"_links":{"self":[{"href":"https:\/\/demo8.thuythu.com\/archangelsvn\/wp-json\/wp\/v2\/product\/3965"}],"collection":[{"href":"https:\/\/demo8.thuythu.com\/archangelsvn\/wp-json\/wp\/v2\/product"}],"about":[{"href":"https:\/\/demo8.thuythu.com\/archangelsvn\/wp-json\/wp\/v2\/types\/product"}],"replies":[{"embeddable":true,"href":"https:\/\/demo8.thuythu.com\/archangelsvn\/wp-json\/wp\/v2\/comments?post=3965"}],"wp:featuredmedia":[{"embeddable":true,"href":"https:\/\/demo8.thuythu.com\/archangelsvn\/wp-json\/wp\/v2\/media\/3969"}],"wp:attachment":[{"href":"https:\/\/demo8.thuythu.com\/archangelsvn\/wp-json\/wp\/v2\/media?parent=3965"}],"wp:term":[{"taxonomy":"product_cat","embeddable":true,"href":"https:\/\/demo8.thuythu.com\/archangelsvn\/wp-json\/wp\/v2\/product_cat?post=3965"},{"taxonomy":"product_tag","embeddable":true,"href":"https:\/\/demo8.thuythu.com\/archangelsvn\/wp-json\/wp\/v2\/product_tag?post=3965"}],"curies":[{"name":"wp","href":"https:\/\/api.w.org\/{rel}","templated":true}]}}