{"id":3976,"date":"2022-08-08T04:54:51","date_gmt":"2022-08-08T04:54:51","guid":{"rendered":"https:\/\/demo8.thuythu.com\/archangelsvn\/?post_type=product&#038;p=3976"},"modified":"2022-08-08T10:59:55","modified_gmt":"2022-08-08T10:59:55","slug":"cabianca-moscato-dasti","status":"publish","type":"product","link":"https:\/\/demo8.thuythu.com\/archangelsvn\/san-pham\/cabianca-moscato-dasti\/","title":{"rendered":"Ca\u2019Bianca Moscato D\u2019Asti"},"content":{"rendered":"<p><b><i>Moscato D\u2019Asti Ca Bianca \u2013 Chai vang ng\u1ecdt tr\u1ee9 danh v\u00f9ng D&#8217;asti<\/i><\/b><\/p>\n<p><strong>Ca\u2019 Bianca<\/strong>\u00a0\u0111\u01b0\u1ee3c th\u00e0nh l\u1eadp v\u00e0o \u0111\u1ea7u nh\u1eefng n\u0103m 1950. T\u00e0i s\u1ea3n bao g\u1ed3m 39 ha v\u01b0\u1eddn nho tr\u1ea3i d\u00e0i xung quanh \u0111\u00e0i t\u01b0\u1edfng ni\u1ec7m v\u00e0 h\u1ea7m \u0111\u00f3ng chai trong m\u1ed9t kh\u1ed1i ki\u00ean c\u1ed1. H\u1ea7u h\u1ebft c\u00e1c m\u1ea3nh \u0111\u1ea5t \u0111\u01b0\u1ee3c tr\u1ed3ng cho Barbera. M\u1ed9t gi\u1ed1ng \u0111i\u1ec3n h\u00ecnh c\u1ee7a khu v\u1ef1c \u0111\u00e3 \u0111\u01b0\u1ee3c s\u1eed d\u1ee5ng \u1edf \u0111\u00e2y k\u1ec3 t\u1eeb n\u0103m 2008 cho Barbera d\u2019Asti DOCG. C\u00e1c lo\u1ea1i r\u01b0\u1ee3u vang t\u1ed1t nh\u1ea5t trong l\u00e3nh th\u1ed5 bao g\u1ed3m: Moscato d\u2019Asti Dolcetto d\u2019Acqui Gavi v\u00e0 Barolo. \u0110\u1ec3 ph\u00f9 h\u1ee3p v\u1edbi s\u1ee9 m\u1ec7nh tr\u1edf n\u00ean tr\u1ebb trung v\u00e0 n\u0103ng \u0111\u1ed9ng c\u1ee7a h\u1ea7m r\u01b0\u1ee3u n\u00e0y. Ph\u1ea1m vi c\u1ee7a n\u00f3 c\u0169ng ch\u1ee9a m\u1ed9t s\u1ed1 lo\u1ea1i r\u01b0\u1ee3u m\u1edbi: Langhe Nebbiolo v\u00e0 Roero Arneis. Ca \u2018Bianca h\u01b0\u1edbng \u0111\u1ebfn m\u1ee5c ti\u00eau tr\u1edf th\u00e0nh m\u1ed9t b\u1ea5t \u0111\u1ed9ng s\u1ea3n hi\u1ec7n \u0111\u1ea1i. Kh\u00f4ng c\u00f3 b\u1ea5t k\u1ef3 h\u1ea1n ch\u1ebf l\u1ecbch s\u1eed n\u00e0o, li\u00ean t\u1ee5c ph\u00e1t tri\u1ec3n v\u00e0 h\u01b0\u1edbng t\u1edbi t\u01b0\u01a1ng lai.<\/p>\n<p><span class=\"blt \">Ca\u2019Bianca Moscato d\u2019Asti \u0111\u01b0\u1ee3c<\/span>\u00a0l\u00e0m t\u1eeb nho Moscato Bianco h\u01a1i ch\u00edn. \u0110\u01b0\u1ee3c thu ho\u1ea1ch tr\u00ean s\u01b0\u1eddn n\u00fai Alto Monferrato \u1edf \u0111\u1ed9 cao 350 m\u00e9t so v\u1edbi m\u1ef1c n\u01b0\u1edbc bi\u1ec3n. Qu\u00e1 tr\u00ecnh l\u00ean men di\u1ec5n ra trong th\u00f9ng k\u00edn v\u00e0 \u0111\u01b0\u1ee3c l\u00e0m l\u1ea1nh, \u0111\u1ec3 l\u1ea1i v\u1ecb ng\u1ecdt d\u1ec5 ch\u1ecbu. H\u00e0m l\u01b0\u1ee3ng \u0111\u01b0\u1eddng c\u1ee7a Moscato d\u2019Asti l\u00e0 120 g\/l. Trong s\u1ea3n xu\u1ea5t r\u01b0\u1ee3u vang, m\u1ed9t c\u00f4ng ngh\u1ec7 \u0111\u1eb7c bi\u1ec7t \u0111\u01b0\u1ee3c s\u1eed d\u1ee5ng, c\u00e1i g\u1ecdi l\u00e0<strong>: Ph\u01b0\u01a1ng ph\u00e1p Asti.<\/strong>\u00a0Theo \u0111\u00f3, ngay sau khi thu ho\u1ea1ch, nho s\u1ebd tr\u1ea3i qua qu\u00e1 tr\u00ecnh kh\u1eed mu\u1ed1i v\u00e0 \u00e9p c\u00e0ng s\u1edbm c\u00e0ng t\u1ed1t. Do \u0111\u00f3 l\u01b0u gi\u1eef h\u01b0\u01a1ng hoa tinh t\u1ebf trong r\u01b0\u1ee3u. R\u01b0\u1ee3u ph\u1ea3i \u0111\u01b0\u1ee3c l\u1ecdc v\u00e0 l\u00e0m l\u1ea1nh, sau \u0111\u00f3 n\u00f3 \u0111i v\u00e0o c\u00e1c c\u00f4ng \u0111o\u1ea1n x\u1eed l\u00fd ti\u1ebfp theo.<\/p>\n<p><b><i>H\u01b0\u01a1ng v\u1ecb \u0111\u1eb7c bi\u1ec7t c\u1ee7a Moscato D\u2019Asti Ca Bianca<\/i><\/b><\/p>\n<p>N\u1ebfu ch\u1ecb em y\u00eau vang n\u00e0o th\u00edch s\u1ef1 nh\u1eb9 nh\u00e0ng v\u00e0 tinh t\u1ebf th\u00ec chai r\u01b0\u1ee3u vang c\u00f3 n\u1ed3ng \u0111\u1ed9 c\u1ed3n th\u1ea5p Moscato D\u2019asti ch\u00ednh l\u00e0 m\u1ed9t s\u1ef1 l\u1ef1a ch\u1ecdn tuy\u1ec7t v\u1eddi.<\/p>\n<p>Moscato D\u2019Asti c\u00f3 h\u01b0\u01a1ng th\u01a1m \u0111\u1eb7c tr\u01b0ng nh\u1ea5t trong t\u1ea5t c\u1ea3 c\u00e1c lo\u1ea1i vang \u2013 n\u00f3 \u0111\u1ed9c \u0111\u00e1o t\u1edbi m\u1ee9c kh\u00f3 c\u00f3 th\u1ec3 mi\u00eau t\u1ea3 th\u00f4ng qua c\u00e1c h\u01b0\u01a1ng v\u1ecb c\u01a1 b\u1ea3n kh\u00e1c, ch\u1ec9 c\u00f3 th\u1ec3 mi\u00eau t\u1ea3 l\u00e0 \u201ch\u01b0\u01a1ng th\u01a1m Moscato\u201d.<\/p>\n<p>R\u01b0\u1ee3u c\u00f3 h\u01b0\u01a1ng th\u01a1m n\u1ed3ng n\u00e0n v\u00e0 ph\u1ee9c h\u1ee3p, v\u1edbi m\u00e0u v\u00e0ng \u00e1nh xanh \u0111\u1eb9p tuy\u1ec7t \u0111an xen v\u1edbi ch\u00fat b\u1ecdt nh\u1eb9 nh\u00e0ng. H\u01b0\u01a1ng th\u01a1m \u0111i\u1ec3n h\u00ecnh c\u1ee7a hoa tr\u1eafng d\u1ecbu d\u00e0ng, hoa keo ng\u1ecdt ng\u00e0o, chanh d\u00e2y, m\u1eadt ong ho\u00e0 quy\u1ec1n v\u1edbi h\u01b0\u01a1ng th\u01a1m kho\u00e1ng ch\u1ea5t, c\u1ecf x\u1ea1 h\u01b0\u01a1ng v\u00e0 b\u1ea1c h\u00e0, ti\u00eau bi\u1ec3u cho th\u1ed5 nh\u01b0\u1ee1ng n\u01a1i \u0111\u00e2y. V\u1ecb r\u01b0\u1ee3u s\u1ed1ng \u0111\u1ed9ng, v\u1ecb chua thanh m\u00e1t c\u00e2n b\u1eb1ng v\u1edbi v\u1ecb ng\u1ecdt c\u1ee7a tr\u00e1i nho ch\u00edn \u0111em l\u1ea1i t\u1ed5ng ho\u00e0 \u0111\u1eadm \u0111\u00e0 m\u00e0 v\u00f4 c\u00f9ng d\u1ec5 ch\u1ecbu.<\/p>\n<p>M\u1ed9t chai Moscato D\u2019Asti s\u1ebd c\u00f3 h\u00e0m l\u01b0\u1ee3ng t\u1eeb 90-100g\/L, n\u1ed3ng \u0111\u1ed9 c\u1ed3n r\u1ea5t th\u1ea5p ch\u1ec9 kho\u1ea3ng 5% n\u00ean khi so s\u00e1nh v\u1edbi c\u00e1c d\u00f2ng vang th\u00f4ng th\u01b0\u1eddng kh\u00e1c th\u00ec chai vang n\u00e0y r\u1ea5t th\u00edch h\u1ee3p cho c\u00e1c b\u1eefa ti\u1ec7c nh\u1eb9. Vang tr\u1eafng Moscato d\u2019 Asti ch\u1eafc ch\u1eafn l\u00e0 m\u1ed9t s\u1ef1 l\u1ef1a ch\u1ecdn tuy\u1ec7t v\u1eddi cho ph\u00e1i n\u1eef trong nh\u1eefng b\u1eefa ti\u1ec7c ng\u1ecdt nh\u1eb9 nh\u00e0ng v\u1edbi nh\u1eefng chi\u1ebfc b\u00e1nh ng\u1ecdt v\u1ecb caramen.<\/p>\n<p><strong>Th\u01b0\u1edfng th\u1ee9c R\u01b0\u1ee3u vang Ca\u2019 Bianca Moscato.<\/strong><\/p>\n<div class=\"description-block\">\n<p><strong><span class=\"title\">M\u00e0u s\u1eafc: <\/span><\/strong>R\u01b0\u1ee3u c\u00f3 m\u00e0u v\u00e0ng r\u01a1m.<\/p>\n<\/div>\n<div class=\"description-block\">\n<p><strong><span class=\"title\">N\u1ebfm th\u1eed: <\/span><\/strong>R\u01b0\u1ee3u th\u1ec3 hi\u1ec7n m\u1ed9t h\u01b0\u01a1ng v\u1ecb phong ph\u00fa \u2013 ng\u1ecdt ng\u00e0o d\u1ec5 ch\u1ecbu v\u00e0 h\u01b0\u01a1ng tr\u00e1i c\u00e2y, k\u1ebft th\u00fac b\u1eb1ng m\u1ed9t k\u1ebft th\u00fac d\u00e0i v\u00e0 thanh l\u1ecbch.<\/p>\n<\/div>\n<div class=\"description-block\">\n<p><strong><span class=\"title\">H\u01b0\u01a1ng th\u01a1m: <\/span><\/strong>H\u01b0\u01a1ng th\u01a1m tinh t\u1ebf c\u1ee7a r\u01b0\u1ee3u l\u01b0u l\u1ea1i h\u01b0\u01a1ng \u0111\u00e0o tr\u1eafng v\u00e0 cam chanh.<\/p>\n<\/div>\n<div class=\"description-block\">\n<p><strong><span class=\"title\">S\u1ef1 k\u1ebft h\u1ee3p \u1ea9m th\u1ef1c: <\/span><\/strong>R\u01b0\u1ee3u k\u1ebft h\u1ee3p v\u1edbi b\u00e1nh tr\u00e1i c\u00e2y, b\u00e1nh quy, b\u00e1nh h\u1ea1nh nh\u00e2n v\u00e0 c\u00e1c m\u00f3n tr\u00e1ng mi\u1ec7ng kh\u00e1c.<\/p>\n<\/div>\n<h2><b><i>\u00a0<\/i><\/b><\/h2>\n","protected":false},"excerpt":{"rendered":"<h2><span style=\"color: #000000;\"><b>Moscato D\u2019asti Ca Bianca \u2013 &#8220;H\u01b0\u01a1ng th\u01a1m Moscato&#8221; d\u00e0nh cho ch\u1ecb em<\/b><\/span><\/h2>\n<p>V\u1edbi n\u1ed3ng \u0111\u1ed9 c\u1ed3n th\u1ea5p l\u00e0 5%, ch\u1ec9 x\u1ea5p x\u1ec9 m\u1ed9t chai bia, r\u01b0\u1ee3u vang Moscato D&#8217;asti mang t\u1edbi s\u1ef1 nh\u1eb9 nh\u00e0ng v\u00e0 kh\u00f4ng h\u1ec1 g\u00e2y ra c\u1ea3m gi\u00e1c chu\u1ebfnh cho\u00e1ng kh\u00f3 ch\u1ecbu, b\u1edfi h\u01b0\u01a1ng th\u01a1m m\u00e1t r\u01b0\u1ee3i t\u1eeb c\u00e1c lo\u1ea1i qu\u1ea3 cam chanh, t\u00e1o xanh, l\u00ea v\u00e0 ng\u1ecdt ng\u00e0o b\u1edfi hoa tr\u1eafng, vani&#8230;<\/p>\n<p><span style=\"color: #000000;\"><strong>Lo\u1ea1i vang :\u00a0 \u00a0 \u00a0 \u00a0 \u00a0 \u00a0 \u00a0 \u00a0 \u00a0 \u00a0 \u00a0 \u00a0 \u00a0\u00a0\u00a0\u00a0\u00a0Vang tr\u1eafng, ng\u1ecdt<\/strong><\/span><\/p>\n<p><span style=\"color: #000000;\"><strong>V\u00f9ng tr\u1ed3ng nho :\u00a0 \u00a0 \u00a0 \u00a0 \u00a0 \u00a0 \u00a0 \u00a0 \u00a0 \u00a0D\u2019Asti<\/strong><\/span><\/p>\n<p><span style=\"color: #000000;\"><strong>Xu\u1ea5t x\u1ee9 :\u00a0 \u00a0 \u00a0 \u00a0 \u00a0 \u00a0 \u00a0 \u00a0 \u00a0 \u00a0 \u00a0 \u00a0 \u00a0 \u00a0 \u00a0 \u00a0 \u00a0Italy<\/strong><\/span><\/p>\n<p><span style=\"color: #000000;\"><strong>Gi\u1ed1ng nho :\u00a0 \u00a0 \u00a0 \u00a0 \u00a0 \u00a0 \u00a0 \u00a0 \u00a0 \u00a0 \u00a0 \u00a0 \u00a0 \u00a0 Moscato<br \/>\n<\/strong><\/span><br \/>\n<span style=\"color: #000000;\"><strong>Nh\u00e0 l\u00e0m vang:<\/strong>\u00a0 \u00a0 \u00a0 \u00a0 \u00a0 \u00a0 \u00a0 \u00a0 \u00a0 \u00a0 \u00a0 \u00a0<strong>Tenimenti Ca\u2019 Bianca<\/strong><\/span><\/p>\n<p><span style=\"color: #000000;\"><strong>Dung t\u00edch :\u00a0 \u00a0 \u00a0 \u00a0 \u00a0 \u00a0 \u00a0 \u00a0 \u00a0 \u00a0 \u00a0 \u00a0 \u00a0 \u00a0 \u00a0750ml<\/strong><\/span><\/p>\n<p><span style=\"color: #000000;\"><strong>N\u1ed3ng \u0111\u1ed9 :\u00a0 \u00a0 \u00a0 \u00a0 \u00a0 \u00a0 \u00a0 \u00a0 \u00a0 \u00a0 \u00a0 \u00a0 \u00a0 \u00a0 \u00a0 \u00a05%<\/strong><\/span><\/p>\n<p><span style=\"color: #000000;\"><strong>Nhi\u1ec7t \u0111\u1ed9 u\u1ed1ng l\u00fd t\u01b0\u1edfng :\u00a0 \u00a0 \u00a0 8 &#8211; 10<sup>o<\/sup>C<\/strong><\/span><\/p>\n","protected":false},"featured_media":3977,"comment_status":"closed","ping_status":"closed","template":"","meta":[],"product_cat":[169,170,104,223],"product_tag":[],"_links":{"self":[{"href":"https:\/\/demo8.thuythu.com\/archangelsvn\/wp-json\/wp\/v2\/product\/3976"}],"collection":[{"href":"https:\/\/demo8.thuythu.com\/archangelsvn\/wp-json\/wp\/v2\/product"}],"about":[{"href":"https:\/\/demo8.thuythu.com\/archangelsvn\/wp-json\/wp\/v2\/types\/product"}],"replies":[{"embeddable":true,"href":"https:\/\/demo8.thuythu.com\/archangelsvn\/wp-json\/wp\/v2\/comments?post=3976"}],"wp:featuredmedia":[{"embeddable":true,"href":"https:\/\/demo8.thuythu.com\/archangelsvn\/wp-json\/wp\/v2\/media\/3977"}],"wp:attachment":[{"href":"https:\/\/demo8.thuythu.com\/archangelsvn\/wp-json\/wp\/v2\/media?parent=3976"}],"wp:term":[{"taxonomy":"product_cat","embeddable":true,"href":"https:\/\/demo8.thuythu.com\/archangelsvn\/wp-json\/wp\/v2\/product_cat?post=3976"},{"taxonomy":"product_tag","embeddable":true,"href":"https:\/\/demo8.thuythu.com\/archangelsvn\/wp-json\/wp\/v2\/product_tag?post=3976"}],"curies":[{"name":"wp","href":"https:\/\/api.w.org\/{rel}","templated":true}]}}