{"id":3980,"date":"2022-08-08T07:31:20","date_gmt":"2022-08-08T07:31:20","guid":{"rendered":"https:\/\/demo8.thuythu.com\/archangelsvn\/?post_type=product&#038;p=3980"},"modified":"2022-08-08T10:57:39","modified_gmt":"2022-08-08T10:57:39","slug":"st-michael-eppan-sanct-valentin-sauvignon","status":"publish","type":"product","link":"https:\/\/demo8.thuythu.com\/archangelsvn\/san-pham\/st-michael-eppan-sanct-valentin-sauvignon\/","title":{"rendered":"St.Michael Eppan Sanct Valentin Sauvignon"},"content":{"rendered":"<p><strong><em>R\u01b0\u1ee3u vang St.Michael Eppan Sanct Valentin Sauvignon \u2013 Vang tr\u1eafng cao c\u1ea5p Italy<br \/>\n<\/em><br \/>\n<\/strong>Vang tr\u1eafng <strong><em>Sanct Valentin<\/em>\u00a0<\/strong>c\u1ee7a <strong><em>St. Michael Eppan<\/em><\/strong> l\u00e0 m\u1ed9t nh\u00e3n hi\u1ec7u cao c\u1ea5p c\u1ee7a h\u00e3ng. Nh\u00e0 m\u00e1y r\u01b0\u1ee3u n\u00e0y \u0111\u01b0\u1ee3c coi l\u00e0 m\u1ed9t trong nh\u1eefng nh\u00e0 m\u00e1y r\u01b0\u1ee3u t\u1ed1t nh\u1ea5t \u1edf Nam Tyrol v\u00e0 \u00dd. Nh\u00e0 m\u00e1y r\u01b0\u1ee3u <strong><em>St. Michael Eppan\u00a0<\/em><\/strong>v\u1edbi 355 th\u00e0nh vi\u00ean, 350 ha tr\u1ed3ng nho v\u00e0 2.5 tri\u1ec7u chai \u0111\u01b0\u1ee3c b\u00e1n ra th\u1ecb tr\u01b0\u1eddng h\u00e0ng n\u0103m, \u0111\u00e3 tr\u1edf n\u00ean n\u1ed5i ti\u1ebfng to\u00e0n th\u1ebf gi\u1edbi. Ch\u1ec9 ri\u00eang nh\u00e3n hi\u1ec7u <strong><em>&#8220;<\/em><\/strong><strong><em>Sanct Valentin&#8221;\u00a0<\/em><\/strong>th\u00f4i c\u0169ng \u0111\u1ee7 l\u00e0m say l\u00f2ng nh\u1eefng ng\u01b0\u1eddi c\u00f3 ni\u1ec1m \u0111am m\u00ea m\u00e3nh li\u1ec7t v\u1edbi r\u01b0\u1ee3u vang.<\/p>\n<p>&#8221; Nh\u00e0 s\u1ea3n xu\u1ea5t r\u01b0\u1ee3u c\u1ee7a Hans Terzer th\u1ec3 hi\u1ec7n ngh\u1ec7 thu\u1eadt v\u00e0 kinh nghi\u1ec7m tuy\u1ec7t v\u1eddi c\u1ee7a m\u00ecnh v\u1edbi d\u00f2ng r\u01b0\u1ee3u cao c\u1ea5p <strong><em>Sanct Valentin\u00a0<\/em><\/strong>ch\u1ec9 ch\u1ecdn nh\u1eefng qu\u1ea3 nho xu\u1ea5t s\u1eafc nh\u1ea5t t\u1eeb v\u01b0\u1eddn nho c\u1ee7a nh\u00e0 m\u00e1y r\u01b0\u1ee3u St. Michael Eppan, \u00f4ng \u0111\u00e3 t\u1ea1o ra nh\u1eefng lo\u1ea1i r\u01b0\u1ee3u vang thanh l\u1ecbch, m\u00e3nh li\u1ec7t v\u00e0 ph\u1ee9c t\u1ea1p, \u0111\u1eb7c tr\u01b0ng b\u1edfi \u0111\u1ed9 kho\u00e1ng tinh t\u1ebf, h\u01b0\u01a1ng th\u01a1m t\u1ed1t nh\u1ea5t v\u00e0 \u0111\u1eb7c t\u00ednh l\u00e2u gi\u00e0 \u0111\u1eb7c bi\u1ec7t. &#8221;<\/p>\n<p><strong><b><i>H\u01b0\u01a1ng v\u1ecb \u0111\u1eb7c bi\u1ec7t c\u1ee7a <em>St.Michael Eppan Sanct Valentin Sauvignon<\/em><\/i><\/b><\/strong><\/p>\n<p>Tr\u01b0\u01a1\u0309ng tha\u0300nh t\u01b0\u0300 vu\u0300ng \u0111\u00e2\u0301t S\u00fcdtirol \u2013 Alto Adige huy\u00ea\u0300n thoa\u0323i, chai r\u01b0\u01a1\u0323u vang mang \u0111\u00ea\u0301n cho ng\u01b0\u01a1\u0300i du\u0300ng nh\u01b0\u0303ng ca\u0309m nh\u00e2\u0323n tro\u0323n ve\u0323n \u0111\u00e2\u0300y tinh t\u00ea\u0301. S\u01a1\u0309 di\u0303 r\u01b0\u01a1\u0323u co\u0301 \u0111\u01b0\u01a1\u0323c h\u01b0\u01a1ng vi\u0323 tro\u0300n tri\u0323a va\u0300 \u0111\u00e2\u0300m \u0111a\u0300 \u0111\u00ea\u0301n nh\u01b0 th\u00ea\u0301 la\u0300 b\u01a1\u0309i vi\u0300 chu\u0301ng k\u00ea\u0301 th\u01b0\u0300a \u0111\u01b0\u01a1\u0323c nh\u01b0\u0303ng ne\u0301t \u0111\u0103\u0323c tr\u01b0ng r\u00e2\u0301t ri\u00eang t\u01b0\u0300 vu\u0300ng sa\u0309n xu\u00e2\u0301t r\u01b0\u01a1\u0323u vang. Va\u0300 h\u01a1n bao gi\u01a1\u0300 h\u00ea\u0301t nh\u01a1\u0300 s\u01b0\u0323 go\u0301p m\u0103\u0323t cu\u0309a h\u01b0\u01a1ng vi\u0323 nhi\u00ea\u0300u tra\u0301i c\u00e2y kha\u0301c nhau \u0111a\u0303 la\u0300m n\u00ean ti\u0301nh ca\u0301ch r\u01b0\u01a1\u0323u mu\u00f4n s\u0103\u0301c mu\u00f4n ma\u0300u.<\/p>\n<p>\u0110\u01b0\u01a1\u0323c tr\u01b0\u01a1\u0309ng tha\u0300nh t\u01b0\u0300 100% gi\u00f4\u0301ng nho Sauvignon Blanc, vang mang \u0111\u00ea\u0301n h\u01b0\u01a1ng vi\u0323 phong phu\u0301 va\u0300 ngo\u0323t nga\u0300o t\u01b0\u0300 nho. Ngoa\u0300i ra khi th\u01b0\u01a1\u0309ng th\u01b0\u0301c r\u01b0\u01a1\u0323u vang ba\u0323n co\u0300n ca\u0309m nh\u00e2\u0323n \u0111\u01b0\u01a1\u0323c h\u01b0\u01a1ng vi\u0323 cu\u0309a nh\u01b0\u0303ng tra\u0301i c\u00e2y mu\u0300a he\u0300 \u0111\u00e2\u0300y t\u01b0\u01a1i m\u01a1\u0301i nh\u01b0 h\u01b0\u01a1ng th\u01a1m cu\u0309a ta\u0301o, xoa\u0300i, d\u01b0\u0301a hay cam, quy\u0301t va\u0300 b\u01b0\u01a1\u0309i ca\u0301c loa\u0323i\u2026<\/p>\n<p>C\u00e2\u0300n co\u0301 ca\u0301ch th\u01b0\u01a1\u0309ng th\u01b0\u0301c r\u01b0\u01a1\u0323u vang ri\u00eang \u0111\u00ea\u0309 cho r\u01b0\u01a1\u0323u co\u0301 th\u00ea\u0309 pha\u0301t huy \u0111\u01b0\u01a1\u0323c m\u00f4\u0323t ca\u0301ch t\u00f4\u0301i \u0111a h\u01b0\u01a1ng vi\u0323 co\u0301 trong r\u01b0\u01a1\u0323u. \u01a0\u0309 chai vang tr\u0103\u0301ng na\u0300y chu\u0301ng se\u0303 t\u01b0\u01a1i ma\u0301t h\u01a1n, \u0111\u0103\u0309ng c\u00e2\u0301p h\u01a1n va\u0300 hoa\u0300n ha\u0309o h\u01a1n khi ba\u0323n th\u01b0\u01a1\u0309ng th\u01b0\u0301c r\u01b0\u01a1\u0323u da\u0300nh cho nh\u01b0\u0303ng b\u01b0\u0303a ti\u00ea\u0323c ha\u0309i sa\u0309n co\u0301 \u0111\u00f4ng ng\u01b0\u01a1\u0300i tham d\u01b0\u0323 hay nh\u01b0\u0303ng mo\u0301n \u0103n \u0111\u01b0\u01a1\u0323c ch\u00ea\u0301 bi\u00ea\u0301n t\u01b0\u0300 ca\u0301 n\u01b0\u01a1\u0301ng, thi\u0323t tr\u0103\u0301ng hay ha\u0309i sa\u0309n ca\u0301c loa\u0323i\u2026<\/p>\n<p><strong>Th\u01b0\u1edfng th\u1ee9c R\u01b0\u1ee3u vang <b><i><em>St.Michael Eppan Sanct Valentin Sauvignon<\/em><\/i><\/b><\/strong><\/p>\n<div class=\"description-block\">\n<p><strong><span class=\"title\">M\u00e0u s\u1eafc: <\/span><\/strong><span class=\"title\">R\u01b0\u1ee3u m\u00e0u v\u00e0ng \u00e1nh xanh t\u01b0\u01a1i tr\u1ebb, s\u00e1nh quy\u1ec7n th\u1ec3 hi\u1ec7n h\u01b0\u01a1ng v\u1ecb r\u01b0\u1ee3u \u0111\u1eadm \u0111\u00e0.<\/span><\/p>\n<\/div>\n<div class=\"description-block\">\n<p><strong><span class=\"title\">N\u1ebfm th\u1eed: <\/span><\/strong><span class=\"title\">V\u1ecb r\u01b0\u1ee3u \u0111\u1eadm \u0111\u00e0, v\u1ecb chua s\u1eafc n\u00e9t v\u1edbi d\u01b0 v\u1ecb kho\u00e1ng ch\u1ea5t \u0111\u1ed9c \u0111\u00e1o.<\/span><\/p>\n<\/div>\n<div class=\"description-block\">\n<p><strong><span class=\"title\">H\u01b0\u01a1ng th\u01a1m: <\/span><\/strong><span class=\"title\">H\u01b0\u01a1ng th\u01a1m c\u1ee7a m\u1eadt ong, \u0111\u00e1 l\u1eeda, thu\u1ed1c l\u00e1, ho\u00e0 quy\u1ec7n v\u1edbi h\u01b0\u01a1ng tr\u00e1i c\u00e2y nh\u01b0 m\u01a1, l\u00ea, chanh b\u01b0\u1edfi, v\u00e0 hoa t\u00e1o gai tr\u1eafng.<\/span><\/p>\n<\/div>\n<div class=\"description-block\">\n<p><strong>K\u1ebft h\u1ee3p v\u1edbi \u0111\u1ed3 \u0103n:<\/strong>\u00a0Ph\u00f9 h\u1ee3p \u0111\u1ec3 khai v\u1ecb ho\u1eb7c th\u01b0\u1edfng th\u1ee9c c\u00f9ng c\u00e1c m\u00f3n c\u00e1, h\u1ea3i s\u1ea3n\u2026<\/p>\n<p><strong>Ph\u1ee5c v\u1ee5:<\/strong>\u00a0Ngon h\u01a1n khi \u0111\u1ec3 l\u1ea1nh \u1edf nhi\u1ec7t \u0111\u1ed9 t\u1eeb 6 \u0111\u1ebfn 8 \u0111\u1ed9 C.<\/p>\n<\/div>\n","protected":false},"excerpt":{"rendered":"<p><strong>Th\u00f4ng tin v\u1ec1 R\u01b0\u1ee3u Vang St.Michael Eppan Sanct Valentin Sauvignon<\/strong><\/p>\n<p><strong>Xu\u1ea5t X\u1ee9:<\/strong> Italy<\/p>\n<p><strong>Th\u01b0\u01a1ng Hi\u1ec7u: <\/strong>St.Michael Eppan<\/p>\n<p><strong>V\u00f9ng L\u00e0m Vang<\/strong>: \u00a0S\u00fcdtirol \u2013 Alto Adige<\/p>\n<p><strong>Lo\u1ea1i Vang: <\/strong>R\u01b0\u01a1\u0323u Vang Tr\u0103\u0301ng<\/p>\n<p><strong>Gi\u1ed1ng Nho: <\/strong>100\u00a0%\u00a0Sauvignon Blanc<\/p>\n<p><strong>N\u1ed3ng \u0110\u1ed9: <\/strong>14 %<\/p>\n<p><strong>Dung T\u00edch: <\/strong>750 ML<\/p>\n<p><strong>M\u00e0u S\u1eafc:\u00a0<\/strong>Va\u0300ng r\u01a1m<\/p>\n<p><strong>Nhi\u1ec7t \u0110\u1ed9 Ph\u1ee5c V\u1ee5: <\/strong>Vang s\u1ebd ngon nh\u1ea5t khi \u1edf nhi\u1ec7t \u0111\u00f4\u0323 6-8 \u0111\u00f4\u0323 C.<\/p>\n","protected":false},"featured_media":3981,"comment_status":"closed","ping_status":"closed","template":"","meta":[],"product_cat":[202,169,204,88,205,104,223],"product_tag":[],"_links":{"self":[{"href":"https:\/\/demo8.thuythu.com\/archangelsvn\/wp-json\/wp\/v2\/product\/3980"}],"collection":[{"href":"https:\/\/demo8.thuythu.com\/archangelsvn\/wp-json\/wp\/v2\/product"}],"about":[{"href":"https:\/\/demo8.thuythu.com\/archangelsvn\/wp-json\/wp\/v2\/types\/product"}],"replies":[{"embeddable":true,"href":"https:\/\/demo8.thuythu.com\/archangelsvn\/wp-json\/wp\/v2\/comments?post=3980"}],"wp:featuredmedia":[{"embeddable":true,"href":"https:\/\/demo8.thuythu.com\/archangelsvn\/wp-json\/wp\/v2\/media\/3981"}],"wp:attachment":[{"href":"https:\/\/demo8.thuythu.com\/archangelsvn\/wp-json\/wp\/v2\/media?parent=3980"}],"wp:term":[{"taxonomy":"product_cat","embeddable":true,"href":"https:\/\/demo8.thuythu.com\/archangelsvn\/wp-json\/wp\/v2\/product_cat?post=3980"},{"taxonomy":"product_tag","embeddable":true,"href":"https:\/\/demo8.thuythu.com\/archangelsvn\/wp-json\/wp\/v2\/product_tag?post=3980"}],"curies":[{"name":"wp","href":"https:\/\/api.w.org\/{rel}","templated":true}]}}