{"id":4014,"date":"2022-08-17T11:49:31","date_gmt":"2022-08-17T11:49:31","guid":{"rendered":"https:\/\/demo8.thuythu.com\/archangelsvn\/?post_type=product&#038;p=4014"},"modified":"2022-08-17T11:50:22","modified_gmt":"2022-08-17T11:50:22","slug":"luna-rosso-dolce-1855","status":"publish","type":"product","link":"https:\/\/demo8.thuythu.com\/archangelsvn\/san-pham\/luna-rosso-dolce-1855\/","title":{"rendered":"Luna Rosso Dolce 1855"},"content":{"rendered":"<p>Vang \u00fd ng\u1ecdt Luna Rosso Dolce 1855 l\u00e0 lo\u1ea1i r\u01b0\u1ee3u vang mang h\u01b0\u01a1ng v\u1ecb \u00eam d\u1ecbu \u0111\u1eadm \u0111\u00e0, n\u1ed5i b\u1eadt v\u1edbi h\u01b0\u01a1ng th\u01a1m c\u1ee7a nho ch\u00edn ng\u1ecdt ng\u00e0o h\u00f2a quy\u1ec7n c\u00f9ng h\u01b0\u01a1ng d\u00e2u \u0111\u1ea5t t\u01b0\u01a1i m\u00e1t \u0111\u00e3 l\u00e0m say \u0111\u1eafm bi\u1ebft bao t\u00e2m h\u1ed3n ng\u01b0\u1eddi th\u01b0\u1edfng th\u1ee9c.<\/p>\n<p>Vang c\u00f3 n\u1ed3ng \u0111\u1ed9 r\u01b0\u1ee3u ch\u1ec9 \u1edf m\u1ee9c trung b\u00ecnh kho\u1ea3ng 12.5%, \u0111\u1ee7 \u0111\u1ec3 nh\u1eb9 nh\u00e0ng l\u00e0m say \u0111\u1eafm ph\u00e1i n\u1eef khi th\u01b0\u1edfng th\u1ee9c, r\u1ea5t th\u00edch h\u1ee3p cho nh\u1eefng ng\u01b0\u1eddi y\u00eau th\u00edch \u0111\u1ed9 ng\u1ecdt v\u1eeba ph\u1ea3i.<\/p>\n<p><b>H\u01b0\u01a1ng v\u1ecb vang \u00fd ng\u1ecdt Luna Rosso Dolce 1855<\/b><\/p>\n<p>Vang \u00dd ng\u1ecdt Luna Rosso Dolce 1855 mang h\u01b0\u01a1ng v\u1ecb c\u1ee7a qu\u1ea3 nho ch\u00edn m\u1ecdng, ph\u1ea3ng ph\u1ea5t h\u01b0\u01a1ng ti\u00eau xanh k\u1ebft h\u1ee3p v\u1edbi h\u1ed3ng l\u1ef1u c\u00f9ng hoa qu\u1ea3 ch\u00edn.<\/p>\n<p>Khi r\u00f3t Vang \u00dd ng\u1ecdt Luna Rosso Dolce 1855, \u1ea5n t\u01b0\u1ee3ng \u0111\u1ea7u ti\u00ean l\u00e0 m\u00e0u \u0111\u1ecf t\u00edm qu\u00fd ph\u00e1i \u0111\u1eb7c tr\u01b0ng, m\u00f9i h\u01b0\u01a1ng ph\u1ee9c h\u1ee3p v\u00f4 c\u00f9ng h\u00e0i h\u00f2a v\u00e0 c\u00f3 \u0111i\u1ec3m nh\u1ea5n m\u1ea1nh v\u1edbi h\u01b0\u01a1ng th\u01a1m vani, m\u00f9i sim t\u00edm, m\u1ee9t qu\u1ea3 \u0111en v\u00e0 m\u00f9i m\u1eadn ch\u00edn \u0111\u1eb7c tr\u01b0ng.<\/p>\n<p>Khi n\u1ebfm th\u1eed, Vang \u00dd ng\u1ecdt Luna Rosso Dolce 1855 s\u1ebd \u0111em l\u1ea1i s\u1ef1 \u0111\u1ea7y \u0111\u1eb7n tr\u00f2n v\u1ecb trong khoang mi\u1ec7ng. Vang \u00dd ng\u1ecdt Luna Rosso Dolce 1855\u00a0 mang h\u01b0\u01a1ng v\u1ecb h\u00e0i h\u00f2a gi\u00e0u tannin, \u0111\u00e2u \u0111\u00f3 m\u1ed9t ch\u00fat b\u00e9o ng\u1eady b\u1edfi h\u01b0\u01a1ng kem b\u01a1 tinh t\u1ebf tr\u1ed9n l\u1eabn c\u00f9ng v\u1edbi v\u1ecb cacao n\u1ed3ng v\u00e0 m\u00f9i tuy\u1ebft t\u00f9ng quy\u1ebfn luy\u1ebfn.<\/p>\n<p>Vang nh\u1eb9 nh\u00e0ng lan t\u1ecfa trong to\u00e0n khoang mi\u1ec7ng v\u1edbi c\u1ea3m gi\u00e1c m\u1ec1m m\u01b0\u1ee3t, k\u1ebft th\u00fac d\u1ec5 ch\u1ecbu v\u1edbi h\u1eadu v\u1ecb ng\u1ecdt ng\u00e0o tinh t\u1ebf.<\/p>\n<p>M\u00f9i h\u01b0\u01a1ng l\u00e0 s\u1ef1 ph\u1ee9c h\u1ee3p c\u1ee7a h\u01b0\u01a1ng vani, m\u00f9i m\u1eadn ch\u00edn, sim t\u00edm, m\u1ee9t qu\u1ea3 \u0111en. H\u01b0\u01a1ng v\u1ecb r\u01b0\u1ee3u kh\u00e1 tr\u00e0n \u0111\u1ea7y trong khoang mi\u1ec7ng. Tr\u00f2n v\u1ecb, m\u1ec1m m\u1ea1i v\u00e0 h\u00e0i h\u00f2a gi\u00e0u tanin v\u00e0 b\u00e9o ng\u1eady v\u1edbi h\u01b0\u01a1ng kem b\u01a1 tinh t\u1ebf xen l\u1eabn v\u1ecb cacao n\u1ed3ng n\u00e0n, m\u00f9i tuy\u1ebft t\u00f9ng quy\u1ebfn r\u0169. R\u01b0\u1ee3u lan t\u1ecfa trong khoang mi\u1ec7ng h\u01b0\u01a1ng v\u1ecb m\u01b0\u1ee3t m\u00e0 d\u1ec5 ch\u1ecbu v\u1edbi k\u1ebft th\u00fac ng\u1ecdt ng\u00e0o v\u00e0 tinh t\u1ebf.<\/p>\n","protected":false},"excerpt":{"rendered":"<p><span style=\"color: #000000;\"><strong>Lo\u1ea1i vang :\u00a0 \u00a0 \u00a0 \u00a0 \u00a0 \u00a0 \u00a0 \u00a0 \u00a0 \u00a0 \u00a0 \u00a0 \u00a0\u00a0\u00a0\u00a0\u00a0\u00a0Vang \u00dd ng\u1ecdt<\/strong><\/span><\/p>\n<p><span style=\"color: #000000;\"><strong>Xu\u1ea5t x\u1ee9 :\u00a0 \u00a0 \u00a0 \u00a0 \u00a0 \u00a0 \u00a0 \u00a0 \u00a0 \u00a0 \u00a0 \u00a0 \u00a0 \u00a0\u00a0\u00a0\u00a0 \u00a0\u00a0\u00dd<\/strong><\/span><\/p>\n<p><span style=\"color: #000000;\"><strong>Dung t\u00edch :\u00a0 \u00a0 \u00a0 \u00a0 \u00a0 \u00a0 \u00a0 \u00a0 \u00a0 \u00a0 \u00a0 \u00a0 \u00a0\u00a0\u00a0\u00a0 \u00a0750ml<\/strong><\/span><\/p>\n<p><span style=\"color: #000000;\"><strong>N\u1ed3ng \u0111\u1ed9 :\u00a0 \u00a0 \u00a0 \u00a0 \u00a0 \u00a0 \u00a0 \u00a0 \u00a0 \u00a0 \u00a0 \u00a0 \u00a0 \u00a0 \u00a0\u00a0\u00a0\u00a0\u00a012.5%<\/strong><\/span><\/p>\n<p><span style=\"color: #000000;\"><strong>Nhi\u1ec7t \u0111\u1ed9 u\u1ed1ng l\u00fd t\u01b0\u1edfng :\u00a0 \u00a0\u00a0\u00a0\u00a0\u00a0\u00a015 &#8211; 18<sup>o<\/sup>C<\/strong><\/span><\/p>\n<p><span style=\"color: #000000;\"><strong>M\u00f3n \u0103n k\u00e8m :\u00a0 \u00a0 \u00a0 \u00a0 \u00a0 \u00a0 \u00a0 \u00a0 \u00a0 \u00a0 \u00a0 \u00a0 \u00a0 \u00a0Th\u1ecbt h\u01b0\u01a1u, Th\u1ecbt nai, Steak,..<\/strong><\/span><\/p>\n","protected":false},"featured_media":4015,"comment_status":"closed","ping_status":"closed","template":"","meta":[],"product_cat":[210,211,245,108,102,267,327],"product_tag":[],"_links":{"self":[{"href":"https:\/\/demo8.thuythu.com\/archangelsvn\/wp-json\/wp\/v2\/product\/4014"}],"collection":[{"href":"https:\/\/demo8.thuythu.com\/archangelsvn\/wp-json\/wp\/v2\/product"}],"about":[{"href":"https:\/\/demo8.thuythu.com\/archangelsvn\/wp-json\/wp\/v2\/types\/product"}],"replies":[{"embeddable":true,"href":"https:\/\/demo8.thuythu.com\/archangelsvn\/wp-json\/wp\/v2\/comments?post=4014"}],"wp:featuredmedia":[{"embeddable":true,"href":"https:\/\/demo8.thuythu.com\/archangelsvn\/wp-json\/wp\/v2\/media\/4015"}],"wp:attachment":[{"href":"https:\/\/demo8.thuythu.com\/archangelsvn\/wp-json\/wp\/v2\/media?parent=4014"}],"wp:term":[{"taxonomy":"product_cat","embeddable":true,"href":"https:\/\/demo8.thuythu.com\/archangelsvn\/wp-json\/wp\/v2\/product_cat?post=4014"},{"taxonomy":"product_tag","embeddable":true,"href":"https:\/\/demo8.thuythu.com\/archangelsvn\/wp-json\/wp\/v2\/product_tag?post=4014"}],"curies":[{"name":"wp","href":"https:\/\/api.w.org\/{rel}","templated":true}]}}