{"id":20504,"date":"2023-10-11T10:42:33","date_gmt":"2023-10-11T03:42:33","guid":{"rendered":"https:\/\/demo8.thuythu.com\/avsd\/?post_type=product&#038;p=20504"},"modified":"2023-11-06T22:05:21","modified_gmt":"2023-11-06T15:05:21","slug":"bo-cap-nguon-plixus-ps","status":"publish","type":"product","link":"https:\/\/demo8.thuythu.com\/avsd\/san-pham\/bo-cap-nguon-plixus-ps\/","title":{"rendered":"B\u1ed9 c\u1ea5p ngu\u1ed3n Plixus PS"},"content":{"rendered":"<h2><span style=\"color: #ff6600;\">Th\u00f4ng tin chi ti\u1ebft\u00a0<\/span><\/h2>\n<ul>\n<li>C\u00f4ng t\u1eafc \u0111i\u1ec1u khi\u1ec3n b\u1eadt\/ t\u1eaft \u0111\u01b0\u1ee3c t\u00edch h\u1ee3p \u0111\u00e8n b\u00e1o.<\/li>\n<li>\u0110\u00e8n LED 48V<\/li>\n<li>C\u00f4ng su\u1ea5t \u0111\u1ea7u ra TTL \u0111\u01b0\u1ee3c cung c\u1ea5p tr\u00ean \u0111\u1ea7u n\u1ed1i ph\u1ee5 D9.<\/li>\n<li>C\u00f3 c\u1ea7u ch\u00ec b\u1ea3o v\u1ec7 thi\u1ebft b\u1ecb khi qu\u00e1 t\u1ea3i, ng\u1eafn m\u1ea1ch.<\/li>\n<\/ul>\n","protected":false},"excerpt":{"rendered":"<ul>\n<li>C\u00f4ng t\u1eafc \u0111i\u1ec1u khi\u1ec3n b\u1eadt\/ t\u1eaft \u0111\u01b0\u1ee3c t\u00edch h\u1ee3p\u00a0\u0111\u00e8n\u00a0b\u00e1o.<\/li>\n<li>\u0110\u00e8n LED 48V.<\/li>\n<\/ul>\n","protected":false},"featured_media":20501,"comment_status":"open","ping_status":"closed","template":"","meta":[],"product_cat":[15],"product_tag":[594,595,596,3322,3323,3324,587,592,593],"acf":[],"lang":"vi","translations":{"vi":20504,"en":20787},"pll_sync_post":[],"_links":{"self":[{"href":"https:\/\/demo8.thuythu.com\/avsd\/wp-json\/wp\/v2\/product\/20504"}],"collection":[{"href":"https:\/\/demo8.thuythu.com\/avsd\/wp-json\/wp\/v2\/product"}],"about":[{"href":"https:\/\/demo8.thuythu.com\/avsd\/wp-json\/wp\/v2\/types\/product"}],"replies":[{"embeddable":true,"href":"https:\/\/demo8.thuythu.com\/avsd\/wp-json\/wp\/v2\/comments?post=20504"}],"wp:featuredmedia":[{"embeddable":true,"href":"https:\/\/demo8.thuythu.com\/avsd\/wp-json\/wp\/v2\/media\/20501"}],"wp:attachment":[{"href":"https:\/\/demo8.thuythu.com\/avsd\/wp-json\/wp\/v2\/media?parent=20504"}],"wp:term":[{"taxonomy":"product_cat","embeddable":true,"href":"https:\/\/demo8.thuythu.com\/avsd\/wp-json\/wp\/v2\/product_cat?post=20504"},{"taxonomy":"product_tag","embeddable":true,"href":"https:\/\/demo8.thuythu.com\/avsd\/wp-json\/wp\/v2\/product_tag?post=20504"}],"curies":[{"name":"wp","href":"https:\/\/api.w.org\/{rel}","templated":true}]}}