{"id":20506,"date":"2023-10-11T10:55:55","date_gmt":"2023-10-11T03:55:55","guid":{"rendered":"https:\/\/demo8.thuythu.com\/avsd\/?post_type=product&#038;p=20506"},"modified":"2023-11-02T03:50:45","modified_gmt":"2023-11-01T20:50:45","slug":"bo-dieu-khien-trung-tam-kts-da-phuong-tien-plixus-mme","status":"publish","type":"product","link":"https:\/\/demo8.thuythu.com\/avsd\/san-pham\/bo-dieu-khien-trung-tam-kts-da-phuong-tien-plixus-mme\/","title":{"rendered":"B\u1ed9 \u0111i\u1ec1u khi\u1ec3n trung t\u00e2m KTS \u0111a ph\u01b0\u01a1ng ti\u1ec7n Plixus MME"},"content":{"rendered":"<h2><span style=\"color: #000000;\"><span style=\"color: #ff6600;\">Th\u00f4ng tin chi ti\u1ebft<\/span><\/span><\/h2>\n<ul>\n<li>K\u1ebft n\u1ed1i m\u1ea1ng h\u1ed9i ngh\u1ecb \u0111\u1ed9c l\u1eadp \u0111\u1ec3 truy\u1ec1n t\u1ea3i \u00e2m thanh, video v\u00e0 d\u1eef li\u1ec7u.<\/li>\n<li>Ph\u00e2n ph\u1ed1i video HD c\u00f3 \u0111\u1ed9 tr\u1ec5 th\u1ea5p (\u0111\u1ed9 tr\u1ec5 truy\u1ec1n t\u1ea3i \u00edt h\u01a1n 1 khung h\u00ecnh).<\/li>\n<li>Hai thi\u1ebft b\u1ecb h\u1ed9i ngh\u1ecb \u0111\u01b0\u1ee3c k\u1ebft n\u1ed1i v\u01a1i nhau b\u1eb1ng c\u00e1p Cat 5e, t\u1ed1i \u0111a 80m.<\/li>\n<li>K\u1ebft n\u1ed1i v\u00f2ng v\u1edbi t\u1ed5ng chi\u1ec1u d\u00e0i c\u00e1p t\u1ed1i \u0111a l\u00e0 400m.<\/li>\n<li>H\u1ed7 tr\u1ee3 k\u1ebft n\u1ed1i chu\u1ed7i v\u00e0 v\u00f2ng.<\/li>\n<li>Kh\u00f4ng c\u1ea7n m\u00e1y t\u00ednh \u0111\u1ec3 v\u1eadn h\u00e0nh c\u00e1c ch\u1ee9c n\u0103ng c\u01a1 b\u1ea3n.<\/li>\n<li>Ch\u1ee9c n\u0103ng HOT SWAP (th\u00e1o g\u1ee1 v\u00e0 thay th\u1ebf c\u00e1c b\u1ed9 ph\u1eadn trong khi h\u1ec7 th\u1ed1ng v\u1eabn \u0111ang ch\u1ea1y) \u0111ang ch\u1edd c\u1ea5p b\u1eb1ng s\u00e1ng ch\u1ebf.<\/li>\n<li>Sau khi thay th\u1ebf thi\u1ebft b\u1ecb b\u1ecb l\u1ed7i, thi\u1ebft b\u1ecb m\u1edbi s\u1ebd t\u1ef1 \u0111\u1ed9ng \u0111\u1ecbnh d\u1ea1ng c\u1ea5u h\u00ecnh nh\u01b0 thi\u1ebft b\u1ecb c\u0169.<\/li>\n<li>T\u00edch h\u1ee3p ngu\u1ed3n \u0111i\u1ec7n 400W v\u1edbi qu\u1ea1t gi\u00f3, ti\u1ebfng \u1ed3n th\u1ea5p.<\/li>\n<li>\u0110\u1ea7u n\u1ed1i ngu\u1ed3n \u0111i\u1ec7n b\u00ean ngo\u00e0i cho ph\u00e9p truy\u1ec1n \u0111\u1ed9ng thi\u1ebft b\u1ecb v\u1edbi ngu\u1ed3n \u0111i\u1ec7n ri\u00eang.<\/li>\n<li>B\u1ed9 x\u1eed l\u00fd \u0111\u1ed9ng t\u00edch h\u1ee3p v\u1edbi c\u00e1c ch\u1ee9c n\u0103ng ng\u01b0\u1ee1ng, c\u00f3 th\u1ec3 l\u1eadp tr\u00ecnh, tri\u1ec7t ti\u00eau v\u00e0 gi\u1ea3i ph\u00f3ng c\u1ed5ng nhi\u1ec5u, AGC.<\/li>\n<\/ul>\n<h1><\/h1>\n","protected":false},"excerpt":{"rendered":"<p>K\u1ebft n\u1ed1i m\u1ea1ng h\u1ed9i ngh\u1ecb \u0111\u1ed9c l\u1eadp \u0111\u1ec3 truy\u1ec1n t\u1ea3i \u00e2m thanh, video v\u00e0 d\u1eef li\u1ec7u.<\/p>\n<p>Ph\u00e2n ph\u1ed1i video HD c\u00f3 \u0111\u1ed9 tr\u1ec5 th\u1ea5p (\u0111\u1ed9 tr\u1ec5 truy\u1ec1n t\u1ea3i \u00edt h\u01a1n 1 khung h\u00ecnh).<\/p>\n","protected":false},"featured_media":20495,"comment_status":"open","ping_status":"closed","template":"","meta":[],"product_cat":[15],"product_tag":[587,592,593,594,595,596,3322,3323,3324],"acf":[],"lang":"vi","translations":{"vi":20506,"en":20785},"pll_sync_post":[],"_links":{"self":[{"href":"https:\/\/demo8.thuythu.com\/avsd\/wp-json\/wp\/v2\/product\/20506"}],"collection":[{"href":"https:\/\/demo8.thuythu.com\/avsd\/wp-json\/wp\/v2\/product"}],"about":[{"href":"https:\/\/demo8.thuythu.com\/avsd\/wp-json\/wp\/v2\/types\/product"}],"replies":[{"embeddable":true,"href":"https:\/\/demo8.thuythu.com\/avsd\/wp-json\/wp\/v2\/comments?post=20506"}],"wp:featuredmedia":[{"embeddable":true,"href":"https:\/\/demo8.thuythu.com\/avsd\/wp-json\/wp\/v2\/media\/20495"}],"wp:attachment":[{"href":"https:\/\/demo8.thuythu.com\/avsd\/wp-json\/wp\/v2\/media?parent=20506"}],"wp:term":[{"taxonomy":"product_cat","embeddable":true,"href":"https:\/\/demo8.thuythu.com\/avsd\/wp-json\/wp\/v2\/product_cat?post=20506"},{"taxonomy":"product_tag","embeddable":true,"href":"https:\/\/demo8.thuythu.com\/avsd\/wp-json\/wp\/v2\/product_tag?post=20506"}],"curies":[{"name":"wp","href":"https:\/\/api.w.org\/{rel}","templated":true}]}}