{"id":20509,"date":"2023-10-11T11:31:07","date_gmt":"2023-10-11T04:31:07","guid":{"rendered":"https:\/\/demo8.thuythu.com\/avsd\/?post_type=product&#038;p=20509"},"modified":"2023-11-06T22:07:00","modified_gmt":"2023-11-06T15:07:00","slug":"hop-chu-tich-televic-d-cerno-c-sl","status":"publish","type":"product","link":"https:\/\/demo8.thuythu.com\/avsd\/san-pham\/hop-chu-tich-televic-d-cerno-c-sl\/","title":{"rendered":"H\u1ed9p ch\u1ee7 t\u1ecbch Televic D-Cerno C SL"},"content":{"rendered":"<h2><span style=\"color: #ff6600;\">Th\u00f4ng tin chi ti\u1ebft\u00a0<\/span><\/h2>\n<p>D-Cerno C SL l\u00e0 h\u1ed9p Ch\u1ee7 t\u1ecbch th\u1ebf h\u1ec7 m\u1edbi v\u1edbi Micro c\u00f3 th\u1ec3 th\u00e1o r\u1eddi<\/p>\n<p><strong>Thi\u1ebft b\u1ecb mang nh\u1eefng \u0111\u1eb7c \u0111i\u1ec3m \u0111\u1ea7y \u1ea5n t\u01b0\u1ee3ng:<\/strong><\/p>\n<ul>\n<li>Thi\u1ebft k\u1ebf hi\u1ec7n \u0111\u1ea1i, ki\u1ec3u d\u00e1ng \u0111\u1eb9p v\u00e0 sang tr\u1ecdng<\/li>\n<li>H\u1ec7 th\u1ed1ng n\u00fat ng\u01b0\u1eddi d\u00f9ng r\u00f5 r\u00e0ng, thu\u1eadn ti\u1ec7n cho c\u00e1c thao t\u00e1c l\u1ef1a ch\u1ecdn<\/li>\n<li>\u0110\u1ea7u n\u1ed1i micr\u00f4 c\u00f3 th\u1ec3 th\u00e1o r\u1eddi: ng\u01b0\u1eddi d\u00f9ng c\u00f3 th\u1ec3 s\u1eed d\u1ee5ng c\u00e1c \u0111\u1ed9 d\u00e0i micr\u00f4 kh\u00e1c nhau (30, 40, 50, 70, Full Flex)<\/li>\n<li>V\u1eadn chuy\u1ec3n v\u00e0 l\u01b0u tr\u1eef d\u1ec5 d\u00e0ng nh\u1edd thi\u1ebft k\u1ebf nh\u1ecf g\u1ecdn<\/li>\n<li>V\u1ecf \u0111\u00e1y r\u1eafn t\u0103ng th\u00eam \u0111\u1ed9 \u1ed5n \u0111\u1ecbnh cho thi\u1ebft b\u1ecb<\/li>\n<\/ul>\n<p><strong>T\u00ednh n\u0103ng n\u1ed5i b\u1eadt:<\/strong><\/p>\n<ul>\n<li>X\u1eed l\u00fd t\u00edn hi\u1ec7u k\u1ef9 thu\u1eadt s\u1ed1<\/li>\n<li>Micr\u00f4 \u0111\u01b0\u1ee3c b\u1ea3o v\u1ec7, kh\u00f4ng b\u1ecb \u1ea3nh h\u01b0\u1edfng b\u1edfi s\u00f3ng \u0111i\u1ec7n tho\u1ea1i di \u0111\u1ed9ng<\/li>\n<li>Loa t\u00edch h\u1ee3p ch\u1ea5t l\u01b0\u1ee3ng cao<\/li>\n<li>C\u00f3 th\u1ec3 k\u1ebft n\u1ed1i v\u1edbi tai nghe v\u00e0 tr\u1ef1c ti\u1ebfp \u0111i\u1ec1u ch\u1ec9nh \u00e2m l\u01b0\u1ee3ng<\/li>\n<li>N\u00fat B\u1eadt\/T\u1eaft micr\u00f4<\/li>\n<li>\u0110\u00e8n b\u00e1o LED hai m\u00e0u (\u0111\u1ecf\/ xanh l\u00e1 c\u00e2y)<\/li>\n<li>N\u00fat \u01b0u ti\u00ean &amp; chuy\u1ec3n ng\u01b0\u1eddi ti\u1ebfp theo<\/li>\n<\/ul>\n<h1><\/h1>\n","protected":false},"excerpt":{"rendered":"<p>D-Cerno C SL l\u00e0 h\u1ed9p Ch\u1ee7 t\u1ecbch th\u1ebf h\u1ec7 m\u1edbi v\u1edbi Micro c\u00f3 th\u1ec3 th\u00e1o r\u1eddi<\/p>\n","protected":false},"featured_media":20497,"comment_status":"open","ping_status":"closed","template":"","meta":[],"product_cat":[15],"product_tag":[3324,587,592,593,594,595,596,3322,3323],"acf":[],"lang":"vi","translations":{"vi":20509,"en":20780},"pll_sync_post":[],"_links":{"self":[{"href":"https:\/\/demo8.thuythu.com\/avsd\/wp-json\/wp\/v2\/product\/20509"}],"collection":[{"href":"https:\/\/demo8.thuythu.com\/avsd\/wp-json\/wp\/v2\/product"}],"about":[{"href":"https:\/\/demo8.thuythu.com\/avsd\/wp-json\/wp\/v2\/types\/product"}],"replies":[{"embeddable":true,"href":"https:\/\/demo8.thuythu.com\/avsd\/wp-json\/wp\/v2\/comments?post=20509"}],"wp:featuredmedia":[{"embeddable":true,"href":"https:\/\/demo8.thuythu.com\/avsd\/wp-json\/wp\/v2\/media\/20497"}],"wp:attachment":[{"href":"https:\/\/demo8.thuythu.com\/avsd\/wp-json\/wp\/v2\/media?parent=20509"}],"wp:term":[{"taxonomy":"product_cat","embeddable":true,"href":"https:\/\/demo8.thuythu.com\/avsd\/wp-json\/wp\/v2\/product_cat?post=20509"},{"taxonomy":"product_tag","embeddable":true,"href":"https:\/\/demo8.thuythu.com\/avsd\/wp-json\/wp\/v2\/product_tag?post=20509"}],"curies":[{"name":"wp","href":"https:\/\/api.w.org\/{rel}","templated":true}]}}