{"id":20776,"date":"2023-10-11T14:29:38","date_gmt":"2023-10-11T07:29:38","guid":{"rendered":"https:\/\/demo8.thuythu.com\/avsd\/?post_type=product&#038;p=20540"},"modified":"2023-11-02T03:41:30","modified_gmt":"2023-11-01T20:41:30","slug":"bo-dieu-khien-trung-tam-kts-plixus-ae-r","status":"publish","type":"product","link":"https:\/\/demo8.thuythu.com\/avsd\/en\/product\/bo-dieu-khien-trung-tam-kts-plixus-ae-r\/","title":{"rendered":"B\u1ed9 \u0111i\u1ec1u khi\u1ec3n trung t\u00e2m KTS Plixus AE-R"},"content":{"rendered":"<h2><span style=\"color: #ff6600;\">Th\u00f4ng tin chi ti\u1ebft\u00a0<\/span><\/h2>\n<ul>\n<li>Ghi \u00e2m d\u1ec5 d\u00e0ng.<\/li>\n<li>Kh\u00f4ng c\u1ea7n m\u00e1y t\u00ednh \u0111\u1ec3 v\u1eadn h\u00e0nh c\u00e1c ch\u1ee9c n\u0103ng c\u01a1 b\u1ea3n.<\/li>\n<li>K\u1ebft n\u1ed1i li\u1ec1n m\u1ea1ch, nh\u1ecbp nh\u00e0ng gi\u1eefa c\u00e1c thi\u1ebft b\u1ecb c\u00f3 d\u00e2y v\u00e0 kh\u00f4ng d\u00e2y.<\/li>\n<li>M\u1edf r\u1ed9ng ph\u1ea1m vi k\u1ebft n\u1ed1i kh\u00f4ng d\u00e2y 802.1X (MD5, TLS, PEAP-MSCHAPv2), ch\u1ec9 d\u00e0nh cho c\u1ed5ng LAN.<\/li>\n<li>K\u1ebft h\u1ee3p c\u00f9ng c\u00e1c \u1ee9ng d\u1ee5ng \u0111\u01a1n kh\u00e1c\/ ph\u00f2ng h\u1ecdp kh\u00f4ng d\u00e2y.<\/li>\n<li>C\u1ed5ng USB v\u1edbi b\u1ed9 nh\u1edb dung l\u01b0\u1ee3ng l\u1edbn \u0111\u1ec3 ghi l\u1ea1i c\u00e1c cu\u1ed9c h\u1ecdp d\u00e0i (c\u00f3 th\u1ec3 l\u00ean \u0111\u1ebfn 500 GB).<\/li>\n<li>B\u1ed9 x\u1eed l\u00fd \u0111\u1ed9ng t\u00edch h\u1ee3p ch\u1ee9c n\u0103ng tri\u1ec7t ti\u00eau c\u00e1c c\u1ed5ng nhi\u1ec5u, AGC.<\/li>\n<li>H\u1ed7 tr\u1ee3 phi\u00ean d\u1ecbch m\u1eb7c \u0111\u1ecbnh l\u00e0 11 ng\u00f4n ng\u1eef + \u1ee9ng d\u1ee5ng Floor (c\u00f3 th\u1ec3 m\u1edf r\u1ed9ng l\u00ean 63).<\/li>\n<li>K\u1ebft n\u1ed1i m\u1ea1ng \u0111a k\u00eanh (t\u1ed1i \u0111a 64 k\u00eanh) th\u00f4ng qua Card Dante \u2122 71,98,2950.<\/li>\n<\/ul>\n","protected":false},"excerpt":{"rendered":"<p>Ghi \u00e2m d\u1ec5 d\u00e0ng. Kh\u00f4ng c\u1ea7n m\u00e1y t\u00ednh \u0111\u1ec3 v\u1eadn h\u00e0nh c\u00e1c ch\u1ee9c n\u0103ng c\u01a1 b\u1ea3n. K\u1ebft n\u1ed1i li\u1ec1n m\u1ea1ch, nh\u1ecbp nh\u00e0ng gi\u1eefa c\u00e1c thi\u1ebft b\u1ecb c\u00f3 d\u00e2y v\u00e0 kh\u00f4ng d\u00e2y.<\/p>\n","protected":false},"featured_media":20777,"comment_status":"open","ping_status":"closed","template":"","meta":[],"product_cat":[8460,8465,8467,8485,8442,2878],"product_tag":[],"acf":[],"lang":"en","translations":{"en":20776,"vi":20540},"pll_sync_post":[],"_links":{"self":[{"href":"https:\/\/demo8.thuythu.com\/avsd\/wp-json\/wp\/v2\/product\/20776"}],"collection":[{"href":"https:\/\/demo8.thuythu.com\/avsd\/wp-json\/wp\/v2\/product"}],"about":[{"href":"https:\/\/demo8.thuythu.com\/avsd\/wp-json\/wp\/v2\/types\/product"}],"replies":[{"embeddable":true,"href":"https:\/\/demo8.thuythu.com\/avsd\/wp-json\/wp\/v2\/comments?post=20776"}],"wp:featuredmedia":[{"embeddable":true,"href":"https:\/\/demo8.thuythu.com\/avsd\/wp-json\/wp\/v2\/media\/20777"}],"wp:attachment":[{"href":"https:\/\/demo8.thuythu.com\/avsd\/wp-json\/wp\/v2\/media?parent=20776"}],"wp:term":[{"taxonomy":"product_cat","embeddable":true,"href":"https:\/\/demo8.thuythu.com\/avsd\/wp-json\/wp\/v2\/product_cat?post=20776"},{"taxonomy":"product_tag","embeddable":true,"href":"https:\/\/demo8.thuythu.com\/avsd\/wp-json\/wp\/v2\/product_tag?post=20776"}],"curies":[{"name":"wp","href":"https:\/\/api.w.org\/{rel}","templated":true}]}}