{"id":20783,"date":"2023-10-11T11:09:48","date_gmt":"2023-10-11T04:09:48","guid":{"rendered":"https:\/\/demo8.thuythu.com\/avsd\/?post_type=product&#038;p=20507"},"modified":"2023-11-02T03:50:29","modified_gmt":"2023-11-01T20:50:29","slug":"bo-dieu-khien-trung-tam","status":"publish","type":"product","link":"https:\/\/demo8.thuythu.com\/avsd\/en\/product\/bo-dieu-khien-trung-tam\/","title":{"rendered":"B\u1ed9 \u0111i\u1ec1u khi\u1ec3n trung t\u00e2m"},"content":{"rendered":"<ul>\n<li><strong>D-Cerno CUR l\u00e0 B\u1ed9 \u0111i\u1ec1u khi\u1ec3n trung t\u00e2m k\u1ef9 thu\u1eadt s\u1ed1 c\u00f3 ch\u1ee9c n\u0103ng ghi \u00e2m v\u00e0 k\u1ebft n\u1ed1i m\u00e1y t\u00ednh, Smartphone<\/strong><\/li>\n<li><strong>Thi\u1ebft b\u1ecb c\u00f3 nh\u1eefng \u0111\u1eb7c \u0111i\u1ec3m n\u1ed5i b\u1eadt sau:<\/strong>\n<ul>\n<li>C\u00f4ng ngh\u1ec7 n\u00fat c\u1ea3m \u1ee9ng<\/li>\n<li>X\u1eed l\u00fd t\u00edn hi\u1ec7u k\u1ef9 thu\u1eadt s\u1ed1<\/li>\n<li>K\u00edch ho\u1ea1t b\u1eb1ng gi\u1ecdng n\u00f3i c\u00f3 th\u1ec3 l\u1ef1a ch\u1ecdn (VOX)<\/li>\n<li>C\u00f4ng ngh\u1ec7 d\u1ef1 ph\u00f2ng an to\u00e0n<\/li>\n<li>Gi\u1ea3m ph\u1ea3n h\u1ed3i \u00e2m k\u1ef9 thu\u1eadt s\u1ed1 m\u1eb7c \u0111\u1ecbnh<\/li>\n<li>D\u00e0nh cho h\u1ec7 th\u1ed1ng l\u00ean \u0111\u1ebfn 50 \u0111\u1ea1i bi\u1ec3u. C\u00f3 th\u1ec3 m\u1edf r\u1ed9ng h\u1ec7 th\u1ed1ng l\u00ean \u0111\u1ebfn 150 \u0111\u1ea1i bi\u1ec3u<\/li>\n<li>Menu v\u00e0 m\u00e0n h\u00ecnh LCD t\u00edch h\u1ee3p<\/li>\n<li>Cho ph\u00e9p ng\u01b0\u1eddi d\u00f9ng ki\u1ec3m so\u00e1t v\u00e0 c\u1ea5u h\u00ecnh h\u1ec7 th\u1ed1ng th\u00f4ng qua m\u00e1y ch\u1ee7 web t\u00edch h\u1ee3p<\/li>\n<li>Cho ph\u00e9p k\u1ebft n\u1ed1i 02 thi\u1ebft b\u1ecb l\u01b0u tr\u1eef USB cho ghi \u00e2m tr\u1ef1c ti\u1ebfp cu\u1ed9c h\u1ecdp<\/li>\n<\/ul>\n<\/li>\n<\/ul>\n","protected":false},"excerpt":{"rendered":"<p><span style=\"color: #000000;\"><strong>Tr\u00ecnh ghi d\u1eef li\u1ec7u kh\u00ed h\u1eadu chuy\u00ean nghi\u1ec7p Trotec DL200 \u0111\u1ec3 ghi d\u1eef li\u1ec7u kh\u00ed h\u1eadu d\u00e0i h\u1ea1n v\u1edbi giao di\u1ec7n USB v\u00e0 LAN, bao g\u1ed3m 16 MB ph\u1ea7n m\u1ec1m l\u01b0u tr\u1eef v\u00e0 \u0111\u00e1nh gi\u00e1 d\u1eef li\u1ec7u, v\u1edbi b\u1ed9 nh\u1edb l\u1edbn h\u01a1n cho 3.200.000 gi\u00e1 tr\u1ecb \u0111o v\u00e0 k\u1ebft n\u1ed1i c\u00e1c c\u1ef1c cho c\u00e1c \u0111i\u1ec7n c\u1ef1c \u0111i\u1ec7n tr\u1edf b\u00ean ngo\u00e0i trong D\u00f2ng MultiMeasure. L\u00e0 m\u1ed9t c\u00f4ng c\u1ee5 thu th\u1eadp d\u1eef li\u1ec7u t\u1ed1i \u01b0u cho m\u1ed9t lo\u1ea1t c\u00e1c nhi\u1ec7m v\u1ee5 gi\u00e1m s\u00e1t trong c\u00f4ng ngh\u1ec7 t\u1ef1 \u0111\u1ed9ng h\u00f3a, \u0111i\u1ec1u khi\u1ec3n v\u00e0 \u0111i\u1ec1u khi\u1ec3n.<\/strong><\/span><\/p>\n<ul>\n<li><span style=\"color: #000000;\"><strong>Thi\u1ebft b\u1ecb \u0111o ch\u1ea5t l\u01b0\u1ee3ng cao kh\u00f4ng c\u1ea7n b\u1ea3o tr\u00ec<\/strong><\/span><\/li>\n<li><span style=\"color: #000000;\"><strong>Ho\u00e0n h\u1ea3o \u0111\u1ec3 \u0111o trong m\u1ed9t th\u1eddi gian d\u00e0i<\/strong><\/span><\/li>\n<li><span style=\"color: #000000;\"><strong>L\u01b0u tr\u1eef cho t\u1ed1i \u0111a 3.200.000 gi\u00e1 tr\u1ecb \u0111o<\/strong><\/span><\/li>\n<li><span style=\"color: #000000;\"><strong>Ghi \u0111\u1ed3ng th\u1eddi l\u00ean \u0111\u1ebfn 20 k\u00eanh \u0111o ri\u00eang bi\u1ec7t<\/strong><\/span><\/li>\n<li><span style=\"color: #000000;\"><strong>Ch\u1ee9c n\u0103ng m\u1ea1ng<\/strong><\/span><\/li>\n<li><span style=\"color: #000000;\"><strong>Ti\u00eau th\u1ee5 n\u0103ng l\u01b0\u1ee3ng th\u1ea5p<\/strong><\/span><\/li>\n<li><span style=\"color: #000000;\"><strong>Cung c\u1ea5p n\u0103ng l\u01b0\u1ee3ng linh ho\u1ea1t qua pin ho\u1eb7c USB &#8211; ho\u1eb7c t\u00f9y ch\u1ecdn v\u1edbi PoE, c\u0169ng qua LAN<\/strong><\/span><\/li>\n<li><span style=\"color: #000000;\"><strong>Ch\u1ee9c n\u0103ng h\u1eb9n gi\u1edd, kho\u1ea3ng th\u1eddi gian \u0111o thay \u0111\u1ed5i, ch\u1ee9c n\u0103ng b\u00e1o \u0111\u1ed9ng cho t\u1eebng k\u00eanh \u0111o<\/strong><\/span><\/li>\n<li><span style=\"color: #000000;\"><strong>LCD ba h\u00e0ng \u0111\u1ec3 hi\u1ec3n th\u1ecb gi\u00e1 tr\u1ecb \u0111o.<\/strong><\/span><\/li>\n<\/ul>\n","protected":false},"featured_media":20502,"comment_status":"open","ping_status":"closed","template":"","meta":[],"product_cat":[8460,8465,8483,8467,8442,2878],"product_tag":[],"acf":[],"lang":"en","translations":{"en":20783,"vi":20507},"pll_sync_post":[],"_links":{"self":[{"href":"https:\/\/demo8.thuythu.com\/avsd\/wp-json\/wp\/v2\/product\/20783"}],"collection":[{"href":"https:\/\/demo8.thuythu.com\/avsd\/wp-json\/wp\/v2\/product"}],"about":[{"href":"https:\/\/demo8.thuythu.com\/avsd\/wp-json\/wp\/v2\/types\/product"}],"replies":[{"embeddable":true,"href":"https:\/\/demo8.thuythu.com\/avsd\/wp-json\/wp\/v2\/comments?post=20783"}],"wp:featuredmedia":[{"embeddable":true,"href":"https:\/\/demo8.thuythu.com\/avsd\/wp-json\/wp\/v2\/media\/20502"}],"wp:attachment":[{"href":"https:\/\/demo8.thuythu.com\/avsd\/wp-json\/wp\/v2\/media?parent=20783"}],"wp:term":[{"taxonomy":"product_cat","embeddable":true,"href":"https:\/\/demo8.thuythu.com\/avsd\/wp-json\/wp\/v2\/product_cat?post=20783"},{"taxonomy":"product_tag","embeddable":true,"href":"https:\/\/demo8.thuythu.com\/avsd\/wp-json\/wp\/v2\/product_tag?post=20783"}],"curies":[{"name":"wp","href":"https:\/\/api.w.org\/{rel}","templated":true}]}}