{"id":20991,"date":"2023-11-11T10:32:01","date_gmt":"2023-11-11T03:32:01","guid":{"rendered":"https:\/\/demo8.thuythu.com\/avsd\/?post_type=product&#038;p=20991"},"modified":"2023-11-13T14:10:50","modified_gmt":"2023-11-13T07:10:50","slug":"bo-mo-rong-plixus-next","status":"publish","type":"product","link":"https:\/\/demo8.thuythu.com\/avsd\/san-pham\/bo-mo-rong-plixus-next\/","title":{"rendered":"B\u1ed9 m\u1edf r\u1ed9ng m\u1ea1ng Plixus NEXT"},"content":{"rendered":"<h2><span style=\"color: #ff6600;\">Th\u00f4ng tin chi ti\u1ebft\u00a0<\/span><\/h2>\n<ul>\n<li>Cho ph\u00e9p m\u1edf r\u1ed9ng h\u1ec7 th\u1ed1ng, t\u0103ng s\u1ed1 l\u01b0\u1ee3ng thi\u1ebft b\u1ecb.<\/li>\n<li>K\u1ebft n\u1ed1i\u00a0d\u1ef1 ph\u00f2ng\u00a02 v\u00f2ng l\u1eb7p ch\u1ec9\u00a0v\u1edbi m\u1ed9t b\u1ed9 m\u1edf r\u1ed9ng.<\/li>\n<li>C\u00e1c thi\u1ebft b\u1ecb Plixus NEXT c\u00f3 th\u1ec3 \u0111\u01b0\u1ee3c li\u00ean k\u1ebft v\u1edbi nhau \u0111\u1ec3 t\u0103ng \u0111\u1ed9 m\u1edf r\u1ed9ng cho h\u1ec7 th\u1ed1ng.<\/li>\n<li>C\u00f4ng t\u1eafc DIP gi\u00fap\u00a0ki\u1ec3m so\u00e1t vi\u1ec7c c\u1ea5p ngu\u1ed3n cho c\u00e1c c\u1ed5ng. T\u1ed1i \u0111a 16 t\u1ed5 h\u1ee3p, nhi\u1ec1u c\u1ed5ng kh\u00e1c nhau nh\u01b0ng v\u1ea5n \u0111\u1ea3m b\u1ea3o\u00a0c\u1ea5u h\u00ecnh\u00a0linh ho\u1ea1t.<\/li>\n<li>Thi\u1ebft k\u1ebf m\u1edbi, c\u1ea3i ti\u1ebfn h\u01a1n: nh\u1eb9 h\u01a1n 40%, nh\u1ecf h\u01a1n 30% v\u00e0 s\u1eed d\u1ee5ng \u00edt \u0111i\u1ec7n n\u0103ng h\u01a1n 50%.<\/li>\n<\/ul>\n","protected":false},"excerpt":{"rendered":"<p><strong>D-Cerno F-CM<\/strong>\u00a0l\u00e0 H\u1ed9p Ch\u1ee7 t\u1ecbch\u00a0g\u1eafn \u00e2m b\u00e0n\u00a0d\u00e0nh cho c\u00e1c h\u1ec7 th\u1ed1ng h\u1ed9i th\u1ea3o\u00a0c\u01a1 b\u1ea3n. V\u1edbi thi\u1ebft k\u1ebf\u00a0trang nh\u00e3, thi\u1ebft b\u1ecb c\u00f3 th\u1ec3 t\u00edch h\u1ee3p v\u00e0o\u00a0b\u1ea5t k\u1ef3 n\u1ed9i th\u1ea5t ph\u00f2ng h\u1ecdp n\u00e0o \u0111\u00e3 l\u1eafp \u0111\u1eb7t h\u1ec7 th\u1ed1ng \u00e2m thanh (do b\u1ea3ng \u0111i\u1ec1u khi\u1ec3n c\u1ee7a\u00a0<strong>D-Cerno F-CM<\/strong>\u00a0kh\u00f4ng c\u00f3 loa).<\/p>\n","protected":false},"featured_media":20993,"comment_status":"open","ping_status":"closed","template":"","meta":[],"product_cat":[15,8617],"product_tag":[],"acf":[],"lang":"vi","translations":{"vi":20991},"pll_sync_post":[],"_links":{"self":[{"href":"https:\/\/demo8.thuythu.com\/avsd\/wp-json\/wp\/v2\/product\/20991"}],"collection":[{"href":"https:\/\/demo8.thuythu.com\/avsd\/wp-json\/wp\/v2\/product"}],"about":[{"href":"https:\/\/demo8.thuythu.com\/avsd\/wp-json\/wp\/v2\/types\/product"}],"replies":[{"embeddable":true,"href":"https:\/\/demo8.thuythu.com\/avsd\/wp-json\/wp\/v2\/comments?post=20991"}],"wp:featuredmedia":[{"embeddable":true,"href":"https:\/\/demo8.thuythu.com\/avsd\/wp-json\/wp\/v2\/media\/20993"}],"wp:attachment":[{"href":"https:\/\/demo8.thuythu.com\/avsd\/wp-json\/wp\/v2\/media?parent=20991"}],"wp:term":[{"taxonomy":"product_cat","embeddable":true,"href":"https:\/\/demo8.thuythu.com\/avsd\/wp-json\/wp\/v2\/product_cat?post=20991"},{"taxonomy":"product_tag","embeddable":true,"href":"https:\/\/demo8.thuythu.com\/avsd\/wp-json\/wp\/v2\/product_tag?post=20991"}],"curies":[{"name":"wp","href":"https:\/\/api.w.org\/{rel}","templated":true}]}}