{"id":21117,"date":"2023-11-11T16:43:40","date_gmt":"2023-11-11T09:43:40","guid":{"rendered":"https:\/\/demo8.thuythu.com\/avsd\/?post_type=product&#038;p=21117"},"modified":"2023-11-12T11:55:52","modified_gmt":"2023-11-12T04:55:52","slug":"thiet-bi-trung-tam-hoi-thao-khong-day","status":"publish","type":"product","link":"https:\/\/demo8.thuythu.com\/avsd\/san-pham\/thiet-bi-trung-tam-hoi-thao-khong-day\/","title":{"rendered":"Thi\u1ebft b\u1ecb trung t\u00e2m h\u1ed9i th\u1ea3o kh\u00f4ng d\u00e2y"},"content":{"rendered":"<h2><span style=\"color: #ff6600;\">Th\u00f4ng tin chi ti\u1ebft\u00a0<\/span><\/h2>\n<p>Thi\u1ebft b\u1ecb trung t\u00e2m h\u1ed9i th\u1ea3o kh\u00f4ng d\u00e2y <strong>Confidea FLEX G4<\/strong> l\u00e0 m\u1ed9t thi\u1ebft b\u1ecb nh\u1ecf g\u1ecdn nh\u01b0ng hi\u1ec7u su\u1ea5t m\u1ea1nh m\u1ebd, \u0111\u01b0\u1ee3c coi l\u00e0 tr\u00e1i tim c\u1ee7a h\u1ec7 th\u1ed1ng h\u1ed9i ngh\u1ecb kh\u00f4ng d\u00e2y. Thi\u1ebft b\u1ecb \u0111\u01b0\u1ee3c t\u00edch h\u1ee3p m\u1ed9t b\u1ed9 c\u00e1c c\u00f4ng c\u1ee5 \u0111\u1ec3 x\u00e1c \u0111\u1ecbnh c\u00e1ch s\u1eed d\u1ee5ng t\u1ed1i \u01b0u c\u00e1c k\u00eanh trong ph\u1ed5 RF, \u0111\u1ea3m b\u1ea3o k\u1ebft n\u1ed1i lu\u00f4n \u1ed5n \u0111\u1ecbnh, an to\u00e0n v\u1edbi c\u00e1c thi\u1ebft b\u1ecb h\u1ed9i ngh\u1ecb kh\u00f4ng d\u00e2y. Ph\u1ea7n m\u1ec1m d\u1ef1a tr\u00ean n\u1ec1n t\u1ea3ng web bao g\u1ed3m \u0111\u1ea7y \u0111\u1ee7 c\u00e1c h\u01b0\u1edbng d\u1eabn cho ng\u01b0\u1eddi d\u00f9ng c\u00e0i \u0111\u1eb7t v\u00e0 c\u1ea5u h\u00ecnh h\u1ec7 th\u1ed1ng. C\u00e1c t\u00ednh n\u0103ng n\u00e2ng cao cho cu\u1ed9c h\u1ecdp nh\u01b0 bi\u1ec3u quy\u1ebft, nh\u1eadn d\u1ea1ng \u0111\u1ea1i bi\u1ec3u c\u00f3 th\u1ec3 \u0111\u01b0\u1ee3c m\u1edf r\u1ed9ng b\u1eb1ng c\u00e1ch b\u1ed5 sung th\u00eam c\u00e1c b\u1ea3n quy\u1ec1n ph\u1ea7n m\u1ec1m. Thi\u1ebft b\u1ecb trung t\u00e2m h\u1ed9i th\u1ea3o kh\u00f4ng d\u00e2y c\u0169ng c\u00f3 nhi\u1ec1u t\u00f9y ch\u1ecdn k\u1ebft n\u1ed1i. Vi\u1ec7c c\u1ea5p ngu\u1ed3n cho ti\u1ebft b\u1ecb c\u00f3 th\u1ec3 \u0111\u01b0\u1ee3c th\u1ef1c hi\u1ec7n th\u00f4ng qua giao di\u1ec7n PoE+ ti\u00eau chu\u1ea9n ho\u1eb7c b\u1ed9 c\u1ea5p ngu\u1ed3n ngo\u00e0i ch\u00ednh h\u00e3ng Confidea PS G4. Thi\u1ebft b\u1ecb trung t\u00e2m h\u1ed9i th\u1ea3o kh\u00f4ng d\u00e2y c\u00f3 t\u00edch h\u1ee3p giao di\u1ec7n audio analog \u0111\u1ec3 s\u1eb5n s\u00e0ng k\u1ebft n\u1ed1i v\u1edbi c\u00e1c thi\u1ebft b\u1ecb c\u1ee7a h\u00e3ng th\u1ee9 ba \u0111\u1ec3 tr\u1edf th\u00e0nh m\u1ed9t h\u1ec7 th\u1ed1ng \u00e2m thanh ho\u00e0n ch\u1ec9nh.<\/p>\n","protected":false},"excerpt":{"rendered":"<p><strong>D-Cerno F-CM<\/strong>\u00a0l\u00e0 H\u1ed9p Ch\u1ee7 t\u1ecbch\u00a0g\u1eafn \u00e2m b\u00e0n\u00a0d\u00e0nh cho c\u00e1c h\u1ec7 th\u1ed1ng h\u1ed9i th\u1ea3o\u00a0c\u01a1 b\u1ea3n. V\u1edbi thi\u1ebft k\u1ebf\u00a0trang nh\u00e3, thi\u1ebft b\u1ecb c\u00f3 th\u1ec3 t\u00edch h\u1ee3p v\u00e0o\u00a0b\u1ea5t k\u1ef3 n\u1ed9i th\u1ea5t ph\u00f2ng h\u1ecdp n\u00e0o \u0111\u00e3 l\u1eafp \u0111\u1eb7t h\u1ec7 th\u1ed1ng \u00e2m thanh (do b\u1ea3ng \u0111i\u1ec1u khi\u1ec3n c\u1ee7a\u00a0<strong>D-Cerno F-CM<\/strong>\u00a0kh\u00f4ng c\u00f3 loa).<\/p>\n","protected":false},"featured_media":21118,"comment_status":"open","ping_status":"closed","template":"","meta":[],"product_cat":[15,8611,8619],"product_tag":[],"acf":[],"lang":"vi","translations":{"vi":21117},"pll_sync_post":[],"_links":{"self":[{"href":"https:\/\/demo8.thuythu.com\/avsd\/wp-json\/wp\/v2\/product\/21117"}],"collection":[{"href":"https:\/\/demo8.thuythu.com\/avsd\/wp-json\/wp\/v2\/product"}],"about":[{"href":"https:\/\/demo8.thuythu.com\/avsd\/wp-json\/wp\/v2\/types\/product"}],"replies":[{"embeddable":true,"href":"https:\/\/demo8.thuythu.com\/avsd\/wp-json\/wp\/v2\/comments?post=21117"}],"wp:featuredmedia":[{"embeddable":true,"href":"https:\/\/demo8.thuythu.com\/avsd\/wp-json\/wp\/v2\/media\/21118"}],"wp:attachment":[{"href":"https:\/\/demo8.thuythu.com\/avsd\/wp-json\/wp\/v2\/media?parent=21117"}],"wp:term":[{"taxonomy":"product_cat","embeddable":true,"href":"https:\/\/demo8.thuythu.com\/avsd\/wp-json\/wp\/v2\/product_cat?post=21117"},{"taxonomy":"product_tag","embeddable":true,"href":"https:\/\/demo8.thuythu.com\/avsd\/wp-json\/wp\/v2\/product_tag?post=21117"}],"curies":[{"name":"wp","href":"https:\/\/api.w.org\/{rel}","templated":true}]}}