{"id":21120,"date":"2023-11-12T10:01:18","date_gmt":"2023-11-12T03:01:18","guid":{"rendered":"https:\/\/demo8.thuythu.com\/avsd\/?post_type=product&#038;p=21120"},"modified":"2023-11-12T11:53:49","modified_gmt":"2023-11-12T04:53:49","slug":"thiet-bi-hoi-thao-khong-day-co-ban","status":"publish","type":"product","link":"https:\/\/demo8.thuythu.com\/avsd\/san-pham\/thiet-bi-hoi-thao-khong-day-co-ban\/","title":{"rendered":"Thi\u1ebft b\u1ecb h\u1ed9i th\u1ea3o kh\u00f4ng d\u00e2y c\u01a1 b\u1ea3n"},"content":{"rendered":"<h2><span style=\"color: #ff6600;\">Th\u00f4ng tin chi ti\u1ebft\u00a0<\/span><\/h2>\n<p><strong>Confidea GO G4<\/strong> l\u00e0 l\u1ef1a ch\u1ecdn ho\u00e0n h\u1ea3o \u0111\u1ed1i v\u1edbi ng\u01b0\u1eddi d\u00f9ng khi h\u1ecd c\u1ea7n \u0111\u1ea7u t\u01b0 m\u1ed9t h\u1ec7 th\u1ed1ng h\u1ed9i th\u1ea3o kh\u00f4ng d\u00e2y \u0111\u01a1n gi\u1ea3n nh\u01b0ng ti\u1ebft ki\u1ec7m chi ph\u00ed. \u0110\u00e2y l\u00e0 thi\u1ebft b\u1ecb h\u1ed9i th\u1ea3o kh\u00f4ng d\u00e2y kh\u00f4ng t\u00edch h\u1ee3p m\u00e0n h\u00ecnh, c\u00f3 h\u00ecnh th\u1ee9c gi\u1ed1ng h\u1ec7t nh\u01b0 thi\u1ebft b\u1ecb h\u1ed9i th\u1ea3o kh\u00f4ng d\u00e2y Confidea FLEX G4 (t\u00edch h\u1ee3p m\u00e0n h\u00ecnh ch\u1ea1m 5.2&#8243;). Thi\u1ebft b\u1ecb c\u00f3 th\u1ec3 \u0111\u01b0\u1ee3c c\u1ea5u h\u00ecnh th\u00e0nh h\u1ed9p \u0111\u1ea1i bi\u1ec3u cho ng\u01b0\u1eddi d\u00f9ng \u0111\u01a1n, cho 02 \u0111\u1ea1i bi\u1ec3u ho\u1eb7c cho ch\u1ee7 t\u1ecda. Thi\u1ebft b\u1ecb t\u00edch h\u1ee3p c\u00e1c t\u00ednh n\u0103ng c\u1ea5u h\u00ecnh v\u00e0 c\u00e0i \u0111\u1eb7t d\u1ec5 d\u00e0ng, c\u0169ng nh\u01b0 t\u00ednh n\u0103ng qu\u1ea3n l\u00fd pin th\u00f4ng minh.<\/p>\n","protected":false},"excerpt":{"rendered":"<p><strong>D-Cerno F-CM<\/strong>\u00a0l\u00e0 H\u1ed9p Ch\u1ee7 t\u1ecbch\u00a0g\u1eafn \u00e2m b\u00e0n\u00a0d\u00e0nh cho c\u00e1c h\u1ec7 th\u1ed1ng h\u1ed9i th\u1ea3o\u00a0c\u01a1 b\u1ea3n. V\u1edbi thi\u1ebft k\u1ebf\u00a0trang nh\u00e3, thi\u1ebft b\u1ecb c\u00f3 th\u1ec3 t\u00edch h\u1ee3p v\u00e0o\u00a0b\u1ea5t k\u1ef3 n\u1ed9i th\u1ea5t ph\u00f2ng h\u1ecdp n\u00e0o \u0111\u00e3 l\u1eafp \u0111\u1eb7t h\u1ec7 th\u1ed1ng \u00e2m thanh (do b\u1ea3ng \u0111i\u1ec1u khi\u1ec3n c\u1ee7a\u00a0<strong>D-Cerno F-CM<\/strong>\u00a0kh\u00f4ng c\u00f3 loa).<\/p>\n","protected":false},"featured_media":21122,"comment_status":"open","ping_status":"closed","template":"","meta":[],"product_cat":[15,8611,8619],"product_tag":[],"acf":[],"lang":"vi","translations":{"vi":21120},"pll_sync_post":[],"_links":{"self":[{"href":"https:\/\/demo8.thuythu.com\/avsd\/wp-json\/wp\/v2\/product\/21120"}],"collection":[{"href":"https:\/\/demo8.thuythu.com\/avsd\/wp-json\/wp\/v2\/product"}],"about":[{"href":"https:\/\/demo8.thuythu.com\/avsd\/wp-json\/wp\/v2\/types\/product"}],"replies":[{"embeddable":true,"href":"https:\/\/demo8.thuythu.com\/avsd\/wp-json\/wp\/v2\/comments?post=21120"}],"wp:featuredmedia":[{"embeddable":true,"href":"https:\/\/demo8.thuythu.com\/avsd\/wp-json\/wp\/v2\/media\/21122"}],"wp:attachment":[{"href":"https:\/\/demo8.thuythu.com\/avsd\/wp-json\/wp\/v2\/media?parent=21120"}],"wp:term":[{"taxonomy":"product_cat","embeddable":true,"href":"https:\/\/demo8.thuythu.com\/avsd\/wp-json\/wp\/v2\/product_cat?post=21120"},{"taxonomy":"product_tag","embeddable":true,"href":"https:\/\/demo8.thuythu.com\/avsd\/wp-json\/wp\/v2\/product_tag?post=21120"}],"curies":[{"name":"wp","href":"https:\/\/api.w.org\/{rel}","templated":true}]}}