{"id":21123,"date":"2023-11-12T10:25:35","date_gmt":"2023-11-12T03:25:35","guid":{"rendered":"https:\/\/demo8.thuythu.com\/avsd\/?post_type=product&#038;p=21123"},"modified":"2023-11-12T11:53:04","modified_gmt":"2023-11-12T04:53:04","slug":"thiet-bi-hoi-thao-khong-day-da-nang-tich-hop-man-hinh","status":"publish","type":"product","link":"https:\/\/demo8.thuythu.com\/avsd\/san-pham\/thiet-bi-hoi-thao-khong-day-da-nang-tich-hop-man-hinh\/","title":{"rendered":"Thi\u1ebft b\u1ecb h\u1ed9i th\u1ea3o kh\u00f4ng d\u00e2y \u0111a n\u0103ng t\u00edch h\u1ee3p m\u00e0n h\u00ecnh"},"content":{"rendered":"<h2><span style=\"color: #ff6600;\">Th\u00f4ng tin chi ti\u1ebft\u00a0<\/span><\/h2>\n<p><strong>Confidea FLEX G4 <\/strong>\u0111\u00e1p \u1ee9ng m\u1ecdi nhu c\u1ea7u v\u1ec1 m\u1ed9t h\u1ec7 th\u1ed1ng h\u1ed9i ngh\u1ecb kh\u00f4ng d\u00e2y &#8220;t\u1ea5t c\u1ea3 tr\u1ecdng m\u1ed9t&#8221; trong t\u01b0\u01a1ng l\u1ea1i. Thi\u1ebft b\u1ecb c\u00f3 th\u1ec3 \u0111\u01b0\u1ee3c d\u1ec5 d\u00e0ng c\u1ea5u h\u00ecnh v\u00e0 c\u00e0i \u0111\u1eb7t v\u1edbi nh\u1eefng t\u00ednh n\u0103ng ti\u00ean ti\u1ebfn h\u00e0ng \u0111\u1ea7u c\u0169ng nh\u01b0 giao di\u1ec7n th\u00e2n thi\u1ec7n v\u1edbi ng\u01b0\u1eddi d\u00f9ng. C\u00e1c t\u00ednh n\u0103ng c\u1ee7a h\u1ec7 th\u1ed1ng c\u00f3 th\u1ec3 \u0111\u01b0\u1ee3c m\u1edf r\u1ed9ng th\u00eam b\u1eb1ng c\u00e1c mua th\u00eam b\u1ea3n quy\u1ec1n, t\u1eeb t\u00ednh n\u0103ng bi\u1ec3u quy\u1ebft, l\u1ef1a ch\u1ecdn ng\u00f4n ng\u1eef phi\u00ean d\u1ecbch, nh\u1eadn d\u1ea1ng \u0111\u1ea1i bi\u1ec3u,&#8230; Thi\u1ebft b\u1ecb c\u00f3 th\u1ec3 \u0111\u01b0\u1ee3c thi\u1ebft l\u1eadp cho 01 \u0111\u1ea1i bi\u1ec3u d\u00f9ng, 02 \u0111\u1ea1i bi\u1ec3u d\u00f9ng chung ho\u1eb7c tr\u1edf th\u00e0nh thi\u1ebft b\u1ecb d\u00e0nh cho ch\u1ee7 t\u1ecda.<\/p>\n<p>M\u00e0n h\u00ecnh ch\u1ea1m 5.2&#8243; t\u00edch h\u1ee3p c\u00f3 th\u1ec3 hi\u1ec3n th\u1ecb c\u00e1c n\u1ed9i dung nh\u01b0 l\u1ecbch h\u1ecdp, nh\u1eadn d\u1ea1ng ng\u01b0\u1eddi \u0111ang ph\u00e1t bi\u1ec3u, v\u1ecb tr\u00ed c\u1ee7a \u0111\u1ea1i bi\u1ec3u \u1edf tr\u00ean danh s\u00e1ch \u0111\u1ee3i ph\u00e1t bi\u1ec3u, k\u1ebft qu\u1ea3 bi\u1ec3u quy\u1ebft,&#8230; Ng\u01b0\u1eddi d\u00f9ng c\u0169ng c\u00f3 th\u1ec3 \u0111\u01b0a l\u00ean m\u00e0n h\u00ecnh logo c\u1ee7a t\u1ed5 ch\u1ee9c\/ c\u00f4ng ty.<\/p>\n","protected":false},"excerpt":{"rendered":"<p><strong>D-Cerno F-CM<\/strong>\u00a0l\u00e0 H\u1ed9p Ch\u1ee7 t\u1ecbch\u00a0g\u1eafn \u00e2m b\u00e0n\u00a0d\u00e0nh cho c\u00e1c h\u1ec7 th\u1ed1ng h\u1ed9i th\u1ea3o\u00a0c\u01a1 b\u1ea3n. V\u1edbi thi\u1ebft k\u1ebf\u00a0trang nh\u00e3, thi\u1ebft b\u1ecb c\u00f3 th\u1ec3 t\u00edch h\u1ee3p v\u00e0o\u00a0b\u1ea5t k\u1ef3 n\u1ed9i th\u1ea5t ph\u00f2ng h\u1ecdp n\u00e0o \u0111\u00e3 l\u1eafp \u0111\u1eb7t h\u1ec7 th\u1ed1ng \u00e2m thanh (do b\u1ea3ng \u0111i\u1ec1u khi\u1ec3n c\u1ee7a\u00a0<strong>D-Cerno F-CM<\/strong>\u00a0kh\u00f4ng c\u00f3 loa).<\/p>\n","protected":false},"featured_media":21121,"comment_status":"open","ping_status":"closed","template":"","meta":[],"product_cat":[15,8611,8619],"product_tag":[],"acf":[],"lang":"vi","translations":{"vi":21123},"pll_sync_post":[],"_links":{"self":[{"href":"https:\/\/demo8.thuythu.com\/avsd\/wp-json\/wp\/v2\/product\/21123"}],"collection":[{"href":"https:\/\/demo8.thuythu.com\/avsd\/wp-json\/wp\/v2\/product"}],"about":[{"href":"https:\/\/demo8.thuythu.com\/avsd\/wp-json\/wp\/v2\/types\/product"}],"replies":[{"embeddable":true,"href":"https:\/\/demo8.thuythu.com\/avsd\/wp-json\/wp\/v2\/comments?post=21123"}],"wp:featuredmedia":[{"embeddable":true,"href":"https:\/\/demo8.thuythu.com\/avsd\/wp-json\/wp\/v2\/media\/21121"}],"wp:attachment":[{"href":"https:\/\/demo8.thuythu.com\/avsd\/wp-json\/wp\/v2\/media?parent=21123"}],"wp:term":[{"taxonomy":"product_cat","embeddable":true,"href":"https:\/\/demo8.thuythu.com\/avsd\/wp-json\/wp\/v2\/product_cat?post=21123"},{"taxonomy":"product_tag","embeddable":true,"href":"https:\/\/demo8.thuythu.com\/avsd\/wp-json\/wp\/v2\/product_tag?post=21123"}],"curies":[{"name":"wp","href":"https:\/\/api.w.org\/{rel}","templated":true}]}}