{"id":21124,"date":"2023-11-12T11:37:52","date_gmt":"2023-11-12T04:37:52","guid":{"rendered":"https:\/\/demo8.thuythu.com\/avsd\/?post_type=product&#038;p=21124"},"modified":"2023-11-12T11:52:09","modified_gmt":"2023-11-12T04:52:09","slug":"pin-sac-cho-thiet-bi-hoi-thao-khong-day","status":"publish","type":"product","link":"https:\/\/demo8.thuythu.com\/avsd\/san-pham\/pin-sac-cho-thiet-bi-hoi-thao-khong-day\/","title":{"rendered":"Pin s\u1ea1c cho Thi\u1ebft b\u1ecb h\u1ed9i th\u1ea3o kh\u00f4ng d\u00e2y"},"content":{"rendered":"<h2><span style=\"color: #ff6600;\">Th\u00f4ng tin chi ti\u1ebft\u00a0<\/span><\/h2>\n<p><strong>Confidea BP G4 &#8211; <\/strong>Pin s\u1ea1c d\u00e0nh cho Thi\u1ebft b\u1ecb h\u1ed9i th\u1ea3o kh\u00f4ng d\u00e2y Confidea GO G4 v\u00e0 Confidea FLEX G4. Kh\u1ea3 n\u0103ng s\u1ea1c \u0111\u1ea7y trong v\u00f2ng 2 ti\u1ebfng v\u00e0 th\u1eddi l\u01b0\u1ee3ng s\u1eed d\u1ee5ng l\u00ean t\u1edbi 12 ti\u1ebfng khi d\u00f9ng v\u1edbi Thi\u1ebft b\u1ecb h\u1ed9i th\u1ea3o kh\u00f4ng d\u00e2y Confidea FLEX G4. M\u1ed7i thi\u1ebft b\u1ecb h\u1ed9i th\u1ea3o kh\u00f4ng d\u00e2y c\u00f3 02 khe c\u1eafm cho pin. Pin t\u00edch h\u1ee3p c\u00f4ng ngh\u1ec7 s\u1ea1c nhanh, v\u1edbi kh\u1ea3 n\u0103ng s\u1ea1c l\u00ean 50% ch\u1ec9 trong v\u00f2ng 45 ph\u00fat, v\u00e0 65% trong v\u00f2ng 1 ti\u1ebfng. Sau l\u01b0ng c\u1ee7a pin c\u00fa ph\u00edm b\u1ea5m v\u00e0 \u0111\u00e8n LED hi\u1ec3n th\u1ecb d\u00f9ng \u0111\u1ec3 ki\u1ec3m tra dung l\u01b0\u1ee3ng pin.<\/p>\n","protected":false},"excerpt":{"rendered":"<p><strong>D-Cerno F-CM<\/strong>\u00a0l\u00e0 H\u1ed9p Ch\u1ee7 t\u1ecbch\u00a0g\u1eafn \u00e2m b\u00e0n\u00a0d\u00e0nh cho c\u00e1c h\u1ec7 th\u1ed1ng h\u1ed9i th\u1ea3o\u00a0c\u01a1 b\u1ea3n. V\u1edbi thi\u1ebft k\u1ebf\u00a0trang nh\u00e3, thi\u1ebft b\u1ecb c\u00f3 th\u1ec3 t\u00edch h\u1ee3p v\u00e0o\u00a0b\u1ea5t k\u1ef3 n\u1ed9i th\u1ea5t ph\u00f2ng h\u1ecdp n\u00e0o \u0111\u00e3 l\u1eafp \u0111\u1eb7t h\u1ec7 th\u1ed1ng \u00e2m thanh (do b\u1ea3ng \u0111i\u1ec1u khi\u1ec3n c\u1ee7a\u00a0<strong>D-Cerno F-CM<\/strong>\u00a0kh\u00f4ng c\u00f3 loa).<\/p>\n","protected":false},"featured_media":21125,"comment_status":"open","ping_status":"closed","template":"","meta":[],"product_cat":[15,8611,8619],"product_tag":[],"acf":[],"lang":"vi","translations":{"vi":21124},"pll_sync_post":[],"_links":{"self":[{"href":"https:\/\/demo8.thuythu.com\/avsd\/wp-json\/wp\/v2\/product\/21124"}],"collection":[{"href":"https:\/\/demo8.thuythu.com\/avsd\/wp-json\/wp\/v2\/product"}],"about":[{"href":"https:\/\/demo8.thuythu.com\/avsd\/wp-json\/wp\/v2\/types\/product"}],"replies":[{"embeddable":true,"href":"https:\/\/demo8.thuythu.com\/avsd\/wp-json\/wp\/v2\/comments?post=21124"}],"wp:featuredmedia":[{"embeddable":true,"href":"https:\/\/demo8.thuythu.com\/avsd\/wp-json\/wp\/v2\/media\/21125"}],"wp:attachment":[{"href":"https:\/\/demo8.thuythu.com\/avsd\/wp-json\/wp\/v2\/media?parent=21124"}],"wp:term":[{"taxonomy":"product_cat","embeddable":true,"href":"https:\/\/demo8.thuythu.com\/avsd\/wp-json\/wp\/v2\/product_cat?post=21124"},{"taxonomy":"product_tag","embeddable":true,"href":"https:\/\/demo8.thuythu.com\/avsd\/wp-json\/wp\/v2\/product_tag?post=21124"}],"curies":[{"name":"wp","href":"https:\/\/api.w.org\/{rel}","templated":true}]}}