{"id":21127,"date":"2023-11-12T11:59:00","date_gmt":"2023-11-12T04:59:00","guid":{"rendered":"https:\/\/demo8.thuythu.com\/avsd\/?post_type=product&#038;p=21127"},"modified":"2023-11-12T12:09:08","modified_gmt":"2023-11-12T05:09:08","slug":"bo-sac-pin-cho-thiet-bi-hoi-thao-khong-day","status":"publish","type":"product","link":"https:\/\/demo8.thuythu.com\/avsd\/san-pham\/bo-sac-pin-cho-thiet-bi-hoi-thao-khong-day\/","title":{"rendered":"B\u1ed9 s\u1ea1c pin cho Thi\u1ebft b\u1ecb h\u1ed9i th\u1ea3o kh\u00f4ng d\u00e2y"},"content":{"rendered":"<h2><span style=\"color: #ff6600;\">Th\u00f4ng tin chi ti\u1ebft\u00a0<\/span><\/h2>\n<p><strong>Confidea CHT G4 &#8211; <\/strong>B\u1ed9 s\u1ea1c cho Thi\u1ebft b\u1ecb h\u1ed9i th\u1ea3o kh\u00f4ng d\u00e2y l\u00e0 b\u1ed9 s\u1ea1c d\u1ea1ng g\u1eafn rack, kh\u1ea3 n\u0103ng s\u1ea1c c\u00f9ng l\u00fac 10 pin. Th\u1eddi gian s\u1ea1c \u0111\u1ea7y cho pin ch\u1ec9 kho\u1ea3ng 2 ti\u1ebfng. Nh\u1edd t\u00ednh n\u0103ng gi\u00e1m s\u00e1t th\u00f4ng minh, sau khi s\u1ea1c \u0111\u1ea7y, pin v\u1eabn c\u00f3 th\u1ec3 \u0111\u01b0\u1ee3c c\u1eafm trong b\u1ed9 s\u1ea1c m\u00e0 kh\u00f4ng \u1ea3nh h\u01b0\u1edfng \u0111\u1ebfn tu\u1ed5i th\u1ecd c\u1ee7a pin. B\u1ed9 s\u1ea1c t\u00edch h\u1ee3p giao di\u1ec7n LAN, ng\u01b0\u1eddi d\u00f9ng c\u00f3 th\u1ec3 d\u00f9ng tr\u00ecnh duy\u1ec7t web \u0111\u1ec3 n\u00e2ng c\u1ea5p thi\u1ebft b\u1ecb ho\u1eb7c gi\u00e1m s\u00e1t t\u00ecnh tr\u1ea1ng pin \u0111ang s\u1ea1c cho thi\u1ebft b\u1ecb.<\/p>\n","protected":false},"excerpt":{"rendered":"<p><strong>D-Cerno F-CM<\/strong>\u00a0l\u00e0 H\u1ed9p Ch\u1ee7 t\u1ecbch\u00a0g\u1eafn \u00e2m b\u00e0n\u00a0d\u00e0nh cho c\u00e1c h\u1ec7 th\u1ed1ng h\u1ed9i th\u1ea3o\u00a0c\u01a1 b\u1ea3n. V\u1edbi thi\u1ebft k\u1ebf\u00a0trang nh\u00e3, thi\u1ebft b\u1ecb c\u00f3 th\u1ec3 t\u00edch h\u1ee3p v\u00e0o\u00a0b\u1ea5t k\u1ef3 n\u1ed9i th\u1ea5t ph\u00f2ng h\u1ecdp n\u00e0o \u0111\u00e3 l\u1eafp \u0111\u1eb7t h\u1ec7 th\u1ed1ng \u00e2m thanh (do b\u1ea3ng \u0111i\u1ec1u khi\u1ec3n c\u1ee7a\u00a0<strong>D-Cerno F-CM<\/strong>\u00a0kh\u00f4ng c\u00f3 loa).<\/p>\n","protected":false},"featured_media":21128,"comment_status":"open","ping_status":"closed","template":"","meta":[],"product_cat":[15,8611,8619],"product_tag":[],"acf":[],"lang":"vi","translations":{"vi":21127},"pll_sync_post":[],"_links":{"self":[{"href":"https:\/\/demo8.thuythu.com\/avsd\/wp-json\/wp\/v2\/product\/21127"}],"collection":[{"href":"https:\/\/demo8.thuythu.com\/avsd\/wp-json\/wp\/v2\/product"}],"about":[{"href":"https:\/\/demo8.thuythu.com\/avsd\/wp-json\/wp\/v2\/types\/product"}],"replies":[{"embeddable":true,"href":"https:\/\/demo8.thuythu.com\/avsd\/wp-json\/wp\/v2\/comments?post=21127"}],"wp:featuredmedia":[{"embeddable":true,"href":"https:\/\/demo8.thuythu.com\/avsd\/wp-json\/wp\/v2\/media\/21128"}],"wp:attachment":[{"href":"https:\/\/demo8.thuythu.com\/avsd\/wp-json\/wp\/v2\/media?parent=21127"}],"wp:term":[{"taxonomy":"product_cat","embeddable":true,"href":"https:\/\/demo8.thuythu.com\/avsd\/wp-json\/wp\/v2\/product_cat?post=21127"},{"taxonomy":"product_tag","embeddable":true,"href":"https:\/\/demo8.thuythu.com\/avsd\/wp-json\/wp\/v2\/product_tag?post=21127"}],"curies":[{"name":"wp","href":"https:\/\/api.w.org\/{rel}","templated":true}]}}