{"id":21129,"date":"2023-11-12T12:23:23","date_gmt":"2023-11-12T05:23:23","guid":{"rendered":"https:\/\/demo8.thuythu.com\/avsd\/?post_type=product&#038;p=21129"},"modified":"2023-11-12T12:31:23","modified_gmt":"2023-11-12T05:31:23","slug":"bo-cap-nguon-cho-confidea-wap-g4","status":"publish","type":"product","link":"https:\/\/demo8.thuythu.com\/avsd\/san-pham\/bo-cap-nguon-cho-confidea-wap-g4\/","title":{"rendered":"B\u1ed9 c\u1ea5p ngu\u1ed3n cho Thi\u1ebft b\u1ecb trung t\u00e2m h\u1ed9i th\u1ea3o kh\u00f4ng d\u00e2y"},"content":{"rendered":"<h2><span style=\"color: #ff6600;\">Th\u00f4ng tin chi ti\u1ebft\u00a0<\/span><\/h2>\n<p><strong>Confidea WAP PS G4 &#8211; <\/strong>C\u1ea5p ngu\u1ed3n cho Thi\u1ebft b\u1ecb trung t\u00e2m h\u1ed9i th\u1ea3o kh\u00f4ng d\u00e2y Confidea WAP G4. B\u1ed9 c\u1ea5p ngu\u1ed3n c\u00f3 02 c\u1ed5ng RJ45, 01 c\u1ed5ng k\u1ebft n\u1ed1i v\u1edbi switch ho\u1eb7c m\u00e1y t\u00ednh, c\u1ed5ng c\u00f2n l\u1ea1i k\u1ebft n\u1ed1i v\u1edbi Thi\u1ebft b\u1ecb trung t\u00e2m h\u1ed9i th\u1ea3o kh\u00f4ng d\u00e2y.<\/p>\n","protected":false},"excerpt":{"rendered":"<p><strong>D-Cerno F-CM<\/strong>\u00a0l\u00e0 H\u1ed9p Ch\u1ee7 t\u1ecbch\u00a0g\u1eafn \u00e2m b\u00e0n\u00a0d\u00e0nh cho c\u00e1c h\u1ec7 th\u1ed1ng h\u1ed9i th\u1ea3o\u00a0c\u01a1 b\u1ea3n. V\u1edbi thi\u1ebft k\u1ebf\u00a0trang nh\u00e3, thi\u1ebft b\u1ecb c\u00f3 th\u1ec3 t\u00edch h\u1ee3p v\u00e0o\u00a0b\u1ea5t k\u1ef3 n\u1ed9i th\u1ea5t ph\u00f2ng h\u1ecdp n\u00e0o \u0111\u00e3 l\u1eafp \u0111\u1eb7t h\u1ec7 th\u1ed1ng \u00e2m thanh (do b\u1ea3ng \u0111i\u1ec1u khi\u1ec3n c\u1ee7a\u00a0<strong>D-Cerno F-CM<\/strong>\u00a0kh\u00f4ng c\u00f3 loa).<\/p>\n","protected":false},"featured_media":21130,"comment_status":"open","ping_status":"closed","template":"","meta":[],"product_cat":[15,8611,8619],"product_tag":[],"acf":[],"lang":"vi","translations":{"vi":21129},"pll_sync_post":[],"_links":{"self":[{"href":"https:\/\/demo8.thuythu.com\/avsd\/wp-json\/wp\/v2\/product\/21129"}],"collection":[{"href":"https:\/\/demo8.thuythu.com\/avsd\/wp-json\/wp\/v2\/product"}],"about":[{"href":"https:\/\/demo8.thuythu.com\/avsd\/wp-json\/wp\/v2\/types\/product"}],"replies":[{"embeddable":true,"href":"https:\/\/demo8.thuythu.com\/avsd\/wp-json\/wp\/v2\/comments?post=21129"}],"wp:featuredmedia":[{"embeddable":true,"href":"https:\/\/demo8.thuythu.com\/avsd\/wp-json\/wp\/v2\/media\/21130"}],"wp:attachment":[{"href":"https:\/\/demo8.thuythu.com\/avsd\/wp-json\/wp\/v2\/media?parent=21129"}],"wp:term":[{"taxonomy":"product_cat","embeddable":true,"href":"https:\/\/demo8.thuythu.com\/avsd\/wp-json\/wp\/v2\/product_cat?post=21129"},{"taxonomy":"product_tag","embeddable":true,"href":"https:\/\/demo8.thuythu.com\/avsd\/wp-json\/wp\/v2\/product_tag?post=21129"}],"curies":[{"name":"wp","href":"https:\/\/api.w.org\/{rel}","templated":true}]}}